{"id":913,"date":"2020-11-20T00:30:00","date_gmt":"2020-11-19T23:30:00","guid":{"rendered":"https:\/\/www.slsevents.eu\/?page_id=913"},"modified":"2022-04-13T13:17:54","modified_gmt":"2022-04-13T11:17:54","slug":"impressum","status":"publish","type":"page","link":"https:\/\/www.slsevents.eu\/en\/impressum\/","title":{"rendered":"Legal notice"},"content":{"rendered":"<div data-elementor-type=\"wp-page\" data-elementor-id=\"913\" class=\"elementor elementor-913\" data-elementor-post-type=\"page\">\n\t\t\t\t\t\t<section class=\"elementor-section elementor-top-section elementor-element elementor-element-5d016ef elementor-section-boxed elementor-section-height-default elementor-section-height-default\" data-id=\"5d016ef\" data-element_type=\"section\" data-e-type=\"section\">\n\t\t\t\t\t\t<div class=\"elementor-container elementor-column-gap-default\">\n\t\t\t\t\t<div class=\"elementor-column elementor-col-100 elementor-top-column elementor-element elementor-element-e4fdd1f\" data-id=\"e4fdd1f\" data-element_type=\"column\" data-e-type=\"column\">\n\t\t\t<div class=\"elementor-widget-wrap elementor-element-populated\">\n\t\t\t\t\t\t<section class=\"elementor-section elementor-inner-section elementor-element elementor-element-ef4abdd elementor-section-boxed elementor-section-height-default elementor-section-height-default\" data-id=\"ef4abdd\" data-element_type=\"section\" data-e-type=\"section\">\n\t\t\t\t\t\t<div class=\"elementor-container elementor-column-gap-default\">\n\t\t\t\t\t<div class=\"elementor-column elementor-col-50 elementor-inner-column elementor-element elementor-element-2afd5bc\" data-id=\"2afd5bc\" data-element_type=\"column\" data-e-type=\"column\">\n\t\t\t<div class=\"elementor-widget-wrap elementor-element-populated\">\n\t\t\t\t\t\t<div class=\"elementor-element elementor-element-665359b elementor-widget elementor-widget-text-editor\" data-id=\"665359b\" data-element_type=\"widget\" data-e-type=\"widget\" data-widget_type=\"text-editor.default\">\n\t\t\t\t<div class=\"elementor-widget-container\">\n\t\t\t\t\t\t\t\t\t<p><span style=\"font-size: 2rem;\">Legal notice<\/span><\/p><p>Angaben gem\u00e4\u00df \u00a7 5 TMG:<\/p><p>SLS event technology<br \/>Benjamin R\u00f6ll<br \/>Fabrikstra\u00dfe 3<br \/>84048 Mainburg<\/p><p><span style=\"color: #f19e1b;\"><span style=\"font-weight: bolder;\">Kontakt:<\/span><\/span><\/p><p>Telefon: 0049 8751 77 843-0\u00a0<br \/>Telefax: 0049 8751 77 843-20<br \/>E-Mail: <a>info@slsevents.eu<\/a><\/p><p>Steuernummer 126\/263\/50052<\/p><p><strong><span style=\"color: #f19e1b;\">Umsatzsteuer-ID:<\/span><\/strong><\/p><p>Umsatzsteuer-Identifikationsnummer gem\u00e4\u00df \u00a727 a<\/p><p>USt-IDNR.: DE300733428<br \/>Umsatzsteuergesetz:<\/p><p>Quellenangaben f\u00fcr die verwendeten Bilder und Grafiken:<br \/>\u00a9 Philipp Omuro \u00a9 Fujitsu Technology Solutions GmbH \u00a9 The Sour Cherry \u00a9 Deutsche Telekom AG \u00a9 Sparkasse \u00a9 Stadt Mainburg \u00a9 HAIX Schuhe Produktions &amp; Vertriebs GmbH \u00a9 Stanglmeier Touristik GmbH &amp; Co. KG \u00a9 BMW AG \u00a9 Markt Wolnzach \u00a9 eventa AG \u00a9 Lions Clubs International \u00a9 Landkreis Kehlheim \u00a9 Pavel Losevsky \/ adobestock.com \u00a9 milanklusacek \/ surpasspro \/ inkastudio \/ AarStudio \/ Photomorphic &#8211; istockphoto.com \u00a9 Denis Aglichev \/ .shock \/ twobee \/ Tom \/ IckeT \/ jonasginter &#8211; Fotolia.com\u00a0\u00a9<a href=\"https:\/\/www.flaticon.com\/authors\/freepik\">https:\/\/www.flaticon.com\/authors\/freepik <\/a>\u00a9<a href=\"https:\/\/www.flaticon.com\/authors\/wanicon\">https:\/\/www.flaticon.com\/authors\/wanicon<\/a><\/p><p>Quelle: Mit dem von eRecht24 bereitgestellten Impressum-Generator erzeugt.<\/p>\t\t\t\t\t\t\t\t<\/div>\n\t\t\t\t<\/div>\n\t\t\t\t\t<\/div>\n\t\t<\/div>\n\t\t\t\t<div class=\"elementor-column elementor-col-50 elementor-inner-column elementor-element elementor-element-273673c\" data-id=\"273673c\" data-element_type=\"column\" data-e-type=\"column\">\n\t\t\t<div class=\"elementor-widget-wrap elementor-element-populated\">\n\t\t\t\t\t\t<div class=\"elementor-element elementor-element-229f81d elementor-widget elementor-widget-heading\" data-id=\"229f81d\" data-element_type=\"widget\" data-e-type=\"widget\" data-widget_type=\"heading.default\">\n\t\t\t\t<div class=\"elementor-widget-container\">\n\t\t\t\t\t<h4 class=\"elementor-heading-title elementor-size-default\"><a href=\"https:\/\/www.slsevents.eu\/wp-content\/uploads\/2021\/02\/AGB_SLS.pdf\">Unsere AGB<\/a><\/h4>\t\t\t\t<\/div>\n\t\t\t\t<\/div>\n\t\t\t\t<div class=\"elementor-element elementor-element-26ef2e9 elementor-align-center elementor-mobile-align-center elementor-widget elementor-widget-button\" data-id=\"26ef2e9\" data-element_type=\"widget\" data-e-type=\"widget\" data-widget_type=\"button.default\">\n\t\t\t\t<div class=\"elementor-widget-container\">\n\t\t\t\t\t\t\t\t\t<div class=\"elementor-button-wrapper\">\n\t\t\t\t\t<a class=\"elementor-button elementor-button-link elementor-size-sm elementor-animation-grow\" href=\"https:\/\/www.slsevents.eu\/wp-content\/uploads\/2022\/04\/agb_sls_11.04.2022.pdf\">\n\t\t\t\t\t\t<span class=\"elementor-button-content-wrapper\">\n\t\t\t\t\t\t\t\t\t<span class=\"elementor-button-text\">Download<\/span>\n\t\t\t\t\t<\/span>\n\t\t\t\t\t<\/a>\n\t\t\t\t<\/div>\n\t\t\t\t\t\t\t\t<\/div>\n\t\t\t\t<\/div>\n\t\t\t\t\t<\/div>\n\t\t<\/div>\n\t\t\t\t\t<\/div>\n\t\t<\/section>\n\t\t\t\t<div class=\"elementor-element elementor-element-3feee14 elementor-widget elementor-widget-text-editor\" data-id=\"3feee14\" data-element_type=\"widget\" data-e-type=\"widget\" data-widget_type=\"text-editor.default\">\n\t\t\t\t<div class=\"elementor-widget-container\">\n\t\t\t\t\t\t\t\t\t<p><strong><span style=\"color: #f19e1b;\">Haftungsausschluss<\/span><\/strong><\/p><p><span style=\"text-decoration: underline;\">Haftung f\u00fcr Inhalte<\/span><\/p><p>Die Inhalte unserer Seiten wurden mit gr\u00f6\u00dfter Sorgfalt erstellt. F\u00fcr die Richtigkeit, Vollst\u00e4ndigkeit und Aktualit\u00e4t der Inhalte k\u00f6nnen wir jedoch keine Gew\u00e4hr \u00fcbernehmen. Als Diensteanbieter sind wir gem\u00e4\u00df \u00a7 7 Abs.1 TMG f\u00fcr eigene Inhalte auf diesen Seiten nach den allgemeinen Gesetzen verantwortlich. Nach \u00a7\u00a7 8 bis 10 TMG sind wir als Diensteanbieter jedoch nicht verpflichtet, \u00fcbermittelte oder gespeicherte fremde Informationen zu \u00fcberwachen oder nach Umst\u00e4nden zu forschen, die auf eine rechtswidrige T\u00e4tigkeit hinweisen. Verpflichtungen zur Entfernung oder Sperrung der Nutzung von Informationen nach den allgemeinen Gesetzen bleiben hiervon unber\u00fchrt. Eine diesbez\u00fcgliche Haftung ist jedoch erst ab dem Zeitpunkt der Kenntnis einer konkreten Rechtsverletzung m\u00f6glich. Bei Bekanntwerden von entsprechenden Rechtsverletzungen werden wir diese Inhalte umgehend entfernen.<\/p><p><span style=\"text-decoration: underline; color: #000000;\">Haftung f\u00fcr Links<\/span><\/p><p>Unser Angebot enth\u00e4lt Links zu externen Webseiten Dritter, auf deren Inhalte wir keinen Einfluss haben. Deshalb k\u00f6nnen wir f\u00fcr diese fremden Inhalte auch keine Gew\u00e4hr \u00fcbernehmen. F\u00fcr die Inhalte der verlinkten Seiten ist stets der jeweilige Anbieter oder Betreiber der Seiten verantwortlich. Die verlinkten Seiten wurden zum Zeitpunkt der Verlinkung auf m\u00f6gliche Rechtsverst\u00f6\u00dfe \u00fcberpr\u00fcft. Rechtswidrige Inhalte waren zum Zeitpunkt der Verlinkung nicht erkennbar. Eine permanente inhaltliche Kontrolle der verlinkten Seiten ist jedoch ohne konkrete Anhaltspunkte einer Rechtsverletzung nicht zumutbar. Bei Bekanntwerden von Rechtsverletzungen werden wir derartige Links umgehend entfernen.<\/p><p><strong><span style=\"color: #f19e1b;\">Urheberrecht<\/span><\/strong><\/p><p>Die durch die Seitenbetreiber erstellten Inhalte und Werke auf diesen Seiten unterliegen dem deutschen Urheberrecht. Die Vervielf\u00e4ltigung, Bearbeitung, Verbreitung und jede Art der Verwertung au\u00dferhalb der Grenzen des Urheberrechtes bed\u00fcrfen der schriftlichen Zustimmung des jeweiligen Autors bzw. Erstellers. Downloads und Kopien dieser Seite sind nur f\u00fcr den privaten, nicht kommerziellen Gebrauch gestattet. Soweit die Inhalte auf dieser Seite nicht vom Betreiber erstellt wurden, werden die Urheberrechte Dritter beachtet. Insbesondere werden Inhalte Dritter als solche gekennzeichnet. Sollten Sie trotzdem auf eine Urheberrechtsverletzung aufmerksam werden, bitten wir um einen entsprechenden Hinweis. Bei Bekanntwerden von Rechtsverletzungen werden wir derartige Inhalte umgehend entfernen.<\/p>\t\t\t\t\t\t\t\t<\/div>\n\t\t\t\t<\/div>\n\t\t\t\t\t<\/div>\n\t\t<\/div>\n\t\t\t\t\t<\/div>\n\t\t<\/section>\n\t\t\t\t<\/div>","protected":false},"excerpt":{"rendered":"<p>Impressum Angaben gem\u00e4\u00df \u00a7 5 TMG: SLS event technologyBenjamin R\u00f6llFabrikstra\u00dfe 384048 Mainburg Kontakt: Telefon: 0049 8751 77 843-0\u00a0Telefax: 0049 8751 77 843-20E-Mail: info@slsevents.eu Steuernummer 126\/263\/50052 Umsatzsteuer-ID: Umsatzsteuer-Identifikationsnummer gem\u00e4\u00df \u00a727 a USt-IDNR.: DE300733428Umsatzsteuergesetz: Quellenangaben f\u00fcr die verwendeten Bilder und Grafiken:\u00a9 Philipp Omuro \u00a9 Fujitsu Technology Solutions GmbH \u00a9 The Sour Cherry \u00a9 Deutsche Telekom AG \u00a9 [&hellip;]<\/p>\n","protected":false},"author":1,"featured_media":0,"parent":0,"menu_order":0,"comment_status":"closed","ping_status":"closed","template":"","meta":{"footnotes":""},"class_list":["post-913","page","type-page","status-publish","hentry"],"yoast_head":"<!-- This site is optimized with the Yoast SEO plugin v27.3 - https:\/\/yoast.com\/product\/yoast-seo-wordpress\/ -->\n<title>Impressum - SLS<\/title>\n<meta name=\"robots\" content=\"index, follow, max-snippet:-1, max-image-preview:large, max-video-preview:-1\" \/>\n<link rel=\"canonical\" href=\"https:\/\/www.slsevents.eu\/en\/impressum\/\" \/>\n<meta property=\"og:locale\" content=\"en_GB\" \/>\n<meta property=\"og:type\" content=\"article\" \/>\n<meta property=\"og:title\" content=\"Impressum - SLS\" \/>\n<meta property=\"og:description\" content=\"Impressum Angaben gem\u00e4\u00df \u00a7 5 TMG: SLS event technologyBenjamin R\u00f6llFabrikstra\u00dfe 384048 Mainburg Kontakt: Telefon: 0049 8751 77 843-0\u00a0Telefax: 0049 8751 77 843-20E-Mail: info@slsevents.eu Steuernummer 126\/263\/50052 Umsatzsteuer-ID: Umsatzsteuer-Identifikationsnummer gem\u00e4\u00df \u00a727 a USt-IDNR.: DE300733428Umsatzsteuergesetz: Quellenangaben f\u00fcr die verwendeten Bilder und Grafiken:\u00a9 Philipp Omuro \u00a9 Fujitsu Technology Solutions GmbH \u00a9 The Sour Cherry \u00a9 Deutsche Telekom AG \u00a9 [&hellip;]\" \/>\n<meta property=\"og:url\" content=\"https:\/\/www.slsevents.eu\/en\/impressum\/\" \/>\n<meta property=\"og:site_name\" content=\"SLS\" \/>\n<meta property=\"article:modified_time\" content=\"2022-04-13T11:17:54+00:00\" \/>\n<meta name=\"twitter:card\" content=\"summary_large_image\" \/>\n<meta name=\"twitter:label1\" content=\"Estimated reading time\" \/>\n\t<meta name=\"twitter:data1\" content=\"3 minutes\" \/>\n<script type=\"application\/ld+json\" class=\"yoast-schema-graph\">{\"@context\":\"https:\\\/\\\/schema.org\",\"@graph\":[{\"@type\":\"WebPage\",\"@id\":\"https:\\\/\\\/www.slsevents.eu\\\/impressum\\\/\",\"url\":\"https:\\\/\\\/www.slsevents.eu\\\/impressum\\\/\",\"name\":\"Impressum - SLS\",\"isPartOf\":{\"@id\":\"https:\\\/\\\/www.slsevents.eu\\\/#website\"},\"datePublished\":\"2020-11-19T23:30:00+00:00\",\"dateModified\":\"2022-04-13T11:17:54+00:00\",\"breadcrumb\":{\"@id\":\"https:\\\/\\\/www.slsevents.eu\\\/impressum\\\/#breadcrumb\"},\"inLanguage\":\"en-GB\",\"potentialAction\":[{\"@type\":\"ReadAction\",\"target\":[\"https:\\\/\\\/www.slsevents.eu\\\/impressum\\\/\"]}]},{\"@type\":\"BreadcrumbList\",\"@id\":\"https:\\\/\\\/www.slsevents.eu\\\/impressum\\\/#breadcrumb\",\"itemListElement\":[{\"@type\":\"ListItem\",\"position\":1,\"name\":\"Startseite\",\"item\":\"https:\\\/\\\/www.slsevents.eu\\\/\"},{\"@type\":\"ListItem\",\"position\":2,\"name\":\"Impressum\"}]},{\"@type\":\"WebSite\",\"@id\":\"https:\\\/\\\/www.slsevents.eu\\\/#website\",\"url\":\"https:\\\/\\\/www.slsevents.eu\\\/\",\"name\":\"SLS\",\"description\":\"event technology\",\"potentialAction\":[{\"@type\":\"SearchAction\",\"target\":{\"@type\":\"EntryPoint\",\"urlTemplate\":\"https:\\\/\\\/www.slsevents.eu\\\/?s={search_term_string}\"},\"query-input\":{\"@type\":\"PropertyValueSpecification\",\"valueRequired\":true,\"valueName\":\"search_term_string\"}}],\"inLanguage\":\"en-GB\"}]}<\/script>\n<!-- \/ Yoast SEO plugin. -->","yoast_head_json":{"title":"Impressum - SLS","robots":{"index":"index","follow":"follow","max-snippet":"max-snippet:-1","max-image-preview":"max-image-preview:large","max-video-preview":"max-video-preview:-1"},"canonical":"https:\/\/www.slsevents.eu\/en\/impressum\/","og_locale":"en_GB","og_type":"article","og_title":"Impressum - SLS","og_description":"Impressum Angaben gem\u00e4\u00df \u00a7 5 TMG: SLS event technologyBenjamin R\u00f6llFabrikstra\u00dfe 384048 Mainburg Kontakt: Telefon: 0049 8751 77 843-0\u00a0Telefax: 0049 8751 77 843-20E-Mail: info@slsevents.eu Steuernummer 126\/263\/50052 Umsatzsteuer-ID: Umsatzsteuer-Identifikationsnummer gem\u00e4\u00df \u00a727 a USt-IDNR.: DE300733428Umsatzsteuergesetz: Quellenangaben f\u00fcr die verwendeten Bilder und Grafiken:\u00a9 Philipp Omuro \u00a9 Fujitsu Technology Solutions GmbH \u00a9 The Sour Cherry \u00a9 Deutsche Telekom AG \u00a9 [&hellip;]","og_url":"https:\/\/www.slsevents.eu\/en\/impressum\/","og_site_name":"SLS","article_modified_time":"2022-04-13T11:17:54+00:00","twitter_card":"summary_large_image","twitter_misc":{"Estimated reading time":"3 minutes"},"schema":{"@context":"https:\/\/schema.org","@graph":[{"@type":"WebPage","@id":"https:\/\/www.slsevents.eu\/impressum\/","url":"https:\/\/www.slsevents.eu\/impressum\/","name":"Impressum - SLS","isPartOf":{"@id":"https:\/\/www.slsevents.eu\/#website"},"datePublished":"2020-11-19T23:30:00+00:00","dateModified":"2022-04-13T11:17:54+00:00","breadcrumb":{"@id":"https:\/\/www.slsevents.eu\/impressum\/#breadcrumb"},"inLanguage":"en-GB","potentialAction":[{"@type":"ReadAction","target":["https:\/\/www.slsevents.eu\/impressum\/"]}]},{"@type":"BreadcrumbList","@id":"https:\/\/www.slsevents.eu\/impressum\/#breadcrumb","itemListElement":[{"@type":"ListItem","position":1,"name":"Startseite","item":"https:\/\/www.slsevents.eu\/"},{"@type":"ListItem","position":2,"name":"Impressum"}]},{"@type":"WebSite","@id":"https:\/\/www.slsevents.eu\/#website","url":"https:\/\/www.slsevents.eu\/","name":"SLS","description":"event technology","potentialAction":[{"@type":"SearchAction","target":{"@type":"EntryPoint","urlTemplate":"https:\/\/www.slsevents.eu\/?s={search_term_string}"},"query-input":{"@type":"PropertyValueSpecification","valueRequired":true,"valueName":"search_term_string"}}],"inLanguage":"en-GB"}]}},"_links":{"self":[{"href":"https:\/\/www.slsevents.eu\/en\/wp-json\/wp\/v2\/pages\/913","targetHints":{"allow":["GET"]}}],"collection":[{"href":"https:\/\/www.slsevents.eu\/en\/wp-json\/wp\/v2\/pages"}],"about":[{"href":"https:\/\/www.slsevents.eu\/en\/wp-json\/wp\/v2\/types\/page"}],"author":[{"embeddable":true,"href":"https:\/\/www.slsevents.eu\/en\/wp-json\/wp\/v2\/users\/1"}],"replies":[{"embeddable":true,"href":"https:\/\/www.slsevents.eu\/en\/wp-json\/wp\/v2\/comments?post=913"}],"version-history":[{"count":142,"href":"https:\/\/www.slsevents.eu\/en\/wp-json\/wp\/v2\/pages\/913\/revisions"}],"predecessor-version":[{"id":16480,"href":"https:\/\/www.slsevents.eu\/en\/wp-json\/wp\/v2\/pages\/913\/revisions\/16480"}],"wp:attachment":[{"href":"https:\/\/www.slsevents.eu\/en\/wp-json\/wp\/v2\/media?parent=913"}],"curies":[{"name":"wp","href":"https:\/\/api.w.org\/{rel}","templated":true}]}}