{"id":615,"date":"2020-08-26T11:10:51","date_gmt":"2020-08-26T09:10:51","guid":{"rendered":"https:\/\/dev.slset.de\/?page_id=615"},"modified":"2021-04-12T18:18:00","modified_gmt":"2021-04-12T16:18:00","slug":"video","status":"publish","type":"page","link":"https:\/\/www.slsevents.eu\/en\/veranstaltungstechnik\/video\/","title":{"rendered":"Video"},"content":{"rendered":"<div data-elementor-type=\"wp-page\" data-elementor-id=\"615\" class=\"elementor elementor-615\" data-elementor-post-type=\"page\">\n\t\t\t\t\t\t<section class=\"elementor-section elementor-top-section elementor-element elementor-element-20224d2a elementor-section-full_width elementor-section-height-default elementor-section-height-default\" data-id=\"20224d2a\" data-element_type=\"section\" data-e-type=\"section\">\n\t\t\t\t\t\t<div class=\"elementor-container elementor-column-gap-default\">\n\t\t\t\t\t<div class=\"elementor-column elementor-col-100 elementor-top-column elementor-element elementor-element-130eb044\" data-id=\"130eb044\" data-element_type=\"column\" data-e-type=\"column\">\n\t\t\t<div class=\"elementor-widget-wrap elementor-element-populated\">\n\t\t\t\t\t\t<div class=\"elementor-element elementor-element-635d01e2 elementor-widget__width-inherit header-image elementor-widget elementor-widget-image\" data-id=\"635d01e2\" data-element_type=\"widget\" data-e-type=\"widget\" data-widget_type=\"image.default\">\n\t\t\t\t<div class=\"elementor-widget-container\">\n\t\t\t\t\t\t\t\t\t\t\t\t\t\t\t<img fetchpriority=\"high\" decoding=\"async\" width=\"2560\" height=\"1707\" src=\"https:\/\/www.slsevents.eu\/wp-content\/uploads\/2021\/03\/AdobeStock_215817307-scaled.jpeg\" class=\"attachment-full size-full wp-image-4192\" alt=\"\" srcset=\"https:\/\/www.slsevents.eu\/wp-content\/uploads\/2021\/03\/AdobeStock_215817307-scaled.jpeg 2560w, https:\/\/www.slsevents.eu\/wp-content\/uploads\/2021\/03\/AdobeStock_215817307-300x200.jpeg 300w, https:\/\/www.slsevents.eu\/wp-content\/uploads\/2021\/03\/AdobeStock_215817307-1024x683.jpeg 1024w, https:\/\/www.slsevents.eu\/wp-content\/uploads\/2021\/03\/AdobeStock_215817307-768x512.jpeg 768w, https:\/\/www.slsevents.eu\/wp-content\/uploads\/2021\/03\/AdobeStock_215817307-1536x1024.jpeg 1536w, https:\/\/www.slsevents.eu\/wp-content\/uploads\/2021\/03\/AdobeStock_215817307-2048x1365.jpeg 2048w, https:\/\/www.slsevents.eu\/wp-content\/uploads\/2021\/03\/AdobeStock_215817307-16x12.jpeg 16w\" sizes=\"(max-width: 2560px) 100vw, 2560px\" \/>\t\t\t\t\t\t\t\t\t\t\t\t\t\t\t<\/div>\n\t\t\t\t<\/div>\n\t\t\t\t<div class=\"elementor-element elementor-element-7e14da2f elementor-widget elementor-widget-text-editor\" data-id=\"7e14da2f\" data-element_type=\"widget\" data-e-type=\"widget\" data-widget_type=\"text-editor.default\">\n\t\t\t\t<div class=\"elementor-widget-container\">\n\t\t\t\t\t\t\t\t\t<h2>Media inspiration<\/h2>\n<h5>Pictures say more than 1000 words<\/h5>\n<p>With the optimal combination of content and staging, we create media worlds of experience for you.<\/p>\n<p>Extend your Event by further dimensions - inspire your audience.<\/p>\n<p>Let your customers get even closer to the action with the help of video walls and large projections. Create a whole new visual environment for your guests, for example, via 3D mapping on buildings. Digital signal processing and interactive branding are possible in sync with the event.&nbsp;<\/p>\t\t\t\t\t\t\t\t<\/div>\n\t\t\t\t<\/div>\n\t\t\t\t\t<\/div>\n\t\t<\/div>\n\t\t\t\t\t<\/div>\n\t\t<\/section>\n\t\t\t\t<\/div>","protected":false},"excerpt":{"rendered":"<p>Medieninspiration Bilder sagen mehr als 1000 Worte Mit der optimalen Verbindung aus Inhalt und Inszenierung lassen wir f\u00fcr Sie mediale Erlebniswelten entstehen. Erweitern Sie Ihr Event um weitere Dimensionen \u2013 begeistern Sie Ihr Publikum. Lassen Sie Ihre Kunden noch n\u00e4her an das Geschehen heran, mithilfe von Videow\u00e4nden und Gro\u00dfprojektionen. Schaffen Sie eine ganz neue visuelle [&hellip;]<\/p>\n","protected":false},"author":1,"featured_media":0,"parent":30,"menu_order":0,"comment_status":"closed","ping_status":"closed","template":"elementor_header_footer","meta":{"footnotes":""},"class_list":["post-615","page","type-page","status-publish","hentry"],"yoast_head":"<!-- This site is optimized with the Yoast SEO plugin v27.3 - https:\/\/yoast.com\/product\/yoast-seo-wordpress\/ -->\n<title>Video - SLS<\/title>\n<meta name=\"description\" content=\"Bilder sagen mehr als 1000 Worte. Mit der optimalen Verbindung aus Inhalt und Inszenierung lassen wir f\u00fcr Sie mediale Erlebniswelten entstehen. Erweitern Sie Ihr Event um weitere Dimensionen.\" \/>\n<meta name=\"robots\" content=\"index, follow, max-snippet:-1, max-image-preview:large, max-video-preview:-1\" \/>\n<link rel=\"canonical\" href=\"https:\/\/www.slsevents.eu\/en\/veranstaltungstechnik\/video\/\" \/>\n<meta property=\"og:locale\" content=\"en_GB\" \/>\n<meta property=\"og:type\" content=\"article\" \/>\n<meta property=\"og:title\" content=\"Video - SLS\" \/>\n<meta property=\"og:description\" content=\"Bilder sagen mehr als 1000 Worte. Mit der optimalen Verbindung aus Inhalt und Inszenierung lassen wir f\u00fcr Sie mediale Erlebniswelten entstehen. Erweitern Sie Ihr Event um weitere Dimensionen.\" \/>\n<meta property=\"og:url\" content=\"https:\/\/www.slsevents.eu\/en\/veranstaltungstechnik\/video\/\" \/>\n<meta property=\"og:site_name\" content=\"SLS\" \/>\n<meta property=\"article:modified_time\" content=\"2021-04-12T16:18:00+00:00\" \/>\n<meta property=\"og:image\" content=\"https:\/\/www.slsevents.eu\/wp-content\/uploads\/2021\/03\/AdobeStock_215817307-scaled.jpeg\" \/>\n<meta name=\"twitter:card\" content=\"summary_large_image\" \/>\n<meta name=\"twitter:label1\" content=\"Estimated reading time\" \/>\n\t<meta name=\"twitter:data1\" content=\"1 minute\" \/>\n<script type=\"application\/ld+json\" class=\"yoast-schema-graph\">{\"@context\":\"https:\\\/\\\/schema.org\",\"@graph\":[{\"@type\":\"WebPage\",\"@id\":\"https:\\\/\\\/www.slsevents.eu\\\/veranstaltungstechnik\\\/video\\\/\",\"url\":\"https:\\\/\\\/www.slsevents.eu\\\/veranstaltungstechnik\\\/video\\\/\",\"name\":\"Video - SLS\",\"isPartOf\":{\"@id\":\"https:\\\/\\\/www.slsevents.eu\\\/#website\"},\"primaryImageOfPage\":{\"@id\":\"https:\\\/\\\/www.slsevents.eu\\\/veranstaltungstechnik\\\/video\\\/#primaryimage\"},\"image\":{\"@id\":\"https:\\\/\\\/www.slsevents.eu\\\/veranstaltungstechnik\\\/video\\\/#primaryimage\"},\"thumbnailUrl\":\"https:\\\/\\\/www.slsevents.eu\\\/wp-content\\\/uploads\\\/2021\\\/03\\\/AdobeStock_215817307-scaled.jpeg\",\"datePublished\":\"2020-08-26T09:10:51+00:00\",\"dateModified\":\"2021-04-12T16:18:00+00:00\",\"description\":\"Bilder sagen mehr als 1000 Worte. Mit der optimalen Verbindung aus Inhalt und Inszenierung lassen wir f\u00fcr Sie mediale Erlebniswelten entstehen. Erweitern Sie Ihr Event um weitere Dimensionen.\",\"breadcrumb\":{\"@id\":\"https:\\\/\\\/www.slsevents.eu\\\/veranstaltungstechnik\\\/video\\\/#breadcrumb\"},\"inLanguage\":\"en-GB\",\"potentialAction\":[{\"@type\":\"ReadAction\",\"target\":[\"https:\\\/\\\/www.slsevents.eu\\\/veranstaltungstechnik\\\/video\\\/\"]}]},{\"@type\":\"ImageObject\",\"inLanguage\":\"en-GB\",\"@id\":\"https:\\\/\\\/www.slsevents.eu\\\/veranstaltungstechnik\\\/video\\\/#primaryimage\",\"url\":\"https:\\\/\\\/www.slsevents.eu\\\/wp-content\\\/uploads\\\/2021\\\/03\\\/AdobeStock_215817307-scaled.jpeg\",\"contentUrl\":\"https:\\\/\\\/www.slsevents.eu\\\/wp-content\\\/uploads\\\/2021\\\/03\\\/AdobeStock_215817307-scaled.jpeg\"},{\"@type\":\"BreadcrumbList\",\"@id\":\"https:\\\/\\\/www.slsevents.eu\\\/veranstaltungstechnik\\\/video\\\/#breadcrumb\",\"itemListElement\":[{\"@type\":\"ListItem\",\"position\":1,\"name\":\"Startseite\",\"item\":\"https:\\\/\\\/www.slsevents.eu\\\/\"},{\"@type\":\"ListItem\",\"position\":2,\"name\":\"VERANSTALTUNGSTECHNIK\",\"item\":\"https:\\\/\\\/www.slsevents.eu\\\/veranstaltungstechnik\\\/\"},{\"@type\":\"ListItem\",\"position\":3,\"name\":\"Video\"}]},{\"@type\":\"WebSite\",\"@id\":\"https:\\\/\\\/www.slsevents.eu\\\/#website\",\"url\":\"https:\\\/\\\/www.slsevents.eu\\\/\",\"name\":\"SLS\",\"description\":\"event technology\",\"potentialAction\":[{\"@type\":\"SearchAction\",\"target\":{\"@type\":\"EntryPoint\",\"urlTemplate\":\"https:\\\/\\\/www.slsevents.eu\\\/?s={search_term_string}\"},\"query-input\":{\"@type\":\"PropertyValueSpecification\",\"valueRequired\":true,\"valueName\":\"search_term_string\"}}],\"inLanguage\":\"en-GB\"}]}<\/script>\n<!-- \/ Yoast SEO plugin. -->","yoast_head_json":{"title":"Video - SLS","description":"Bilder sagen mehr als 1000 Worte. Mit der optimalen Verbindung aus Inhalt und Inszenierung lassen wir f\u00fcr Sie mediale Erlebniswelten entstehen. Erweitern Sie Ihr Event um weitere Dimensionen.","robots":{"index":"index","follow":"follow","max-snippet":"max-snippet:-1","max-image-preview":"max-image-preview:large","max-video-preview":"max-video-preview:-1"},"canonical":"https:\/\/www.slsevents.eu\/en\/veranstaltungstechnik\/video\/","og_locale":"en_GB","og_type":"article","og_title":"Video - SLS","og_description":"Bilder sagen mehr als 1000 Worte. Mit der optimalen Verbindung aus Inhalt und Inszenierung lassen wir f\u00fcr Sie mediale Erlebniswelten entstehen. Erweitern Sie Ihr Event um weitere Dimensionen.","og_url":"https:\/\/www.slsevents.eu\/en\/veranstaltungstechnik\/video\/","og_site_name":"SLS","article_modified_time":"2021-04-12T16:18:00+00:00","og_image":[{"url":"https:\/\/www.slsevents.eu\/wp-content\/uploads\/2021\/03\/AdobeStock_215817307-scaled.jpeg","type":"","width":"","height":""}],"twitter_card":"summary_large_image","twitter_misc":{"Estimated reading time":"1 minute"},"schema":{"@context":"https:\/\/schema.org","@graph":[{"@type":"WebPage","@id":"https:\/\/www.slsevents.eu\/veranstaltungstechnik\/video\/","url":"https:\/\/www.slsevents.eu\/veranstaltungstechnik\/video\/","name":"Video - SLS","isPartOf":{"@id":"https:\/\/www.slsevents.eu\/#website"},"primaryImageOfPage":{"@id":"https:\/\/www.slsevents.eu\/veranstaltungstechnik\/video\/#primaryimage"},"image":{"@id":"https:\/\/www.slsevents.eu\/veranstaltungstechnik\/video\/#primaryimage"},"thumbnailUrl":"https:\/\/www.slsevents.eu\/wp-content\/uploads\/2021\/03\/AdobeStock_215817307-scaled.jpeg","datePublished":"2020-08-26T09:10:51+00:00","dateModified":"2021-04-12T16:18:00+00:00","description":"Bilder sagen mehr als 1000 Worte. Mit der optimalen Verbindung aus Inhalt und Inszenierung lassen wir f\u00fcr Sie mediale Erlebniswelten entstehen. Erweitern Sie Ihr Event um weitere Dimensionen.","breadcrumb":{"@id":"https:\/\/www.slsevents.eu\/veranstaltungstechnik\/video\/#breadcrumb"},"inLanguage":"en-GB","potentialAction":[{"@type":"ReadAction","target":["https:\/\/www.slsevents.eu\/veranstaltungstechnik\/video\/"]}]},{"@type":"ImageObject","inLanguage":"en-GB","@id":"https:\/\/www.slsevents.eu\/veranstaltungstechnik\/video\/#primaryimage","url":"https:\/\/www.slsevents.eu\/wp-content\/uploads\/2021\/03\/AdobeStock_215817307-scaled.jpeg","contentUrl":"https:\/\/www.slsevents.eu\/wp-content\/uploads\/2021\/03\/AdobeStock_215817307-scaled.jpeg"},{"@type":"BreadcrumbList","@id":"https:\/\/www.slsevents.eu\/veranstaltungstechnik\/video\/#breadcrumb","itemListElement":[{"@type":"ListItem","position":1,"name":"Startseite","item":"https:\/\/www.slsevents.eu\/"},{"@type":"ListItem","position":2,"name":"VERANSTALTUNGSTECHNIK","item":"https:\/\/www.slsevents.eu\/veranstaltungstechnik\/"},{"@type":"ListItem","position":3,"name":"Video"}]},{"@type":"WebSite","@id":"https:\/\/www.slsevents.eu\/#website","url":"https:\/\/www.slsevents.eu\/","name":"SLS","description":"event technology","potentialAction":[{"@type":"SearchAction","target":{"@type":"EntryPoint","urlTemplate":"https:\/\/www.slsevents.eu\/?s={search_term_string}"},"query-input":{"@type":"PropertyValueSpecification","valueRequired":true,"valueName":"search_term_string"}}],"inLanguage":"en-GB"}]}},"_links":{"self":[{"href":"https:\/\/www.slsevents.eu\/en\/wp-json\/wp\/v2\/pages\/615","targetHints":{"allow":["GET"]}}],"collection":[{"href":"https:\/\/www.slsevents.eu\/en\/wp-json\/wp\/v2\/pages"}],"about":[{"href":"https:\/\/www.slsevents.eu\/en\/wp-json\/wp\/v2\/types\/page"}],"author":[{"embeddable":true,"href":"https:\/\/www.slsevents.eu\/en\/wp-json\/wp\/v2\/users\/1"}],"replies":[{"embeddable":true,"href":"https:\/\/www.slsevents.eu\/en\/wp-json\/wp\/v2\/comments?post=615"}],"version-history":[{"count":58,"href":"https:\/\/www.slsevents.eu\/en\/wp-json\/wp\/v2\/pages\/615\/revisions"}],"predecessor-version":[{"id":5548,"href":"https:\/\/www.slsevents.eu\/en\/wp-json\/wp\/v2\/pages\/615\/revisions\/5548"}],"up":[{"embeddable":true,"href":"https:\/\/www.slsevents.eu\/en\/wp-json\/wp\/v2\/pages\/30"}],"wp:attachment":[{"href":"https:\/\/www.slsevents.eu\/en\/wp-json\/wp\/v2\/media?parent=615"}],"curies":[{"name":"wp","href":"https:\/\/api.w.org\/{rel}","templated":true}]}}