{"id":612,"date":"2020-08-26T11:07:49","date_gmt":"2020-08-26T09:07:49","guid":{"rendered":"https:\/\/dev.slset.de\/?page_id=612"},"modified":"2021-04-12T18:18:57","modified_gmt":"2021-04-12T16:18:57","slug":"ton","status":"publish","type":"page","link":"https:\/\/www.slsevents.eu\/en\/veranstaltungstechnik\/ton\/","title":{"rendered":"Sound"},"content":{"rendered":"<div data-elementor-type=\"wp-page\" data-elementor-id=\"612\" class=\"elementor elementor-612\" data-elementor-post-type=\"page\">\n\t\t\t\t\t\t<section class=\"elementor-section elementor-top-section elementor-element elementor-element-bb8ad59 elementor-section-full_width elementor-section-height-default elementor-section-height-default\" data-id=\"bb8ad59\" data-element_type=\"section\" data-e-type=\"section\">\n\t\t\t\t\t\t<div class=\"elementor-container elementor-column-gap-default\">\n\t\t\t\t\t<div class=\"elementor-column elementor-col-100 elementor-top-column elementor-element elementor-element-d8abbbd\" data-id=\"d8abbbd\" data-element_type=\"column\" data-e-type=\"column\">\n\t\t\t<div class=\"elementor-widget-wrap elementor-element-populated\">\n\t\t\t\t\t\t<div class=\"elementor-element elementor-element-3e546cfb elementor-widget__width-inherit header-image elementor-widget elementor-widget-image\" data-id=\"3e546cfb\" data-element_type=\"widget\" data-e-type=\"widget\" data-widget_type=\"image.default\">\n\t\t\t\t<div class=\"elementor-widget-container\">\n\t\t\t\t\t\t\t\t\t\t\t\t\t\t\t<img fetchpriority=\"high\" decoding=\"async\" width=\"1500\" height=\"1001\" src=\"https:\/\/www.slsevents.eu\/wp-content\/uploads\/2021\/03\/IMG_0032.jpg\" class=\"attachment-full size-full wp-image-4236\" alt=\"\" srcset=\"https:\/\/www.slsevents.eu\/wp-content\/uploads\/2021\/03\/IMG_0032.jpg 1500w, https:\/\/www.slsevents.eu\/wp-content\/uploads\/2021\/03\/IMG_0032-300x200.jpg 300w, https:\/\/www.slsevents.eu\/wp-content\/uploads\/2021\/03\/IMG_0032-1024x683.jpg 1024w, https:\/\/www.slsevents.eu\/wp-content\/uploads\/2021\/03\/IMG_0032-768x513.jpg 768w, https:\/\/www.slsevents.eu\/wp-content\/uploads\/2021\/03\/IMG_0032-16x12.jpg 16w\" sizes=\"(max-width: 1500px) 100vw, 1500px\" \/>\t\t\t\t\t\t\t\t\t\t\t\t\t\t\t<\/div>\n\t\t\t\t<\/div>\n\t\t\t\t<div class=\"elementor-element elementor-element-4a7eed32 elementor-widget elementor-widget-heading\" data-id=\"4a7eed32\" data-element_type=\"widget\" data-e-type=\"widget\" data-widget_type=\"heading.default\">\n\t\t\t\t<div class=\"elementor-widget-container\">\n\t\t\t\t\t<h2 class=\"elementor-heading-title elementor-size-default\">Sound systems and sound design<\/h2>\t\t\t\t<\/div>\n\t\t\t\t<\/div>\n\t\t\t\t<div class=\"elementor-element elementor-element-bc9a015 elementor-widget elementor-widget-spacer\" data-id=\"bc9a015\" data-element_type=\"widget\" data-e-type=\"widget\" data-widget_type=\"spacer.default\">\n\t\t\t\t<div class=\"elementor-widget-container\">\n\t\t\t\t\t\t\t<div class=\"elementor-spacer\">\n\t\t\t<div class=\"elementor-spacer-inner\"><\/div>\n\t\t<\/div>\n\t\t\t\t\t\t<\/div>\n\t\t\t\t<\/div>\n\t\t\t\t\t<\/div>\n\t\t<\/div>\n\t\t\t\t\t<\/div>\n\t\t<\/section>\n\t\t\t\t<section class=\"elementor-section elementor-top-section elementor-element elementor-element-9baedec elementor-section-boxed elementor-section-height-default elementor-section-height-default\" data-id=\"9baedec\" data-element_type=\"section\" data-e-type=\"section\" data-settings=\"{&quot;background_background&quot;:&quot;classic&quot;}\">\n\t\t\t\t\t\t<div class=\"elementor-container elementor-column-gap-default\">\n\t\t\t\t\t<div class=\"elementor-column elementor-col-100 elementor-top-column elementor-element elementor-element-8896d5c\" data-id=\"8896d5c\" data-element_type=\"column\" data-e-type=\"column\">\n\t\t\t<div class=\"elementor-widget-wrap elementor-element-populated\">\n\t\t\t\t\t\t<div class=\"elementor-element elementor-element-0fe3616 elementor-widget elementor-widget-spacer\" data-id=\"0fe3616\" data-element_type=\"widget\" data-e-type=\"widget\" data-widget_type=\"spacer.default\">\n\t\t\t\t<div class=\"elementor-widget-container\">\n\t\t\t\t\t\t\t<div class=\"elementor-spacer\">\n\t\t\t<div class=\"elementor-spacer-inner\"><\/div>\n\t\t<\/div>\n\t\t\t\t\t\t<\/div>\n\t\t\t\t<\/div>\n\t\t\t\t\t<\/div>\n\t\t<\/div>\n\t\t\t\t\t<\/div>\n\t\t<\/section>\n\t\t\t\t<section class=\"elementor-section elementor-top-section elementor-element elementor-element-9504f10 elementor-section-boxed elementor-section-height-default elementor-section-height-default\" data-id=\"9504f10\" data-element_type=\"section\" data-e-type=\"section\">\n\t\t\t\t\t\t<div class=\"elementor-container elementor-column-gap-default\">\n\t\t\t\t\t<div class=\"elementor-column elementor-col-100 elementor-top-column elementor-element elementor-element-e9098be\" data-id=\"e9098be\" data-element_type=\"column\" data-e-type=\"column\">\n\t\t\t<div class=\"elementor-widget-wrap elementor-element-populated\">\n\t\t\t\t\t\t<div class=\"elementor-element elementor-element-1b846aa elementor-widget elementor-widget-text-editor\" data-id=\"1b846aa\" data-element_type=\"widget\" data-e-type=\"widget\" data-widget_type=\"text-editor.default\">\n\t\t\t\t<div class=\"elementor-widget-container\">\n\t\t\t\t\t\t\t\t\t<h3>For an optimal sound experience<\/h3>\n<p>Sound systems tailored to your event combined with our expertise create sound in perfection and atmosphere in completion.<\/p>\n<p>We use sound systems that are individually adapted to the size of your location. The equipment used is of high quality to always guarantee a reliable and smooth operation.<\/p>\n<p>To prevent the audience's hearing from being endangered by high sound emissions from electroacoustic sound reinforcement technology, we offer acoustic monitoring following DIN 15905-5.<\/p>\n<p>Whether large-scale sound reinforcement, background music, press conference, panel discussion or plenary session, we offer you the right solution.<\/p>\t\t\t\t\t\t\t\t<\/div>\n\t\t\t\t<\/div>\n\t\t\t\t\t<\/div>\n\t\t<\/div>\n\t\t\t\t\t<\/div>\n\t\t<\/section>\n\t\t\t\t<\/div>","protected":false},"excerpt":{"rendered":"<p>Beschallung und Sound-Design F\u00fcr ein optimales Klangerlebnis Tonsysteme abgestimmt auf Ihre Veranstaltung verbunden mit unseren Kompetenzen schaffen Ton in Perfektion und Stimmung in Vollendung. Dabei setzen wir auf Beschallungssysteme, die individuell auf die Gr\u00f6\u00dfe Ihrer Location angepasst sind. Die eingesetzten Ger\u00e4te sind von Herstellern hoher Qualit\u00e4t, damit wir Ihnen stets einen zuverl\u00e4ssigen und reibungslosen Ablauf [&hellip;]<\/p>\n","protected":false},"author":1,"featured_media":0,"parent":30,"menu_order":0,"comment_status":"closed","ping_status":"closed","template":"elementor_header_footer","meta":{"footnotes":""},"class_list":["post-612","page","type-page","status-publish","hentry"],"yoast_head":"<!-- This site is optimized with the Yoast SEO plugin v27.3 - https:\/\/yoast.com\/product\/yoast-seo-wordpress\/ -->\n<title>Ton - SLS<\/title>\n<meta name=\"description\" content=\"Tonsysteme abgestimmt auf Ihre Veranstaltung verbunden mit unseren Kompetenzen schaffen Ton in Perfektion und Stimmung in Vollendung. Dabei setzen wir auf Beschallungssysteme, die individuell auf die Gr\u00f6\u00dfe Ihrer Location angepasst sind.\" \/>\n<meta name=\"robots\" content=\"index, follow, max-snippet:-1, max-image-preview:large, max-video-preview:-1\" \/>\n<link rel=\"canonical\" href=\"https:\/\/www.slsevents.eu\/en\/veranstaltungstechnik\/ton\/\" \/>\n<meta property=\"og:locale\" content=\"en_GB\" \/>\n<meta property=\"og:type\" content=\"article\" \/>\n<meta property=\"og:title\" content=\"Ton - SLS\" \/>\n<meta property=\"og:description\" content=\"Tonsysteme abgestimmt auf Ihre Veranstaltung verbunden mit unseren Kompetenzen schaffen Ton in Perfektion und Stimmung in Vollendung. Dabei setzen wir auf Beschallungssysteme, die individuell auf die Gr\u00f6\u00dfe Ihrer Location angepasst sind.\" \/>\n<meta property=\"og:url\" content=\"https:\/\/www.slsevents.eu\/en\/veranstaltungstechnik\/ton\/\" \/>\n<meta property=\"og:site_name\" content=\"SLS\" \/>\n<meta property=\"article:modified_time\" content=\"2021-04-12T16:18:57+00:00\" \/>\n<meta property=\"og:image\" content=\"https:\/\/www.slsevents.eu\/wp-content\/uploads\/2021\/03\/IMG_0032.jpg\" \/>\n<meta name=\"twitter:card\" content=\"summary_large_image\" \/>\n<meta name=\"twitter:label1\" content=\"Estimated reading time\" \/>\n\t<meta name=\"twitter:data1\" content=\"1 minute\" \/>\n<script type=\"application\/ld+json\" class=\"yoast-schema-graph\">{\"@context\":\"https:\\\/\\\/schema.org\",\"@graph\":[{\"@type\":\"WebPage\",\"@id\":\"https:\\\/\\\/www.slsevents.eu\\\/veranstaltungstechnik\\\/ton\\\/\",\"url\":\"https:\\\/\\\/www.slsevents.eu\\\/veranstaltungstechnik\\\/ton\\\/\",\"name\":\"Ton - SLS\",\"isPartOf\":{\"@id\":\"https:\\\/\\\/www.slsevents.eu\\\/#website\"},\"primaryImageOfPage\":{\"@id\":\"https:\\\/\\\/www.slsevents.eu\\\/veranstaltungstechnik\\\/ton\\\/#primaryimage\"},\"image\":{\"@id\":\"https:\\\/\\\/www.slsevents.eu\\\/veranstaltungstechnik\\\/ton\\\/#primaryimage\"},\"thumbnailUrl\":\"https:\\\/\\\/www.slsevents.eu\\\/wp-content\\\/uploads\\\/2021\\\/03\\\/IMG_0032.jpg\",\"datePublished\":\"2020-08-26T09:07:49+00:00\",\"dateModified\":\"2021-04-12T16:18:57+00:00\",\"description\":\"Tonsysteme abgestimmt auf Ihre Veranstaltung verbunden mit unseren Kompetenzen schaffen Ton in Perfektion und Stimmung in Vollendung. Dabei setzen wir auf Beschallungssysteme, die individuell auf die Gr\u00f6\u00dfe Ihrer Location angepasst sind.\",\"breadcrumb\":{\"@id\":\"https:\\\/\\\/www.slsevents.eu\\\/veranstaltungstechnik\\\/ton\\\/#breadcrumb\"},\"inLanguage\":\"en-GB\",\"potentialAction\":[{\"@type\":\"ReadAction\",\"target\":[\"https:\\\/\\\/www.slsevents.eu\\\/veranstaltungstechnik\\\/ton\\\/\"]}]},{\"@type\":\"ImageObject\",\"inLanguage\":\"en-GB\",\"@id\":\"https:\\\/\\\/www.slsevents.eu\\\/veranstaltungstechnik\\\/ton\\\/#primaryimage\",\"url\":\"https:\\\/\\\/www.slsevents.eu\\\/wp-content\\\/uploads\\\/2021\\\/03\\\/IMG_0032.jpg\",\"contentUrl\":\"https:\\\/\\\/www.slsevents.eu\\\/wp-content\\\/uploads\\\/2021\\\/03\\\/IMG_0032.jpg\"},{\"@type\":\"BreadcrumbList\",\"@id\":\"https:\\\/\\\/www.slsevents.eu\\\/veranstaltungstechnik\\\/ton\\\/#breadcrumb\",\"itemListElement\":[{\"@type\":\"ListItem\",\"position\":1,\"name\":\"Startseite\",\"item\":\"https:\\\/\\\/www.slsevents.eu\\\/\"},{\"@type\":\"ListItem\",\"position\":2,\"name\":\"VERANSTALTUNGSTECHNIK\",\"item\":\"https:\\\/\\\/www.slsevents.eu\\\/veranstaltungstechnik\\\/\"},{\"@type\":\"ListItem\",\"position\":3,\"name\":\"Ton\"}]},{\"@type\":\"WebSite\",\"@id\":\"https:\\\/\\\/www.slsevents.eu\\\/#website\",\"url\":\"https:\\\/\\\/www.slsevents.eu\\\/\",\"name\":\"SLS\",\"description\":\"event technology\",\"potentialAction\":[{\"@type\":\"SearchAction\",\"target\":{\"@type\":\"EntryPoint\",\"urlTemplate\":\"https:\\\/\\\/www.slsevents.eu\\\/?s={search_term_string}\"},\"query-input\":{\"@type\":\"PropertyValueSpecification\",\"valueRequired\":true,\"valueName\":\"search_term_string\"}}],\"inLanguage\":\"en-GB\"}]}<\/script>\n<!-- \/ Yoast SEO plugin. -->","yoast_head_json":{"title":"Ton - SLS","description":"Tonsysteme abgestimmt auf Ihre Veranstaltung verbunden mit unseren Kompetenzen schaffen Ton in Perfektion und Stimmung in Vollendung. Dabei setzen wir auf Beschallungssysteme, die individuell auf die Gr\u00f6\u00dfe Ihrer Location angepasst sind.","robots":{"index":"index","follow":"follow","max-snippet":"max-snippet:-1","max-image-preview":"max-image-preview:large","max-video-preview":"max-video-preview:-1"},"canonical":"https:\/\/www.slsevents.eu\/en\/veranstaltungstechnik\/ton\/","og_locale":"en_GB","og_type":"article","og_title":"Ton - SLS","og_description":"Tonsysteme abgestimmt auf Ihre Veranstaltung verbunden mit unseren Kompetenzen schaffen Ton in Perfektion und Stimmung in Vollendung. Dabei setzen wir auf Beschallungssysteme, die individuell auf die Gr\u00f6\u00dfe Ihrer Location angepasst sind.","og_url":"https:\/\/www.slsevents.eu\/en\/veranstaltungstechnik\/ton\/","og_site_name":"SLS","article_modified_time":"2021-04-12T16:18:57+00:00","og_image":[{"url":"https:\/\/www.slsevents.eu\/wp-content\/uploads\/2021\/03\/IMG_0032.jpg","type":"","width":"","height":""}],"twitter_card":"summary_large_image","twitter_misc":{"Estimated reading time":"1 minute"},"schema":{"@context":"https:\/\/schema.org","@graph":[{"@type":"WebPage","@id":"https:\/\/www.slsevents.eu\/veranstaltungstechnik\/ton\/","url":"https:\/\/www.slsevents.eu\/veranstaltungstechnik\/ton\/","name":"Ton - SLS","isPartOf":{"@id":"https:\/\/www.slsevents.eu\/#website"},"primaryImageOfPage":{"@id":"https:\/\/www.slsevents.eu\/veranstaltungstechnik\/ton\/#primaryimage"},"image":{"@id":"https:\/\/www.slsevents.eu\/veranstaltungstechnik\/ton\/#primaryimage"},"thumbnailUrl":"https:\/\/www.slsevents.eu\/wp-content\/uploads\/2021\/03\/IMG_0032.jpg","datePublished":"2020-08-26T09:07:49+00:00","dateModified":"2021-04-12T16:18:57+00:00","description":"Tonsysteme abgestimmt auf Ihre Veranstaltung verbunden mit unseren Kompetenzen schaffen Ton in Perfektion und Stimmung in Vollendung. Dabei setzen wir auf Beschallungssysteme, die individuell auf die Gr\u00f6\u00dfe Ihrer Location angepasst sind.","breadcrumb":{"@id":"https:\/\/www.slsevents.eu\/veranstaltungstechnik\/ton\/#breadcrumb"},"inLanguage":"en-GB","potentialAction":[{"@type":"ReadAction","target":["https:\/\/www.slsevents.eu\/veranstaltungstechnik\/ton\/"]}]},{"@type":"ImageObject","inLanguage":"en-GB","@id":"https:\/\/www.slsevents.eu\/veranstaltungstechnik\/ton\/#primaryimage","url":"https:\/\/www.slsevents.eu\/wp-content\/uploads\/2021\/03\/IMG_0032.jpg","contentUrl":"https:\/\/www.slsevents.eu\/wp-content\/uploads\/2021\/03\/IMG_0032.jpg"},{"@type":"BreadcrumbList","@id":"https:\/\/www.slsevents.eu\/veranstaltungstechnik\/ton\/#breadcrumb","itemListElement":[{"@type":"ListItem","position":1,"name":"Startseite","item":"https:\/\/www.slsevents.eu\/"},{"@type":"ListItem","position":2,"name":"VERANSTALTUNGSTECHNIK","item":"https:\/\/www.slsevents.eu\/veranstaltungstechnik\/"},{"@type":"ListItem","position":3,"name":"Ton"}]},{"@type":"WebSite","@id":"https:\/\/www.slsevents.eu\/#website","url":"https:\/\/www.slsevents.eu\/","name":"SLS","description":"event technology","potentialAction":[{"@type":"SearchAction","target":{"@type":"EntryPoint","urlTemplate":"https:\/\/www.slsevents.eu\/?s={search_term_string}"},"query-input":{"@type":"PropertyValueSpecification","valueRequired":true,"valueName":"search_term_string"}}],"inLanguage":"en-GB"}]}},"_links":{"self":[{"href":"https:\/\/www.slsevents.eu\/en\/wp-json\/wp\/v2\/pages\/612","targetHints":{"allow":["GET"]}}],"collection":[{"href":"https:\/\/www.slsevents.eu\/en\/wp-json\/wp\/v2\/pages"}],"about":[{"href":"https:\/\/www.slsevents.eu\/en\/wp-json\/wp\/v2\/types\/page"}],"author":[{"embeddable":true,"href":"https:\/\/www.slsevents.eu\/en\/wp-json\/wp\/v2\/users\/1"}],"replies":[{"embeddable":true,"href":"https:\/\/www.slsevents.eu\/en\/wp-json\/wp\/v2\/comments?post=612"}],"version-history":[{"count":44,"href":"https:\/\/www.slsevents.eu\/en\/wp-json\/wp\/v2\/pages\/612\/revisions"}],"predecessor-version":[{"id":5551,"href":"https:\/\/www.slsevents.eu\/en\/wp-json\/wp\/v2\/pages\/612\/revisions\/5551"}],"up":[{"embeddable":true,"href":"https:\/\/www.slsevents.eu\/en\/wp-json\/wp\/v2\/pages\/30"}],"wp:attachment":[{"href":"https:\/\/www.slsevents.eu\/en\/wp-json\/wp\/v2\/media?parent=612"}],"curies":[{"name":"wp","href":"https:\/\/api.w.org\/{rel}","templated":true}]}}