{"id":571,"date":"2020-08-26T10:16:05","date_gmt":"2020-08-26T08:16:05","guid":{"rendered":"https:\/\/dev.slset.de\/?page_id=571"},"modified":"2021-04-12T18:20:09","modified_gmt":"2021-04-12T16:20:09","slug":"licht","status":"publish","type":"page","link":"https:\/\/www.slsevents.eu\/en\/veranstaltungstechnik\/licht\/","title":{"rendered":"Light"},"content":{"rendered":"<div data-elementor-type=\"wp-page\" data-elementor-id=\"571\" class=\"elementor elementor-571\" data-elementor-post-type=\"page\">\n\t\t\t\t\t\t<section class=\"elementor-section elementor-top-section elementor-element elementor-element-b0a7bb4 elementor-section-full_width elementor-section-height-default elementor-section-height-default\" data-id=\"b0a7bb4\" data-element_type=\"section\" data-e-type=\"section\">\n\t\t\t\t\t\t<div class=\"elementor-container elementor-column-gap-default\">\n\t\t\t\t\t<div class=\"elementor-column elementor-col-100 elementor-top-column elementor-element elementor-element-7de90e7\" data-id=\"7de90e7\" data-element_type=\"column\" data-e-type=\"column\">\n\t\t\t<div class=\"elementor-widget-wrap elementor-element-populated\">\n\t\t\t\t\t\t<div class=\"elementor-element elementor-element-f7cdd98 elementor-widget__width-inherit header-image elementor-widget elementor-widget-image\" data-id=\"f7cdd98\" data-element_type=\"widget\" data-e-type=\"widget\" data-widget_type=\"image.default\">\n\t\t\t\t<div class=\"elementor-widget-container\">\n\t\t\t\t\t\t\t\t\t\t\t\t\t\t\t<img fetchpriority=\"high\" decoding=\"async\" width=\"2560\" height=\"1280\" src=\"https:\/\/www.slsevents.eu\/wp-content\/uploads\/2021\/03\/IMG_0980-bI-scaled.jpg\" class=\"attachment-full size-full wp-image-4943\" alt=\"\" srcset=\"https:\/\/www.slsevents.eu\/wp-content\/uploads\/2021\/03\/IMG_0980-bI-scaled.jpg 2560w, https:\/\/www.slsevents.eu\/wp-content\/uploads\/2021\/03\/IMG_0980-bI-300x150.jpg 300w, https:\/\/www.slsevents.eu\/wp-content\/uploads\/2021\/03\/IMG_0980-bI-1024x512.jpg 1024w, https:\/\/www.slsevents.eu\/wp-content\/uploads\/2021\/03\/IMG_0980-bI-768x384.jpg 768w, https:\/\/www.slsevents.eu\/wp-content\/uploads\/2021\/03\/IMG_0980-bI-1536x768.jpg 1536w, https:\/\/www.slsevents.eu\/wp-content\/uploads\/2021\/03\/IMG_0980-bI-2048x1024.jpg 2048w, https:\/\/www.slsevents.eu\/wp-content\/uploads\/2021\/03\/IMG_0980-bI-16x8.jpg 16w\" sizes=\"(max-width: 2560px) 100vw, 2560px\" \/>\t\t\t\t\t\t\t\t\t\t\t\t\t\t\t<\/div>\n\t\t\t\t<\/div>\n\t\t\t\t<div class=\"elementor-element elementor-element-77716b5 elementor-widget elementor-widget-heading\" data-id=\"77716b5\" data-element_type=\"widget\" data-e-type=\"widget\" data-widget_type=\"heading.default\">\n\t\t\t\t<div class=\"elementor-widget-container\">\n\t\t\t\t\t<h1 class=\"elementor-heading-title elementor-size-default\">Lighting and light design<\/h1>\t\t\t\t<\/div>\n\t\t\t\t<\/div>\n\t\t\t\t<div class=\"elementor-element elementor-element-50ac20f elementor-widget elementor-widget-spacer\" data-id=\"50ac20f\" data-element_type=\"widget\" data-e-type=\"widget\" data-widget_type=\"spacer.default\">\n\t\t\t\t<div class=\"elementor-widget-container\">\n\t\t\t\t\t\t\t<div class=\"elementor-spacer\">\n\t\t\t<div class=\"elementor-spacer-inner\"><\/div>\n\t\t<\/div>\n\t\t\t\t\t\t<\/div>\n\t\t\t\t<\/div>\n\t\t\t\t\t<\/div>\n\t\t<\/div>\n\t\t\t\t\t<\/div>\n\t\t<\/section>\n\t\t\t\t<section class=\"elementor-section elementor-top-section elementor-element elementor-element-cdf798e elementor-section-boxed elementor-section-height-default elementor-section-height-default\" data-id=\"cdf798e\" data-element_type=\"section\" data-e-type=\"section\" data-settings=\"{&quot;background_background&quot;:&quot;classic&quot;}\">\n\t\t\t\t\t\t<div class=\"elementor-container elementor-column-gap-default\">\n\t\t\t\t\t<div class=\"elementor-column elementor-col-100 elementor-top-column elementor-element elementor-element-fdad77b\" data-id=\"fdad77b\" data-element_type=\"column\" data-e-type=\"column\">\n\t\t\t<div class=\"elementor-widget-wrap elementor-element-populated\">\n\t\t\t\t\t\t<div class=\"elementor-element elementor-element-1cea125 elementor-widget elementor-widget-spacer\" data-id=\"1cea125\" data-element_type=\"widget\" data-e-type=\"widget\" data-widget_type=\"spacer.default\">\n\t\t\t\t<div class=\"elementor-widget-container\">\n\t\t\t\t\t\t\t<div class=\"elementor-spacer\">\n\t\t\t<div class=\"elementor-spacer-inner\"><\/div>\n\t\t<\/div>\n\t\t\t\t\t\t<\/div>\n\t\t\t\t<\/div>\n\t\t\t\t\t<\/div>\n\t\t<\/div>\n\t\t\t\t\t<\/div>\n\t\t<\/section>\n\t\t\t\t<section class=\"elementor-section elementor-top-section elementor-element elementor-element-fb1f234 elementor-section-boxed elementor-section-height-default elementor-section-height-default\" data-id=\"fb1f234\" data-element_type=\"section\" data-e-type=\"section\">\n\t\t\t\t\t\t<div class=\"elementor-container elementor-column-gap-default\">\n\t\t\t\t\t<div class=\"elementor-column elementor-col-100 elementor-top-column elementor-element elementor-element-1e8bed3\" data-id=\"1e8bed3\" data-element_type=\"column\" data-e-type=\"column\">\n\t\t\t<div class=\"elementor-widget-wrap elementor-element-populated\">\n\t\t\t\t\t\t<div class=\"elementor-element elementor-element-a787777 elementor-widget elementor-widget-text-editor\" data-id=\"a787777\" data-element_type=\"widget\" data-e-type=\"widget\" data-widget_type=\"text-editor.default\">\n\t\t\t\t<div class=\"elementor-widget-container\">\n\t\t\t\t\t\t\t\t\t<h3>With us you are in the spotlight<\/h3>\n<p>One of the most important aspects of a successful event is the lighting and thus the staging of the appropriate objects and places at the right time.<\/p>\n<p>A pleasant, stylish lighting atmosphere creates positive feelings for visitors and contributes to a more profound impression of the entire event.<\/p>\n<p>The core of our lighting design is creating the proper lighting in the right places for your event. Aesthetics and functionality are thus uniquely harmonised by us for every occasion and every customer.<\/p>\t\t\t\t\t\t\t\t<\/div>\n\t\t\t\t<\/div>\n\t\t\t\t\t<\/div>\n\t\t<\/div>\n\t\t\t\t\t<\/div>\n\t\t<\/section>\n\t\t\t\t<\/div>","protected":false},"excerpt":{"rendered":"<p>Beleuchtung und Lichtdesign Mit uns stehen Sie im Rampenlicht Einer der wichtigsten Aspekte einer gelungenen Veranstaltung ist die Beleuchtung und damit die Inszenierung der passenden Objekte und Pl\u00e4tze zum richtigen Zeitpunkt. Eine angenehme, stilvolle Lichtatmosph\u00e4re schafft positives Empfinden beim Besucher und tr\u00e4gt zu einem tieferen Eindruck des gesamten Events bei. Kernpunkte unseres Lichtdesigns sind die [&hellip;]<\/p>\n","protected":false},"author":1,"featured_media":0,"parent":30,"menu_order":0,"comment_status":"closed","ping_status":"closed","template":"elementor_header_footer","meta":{"footnotes":""},"class_list":["post-571","page","type-page","status-publish","hentry"],"yoast_head":"<!-- This site is optimized with the Yoast SEO plugin v27.3 - https:\/\/yoast.com\/product\/yoast-seo-wordpress\/ -->\n<title>Licht - SLS<\/title>\n<meta name=\"description\" content=\"Mit uns stehen Sie im Rampenlicht Einer der wichtigsten Aspekte einer gelungenen Veranstaltung ist die Beleuchtung und damit die Inszenierung der passenden Objekte und Pl\u00e4tze zum richtigen Zeitpunkt.\" \/>\n<meta name=\"robots\" content=\"index, follow, max-snippet:-1, max-image-preview:large, max-video-preview:-1\" \/>\n<link rel=\"canonical\" href=\"https:\/\/www.slsevents.eu\/en\/veranstaltungstechnik\/licht\/\" \/>\n<meta property=\"og:locale\" content=\"en_GB\" \/>\n<meta property=\"og:type\" content=\"article\" \/>\n<meta property=\"og:title\" content=\"Licht - SLS\" \/>\n<meta property=\"og:description\" content=\"Mit uns stehen Sie im Rampenlicht Einer der wichtigsten Aspekte einer gelungenen Veranstaltung ist die Beleuchtung und damit die Inszenierung der passenden Objekte und Pl\u00e4tze zum richtigen Zeitpunkt.\" \/>\n<meta property=\"og:url\" content=\"https:\/\/www.slsevents.eu\/en\/veranstaltungstechnik\/licht\/\" \/>\n<meta property=\"og:site_name\" content=\"SLS\" \/>\n<meta property=\"article:modified_time\" content=\"2021-04-12T16:20:09+00:00\" \/>\n<meta property=\"og:image\" content=\"https:\/\/www.slsevents.eu\/wp-content\/uploads\/2021\/03\/IMG_0980-bI-scaled.jpg\" \/>\n<meta name=\"twitter:card\" content=\"summary_large_image\" \/>\n<meta name=\"twitter:label1\" content=\"Estimated reading time\" \/>\n\t<meta name=\"twitter:data1\" content=\"1 minute\" \/>\n<script type=\"application\/ld+json\" class=\"yoast-schema-graph\">{\"@context\":\"https:\\\/\\\/schema.org\",\"@graph\":[{\"@type\":\"WebPage\",\"@id\":\"https:\\\/\\\/www.slsevents.eu\\\/en\\\/veranstaltungstechnik\\\/licht\\\/\",\"url\":\"https:\\\/\\\/www.slsevents.eu\\\/en\\\/veranstaltungstechnik\\\/licht\\\/\",\"name\":\"Licht - SLS\",\"isPartOf\":{\"@id\":\"https:\\\/\\\/www.slsevents.eu\\\/#website\"},\"primaryImageOfPage\":{\"@id\":\"https:\\\/\\\/www.slsevents.eu\\\/en\\\/veranstaltungstechnik\\\/licht\\\/#primaryimage\"},\"image\":{\"@id\":\"https:\\\/\\\/www.slsevents.eu\\\/en\\\/veranstaltungstechnik\\\/licht\\\/#primaryimage\"},\"thumbnailUrl\":\"https:\\\/\\\/www.slsevents.eu\\\/wp-content\\\/uploads\\\/2021\\\/03\\\/IMG_0980-bI-scaled.jpg\",\"datePublished\":\"2020-08-26T08:16:05+00:00\",\"dateModified\":\"2021-04-12T16:20:09+00:00\",\"description\":\"Mit uns stehen Sie im Rampenlicht Einer der wichtigsten Aspekte einer gelungenen Veranstaltung ist die Beleuchtung und damit die Inszenierung der passenden Objekte und Pl\u00e4tze zum richtigen Zeitpunkt.\",\"breadcrumb\":{\"@id\":\"https:\\\/\\\/www.slsevents.eu\\\/en\\\/veranstaltungstechnik\\\/licht\\\/#breadcrumb\"},\"inLanguage\":\"en-GB\",\"potentialAction\":[{\"@type\":\"ReadAction\",\"target\":[\"https:\\\/\\\/www.slsevents.eu\\\/en\\\/veranstaltungstechnik\\\/licht\\\/\"]}]},{\"@type\":\"ImageObject\",\"inLanguage\":\"en-GB\",\"@id\":\"https:\\\/\\\/www.slsevents.eu\\\/en\\\/veranstaltungstechnik\\\/licht\\\/#primaryimage\",\"url\":\"https:\\\/\\\/www.slsevents.eu\\\/wp-content\\\/uploads\\\/2021\\\/03\\\/IMG_0980-bI-scaled.jpg\",\"contentUrl\":\"https:\\\/\\\/www.slsevents.eu\\\/wp-content\\\/uploads\\\/2021\\\/03\\\/IMG_0980-bI-scaled.jpg\"},{\"@type\":\"BreadcrumbList\",\"@id\":\"https:\\\/\\\/www.slsevents.eu\\\/en\\\/veranstaltungstechnik\\\/licht\\\/#breadcrumb\",\"itemListElement\":[{\"@type\":\"ListItem\",\"position\":1,\"name\":\"Startseite\",\"item\":\"https:\\\/\\\/www.slsevents.eu\\\/\"},{\"@type\":\"ListItem\",\"position\":2,\"name\":\"VERANSTALTUNGSTECHNIK\",\"item\":\"https:\\\/\\\/www.slsevents.eu\\\/veranstaltungstechnik\\\/\"},{\"@type\":\"ListItem\",\"position\":3,\"name\":\"Licht\"}]},{\"@type\":\"WebSite\",\"@id\":\"https:\\\/\\\/www.slsevents.eu\\\/#website\",\"url\":\"https:\\\/\\\/www.slsevents.eu\\\/\",\"name\":\"SLS\",\"description\":\"event technology\",\"potentialAction\":[{\"@type\":\"SearchAction\",\"target\":{\"@type\":\"EntryPoint\",\"urlTemplate\":\"https:\\\/\\\/www.slsevents.eu\\\/?s={search_term_string}\"},\"query-input\":{\"@type\":\"PropertyValueSpecification\",\"valueRequired\":true,\"valueName\":\"search_term_string\"}}],\"inLanguage\":\"en-GB\"}]}<\/script>\n<!-- \/ Yoast SEO plugin. -->","yoast_head_json":{"title":"Licht - SLS","description":"Mit uns stehen Sie im Rampenlicht Einer der wichtigsten Aspekte einer gelungenen Veranstaltung ist die Beleuchtung und damit die Inszenierung der passenden Objekte und Pl\u00e4tze zum richtigen Zeitpunkt.","robots":{"index":"index","follow":"follow","max-snippet":"max-snippet:-1","max-image-preview":"max-image-preview:large","max-video-preview":"max-video-preview:-1"},"canonical":"https:\/\/www.slsevents.eu\/en\/veranstaltungstechnik\/licht\/","og_locale":"en_GB","og_type":"article","og_title":"Licht - SLS","og_description":"Mit uns stehen Sie im Rampenlicht Einer der wichtigsten Aspekte einer gelungenen Veranstaltung ist die Beleuchtung und damit die Inszenierung der passenden Objekte und Pl\u00e4tze zum richtigen Zeitpunkt.","og_url":"https:\/\/www.slsevents.eu\/en\/veranstaltungstechnik\/licht\/","og_site_name":"SLS","article_modified_time":"2021-04-12T16:20:09+00:00","og_image":[{"url":"https:\/\/www.slsevents.eu\/wp-content\/uploads\/2021\/03\/IMG_0980-bI-scaled.jpg","type":"","width":"","height":""}],"twitter_card":"summary_large_image","twitter_misc":{"Estimated reading time":"1 minute"},"schema":{"@context":"https:\/\/schema.org","@graph":[{"@type":"WebPage","@id":"https:\/\/www.slsevents.eu\/en\/veranstaltungstechnik\/licht\/","url":"https:\/\/www.slsevents.eu\/en\/veranstaltungstechnik\/licht\/","name":"Licht - SLS","isPartOf":{"@id":"https:\/\/www.slsevents.eu\/#website"},"primaryImageOfPage":{"@id":"https:\/\/www.slsevents.eu\/en\/veranstaltungstechnik\/licht\/#primaryimage"},"image":{"@id":"https:\/\/www.slsevents.eu\/en\/veranstaltungstechnik\/licht\/#primaryimage"},"thumbnailUrl":"https:\/\/www.slsevents.eu\/wp-content\/uploads\/2021\/03\/IMG_0980-bI-scaled.jpg","datePublished":"2020-08-26T08:16:05+00:00","dateModified":"2021-04-12T16:20:09+00:00","description":"Mit uns stehen Sie im Rampenlicht Einer der wichtigsten Aspekte einer gelungenen Veranstaltung ist die Beleuchtung und damit die Inszenierung der passenden Objekte und Pl\u00e4tze zum richtigen Zeitpunkt.","breadcrumb":{"@id":"https:\/\/www.slsevents.eu\/en\/veranstaltungstechnik\/licht\/#breadcrumb"},"inLanguage":"en-GB","potentialAction":[{"@type":"ReadAction","target":["https:\/\/www.slsevents.eu\/en\/veranstaltungstechnik\/licht\/"]}]},{"@type":"ImageObject","inLanguage":"en-GB","@id":"https:\/\/www.slsevents.eu\/en\/veranstaltungstechnik\/licht\/#primaryimage","url":"https:\/\/www.slsevents.eu\/wp-content\/uploads\/2021\/03\/IMG_0980-bI-scaled.jpg","contentUrl":"https:\/\/www.slsevents.eu\/wp-content\/uploads\/2021\/03\/IMG_0980-bI-scaled.jpg"},{"@type":"BreadcrumbList","@id":"https:\/\/www.slsevents.eu\/en\/veranstaltungstechnik\/licht\/#breadcrumb","itemListElement":[{"@type":"ListItem","position":1,"name":"Startseite","item":"https:\/\/www.slsevents.eu\/"},{"@type":"ListItem","position":2,"name":"VERANSTALTUNGSTECHNIK","item":"https:\/\/www.slsevents.eu\/veranstaltungstechnik\/"},{"@type":"ListItem","position":3,"name":"Licht"}]},{"@type":"WebSite","@id":"https:\/\/www.slsevents.eu\/#website","url":"https:\/\/www.slsevents.eu\/","name":"SLS","description":"event technology","potentialAction":[{"@type":"SearchAction","target":{"@type":"EntryPoint","urlTemplate":"https:\/\/www.slsevents.eu\/?s={search_term_string}"},"query-input":{"@type":"PropertyValueSpecification","valueRequired":true,"valueName":"search_term_string"}}],"inLanguage":"en-GB"}]}},"_links":{"self":[{"href":"https:\/\/www.slsevents.eu\/en\/wp-json\/wp\/v2\/pages\/571","targetHints":{"allow":["GET"]}}],"collection":[{"href":"https:\/\/www.slsevents.eu\/en\/wp-json\/wp\/v2\/pages"}],"about":[{"href":"https:\/\/www.slsevents.eu\/en\/wp-json\/wp\/v2\/types\/page"}],"author":[{"embeddable":true,"href":"https:\/\/www.slsevents.eu\/en\/wp-json\/wp\/v2\/users\/1"}],"replies":[{"embeddable":true,"href":"https:\/\/www.slsevents.eu\/en\/wp-json\/wp\/v2\/comments?post=571"}],"version-history":[{"count":77,"href":"https:\/\/www.slsevents.eu\/en\/wp-json\/wp\/v2\/pages\/571\/revisions"}],"predecessor-version":[{"id":5554,"href":"https:\/\/www.slsevents.eu\/en\/wp-json\/wp\/v2\/pages\/571\/revisions\/5554"}],"up":[{"embeddable":true,"href":"https:\/\/www.slsevents.eu\/en\/wp-json\/wp\/v2\/pages\/30"}],"wp:attachment":[{"href":"https:\/\/www.slsevents.eu\/en\/wp-json\/wp\/v2\/media?parent=571"}],"curies":[{"name":"wp","href":"https:\/\/api.w.org\/{rel}","templated":true}]}}