{"id":4090,"date":"2021-03-29T13:40:19","date_gmt":"2021-03-29T11:40:19","guid":{"rendered":"https:\/\/www.slsevents.eu\/?page_id=4090"},"modified":"2021-04-13T13:53:53","modified_gmt":"2021-04-13T11:53:53","slug":"strom","status":"publish","type":"page","link":"https:\/\/www.slsevents.eu\/en\/veranstaltungstechnik\/strom\/","title":{"rendered":"Power"},"content":{"rendered":"<div data-elementor-type=\"wp-page\" data-elementor-id=\"4090\" class=\"elementor elementor-4090\" data-elementor-post-type=\"page\">\n\t\t\t\t\t\t<section class=\"elementor-section elementor-top-section elementor-element elementor-element-46d22b13 elementor-section-full_width elementor-section-height-default elementor-section-height-default\" data-id=\"46d22b13\" data-element_type=\"section\" data-e-type=\"section\">\n\t\t\t\t\t\t<div class=\"elementor-container elementor-column-gap-default\">\n\t\t\t\t\t<div class=\"elementor-column elementor-col-100 elementor-top-column elementor-element elementor-element-652dd549\" data-id=\"652dd549\" data-element_type=\"column\" data-e-type=\"column\">\n\t\t\t<div class=\"elementor-widget-wrap elementor-element-populated\">\n\t\t\t\t\t\t<div class=\"elementor-element elementor-element-21201357 elementor-widget__width-inherit header-image elementor-widget elementor-widget-image\" data-id=\"21201357\" data-element_type=\"widget\" data-e-type=\"widget\" data-widget_type=\"image.default\">\n\t\t\t\t<div class=\"elementor-widget-container\">\n\t\t\t\t\t\t\t\t\t\t\t\t\t\t\t<img fetchpriority=\"high\" decoding=\"async\" width=\"2560\" height=\"1436\" src=\"https:\/\/www.slsevents.eu\/wp-content\/uploads\/2021\/04\/IMG_2736-scaled.jpg\" class=\"attachment-full size-full wp-image-5403\" alt=\"\" srcset=\"https:\/\/www.slsevents.eu\/wp-content\/uploads\/2021\/04\/IMG_2736-scaled.jpg 2560w, https:\/\/www.slsevents.eu\/wp-content\/uploads\/2021\/04\/IMG_2736-300x168.jpg 300w, https:\/\/www.slsevents.eu\/wp-content\/uploads\/2021\/04\/IMG_2736-1024x575.jpg 1024w, https:\/\/www.slsevents.eu\/wp-content\/uploads\/2021\/04\/IMG_2736-768x431.jpg 768w, https:\/\/www.slsevents.eu\/wp-content\/uploads\/2021\/04\/IMG_2736-1536x862.jpg 1536w, https:\/\/www.slsevents.eu\/wp-content\/uploads\/2021\/04\/IMG_2736-2048x1149.jpg 2048w, https:\/\/www.slsevents.eu\/wp-content\/uploads\/2021\/04\/IMG_2736-16x9.jpg 16w\" sizes=\"(max-width: 2560px) 100vw, 2560px\" \/>\t\t\t\t\t\t\t\t\t\t\t\t\t\t\t<\/div>\n\t\t\t\t<\/div>\n\t\t\t\t\t<\/div>\n\t\t<\/div>\n\t\t\t\t\t<\/div>\n\t\t<\/section>\n\t\t\t\t<section class=\"elementor-section elementor-top-section elementor-element elementor-element-2f2e533 elementor-section-boxed elementor-section-height-default elementor-section-height-default\" data-id=\"2f2e533\" data-element_type=\"section\" data-e-type=\"section\">\n\t\t\t\t\t\t<div class=\"elementor-container elementor-column-gap-default\">\n\t\t\t\t\t<div class=\"elementor-column elementor-col-100 elementor-top-column elementor-element elementor-element-a42b8ab\" data-id=\"a42b8ab\" data-element_type=\"column\" data-e-type=\"column\">\n\t\t\t<div class=\"elementor-widget-wrap\">\n\t\t\t\t\t\t\t<\/div>\n\t\t<\/div>\n\t\t\t\t\t<\/div>\n\t\t<\/section>\n\t\t\t\t<section class=\"elementor-section elementor-top-section elementor-element elementor-element-2a08b14 elementor-section-boxed elementor-section-height-default elementor-section-height-default\" data-id=\"2a08b14\" data-element_type=\"section\" data-e-type=\"section\">\n\t\t\t\t\t\t<div class=\"elementor-container elementor-column-gap-default\">\n\t\t\t\t\t<div class=\"elementor-column elementor-col-100 elementor-top-column elementor-element elementor-element-90a9f23\" data-id=\"90a9f23\" data-element_type=\"column\" data-e-type=\"column\">\n\t\t\t<div class=\"elementor-widget-wrap elementor-element-populated\">\n\t\t\t\t\t\t<div class=\"elementor-element elementor-element-7ff086c elementor-widget elementor-widget-spacer\" data-id=\"7ff086c\" data-element_type=\"widget\" data-e-type=\"widget\" data-widget_type=\"spacer.default\">\n\t\t\t\t<div class=\"elementor-widget-container\">\n\t\t\t\t\t\t\t<div class=\"elementor-spacer\">\n\t\t\t<div class=\"elementor-spacer-inner\"><\/div>\n\t\t<\/div>\n\t\t\t\t\t\t<\/div>\n\t\t\t\t<\/div>\n\t\t\t\t<div class=\"elementor-element elementor-element-37af411 elementor-widget elementor-widget-text-editor\" data-id=\"37af411\" data-element_type=\"widget\" data-e-type=\"widget\" data-widget_type=\"text-editor.default\">\n\t\t\t\t<div class=\"elementor-widget-container\">\n\t\t\t\t\t\t\t\t\t<h2 style=\"text-align: center;\">Power<\/h2>\n<p style=\"text-align: center;\">\n<\/p><p style=\"text-align: center;\">Not only the right technology but also the correct power supply is vital for your event.<\/p>\n<p style=\"text-align: center;\">From mains plugs for your power connection to large Aggregatessets for significantly sized events, with us, you get the power you need. We take care of not only the connection but also the cabling and power planning.<\/p>\n<p style=\"text-align: center;\">Since electricity is not available everywhere, we also have various technical devices that run on battery power.<\/p>\n<p style=\"text-align: center;\">Our devices and cables are expertly tested at regular intervals and checked for their technical condition (VDE tested).<\/p>\t\t\t\t\t\t\t\t<\/div>\n\t\t\t\t<\/div>\n\t\t\t\t\t<\/div>\n\t\t<\/div>\n\t\t\t\t\t<\/div>\n\t\t<\/section>\n\t\t\t\t<section class=\"elementor-section elementor-top-section elementor-element elementor-element-061231d elementor-section-boxed elementor-section-height-default elementor-section-height-default\" data-id=\"061231d\" data-element_type=\"section\" data-e-type=\"section\">\n\t\t\t\t\t\t<div class=\"elementor-container elementor-column-gap-default\">\n\t\t\t\t\t<div class=\"elementor-column elementor-col-100 elementor-top-column elementor-element elementor-element-51ee364\" data-id=\"51ee364\" data-element_type=\"column\" data-e-type=\"column\">\n\t\t\t<div class=\"elementor-widget-wrap elementor-element-populated\">\n\t\t\t\t\t\t<div class=\"elementor-element elementor-element-f6e3134 elementor-widget elementor-widget-spacer\" data-id=\"f6e3134\" data-element_type=\"widget\" data-e-type=\"widget\" data-widget_type=\"spacer.default\">\n\t\t\t\t<div class=\"elementor-widget-container\">\n\t\t\t\t\t\t\t<div class=\"elementor-spacer\">\n\t\t\t<div class=\"elementor-spacer-inner\"><\/div>\n\t\t<\/div>\n\t\t\t\t\t\t<\/div>\n\t\t\t\t<\/div>\n\t\t\t\t\t<\/div>\n\t\t<\/div>\n\t\t\t\t\t<\/div>\n\t\t<\/section>\n\t\t\t\t<\/div>","protected":false},"excerpt":{"rendered":"<p>Strom Nicht nur die richtige Technik, auch die richtige Stromversorgung ist wichtig f\u00fcr Ihr Event. Von Netzsteckern f\u00fcr Ihren eigenen Stromanschluss bis hin zu gro\u00dfen Aggregaten f\u00fcr Gro\u00dfveranstaltungen, bei uns bekommen Sie die ben\u00f6tigte Leistung. Nicht nur den Anschluss, auch die Verkabelung und Stromplanung \u00fcbernehmen wir f\u00fcr Sie. Da nicht \u00fcberall Strom verf\u00fcgbar ist, verf\u00fcgen [&hellip;]<\/p>\n","protected":false},"author":1,"featured_media":0,"parent":30,"menu_order":0,"comment_status":"closed","ping_status":"closed","template":"elementor_header_footer","meta":{"footnotes":""},"class_list":["post-4090","page","type-page","status-publish","hentry"],"yoast_head":"<!-- This site is optimized with the Yoast SEO plugin v27.3 - https:\/\/yoast.com\/product\/yoast-seo-wordpress\/ -->\n<title>Strom - SLS<\/title>\n<meta name=\"robots\" content=\"index, follow, max-snippet:-1, max-image-preview:large, max-video-preview:-1\" \/>\n<link rel=\"canonical\" href=\"https:\/\/www.slsevents.eu\/en\/veranstaltungstechnik\/strom\/\" \/>\n<meta property=\"og:locale\" content=\"en_GB\" \/>\n<meta property=\"og:type\" content=\"article\" \/>\n<meta property=\"og:title\" content=\"Strom - SLS\" \/>\n<meta property=\"og:description\" content=\"Strom Nicht nur die richtige Technik, auch die richtige Stromversorgung ist wichtig f\u00fcr Ihr Event. Von Netzsteckern f\u00fcr Ihren eigenen Stromanschluss bis hin zu gro\u00dfen Aggregaten f\u00fcr Gro\u00dfveranstaltungen, bei uns bekommen Sie die ben\u00f6tigte Leistung. Nicht nur den Anschluss, auch die Verkabelung und Stromplanung \u00fcbernehmen wir f\u00fcr Sie. Da nicht \u00fcberall Strom verf\u00fcgbar ist, verf\u00fcgen [&hellip;]\" \/>\n<meta property=\"og:url\" content=\"https:\/\/www.slsevents.eu\/en\/veranstaltungstechnik\/strom\/\" \/>\n<meta property=\"og:site_name\" content=\"SLS\" \/>\n<meta property=\"article:modified_time\" content=\"2021-04-13T11:53:53+00:00\" \/>\n<meta property=\"og:image\" content=\"https:\/\/www.slsevents.eu\/wp-content\/uploads\/2021\/04\/IMG_2736-scaled.jpg\" \/>\n<meta name=\"twitter:card\" content=\"summary_large_image\" \/>\n<meta name=\"twitter:label1\" content=\"Estimated reading time\" \/>\n\t<meta name=\"twitter:data1\" content=\"1 minute\" \/>\n<script type=\"application\/ld+json\" class=\"yoast-schema-graph\">{\"@context\":\"https:\\\/\\\/schema.org\",\"@graph\":[{\"@type\":\"WebPage\",\"@id\":\"https:\\\/\\\/www.slsevents.eu\\\/en\\\/veranstaltungstechnik\\\/strom\\\/\",\"url\":\"https:\\\/\\\/www.slsevents.eu\\\/en\\\/veranstaltungstechnik\\\/strom\\\/\",\"name\":\"Strom - SLS\",\"isPartOf\":{\"@id\":\"https:\\\/\\\/www.slsevents.eu\\\/#website\"},\"primaryImageOfPage\":{\"@id\":\"https:\\\/\\\/www.slsevents.eu\\\/en\\\/veranstaltungstechnik\\\/strom\\\/#primaryimage\"},\"image\":{\"@id\":\"https:\\\/\\\/www.slsevents.eu\\\/en\\\/veranstaltungstechnik\\\/strom\\\/#primaryimage\"},\"thumbnailUrl\":\"https:\\\/\\\/www.slsevents.eu\\\/wp-content\\\/uploads\\\/2021\\\/04\\\/IMG_2736-scaled.jpg\",\"datePublished\":\"2021-03-29T11:40:19+00:00\",\"dateModified\":\"2021-04-13T11:53:53+00:00\",\"breadcrumb\":{\"@id\":\"https:\\\/\\\/www.slsevents.eu\\\/en\\\/veranstaltungstechnik\\\/strom\\\/#breadcrumb\"},\"inLanguage\":\"en-GB\",\"potentialAction\":[{\"@type\":\"ReadAction\",\"target\":[\"https:\\\/\\\/www.slsevents.eu\\\/en\\\/veranstaltungstechnik\\\/strom\\\/\"]}]},{\"@type\":\"ImageObject\",\"inLanguage\":\"en-GB\",\"@id\":\"https:\\\/\\\/www.slsevents.eu\\\/en\\\/veranstaltungstechnik\\\/strom\\\/#primaryimage\",\"url\":\"https:\\\/\\\/www.slsevents.eu\\\/wp-content\\\/uploads\\\/2021\\\/04\\\/IMG_2736-scaled.jpg\",\"contentUrl\":\"https:\\\/\\\/www.slsevents.eu\\\/wp-content\\\/uploads\\\/2021\\\/04\\\/IMG_2736-scaled.jpg\"},{\"@type\":\"BreadcrumbList\",\"@id\":\"https:\\\/\\\/www.slsevents.eu\\\/en\\\/veranstaltungstechnik\\\/strom\\\/#breadcrumb\",\"itemListElement\":[{\"@type\":\"ListItem\",\"position\":1,\"name\":\"Startseite\",\"item\":\"https:\\\/\\\/www.slsevents.eu\\\/\"},{\"@type\":\"ListItem\",\"position\":2,\"name\":\"VERANSTALTUNGSTECHNIK\",\"item\":\"https:\\\/\\\/www.slsevents.eu\\\/veranstaltungstechnik\\\/\"},{\"@type\":\"ListItem\",\"position\":3,\"name\":\"Strom\"}]},{\"@type\":\"WebSite\",\"@id\":\"https:\\\/\\\/www.slsevents.eu\\\/#website\",\"url\":\"https:\\\/\\\/www.slsevents.eu\\\/\",\"name\":\"SLS\",\"description\":\"event technology\",\"potentialAction\":[{\"@type\":\"SearchAction\",\"target\":{\"@type\":\"EntryPoint\",\"urlTemplate\":\"https:\\\/\\\/www.slsevents.eu\\\/?s={search_term_string}\"},\"query-input\":{\"@type\":\"PropertyValueSpecification\",\"valueRequired\":true,\"valueName\":\"search_term_string\"}}],\"inLanguage\":\"en-GB\"}]}<\/script>\n<!-- \/ Yoast SEO plugin. -->","yoast_head_json":{"title":"Strom - SLS","robots":{"index":"index","follow":"follow","max-snippet":"max-snippet:-1","max-image-preview":"max-image-preview:large","max-video-preview":"max-video-preview:-1"},"canonical":"https:\/\/www.slsevents.eu\/en\/veranstaltungstechnik\/strom\/","og_locale":"en_GB","og_type":"article","og_title":"Strom - SLS","og_description":"Strom Nicht nur die richtige Technik, auch die richtige Stromversorgung ist wichtig f\u00fcr Ihr Event. Von Netzsteckern f\u00fcr Ihren eigenen Stromanschluss bis hin zu gro\u00dfen Aggregaten f\u00fcr Gro\u00dfveranstaltungen, bei uns bekommen Sie die ben\u00f6tigte Leistung. Nicht nur den Anschluss, auch die Verkabelung und Stromplanung \u00fcbernehmen wir f\u00fcr Sie. Da nicht \u00fcberall Strom verf\u00fcgbar ist, verf\u00fcgen [&hellip;]","og_url":"https:\/\/www.slsevents.eu\/en\/veranstaltungstechnik\/strom\/","og_site_name":"SLS","article_modified_time":"2021-04-13T11:53:53+00:00","og_image":[{"url":"https:\/\/www.slsevents.eu\/wp-content\/uploads\/2021\/04\/IMG_2736-scaled.jpg","type":"","width":"","height":""}],"twitter_card":"summary_large_image","twitter_misc":{"Estimated reading time":"1 minute"},"schema":{"@context":"https:\/\/schema.org","@graph":[{"@type":"WebPage","@id":"https:\/\/www.slsevents.eu\/en\/veranstaltungstechnik\/strom\/","url":"https:\/\/www.slsevents.eu\/en\/veranstaltungstechnik\/strom\/","name":"Strom - SLS","isPartOf":{"@id":"https:\/\/www.slsevents.eu\/#website"},"primaryImageOfPage":{"@id":"https:\/\/www.slsevents.eu\/en\/veranstaltungstechnik\/strom\/#primaryimage"},"image":{"@id":"https:\/\/www.slsevents.eu\/en\/veranstaltungstechnik\/strom\/#primaryimage"},"thumbnailUrl":"https:\/\/www.slsevents.eu\/wp-content\/uploads\/2021\/04\/IMG_2736-scaled.jpg","datePublished":"2021-03-29T11:40:19+00:00","dateModified":"2021-04-13T11:53:53+00:00","breadcrumb":{"@id":"https:\/\/www.slsevents.eu\/en\/veranstaltungstechnik\/strom\/#breadcrumb"},"inLanguage":"en-GB","potentialAction":[{"@type":"ReadAction","target":["https:\/\/www.slsevents.eu\/en\/veranstaltungstechnik\/strom\/"]}]},{"@type":"ImageObject","inLanguage":"en-GB","@id":"https:\/\/www.slsevents.eu\/en\/veranstaltungstechnik\/strom\/#primaryimage","url":"https:\/\/www.slsevents.eu\/wp-content\/uploads\/2021\/04\/IMG_2736-scaled.jpg","contentUrl":"https:\/\/www.slsevents.eu\/wp-content\/uploads\/2021\/04\/IMG_2736-scaled.jpg"},{"@type":"BreadcrumbList","@id":"https:\/\/www.slsevents.eu\/en\/veranstaltungstechnik\/strom\/#breadcrumb","itemListElement":[{"@type":"ListItem","position":1,"name":"Startseite","item":"https:\/\/www.slsevents.eu\/"},{"@type":"ListItem","position":2,"name":"VERANSTALTUNGSTECHNIK","item":"https:\/\/www.slsevents.eu\/veranstaltungstechnik\/"},{"@type":"ListItem","position":3,"name":"Strom"}]},{"@type":"WebSite","@id":"https:\/\/www.slsevents.eu\/#website","url":"https:\/\/www.slsevents.eu\/","name":"SLS","description":"event technology","potentialAction":[{"@type":"SearchAction","target":{"@type":"EntryPoint","urlTemplate":"https:\/\/www.slsevents.eu\/?s={search_term_string}"},"query-input":{"@type":"PropertyValueSpecification","valueRequired":true,"valueName":"search_term_string"}}],"inLanguage":"en-GB"}]}},"_links":{"self":[{"href":"https:\/\/www.slsevents.eu\/en\/wp-json\/wp\/v2\/pages\/4090","targetHints":{"allow":["GET"]}}],"collection":[{"href":"https:\/\/www.slsevents.eu\/en\/wp-json\/wp\/v2\/pages"}],"about":[{"href":"https:\/\/www.slsevents.eu\/en\/wp-json\/wp\/v2\/types\/page"}],"author":[{"embeddable":true,"href":"https:\/\/www.slsevents.eu\/en\/wp-json\/wp\/v2\/users\/1"}],"replies":[{"embeddable":true,"href":"https:\/\/www.slsevents.eu\/en\/wp-json\/wp\/v2\/comments?post=4090"}],"version-history":[{"count":23,"href":"https:\/\/www.slsevents.eu\/en\/wp-json\/wp\/v2\/pages\/4090\/revisions"}],"predecessor-version":[{"id":5672,"href":"https:\/\/www.slsevents.eu\/en\/wp-json\/wp\/v2\/pages\/4090\/revisions\/5672"}],"up":[{"embeddable":true,"href":"https:\/\/www.slsevents.eu\/en\/wp-json\/wp\/v2\/pages\/30"}],"wp:attachment":[{"href":"https:\/\/www.slsevents.eu\/en\/wp-json\/wp\/v2\/media?parent=4090"}],"curies":[{"name":"wp","href":"https:\/\/api.w.org\/{rel}","templated":true}]}}