{"id":4067,"date":"2021-03-29T13:31:38","date_gmt":"2021-03-29T11:31:38","guid":{"rendered":"https:\/\/www.slsevents.eu\/?page_id=4067"},"modified":"2021-04-12T18:11:34","modified_gmt":"2021-04-12T16:11:34","slug":"kommunikation","status":"publish","type":"page","link":"https:\/\/www.slsevents.eu\/en\/veranstaltungstechnik\/kommunikation\/","title":{"rendered":"Communication"},"content":{"rendered":"<div data-elementor-type=\"wp-page\" data-elementor-id=\"4067\" class=\"elementor elementor-4067\" data-elementor-post-type=\"page\">\n\t\t\t\t\t\t<section class=\"elementor-section elementor-top-section elementor-element elementor-element-6d7bfa2 elementor-section-full_width elementor-section-height-default elementor-section-height-default\" data-id=\"6d7bfa2\" data-element_type=\"section\" data-e-type=\"section\">\n\t\t\t\t\t\t<div class=\"elementor-container elementor-column-gap-default\">\n\t\t\t\t\t<div class=\"elementor-column elementor-col-100 elementor-top-column elementor-element elementor-element-d027dd1\" data-id=\"d027dd1\" data-element_type=\"column\" data-e-type=\"column\">\n\t\t\t<div class=\"elementor-widget-wrap elementor-element-populated\">\n\t\t\t\t\t\t<div class=\"elementor-element elementor-element-549f1a2 elementor-widget__width-inherit elementor-widget elementor-widget-image\" data-id=\"549f1a2\" data-element_type=\"widget\" data-e-type=\"widget\" data-widget_type=\"image.default\">\n\t\t\t\t<div class=\"elementor-widget-container\">\n\t\t\t\t\t\t\t\t\t\t\t\t\t\t\t<img fetchpriority=\"high\" decoding=\"async\" width=\"2560\" height=\"1707\" src=\"https:\/\/www.slsevents.eu\/wp-content\/uploads\/2021\/04\/AdobeStock_270380058-scaled.jpeg\" class=\"attachment-full size-full wp-image-5317\" alt=\"\" srcset=\"https:\/\/www.slsevents.eu\/wp-content\/uploads\/2021\/04\/AdobeStock_270380058-scaled.jpeg 2560w, https:\/\/www.slsevents.eu\/wp-content\/uploads\/2021\/04\/AdobeStock_270380058-300x200.jpeg 300w, https:\/\/www.slsevents.eu\/wp-content\/uploads\/2021\/04\/AdobeStock_270380058-1024x683.jpeg 1024w, https:\/\/www.slsevents.eu\/wp-content\/uploads\/2021\/04\/AdobeStock_270380058-768x512.jpeg 768w, https:\/\/www.slsevents.eu\/wp-content\/uploads\/2021\/04\/AdobeStock_270380058-1536x1024.jpeg 1536w, https:\/\/www.slsevents.eu\/wp-content\/uploads\/2021\/04\/AdobeStock_270380058-2048x1365.jpeg 2048w, https:\/\/www.slsevents.eu\/wp-content\/uploads\/2021\/04\/AdobeStock_270380058-16x12.jpeg 16w\" sizes=\"(max-width: 2560px) 100vw, 2560px\" \/>\t\t\t\t\t\t\t\t\t\t\t\t\t\t\t<\/div>\n\t\t\t\t<\/div>\n\t\t\t\t\t<\/div>\n\t\t<\/div>\n\t\t\t\t\t<\/div>\n\t\t<\/section>\n\t\t\t\t<section class=\"elementor-section elementor-top-section elementor-element elementor-element-4f774e1 elementor-section-boxed elementor-section-height-default elementor-section-height-default\" data-id=\"4f774e1\" data-element_type=\"section\" data-e-type=\"section\">\n\t\t\t\t\t\t<div class=\"elementor-container elementor-column-gap-default\">\n\t\t\t\t\t<div class=\"elementor-column elementor-col-100 elementor-top-column elementor-element elementor-element-815f829\" data-id=\"815f829\" data-element_type=\"column\" data-e-type=\"column\">\n\t\t\t<div class=\"elementor-widget-wrap elementor-element-populated\">\n\t\t\t\t\t\t<div class=\"elementor-element elementor-element-997610a elementor-widget elementor-widget-text-editor\" data-id=\"997610a\" data-element_type=\"widget\" data-e-type=\"widget\" data-widget_type=\"text-editor.default\">\n\t\t\t\t<div class=\"elementor-widget-container\">\n\t\t\t\t\t\t\t\t\t<h2>&nbsp;<\/h2>\n<h2 style=\"text-align: center;\">Communication<\/h2>\n<p><\/p>\n<p style=\"text-align: center;\">Communication is the be-all and end-all of any event.<\/p>\n<p style=\"text-align: center;\">Whether verbal or non-verbal communication, it is part of every exchange of information.&nbsp;<\/p>\n<p style=\"text-align: center;\">As a rule, a sender faces one or more receivers and transmits information.<\/p>\n<p style=\"text-align: center;\" class=\"translation-block\">To ensure a seamless dialogue, an uninterrupted transmission is necessary, which we make possible for you with the help of various communication devices.\u00a0<span style=\"font-size: 1rem\">Both analogue and digital radio operation is possible over long distances with our radio devices.\u00a0<\/span><\/p>\n<p style=\"text-align: center;\">But we can also offer you intercom systems for internal communication during your event.<\/p>\t\t\t\t\t\t\t\t<\/div>\n\t\t\t\t<\/div>\n\t\t\t\t\t<\/div>\n\t\t<\/div>\n\t\t\t\t\t<\/div>\n\t\t<\/section>\n\t\t\t\t<section class=\"elementor-section elementor-top-section elementor-element elementor-element-fd6a888 elementor-section-boxed elementor-section-height-default elementor-section-height-default\" data-id=\"fd6a888\" data-element_type=\"section\" data-e-type=\"section\">\n\t\t\t\t\t\t<div class=\"elementor-container elementor-column-gap-default\">\n\t\t\t\t\t<div class=\"elementor-column elementor-col-100 elementor-top-column elementor-element elementor-element-09ccbb2\" data-id=\"09ccbb2\" data-element_type=\"column\" data-e-type=\"column\">\n\t\t\t<div class=\"elementor-widget-wrap elementor-element-populated\">\n\t\t\t\t\t\t<div class=\"elementor-element elementor-element-9671fec elementor-widget elementor-widget-spacer\" data-id=\"9671fec\" data-element_type=\"widget\" data-e-type=\"widget\" data-widget_type=\"spacer.default\">\n\t\t\t\t<div class=\"elementor-widget-container\">\n\t\t\t\t\t\t\t<div class=\"elementor-spacer\">\n\t\t\t<div class=\"elementor-spacer-inner\"><\/div>\n\t\t<\/div>\n\t\t\t\t\t\t<\/div>\n\t\t\t\t<\/div>\n\t\t\t\t\t<\/div>\n\t\t<\/div>\n\t\t\t\t\t<\/div>\n\t\t<\/section>\n\t\t\t\t<\/div>","protected":false},"excerpt":{"rendered":"<p>&nbsp; Kommunikation Kommunikation ist das A und O jeder Veranstaltung. Egal ob verbale oder nonverbale Kommunikation, sie geh\u00f6rt zu jedem Austausch von Informationen dazu.&nbsp; In der Regel steht ein Sender einem oder mehreren Empf\u00e4ngern gegen\u00fcber und \u00fcbermittelt Informationen. Um einen l\u00fcckenlosen Dialog zu gew\u00e4hrleisten, ist eine unterbrechungsfreie \u00dcbertragung n\u00f6tig, diese machen wir mithilfe verschiedenster Kommunikationsger\u00e4te [&hellip;]<\/p>\n","protected":false},"author":1,"featured_media":0,"parent":30,"menu_order":0,"comment_status":"closed","ping_status":"closed","template":"elementor_header_footer","meta":{"footnotes":""},"class_list":["post-4067","page","type-page","status-publish","hentry"],"yoast_head":"<!-- This site is optimized with the Yoast SEO plugin v27.3 - https:\/\/yoast.com\/product\/yoast-seo-wordpress\/ -->\n<title>Kommunikation - SLS<\/title>\n<meta name=\"robots\" content=\"index, follow, max-snippet:-1, max-image-preview:large, max-video-preview:-1\" \/>\n<link rel=\"canonical\" href=\"https:\/\/www.slsevents.eu\/en\/veranstaltungstechnik\/kommunikation\/\" \/>\n<meta property=\"og:locale\" content=\"en_GB\" \/>\n<meta property=\"og:type\" content=\"article\" \/>\n<meta property=\"og:title\" content=\"Kommunikation - SLS\" \/>\n<meta property=\"og:description\" content=\"&nbsp; Kommunikation Kommunikation ist das A und O jeder Veranstaltung. Egal ob verbale oder nonverbale Kommunikation, sie geh\u00f6rt zu jedem Austausch von Informationen dazu.&nbsp; In der Regel steht ein Sender einem oder mehreren Empf\u00e4ngern gegen\u00fcber und \u00fcbermittelt Informationen. Um einen l\u00fcckenlosen Dialog zu gew\u00e4hrleisten, ist eine unterbrechungsfreie \u00dcbertragung n\u00f6tig, diese machen wir mithilfe verschiedenster Kommunikationsger\u00e4te [&hellip;]\" \/>\n<meta property=\"og:url\" content=\"https:\/\/www.slsevents.eu\/en\/veranstaltungstechnik\/kommunikation\/\" \/>\n<meta property=\"og:site_name\" content=\"SLS\" \/>\n<meta property=\"article:modified_time\" content=\"2021-04-12T16:11:34+00:00\" \/>\n<meta property=\"og:image\" content=\"https:\/\/www.slsevents.eu\/wp-content\/uploads\/2021\/04\/AdobeStock_270380058-scaled.jpeg\" \/>\n<meta name=\"twitter:card\" content=\"summary_large_image\" \/>\n<meta name=\"twitter:label1\" content=\"Estimated reading time\" \/>\n\t<meta name=\"twitter:data1\" content=\"1 minute\" \/>\n<script type=\"application\/ld+json\" class=\"yoast-schema-graph\">{\"@context\":\"https:\\\/\\\/schema.org\",\"@graph\":[{\"@type\":\"WebPage\",\"@id\":\"https:\\\/\\\/www.slsevents.eu\\\/veranstaltungstechnik\\\/kommunikation\\\/\",\"url\":\"https:\\\/\\\/www.slsevents.eu\\\/veranstaltungstechnik\\\/kommunikation\\\/\",\"name\":\"Kommunikation - SLS\",\"isPartOf\":{\"@id\":\"https:\\\/\\\/www.slsevents.eu\\\/#website\"},\"primaryImageOfPage\":{\"@id\":\"https:\\\/\\\/www.slsevents.eu\\\/veranstaltungstechnik\\\/kommunikation\\\/#primaryimage\"},\"image\":{\"@id\":\"https:\\\/\\\/www.slsevents.eu\\\/veranstaltungstechnik\\\/kommunikation\\\/#primaryimage\"},\"thumbnailUrl\":\"https:\\\/\\\/www.slsevents.eu\\\/wp-content\\\/uploads\\\/2021\\\/04\\\/AdobeStock_270380058-scaled.jpeg\",\"datePublished\":\"2021-03-29T11:31:38+00:00\",\"dateModified\":\"2021-04-12T16:11:34+00:00\",\"breadcrumb\":{\"@id\":\"https:\\\/\\\/www.slsevents.eu\\\/veranstaltungstechnik\\\/kommunikation\\\/#breadcrumb\"},\"inLanguage\":\"en-GB\",\"potentialAction\":[{\"@type\":\"ReadAction\",\"target\":[\"https:\\\/\\\/www.slsevents.eu\\\/veranstaltungstechnik\\\/kommunikation\\\/\"]}]},{\"@type\":\"ImageObject\",\"inLanguage\":\"en-GB\",\"@id\":\"https:\\\/\\\/www.slsevents.eu\\\/veranstaltungstechnik\\\/kommunikation\\\/#primaryimage\",\"url\":\"https:\\\/\\\/www.slsevents.eu\\\/wp-content\\\/uploads\\\/2021\\\/04\\\/AdobeStock_270380058-scaled.jpeg\",\"contentUrl\":\"https:\\\/\\\/www.slsevents.eu\\\/wp-content\\\/uploads\\\/2021\\\/04\\\/AdobeStock_270380058-scaled.jpeg\"},{\"@type\":\"BreadcrumbList\",\"@id\":\"https:\\\/\\\/www.slsevents.eu\\\/veranstaltungstechnik\\\/kommunikation\\\/#breadcrumb\",\"itemListElement\":[{\"@type\":\"ListItem\",\"position\":1,\"name\":\"Startseite\",\"item\":\"https:\\\/\\\/www.slsevents.eu\\\/\"},{\"@type\":\"ListItem\",\"position\":2,\"name\":\"VERANSTALTUNGSTECHNIK\",\"item\":\"https:\\\/\\\/www.slsevents.eu\\\/veranstaltungstechnik\\\/\"},{\"@type\":\"ListItem\",\"position\":3,\"name\":\"Kommunikation\"}]},{\"@type\":\"WebSite\",\"@id\":\"https:\\\/\\\/www.slsevents.eu\\\/#website\",\"url\":\"https:\\\/\\\/www.slsevents.eu\\\/\",\"name\":\"SLS\",\"description\":\"event technology\",\"potentialAction\":[{\"@type\":\"SearchAction\",\"target\":{\"@type\":\"EntryPoint\",\"urlTemplate\":\"https:\\\/\\\/www.slsevents.eu\\\/?s={search_term_string}\"},\"query-input\":{\"@type\":\"PropertyValueSpecification\",\"valueRequired\":true,\"valueName\":\"search_term_string\"}}],\"inLanguage\":\"en-GB\"}]}<\/script>\n<!-- \/ Yoast SEO plugin. -->","yoast_head_json":{"title":"Kommunikation - SLS","robots":{"index":"index","follow":"follow","max-snippet":"max-snippet:-1","max-image-preview":"max-image-preview:large","max-video-preview":"max-video-preview:-1"},"canonical":"https:\/\/www.slsevents.eu\/en\/veranstaltungstechnik\/kommunikation\/","og_locale":"en_GB","og_type":"article","og_title":"Kommunikation - SLS","og_description":"&nbsp; Kommunikation Kommunikation ist das A und O jeder Veranstaltung. Egal ob verbale oder nonverbale Kommunikation, sie geh\u00f6rt zu jedem Austausch von Informationen dazu.&nbsp; In der Regel steht ein Sender einem oder mehreren Empf\u00e4ngern gegen\u00fcber und \u00fcbermittelt Informationen. Um einen l\u00fcckenlosen Dialog zu gew\u00e4hrleisten, ist eine unterbrechungsfreie \u00dcbertragung n\u00f6tig, diese machen wir mithilfe verschiedenster Kommunikationsger\u00e4te [&hellip;]","og_url":"https:\/\/www.slsevents.eu\/en\/veranstaltungstechnik\/kommunikation\/","og_site_name":"SLS","article_modified_time":"2021-04-12T16:11:34+00:00","og_image":[{"url":"https:\/\/www.slsevents.eu\/wp-content\/uploads\/2021\/04\/AdobeStock_270380058-scaled.jpeg","type":"","width":"","height":""}],"twitter_card":"summary_large_image","twitter_misc":{"Estimated reading time":"1 minute"},"schema":{"@context":"https:\/\/schema.org","@graph":[{"@type":"WebPage","@id":"https:\/\/www.slsevents.eu\/veranstaltungstechnik\/kommunikation\/","url":"https:\/\/www.slsevents.eu\/veranstaltungstechnik\/kommunikation\/","name":"Kommunikation - SLS","isPartOf":{"@id":"https:\/\/www.slsevents.eu\/#website"},"primaryImageOfPage":{"@id":"https:\/\/www.slsevents.eu\/veranstaltungstechnik\/kommunikation\/#primaryimage"},"image":{"@id":"https:\/\/www.slsevents.eu\/veranstaltungstechnik\/kommunikation\/#primaryimage"},"thumbnailUrl":"https:\/\/www.slsevents.eu\/wp-content\/uploads\/2021\/04\/AdobeStock_270380058-scaled.jpeg","datePublished":"2021-03-29T11:31:38+00:00","dateModified":"2021-04-12T16:11:34+00:00","breadcrumb":{"@id":"https:\/\/www.slsevents.eu\/veranstaltungstechnik\/kommunikation\/#breadcrumb"},"inLanguage":"en-GB","potentialAction":[{"@type":"ReadAction","target":["https:\/\/www.slsevents.eu\/veranstaltungstechnik\/kommunikation\/"]}]},{"@type":"ImageObject","inLanguage":"en-GB","@id":"https:\/\/www.slsevents.eu\/veranstaltungstechnik\/kommunikation\/#primaryimage","url":"https:\/\/www.slsevents.eu\/wp-content\/uploads\/2021\/04\/AdobeStock_270380058-scaled.jpeg","contentUrl":"https:\/\/www.slsevents.eu\/wp-content\/uploads\/2021\/04\/AdobeStock_270380058-scaled.jpeg"},{"@type":"BreadcrumbList","@id":"https:\/\/www.slsevents.eu\/veranstaltungstechnik\/kommunikation\/#breadcrumb","itemListElement":[{"@type":"ListItem","position":1,"name":"Startseite","item":"https:\/\/www.slsevents.eu\/"},{"@type":"ListItem","position":2,"name":"VERANSTALTUNGSTECHNIK","item":"https:\/\/www.slsevents.eu\/veranstaltungstechnik\/"},{"@type":"ListItem","position":3,"name":"Kommunikation"}]},{"@type":"WebSite","@id":"https:\/\/www.slsevents.eu\/#website","url":"https:\/\/www.slsevents.eu\/","name":"SLS","description":"event technology","potentialAction":[{"@type":"SearchAction","target":{"@type":"EntryPoint","urlTemplate":"https:\/\/www.slsevents.eu\/?s={search_term_string}"},"query-input":{"@type":"PropertyValueSpecification","valueRequired":true,"valueName":"search_term_string"}}],"inLanguage":"en-GB"}]}},"_links":{"self":[{"href":"https:\/\/www.slsevents.eu\/en\/wp-json\/wp\/v2\/pages\/4067","targetHints":{"allow":["GET"]}}],"collection":[{"href":"https:\/\/www.slsevents.eu\/en\/wp-json\/wp\/v2\/pages"}],"about":[{"href":"https:\/\/www.slsevents.eu\/en\/wp-json\/wp\/v2\/types\/page"}],"author":[{"embeddable":true,"href":"https:\/\/www.slsevents.eu\/en\/wp-json\/wp\/v2\/users\/1"}],"replies":[{"embeddable":true,"href":"https:\/\/www.slsevents.eu\/en\/wp-json\/wp\/v2\/comments?post=4067"}],"version-history":[{"count":38,"href":"https:\/\/www.slsevents.eu\/en\/wp-json\/wp\/v2\/pages\/4067\/revisions"}],"predecessor-version":[{"id":5539,"href":"https:\/\/www.slsevents.eu\/en\/wp-json\/wp\/v2\/pages\/4067\/revisions\/5539"}],"up":[{"embeddable":true,"href":"https:\/\/www.slsevents.eu\/en\/wp-json\/wp\/v2\/pages\/30"}],"wp:attachment":[{"href":"https:\/\/www.slsevents.eu\/en\/wp-json\/wp\/v2\/media?parent=4067"}],"curies":[{"name":"wp","href":"https:\/\/api.w.org\/{rel}","templated":true}]}}