{"id":3889,"date":"2021-03-27T22:07:03","date_gmt":"2021-03-27T21:07:03","guid":{"rendered":"https:\/\/www.slsevents.eu\/?page_id=3889"},"modified":"2021-04-19T16:01:32","modified_gmt":"2021-04-19T14:01:32","slug":"theater","status":"publish","type":"page","link":"https:\/\/www.slsevents.eu\/en\/events\/theater\/","title":{"rendered":"Theater"},"content":{"rendered":"<div data-elementor-type=\"wp-page\" data-elementor-id=\"3889\" class=\"elementor elementor-3889\" data-elementor-post-type=\"page\">\n\t\t\t\t\t\t<section class=\"elementor-section elementor-top-section elementor-element elementor-element-7aff36cc elementor-section-full_width elementor-section-height-default elementor-section-height-default\" data-id=\"7aff36cc\" data-element_type=\"section\" data-e-type=\"section\">\n\t\t\t\t\t\t<div class=\"elementor-container elementor-column-gap-default\">\n\t\t\t\t\t<div class=\"elementor-column elementor-col-100 elementor-top-column elementor-element elementor-element-7a07ac28\" data-id=\"7a07ac28\" data-element_type=\"column\" data-e-type=\"column\">\n\t\t\t<div class=\"elementor-widget-wrap elementor-element-populated\">\n\t\t\t\t\t\t<div class=\"elementor-element elementor-element-1f0e575e elementor-widget__width-inherit header-image elementor-widget elementor-widget-image\" data-id=\"1f0e575e\" data-element_type=\"widget\" data-e-type=\"widget\" data-widget_type=\"image.default\">\n\t\t\t\t<div class=\"elementor-widget-container\">\n\t\t\t\t\t\t\t\t\t\t\t\t\t\t\t<img fetchpriority=\"high\" decoding=\"async\" width=\"2560\" height=\"1707\" src=\"https:\/\/www.slsevents.eu\/wp-content\/uploads\/2021\/04\/F0A4806-b-scaled.jpg\" class=\"attachment-full size-full wp-image-5864\" alt=\"\" srcset=\"https:\/\/www.slsevents.eu\/wp-content\/uploads\/2021\/04\/F0A4806-b-scaled.jpg 2560w, https:\/\/www.slsevents.eu\/wp-content\/uploads\/2021\/04\/F0A4806-b-300x200.jpg 300w, https:\/\/www.slsevents.eu\/wp-content\/uploads\/2021\/04\/F0A4806-b-1024x683.jpg 1024w, https:\/\/www.slsevents.eu\/wp-content\/uploads\/2021\/04\/F0A4806-b-768x512.jpg 768w, https:\/\/www.slsevents.eu\/wp-content\/uploads\/2021\/04\/F0A4806-b-1536x1024.jpg 1536w, https:\/\/www.slsevents.eu\/wp-content\/uploads\/2021\/04\/F0A4806-b-2048x1366.jpg 2048w, https:\/\/www.slsevents.eu\/wp-content\/uploads\/2021\/04\/F0A4806-b-16x12.jpg 16w\" sizes=\"(max-width: 2560px) 100vw, 2560px\" \/>\t\t\t\t\t\t\t\t\t\t\t\t\t\t\t<\/div>\n\t\t\t\t<\/div>\n\t\t\t\t<div class=\"elementor-element elementor-element-416fdda3 elementor-widget elementor-widget-heading\" data-id=\"416fdda3\" data-element_type=\"widget\" data-e-type=\"widget\" data-widget_type=\"heading.default\">\n\t\t\t\t<div class=\"elementor-widget-container\">\n\t\t\t\t\t<h2 class=\"elementor-heading-title elementor-size-default\">Theater<\/h2>\t\t\t\t<\/div>\n\t\t\t\t<\/div>\n\t\t\t\t<div class=\"elementor-element elementor-element-1bb71be elementor-widget elementor-widget-spacer\" data-id=\"1bb71be\" data-element_type=\"widget\" data-e-type=\"widget\" data-widget_type=\"spacer.default\">\n\t\t\t\t<div class=\"elementor-widget-container\">\n\t\t\t\t\t\t\t<div class=\"elementor-spacer\">\n\t\t\t<div class=\"elementor-spacer-inner\"><\/div>\n\t\t<\/div>\n\t\t\t\t\t\t<\/div>\n\t\t\t\t<\/div>\n\t\t\t\t\t<\/div>\n\t\t<\/div>\n\t\t\t\t\t<\/div>\n\t\t<\/section>\n\t\t\t\t<section class=\"elementor-section elementor-top-section elementor-element elementor-element-e3bf7b9 elementor-section-boxed elementor-section-height-default elementor-section-height-default\" data-id=\"e3bf7b9\" data-element_type=\"section\" data-e-type=\"section\" data-settings=\"{&quot;background_background&quot;:&quot;classic&quot;}\">\n\t\t\t\t\t\t\t<div class=\"elementor-background-overlay\"><\/div>\n\t\t\t\t\t\t\t<div class=\"elementor-container elementor-column-gap-default\">\n\t\t\t\t\t<div class=\"elementor-column elementor-col-100 elementor-top-column elementor-element elementor-element-57089ed\" data-id=\"57089ed\" data-element_type=\"column\" data-e-type=\"column\">\n\t\t\t<div class=\"elementor-widget-wrap elementor-element-populated\">\n\t\t\t\t\t\t<div class=\"elementor-element elementor-element-21b7f2b elementor-widget elementor-widget-spacer\" data-id=\"21b7f2b\" data-element_type=\"widget\" data-e-type=\"widget\" data-widget_type=\"spacer.default\">\n\t\t\t\t<div class=\"elementor-widget-container\">\n\t\t\t\t\t\t\t<div class=\"elementor-spacer\">\n\t\t\t<div class=\"elementor-spacer-inner\"><\/div>\n\t\t<\/div>\n\t\t\t\t\t\t<\/div>\n\t\t\t\t<\/div>\n\t\t\t\t\t<\/div>\n\t\t<\/div>\n\t\t\t\t\t<\/div>\n\t\t<\/section>\n\t\t\t\t<section class=\"elementor-section elementor-top-section elementor-element elementor-element-5cd71fd elementor-section-boxed elementor-section-height-default elementor-section-height-default\" data-id=\"5cd71fd\" data-element_type=\"section\" data-e-type=\"section\">\n\t\t\t\t\t\t<div class=\"elementor-container elementor-column-gap-default\">\n\t\t\t\t\t<div class=\"elementor-column elementor-col-100 elementor-top-column elementor-element elementor-element-b98558e\" data-id=\"b98558e\" data-element_type=\"column\" data-e-type=\"column\">\n\t\t\t<div class=\"elementor-widget-wrap elementor-element-populated\">\n\t\t\t\t\t\t<div class=\"elementor-element elementor-element-d4c28b4 elementor-widget elementor-widget-spacer\" data-id=\"d4c28b4\" data-element_type=\"widget\" data-e-type=\"widget\" data-widget_type=\"spacer.default\">\n\t\t\t\t<div class=\"elementor-widget-container\">\n\t\t\t\t\t\t\t<div class=\"elementor-spacer\">\n\t\t\t<div class=\"elementor-spacer-inner\"><\/div>\n\t\t<\/div>\n\t\t\t\t\t\t<\/div>\n\t\t\t\t<\/div>\n\t\t\t\t<div class=\"elementor-element elementor-element-c95ba79 elementor-widget elementor-widget-text-editor\" data-id=\"c95ba79\" data-element_type=\"widget\" data-e-type=\"widget\" data-widget_type=\"text-editor.default\">\n\t\t\t\t<div class=\"elementor-widget-container\">\n\t\t\t\t\t\t\t\t\t<p>Emotions play a decisive role in theatre.&nbsp;<\/p>\n<p class=\"translation-block\"><span style=\"font-size: 1rem\">We would like to support you with any production in festival halls. If you need additional technology, technical support or just help with planning, get in touch with us.\u00a0<\/span><span style=\"font-size: 1rem\">Through years of experience in the event industry, we create impressive technical stage sets for you, put your artists in the right light and create a full-coverage sound system in the entire hall.<\/span><\/p>\n<p>Even travelling theatre trains and outdoor performances, with our know-how and the necessary technology, your stage set will enthral and inspire the visitors.<\/p>\t\t\t\t\t\t\t\t<\/div>\n\t\t\t\t<\/div>\n\t\t\t\t<div class=\"elementor-element elementor-element-2243730 elementor-widget elementor-widget-spacer\" data-id=\"2243730\" data-element_type=\"widget\" data-e-type=\"widget\" data-widget_type=\"spacer.default\">\n\t\t\t\t<div class=\"elementor-widget-container\">\n\t\t\t\t\t\t\t<div class=\"elementor-spacer\">\n\t\t\t<div class=\"elementor-spacer-inner\"><\/div>\n\t\t<\/div>\n\t\t\t\t\t\t<\/div>\n\t\t\t\t<\/div>\n\t\t\t\t\t<\/div>\n\t\t<\/div>\n\t\t\t\t\t<\/div>\n\t\t<\/section>\n\t\t\t\t<\/div>","protected":false},"excerpt":{"rendered":"<p>Theater Emotionen spielen im Theater eine entscheidende Rolle.&nbsp; Wir m\u00f6chten Sie bei jeder Art von Inszenierung in Festspielh\u00e4usern unterst\u00fctzen. Ben\u00f6tigen Sie zus\u00e4tzliche Technik, technische Unterst\u00fctzung oder nur Hilfe bei der Planung, melden Sie sich bei uns.&nbsp;&nbsp;Durch jahrelange Erfahrung in der Eventbranche schaffen wir f\u00fcr Sie eindrucksvolle technische B\u00fchnenbilder, setzen Ihre K\u00fcnstler ins richtige Licht und [&hellip;]<\/p>\n","protected":false},"author":1,"featured_media":0,"parent":1758,"menu_order":0,"comment_status":"closed","ping_status":"closed","template":"elementor_header_footer","meta":{"footnotes":""},"class_list":["post-3889","page","type-page","status-publish","hentry"],"yoast_head":"<!-- This site is optimized with the Yoast SEO plugin v27.3 - https:\/\/yoast.com\/product\/yoast-seo-wordpress\/ -->\n<title>Theater - SLS<\/title>\n<meta name=\"robots\" content=\"index, follow, max-snippet:-1, max-image-preview:large, max-video-preview:-1\" \/>\n<link rel=\"canonical\" href=\"https:\/\/www.slsevents.eu\/en\/events\/theater\/\" \/>\n<meta property=\"og:locale\" content=\"en_GB\" \/>\n<meta property=\"og:type\" content=\"article\" \/>\n<meta property=\"og:title\" content=\"Theater - SLS\" \/>\n<meta property=\"og:description\" content=\"Theater Emotionen spielen im Theater eine entscheidende Rolle.&nbsp; Wir m\u00f6chten Sie bei jeder Art von Inszenierung in Festspielh\u00e4usern unterst\u00fctzen. Ben\u00f6tigen Sie zus\u00e4tzliche Technik, technische Unterst\u00fctzung oder nur Hilfe bei der Planung, melden Sie sich bei uns.&nbsp;&nbsp;Durch jahrelange Erfahrung in der Eventbranche schaffen wir f\u00fcr Sie eindrucksvolle technische B\u00fchnenbilder, setzen Ihre K\u00fcnstler ins richtige Licht und [&hellip;]\" \/>\n<meta property=\"og:url\" content=\"https:\/\/www.slsevents.eu\/en\/events\/theater\/\" \/>\n<meta property=\"og:site_name\" content=\"SLS\" \/>\n<meta property=\"article:modified_time\" content=\"2021-04-19T14:01:32+00:00\" \/>\n<meta property=\"og:image\" content=\"https:\/\/www.slsevents.eu\/wp-content\/uploads\/2021\/04\/F0A4806-b-scaled.jpg\" \/>\n<meta name=\"twitter:card\" content=\"summary_large_image\" \/>\n<meta name=\"twitter:label1\" content=\"Estimated reading time\" \/>\n\t<meta name=\"twitter:data1\" content=\"1 minute\" \/>\n<script type=\"application\/ld+json\" class=\"yoast-schema-graph\">{\"@context\":\"https:\\\/\\\/schema.org\",\"@graph\":[{\"@type\":\"WebPage\",\"@id\":\"https:\\\/\\\/www.slsevents.eu\\\/events\\\/theater\\\/\",\"url\":\"https:\\\/\\\/www.slsevents.eu\\\/events\\\/theater\\\/\",\"name\":\"Theater - SLS\",\"isPartOf\":{\"@id\":\"https:\\\/\\\/www.slsevents.eu\\\/#website\"},\"primaryImageOfPage\":{\"@id\":\"https:\\\/\\\/www.slsevents.eu\\\/events\\\/theater\\\/#primaryimage\"},\"image\":{\"@id\":\"https:\\\/\\\/www.slsevents.eu\\\/events\\\/theater\\\/#primaryimage\"},\"thumbnailUrl\":\"https:\\\/\\\/www.slsevents.eu\\\/wp-content\\\/uploads\\\/2021\\\/04\\\/F0A4806-b-scaled.jpg\",\"datePublished\":\"2021-03-27T21:07:03+00:00\",\"dateModified\":\"2021-04-19T14:01:32+00:00\",\"breadcrumb\":{\"@id\":\"https:\\\/\\\/www.slsevents.eu\\\/events\\\/theater\\\/#breadcrumb\"},\"inLanguage\":\"en-GB\",\"potentialAction\":[{\"@type\":\"ReadAction\",\"target\":[\"https:\\\/\\\/www.slsevents.eu\\\/events\\\/theater\\\/\"]}]},{\"@type\":\"ImageObject\",\"inLanguage\":\"en-GB\",\"@id\":\"https:\\\/\\\/www.slsevents.eu\\\/events\\\/theater\\\/#primaryimage\",\"url\":\"https:\\\/\\\/www.slsevents.eu\\\/wp-content\\\/uploads\\\/2021\\\/04\\\/F0A4806-b-scaled.jpg\",\"contentUrl\":\"https:\\\/\\\/www.slsevents.eu\\\/wp-content\\\/uploads\\\/2021\\\/04\\\/F0A4806-b-scaled.jpg\"},{\"@type\":\"BreadcrumbList\",\"@id\":\"https:\\\/\\\/www.slsevents.eu\\\/events\\\/theater\\\/#breadcrumb\",\"itemListElement\":[{\"@type\":\"ListItem\",\"position\":1,\"name\":\"Startseite\",\"item\":\"https:\\\/\\\/www.slsevents.eu\\\/\"},{\"@type\":\"ListItem\",\"position\":2,\"name\":\"EVENTS\",\"item\":\"https:\\\/\\\/www.slsevents.eu\\\/events\\\/\"},{\"@type\":\"ListItem\",\"position\":3,\"name\":\"Theater\"}]},{\"@type\":\"WebSite\",\"@id\":\"https:\\\/\\\/www.slsevents.eu\\\/#website\",\"url\":\"https:\\\/\\\/www.slsevents.eu\\\/\",\"name\":\"SLS\",\"description\":\"event technology\",\"potentialAction\":[{\"@type\":\"SearchAction\",\"target\":{\"@type\":\"EntryPoint\",\"urlTemplate\":\"https:\\\/\\\/www.slsevents.eu\\\/?s={search_term_string}\"},\"query-input\":{\"@type\":\"PropertyValueSpecification\",\"valueRequired\":true,\"valueName\":\"search_term_string\"}}],\"inLanguage\":\"en-GB\"}]}<\/script>\n<!-- \/ Yoast SEO plugin. -->","yoast_head_json":{"title":"Theater - SLS","robots":{"index":"index","follow":"follow","max-snippet":"max-snippet:-1","max-image-preview":"max-image-preview:large","max-video-preview":"max-video-preview:-1"},"canonical":"https:\/\/www.slsevents.eu\/en\/events\/theater\/","og_locale":"en_GB","og_type":"article","og_title":"Theater - SLS","og_description":"Theater Emotionen spielen im Theater eine entscheidende Rolle.&nbsp; Wir m\u00f6chten Sie bei jeder Art von Inszenierung in Festspielh\u00e4usern unterst\u00fctzen. Ben\u00f6tigen Sie zus\u00e4tzliche Technik, technische Unterst\u00fctzung oder nur Hilfe bei der Planung, melden Sie sich bei uns.&nbsp;&nbsp;Durch jahrelange Erfahrung in der Eventbranche schaffen wir f\u00fcr Sie eindrucksvolle technische B\u00fchnenbilder, setzen Ihre K\u00fcnstler ins richtige Licht und [&hellip;]","og_url":"https:\/\/www.slsevents.eu\/en\/events\/theater\/","og_site_name":"SLS","article_modified_time":"2021-04-19T14:01:32+00:00","og_image":[{"url":"https:\/\/www.slsevents.eu\/wp-content\/uploads\/2021\/04\/F0A4806-b-scaled.jpg","type":"","width":"","height":""}],"twitter_card":"summary_large_image","twitter_misc":{"Estimated reading time":"1 minute"},"schema":{"@context":"https:\/\/schema.org","@graph":[{"@type":"WebPage","@id":"https:\/\/www.slsevents.eu\/events\/theater\/","url":"https:\/\/www.slsevents.eu\/events\/theater\/","name":"Theater - SLS","isPartOf":{"@id":"https:\/\/www.slsevents.eu\/#website"},"primaryImageOfPage":{"@id":"https:\/\/www.slsevents.eu\/events\/theater\/#primaryimage"},"image":{"@id":"https:\/\/www.slsevents.eu\/events\/theater\/#primaryimage"},"thumbnailUrl":"https:\/\/www.slsevents.eu\/wp-content\/uploads\/2021\/04\/F0A4806-b-scaled.jpg","datePublished":"2021-03-27T21:07:03+00:00","dateModified":"2021-04-19T14:01:32+00:00","breadcrumb":{"@id":"https:\/\/www.slsevents.eu\/events\/theater\/#breadcrumb"},"inLanguage":"en-GB","potentialAction":[{"@type":"ReadAction","target":["https:\/\/www.slsevents.eu\/events\/theater\/"]}]},{"@type":"ImageObject","inLanguage":"en-GB","@id":"https:\/\/www.slsevents.eu\/events\/theater\/#primaryimage","url":"https:\/\/www.slsevents.eu\/wp-content\/uploads\/2021\/04\/F0A4806-b-scaled.jpg","contentUrl":"https:\/\/www.slsevents.eu\/wp-content\/uploads\/2021\/04\/F0A4806-b-scaled.jpg"},{"@type":"BreadcrumbList","@id":"https:\/\/www.slsevents.eu\/events\/theater\/#breadcrumb","itemListElement":[{"@type":"ListItem","position":1,"name":"Startseite","item":"https:\/\/www.slsevents.eu\/"},{"@type":"ListItem","position":2,"name":"EVENTS","item":"https:\/\/www.slsevents.eu\/events\/"},{"@type":"ListItem","position":3,"name":"Theater"}]},{"@type":"WebSite","@id":"https:\/\/www.slsevents.eu\/#website","url":"https:\/\/www.slsevents.eu\/","name":"SLS","description":"event technology","potentialAction":[{"@type":"SearchAction","target":{"@type":"EntryPoint","urlTemplate":"https:\/\/www.slsevents.eu\/?s={search_term_string}"},"query-input":{"@type":"PropertyValueSpecification","valueRequired":true,"valueName":"search_term_string"}}],"inLanguage":"en-GB"}]}},"_links":{"self":[{"href":"https:\/\/www.slsevents.eu\/en\/wp-json\/wp\/v2\/pages\/3889","targetHints":{"allow":["GET"]}}],"collection":[{"href":"https:\/\/www.slsevents.eu\/en\/wp-json\/wp\/v2\/pages"}],"about":[{"href":"https:\/\/www.slsevents.eu\/en\/wp-json\/wp\/v2\/types\/page"}],"author":[{"embeddable":true,"href":"https:\/\/www.slsevents.eu\/en\/wp-json\/wp\/v2\/users\/1"}],"replies":[{"embeddable":true,"href":"https:\/\/www.slsevents.eu\/en\/wp-json\/wp\/v2\/comments?post=3889"}],"version-history":[{"count":23,"href":"https:\/\/www.slsevents.eu\/en\/wp-json\/wp\/v2\/pages\/3889\/revisions"}],"predecessor-version":[{"id":5912,"href":"https:\/\/www.slsevents.eu\/en\/wp-json\/wp\/v2\/pages\/3889\/revisions\/5912"}],"up":[{"embeddable":true,"href":"https:\/\/www.slsevents.eu\/en\/wp-json\/wp\/v2\/pages\/1758"}],"wp:attachment":[{"href":"https:\/\/www.slsevents.eu\/en\/wp-json\/wp\/v2\/media?parent=3889"}],"curies":[{"name":"wp","href":"https:\/\/api.w.org\/{rel}","templated":true}]}}