{"id":29,"date":"2020-07-05T18:56:42","date_gmt":"2020-07-05T16:56:42","guid":{"rendered":"https:\/\/dev.slset.de\/?page_id=29"},"modified":"2021-03-31T20:30:47","modified_gmt":"2021-03-31T18:30:47","slug":"sls","status":"publish","type":"page","link":"https:\/\/www.slsevents.eu\/en\/sls\/","title":{"rendered":"SLS"},"content":{"rendered":"<div data-elementor-type=\"wp-page\" data-elementor-id=\"29\" class=\"elementor elementor-29\" data-elementor-post-type=\"page\">\n\t\t\t\t\t\t<section class=\"elementor-section elementor-top-section elementor-element elementor-element-53c8bb5e elementor-section-full_width elementor-section-height-default elementor-section-height-default\" data-id=\"53c8bb5e\" data-element_type=\"section\" data-e-type=\"section\">\n\t\t\t\t\t\t<div class=\"elementor-container elementor-column-gap-default\">\n\t\t\t\t\t<div class=\"elementor-column elementor-col-100 elementor-top-column elementor-element elementor-element-dd7af45\" data-id=\"dd7af45\" data-element_type=\"column\" data-e-type=\"column\">\n\t\t\t<div class=\"elementor-widget-wrap elementor-element-populated\">\n\t\t\t\t\t\t<div class=\"elementor-element elementor-element-23c584f2 elementor-widget__width-inherit header-image elementor-widget elementor-widget-image\" data-id=\"23c584f2\" data-element_type=\"widget\" data-e-type=\"widget\" data-widget_type=\"image.default\">\n\t\t\t\t<div class=\"elementor-widget-container\">\n\t\t\t\t\t\t\t\t\t\t\t\t\t\t\t<img fetchpriority=\"high\" decoding=\"async\" width=\"2560\" height=\"1696\" src=\"https:\/\/www.slsevents.eu\/wp-content\/uploads\/2021\/03\/SLS_LED-1-von-1-scaled.jpg\" class=\"attachment-full size-full wp-image-3349\" alt=\"\" srcset=\"https:\/\/www.slsevents.eu\/wp-content\/uploads\/2021\/03\/SLS_LED-1-von-1-scaled.jpg 2560w, https:\/\/www.slsevents.eu\/wp-content\/uploads\/2021\/03\/SLS_LED-1-von-1-300x199.jpg 300w, https:\/\/www.slsevents.eu\/wp-content\/uploads\/2021\/03\/SLS_LED-1-von-1-1024x678.jpg 1024w, https:\/\/www.slsevents.eu\/wp-content\/uploads\/2021\/03\/SLS_LED-1-von-1-768x509.jpg 768w, https:\/\/www.slsevents.eu\/wp-content\/uploads\/2021\/03\/SLS_LED-1-von-1-1536x1017.jpg 1536w, https:\/\/www.slsevents.eu\/wp-content\/uploads\/2021\/03\/SLS_LED-1-von-1-2048x1356.jpg 2048w, https:\/\/www.slsevents.eu\/wp-content\/uploads\/2021\/03\/SLS_LED-1-von-1-16x12.jpg 16w\" sizes=\"(max-width: 2560px) 100vw, 2560px\" \/>\t\t\t\t\t\t\t\t\t\t\t\t\t\t\t<\/div>\n\t\t\t\t<\/div>\n\t\t\t\t<div class=\"elementor-element elementor-element-3393f8f5 elementor-widget elementor-widget-heading\" data-id=\"3393f8f5\" data-element_type=\"widget\" data-e-type=\"widget\" data-widget_type=\"heading.default\">\n\t\t\t\t<div class=\"elementor-widget-container\">\n\t\t\t\t\t<h2 class=\"elementor-heading-title elementor-size-default\">SLS<\/h2>\t\t\t\t<\/div>\n\t\t\t\t<\/div>\n\t\t\t\t<div class=\"elementor-element elementor-element-2bfd9919 elementor-widget elementor-widget-text-editor\" data-id=\"2bfd9919\" data-element_type=\"widget\" data-e-type=\"widget\" data-widget_type=\"text-editor.default\">\n\t\t\t\t<div class=\"elementor-widget-container\">\n\t\t\t\t\t\t\t\t\t<h4><strong>Who we are: SLS event technology<\/strong><\/h4><p>Since our founding in 1984, we have established ourselves as an owner-managed company and a force to be reckoned with in the event industry. As a traditional company, we have made it our business to professionally turn the wishes and demands of our customers into reality so that every event becomes a real highlight. Our team, with several decades of experience in event technology, includes many external specialists. If required, they can quickly fulfil extended requirements for lighting, sound, media and stage technology with their specialised knowledge.<\/p><p>There are therefore no limits to our customers' ideas. You can always rely on our partners and us.<\/p><p>\u00a0<\/p>\t\t\t\t\t\t\t\t<\/div>\n\t\t\t\t<\/div>\n\t\t\t\t\t<\/div>\n\t\t<\/div>\n\t\t\t\t\t<\/div>\n\t\t<\/section>\n\t\t\t\t<section class=\"elementor-section elementor-top-section elementor-element elementor-element-6eacf49 elementor-section-boxed elementor-section-height-default elementor-section-height-default\" data-id=\"6eacf49\" data-element_type=\"section\" data-e-type=\"section\">\n\t\t\t\t\t\t<div class=\"elementor-container elementor-column-gap-default\">\n\t\t\t\t\t<div class=\"elementor-column elementor-col-33 elementor-top-column elementor-element elementor-element-d68eb29\" data-id=\"d68eb29\" data-element_type=\"column\" data-e-type=\"column\">\n\t\t\t<div class=\"elementor-widget-wrap elementor-element-populated\">\n\t\t\t\t\t\t<div class=\"elementor-element elementor-element-a1b5943 elementor-view-default elementor-widget elementor-widget-icon\" data-id=\"a1b5943\" data-element_type=\"widget\" data-e-type=\"widget\" data-widget_type=\"icon.default\">\n\t\t\t\t<div class=\"elementor-widget-container\">\n\t\t\t\t\t\t\t<div class=\"elementor-icon-wrapper\">\n\t\t\t<a class=\"elementor-icon elementor-animation-grow\" href=\"\/en\/wir\/\">\n\t\t\t<i aria-hidden=\"true\" class=\"fas fa-users\"><\/i>\t\t\t<\/a>\n\t\t<\/div>\n\t\t\t\t\t\t<\/div>\n\t\t\t\t<\/div>\n\t\t\t\t<div class=\"elementor-element elementor-element-808b61e elementor-widget elementor-widget-spacer\" data-id=\"808b61e\" data-element_type=\"widget\" data-e-type=\"widget\" data-widget_type=\"spacer.default\">\n\t\t\t\t<div class=\"elementor-widget-container\">\n\t\t\t\t\t\t\t<div class=\"elementor-spacer\">\n\t\t\t<div class=\"elementor-spacer-inner\"><\/div>\n\t\t<\/div>\n\t\t\t\t\t\t<\/div>\n\t\t\t\t<\/div>\n\t\t\t\t<div class=\"elementor-element elementor-element-9878637 elementor-widget elementor-widget-heading\" data-id=\"9878637\" data-element_type=\"widget\" data-e-type=\"widget\" data-widget_type=\"heading.default\">\n\t\t\t\t<div class=\"elementor-widget-container\">\n\t\t\t\t\t<h2 class=\"elementor-heading-title elementor-size-default\"><a href=\"\/en\/wir\/\">The Team<\/a><\/h2>\t\t\t\t<\/div>\n\t\t\t\t<\/div>\n\t\t\t\t\t<\/div>\n\t\t<\/div>\n\t\t\t\t<div class=\"elementor-column elementor-col-33 elementor-top-column elementor-element elementor-element-1b9b95a\" data-id=\"1b9b95a\" data-element_type=\"column\" data-e-type=\"column\">\n\t\t\t<div class=\"elementor-widget-wrap elementor-element-populated\">\n\t\t\t\t\t\t<div class=\"elementor-element elementor-element-2b75037 elementor-view-default elementor-widget elementor-widget-icon\" data-id=\"2b75037\" data-element_type=\"widget\" data-e-type=\"widget\" data-widget_type=\"icon.default\">\n\t\t\t\t<div class=\"elementor-widget-container\">\n\t\t\t\t\t\t\t<div class=\"elementor-icon-wrapper\">\n\t\t\t<a class=\"elementor-icon elementor-animation-grow\" href=\"\/en\/karriere\/\">\n\t\t\t<i aria-hidden=\"true\" class=\"fas fa-user-tie\"><\/i>\t\t\t<\/a>\n\t\t<\/div>\n\t\t\t\t\t\t<\/div>\n\t\t\t\t<\/div>\n\t\t\t\t<div class=\"elementor-element elementor-element-0c5adc7 elementor-widget elementor-widget-spacer\" data-id=\"0c5adc7\" data-element_type=\"widget\" data-e-type=\"widget\" data-widget_type=\"spacer.default\">\n\t\t\t\t<div class=\"elementor-widget-container\">\n\t\t\t\t\t\t\t<div class=\"elementor-spacer\">\n\t\t\t<div class=\"elementor-spacer-inner\"><\/div>\n\t\t<\/div>\n\t\t\t\t\t\t<\/div>\n\t\t\t\t<\/div>\n\t\t\t\t<div class=\"elementor-element elementor-element-bab5b93 elementor-widget elementor-widget-heading\" data-id=\"bab5b93\" data-element_type=\"widget\" data-e-type=\"widget\" data-widget_type=\"heading.default\">\n\t\t\t\t<div class=\"elementor-widget-container\">\n\t\t\t\t\t<h2 class=\"elementor-heading-title elementor-size-default\"><a href=\"\/en\/karriere\/\">Career<\/a><\/h2>\t\t\t\t<\/div>\n\t\t\t\t<\/div>\n\t\t\t\t\t<\/div>\n\t\t<\/div>\n\t\t\t\t<div class=\"elementor-column elementor-col-33 elementor-top-column elementor-element elementor-element-042af89\" data-id=\"042af89\" data-element_type=\"column\" data-e-type=\"column\">\n\t\t\t<div class=\"elementor-widget-wrap elementor-element-populated\">\n\t\t\t\t\t\t<div class=\"elementor-element elementor-element-2345049 elementor-view-default elementor-widget elementor-widget-icon\" data-id=\"2345049\" data-element_type=\"widget\" data-e-type=\"widget\" data-widget_type=\"icon.default\">\n\t\t\t\t<div class=\"elementor-widget-container\">\n\t\t\t\t\t\t\t<div class=\"elementor-icon-wrapper\">\n\t\t\t<a class=\"elementor-icon elementor-animation-grow\" href=\"\/en\/partner\/\">\n\t\t\t<i aria-hidden=\"true\" class=\"fas fa-handshake\"><\/i>\t\t\t<\/a>\n\t\t<\/div>\n\t\t\t\t\t\t<\/div>\n\t\t\t\t<\/div>\n\t\t\t\t<div class=\"elementor-element elementor-element-b99ecd3 elementor-widget elementor-widget-spacer\" data-id=\"b99ecd3\" data-element_type=\"widget\" data-e-type=\"widget\" data-widget_type=\"spacer.default\">\n\t\t\t\t<div class=\"elementor-widget-container\">\n\t\t\t\t\t\t\t<div class=\"elementor-spacer\">\n\t\t\t<div class=\"elementor-spacer-inner\"><\/div>\n\t\t<\/div>\n\t\t\t\t\t\t<\/div>\n\t\t\t\t<\/div>\n\t\t\t\t<div class=\"elementor-element elementor-element-8448f63 elementor-widget elementor-widget-heading\" data-id=\"8448f63\" data-element_type=\"widget\" data-e-type=\"widget\" data-widget_type=\"heading.default\">\n\t\t\t\t<div class=\"elementor-widget-container\">\n\t\t\t\t\t<h2 class=\"elementor-heading-title elementor-size-default\"><a href=\"\/en\/partner\/\">Partner<\/a><\/h2>\t\t\t\t<\/div>\n\t\t\t\t<\/div>\n\t\t\t\t\t<\/div>\n\t\t<\/div>\n\t\t\t\t\t<\/div>\n\t\t<\/section>\n\t\t\t\t<section class=\"elementor-section elementor-top-section elementor-element elementor-element-63a19ce elementor-section-boxed elementor-section-height-default elementor-section-height-default\" data-id=\"63a19ce\" data-element_type=\"section\" data-e-type=\"section\">\n\t\t\t\t\t\t<div class=\"elementor-container elementor-column-gap-default\">\n\t\t\t\t\t<div class=\"elementor-column elementor-col-100 elementor-top-column elementor-element elementor-element-c954490\" data-id=\"c954490\" data-element_type=\"column\" data-e-type=\"column\">\n\t\t\t<div class=\"elementor-widget-wrap elementor-element-populated\">\n\t\t\t\t\t\t<div class=\"elementor-element elementor-element-468f7fd elementor-widget elementor-widget-spacer\" data-id=\"468f7fd\" data-element_type=\"widget\" data-e-type=\"widget\" data-widget_type=\"spacer.default\">\n\t\t\t\t<div class=\"elementor-widget-container\">\n\t\t\t\t\t\t\t<div class=\"elementor-spacer\">\n\t\t\t<div class=\"elementor-spacer-inner\"><\/div>\n\t\t<\/div>\n\t\t\t\t\t\t<\/div>\n\t\t\t\t<\/div>\n\t\t\t\t\t<\/div>\n\t\t<\/div>\n\t\t\t\t\t<\/div>\n\t\t<\/section>\n\t\t\t\t<\/div>","protected":false},"excerpt":{"rendered":"<p>SLS Wer wir sind: SLS event technology Seit unserer Gr\u00fcndung im Jahre 1984 haben wir uns als inhabergef\u00fchrtes Unternehmen als feste Gr\u00f6\u00dfe in der Eventbranche etabliert. Als Traditionsunternehmen haben wir es\u00a0uns zur Aufgabe gemacht die W\u00fcnsche und Anspr\u00fcche\u00a0unserer Kunden professionell in die Realit\u00e4t umzusetzen, damit aus jeder Veranstaltung ein echtes Highlight wird. Zu unserem Team, [&hellip;]<\/p>\n","protected":false},"author":1,"featured_media":0,"parent":0,"menu_order":0,"comment_status":"closed","ping_status":"closed","template":"elementor_header_footer","meta":{"footnotes":""},"class_list":["post-29","page","type-page","status-publish","hentry"],"yoast_head":"<!-- This site is optimized with the Yoast SEO plugin v27.3 - https:\/\/yoast.com\/product\/yoast-seo-wordpress\/ -->\n<title>SLS - SLS<\/title>\n<meta name=\"description\" content=\"Seit unserer Gr\u00fcndung im Jahre 1984 haben wir uns als inhabergef\u00fchrtes Unternehmen als feste Gr\u00f6\u00dfe in der Eventbranche etabliert.\" \/>\n<meta name=\"robots\" content=\"index, follow, max-snippet:-1, max-image-preview:large, max-video-preview:-1\" \/>\n<link rel=\"canonical\" href=\"https:\/\/www.slsevents.eu\/en\/sls\/\" \/>\n<meta property=\"og:locale\" content=\"en_GB\" \/>\n<meta property=\"og:type\" content=\"article\" \/>\n<meta property=\"og:title\" content=\"SLS - SLS\" \/>\n<meta property=\"og:description\" content=\"Seit unserer Gr\u00fcndung im Jahre 1984 haben wir uns als inhabergef\u00fchrtes Unternehmen als feste Gr\u00f6\u00dfe in der Eventbranche etabliert.\" \/>\n<meta property=\"og:url\" content=\"https:\/\/www.slsevents.eu\/en\/sls\/\" \/>\n<meta property=\"og:site_name\" content=\"SLS\" \/>\n<meta property=\"article:modified_time\" content=\"2021-03-31T18:30:47+00:00\" \/>\n<meta property=\"og:image\" content=\"https:\/\/www.slsevents.eu\/wp-content\/uploads\/2021\/03\/SLS_LED-1-von-1-scaled.jpg\" \/>\n<meta name=\"twitter:card\" content=\"summary_large_image\" \/>\n<meta name=\"twitter:label1\" content=\"Estimated reading time\" \/>\n\t<meta name=\"twitter:data1\" content=\"1 minute\" \/>\n<script type=\"application\/ld+json\" class=\"yoast-schema-graph\">{\"@context\":\"https:\\\/\\\/schema.org\",\"@graph\":[{\"@type\":\"WebPage\",\"@id\":\"https:\\\/\\\/www.slsevents.eu\\\/sls\\\/\",\"url\":\"https:\\\/\\\/www.slsevents.eu\\\/sls\\\/\",\"name\":\"SLS - SLS\",\"isPartOf\":{\"@id\":\"https:\\\/\\\/www.slsevents.eu\\\/#website\"},\"primaryImageOfPage\":{\"@id\":\"https:\\\/\\\/www.slsevents.eu\\\/sls\\\/#primaryimage\"},\"image\":{\"@id\":\"https:\\\/\\\/www.slsevents.eu\\\/sls\\\/#primaryimage\"},\"thumbnailUrl\":\"https:\\\/\\\/www.slsevents.eu\\\/wp-content\\\/uploads\\\/2021\\\/03\\\/SLS_LED-1-von-1-scaled.jpg\",\"datePublished\":\"2020-07-05T16:56:42+00:00\",\"dateModified\":\"2021-03-31T18:30:47+00:00\",\"description\":\"Seit unserer Gr\u00fcndung im Jahre 1984 haben wir uns als inhabergef\u00fchrtes Unternehmen als feste Gr\u00f6\u00dfe in der Eventbranche etabliert.\",\"breadcrumb\":{\"@id\":\"https:\\\/\\\/www.slsevents.eu\\\/sls\\\/#breadcrumb\"},\"inLanguage\":\"en-GB\",\"potentialAction\":[{\"@type\":\"ReadAction\",\"target\":[\"https:\\\/\\\/www.slsevents.eu\\\/sls\\\/\"]}]},{\"@type\":\"ImageObject\",\"inLanguage\":\"en-GB\",\"@id\":\"https:\\\/\\\/www.slsevents.eu\\\/sls\\\/#primaryimage\",\"url\":\"https:\\\/\\\/www.slsevents.eu\\\/wp-content\\\/uploads\\\/2021\\\/03\\\/SLS_LED-1-von-1-scaled.jpg\",\"contentUrl\":\"https:\\\/\\\/www.slsevents.eu\\\/wp-content\\\/uploads\\\/2021\\\/03\\\/SLS_LED-1-von-1-scaled.jpg\"},{\"@type\":\"BreadcrumbList\",\"@id\":\"https:\\\/\\\/www.slsevents.eu\\\/sls\\\/#breadcrumb\",\"itemListElement\":[{\"@type\":\"ListItem\",\"position\":1,\"name\":\"Startseite\",\"item\":\"https:\\\/\\\/www.slsevents.eu\\\/\"},{\"@type\":\"ListItem\",\"position\":2,\"name\":\"SLS\"}]},{\"@type\":\"WebSite\",\"@id\":\"https:\\\/\\\/www.slsevents.eu\\\/#website\",\"url\":\"https:\\\/\\\/www.slsevents.eu\\\/\",\"name\":\"SLS\",\"description\":\"event technology\",\"potentialAction\":[{\"@type\":\"SearchAction\",\"target\":{\"@type\":\"EntryPoint\",\"urlTemplate\":\"https:\\\/\\\/www.slsevents.eu\\\/?s={search_term_string}\"},\"query-input\":{\"@type\":\"PropertyValueSpecification\",\"valueRequired\":true,\"valueName\":\"search_term_string\"}}],\"inLanguage\":\"en-GB\"}]}<\/script>\n<!-- \/ Yoast SEO plugin. -->","yoast_head_json":{"title":"SLS - SLS","description":"Seit unserer Gr\u00fcndung im Jahre 1984 haben wir uns als inhabergef\u00fchrtes Unternehmen als feste Gr\u00f6\u00dfe in der Eventbranche etabliert.","robots":{"index":"index","follow":"follow","max-snippet":"max-snippet:-1","max-image-preview":"max-image-preview:large","max-video-preview":"max-video-preview:-1"},"canonical":"https:\/\/www.slsevents.eu\/en\/sls\/","og_locale":"en_GB","og_type":"article","og_title":"SLS - SLS","og_description":"Seit unserer Gr\u00fcndung im Jahre 1984 haben wir uns als inhabergef\u00fchrtes Unternehmen als feste Gr\u00f6\u00dfe in der Eventbranche etabliert.","og_url":"https:\/\/www.slsevents.eu\/en\/sls\/","og_site_name":"SLS","article_modified_time":"2021-03-31T18:30:47+00:00","og_image":[{"url":"https:\/\/www.slsevents.eu\/wp-content\/uploads\/2021\/03\/SLS_LED-1-von-1-scaled.jpg","type":"","width":"","height":""}],"twitter_card":"summary_large_image","twitter_misc":{"Estimated reading time":"1 minute"},"schema":{"@context":"https:\/\/schema.org","@graph":[{"@type":"WebPage","@id":"https:\/\/www.slsevents.eu\/sls\/","url":"https:\/\/www.slsevents.eu\/sls\/","name":"SLS - SLS","isPartOf":{"@id":"https:\/\/www.slsevents.eu\/#website"},"primaryImageOfPage":{"@id":"https:\/\/www.slsevents.eu\/sls\/#primaryimage"},"image":{"@id":"https:\/\/www.slsevents.eu\/sls\/#primaryimage"},"thumbnailUrl":"https:\/\/www.slsevents.eu\/wp-content\/uploads\/2021\/03\/SLS_LED-1-von-1-scaled.jpg","datePublished":"2020-07-05T16:56:42+00:00","dateModified":"2021-03-31T18:30:47+00:00","description":"Seit unserer Gr\u00fcndung im Jahre 1984 haben wir uns als inhabergef\u00fchrtes Unternehmen als feste Gr\u00f6\u00dfe in der Eventbranche etabliert.","breadcrumb":{"@id":"https:\/\/www.slsevents.eu\/sls\/#breadcrumb"},"inLanguage":"en-GB","potentialAction":[{"@type":"ReadAction","target":["https:\/\/www.slsevents.eu\/sls\/"]}]},{"@type":"ImageObject","inLanguage":"en-GB","@id":"https:\/\/www.slsevents.eu\/sls\/#primaryimage","url":"https:\/\/www.slsevents.eu\/wp-content\/uploads\/2021\/03\/SLS_LED-1-von-1-scaled.jpg","contentUrl":"https:\/\/www.slsevents.eu\/wp-content\/uploads\/2021\/03\/SLS_LED-1-von-1-scaled.jpg"},{"@type":"BreadcrumbList","@id":"https:\/\/www.slsevents.eu\/sls\/#breadcrumb","itemListElement":[{"@type":"ListItem","position":1,"name":"Startseite","item":"https:\/\/www.slsevents.eu\/"},{"@type":"ListItem","position":2,"name":"SLS"}]},{"@type":"WebSite","@id":"https:\/\/www.slsevents.eu\/#website","url":"https:\/\/www.slsevents.eu\/","name":"SLS","description":"event technology","potentialAction":[{"@type":"SearchAction","target":{"@type":"EntryPoint","urlTemplate":"https:\/\/www.slsevents.eu\/?s={search_term_string}"},"query-input":{"@type":"PropertyValueSpecification","valueRequired":true,"valueName":"search_term_string"}}],"inLanguage":"en-GB"}]}},"_links":{"self":[{"href":"https:\/\/www.slsevents.eu\/en\/wp-json\/wp\/v2\/pages\/29","targetHints":{"allow":["GET"]}}],"collection":[{"href":"https:\/\/www.slsevents.eu\/en\/wp-json\/wp\/v2\/pages"}],"about":[{"href":"https:\/\/www.slsevents.eu\/en\/wp-json\/wp\/v2\/types\/page"}],"author":[{"embeddable":true,"href":"https:\/\/www.slsevents.eu\/en\/wp-json\/wp\/v2\/users\/1"}],"replies":[{"embeddable":true,"href":"https:\/\/www.slsevents.eu\/en\/wp-json\/wp\/v2\/comments?post=29"}],"version-history":[{"count":37,"href":"https:\/\/www.slsevents.eu\/en\/wp-json\/wp\/v2\/pages\/29\/revisions"}],"predecessor-version":[{"id":4980,"href":"https:\/\/www.slsevents.eu\/en\/wp-json\/wp\/v2\/pages\/29\/revisions\/4980"}],"wp:attachment":[{"href":"https:\/\/www.slsevents.eu\/en\/wp-json\/wp\/v2\/media?parent=29"}],"curies":[{"name":"wp","href":"https:\/\/api.w.org\/{rel}","templated":true}]}}