{"id":1988,"date":"2021-01-08T00:23:12","date_gmt":"2021-01-07T23:23:12","guid":{"rendered":"https:\/\/www.slsevents.eu\/?page_id=1988"},"modified":"2021-04-09T15:42:27","modified_gmt":"2021-04-09T13:42:27","slug":"ausbildung","status":"publish","type":"page","link":"https:\/\/www.slsevents.eu\/en\/sls\/karriere\/ausbildung\/","title":{"rendered":"Apprenticeship"},"content":{"rendered":"<div data-elementor-type=\"wp-page\" data-elementor-id=\"1988\" class=\"elementor elementor-1988\" data-elementor-post-type=\"page\">\n\t\t\t\t\t\t<section class=\"elementor-section elementor-top-section elementor-element elementor-element-4ff55606 elementor-section-full_width elementor-section-height-default elementor-section-height-default\" data-id=\"4ff55606\" data-element_type=\"section\" data-e-type=\"section\">\n\t\t\t\t\t\t<div class=\"elementor-container elementor-column-gap-default\">\n\t\t\t\t\t<div class=\"elementor-column elementor-col-100 elementor-top-column elementor-element elementor-element-49760cc3\" data-id=\"49760cc3\" data-element_type=\"column\" data-e-type=\"column\">\n\t\t\t<div class=\"elementor-widget-wrap elementor-element-populated\">\n\t\t\t\t\t\t<div class=\"elementor-element elementor-element-5f5d9870 elementor-widget__width-inherit header-image elementor-widget elementor-widget-image\" data-id=\"5f5d9870\" data-element_type=\"widget\" data-e-type=\"widget\" data-widget_type=\"image.default\">\n\t\t\t\t<div class=\"elementor-widget-container\">\n\t\t\t\t\t\t\t\t\t\t\t\t\t\t\t<img fetchpriority=\"high\" decoding=\"async\" width=\"2560\" height=\"1707\" src=\"https:\/\/www.slsevents.eu\/wp-content\/uploads\/2020\/08\/sls-career-mixing-scaled.jpg\" class=\"attachment-full size-full wp-image-421\" alt=\"\" srcset=\"https:\/\/www.slsevents.eu\/wp-content\/uploads\/2020\/08\/sls-career-mixing-scaled.jpg 2560w, https:\/\/www.slsevents.eu\/wp-content\/uploads\/2020\/08\/sls-career-mixing-300x200.jpg 300w, https:\/\/www.slsevents.eu\/wp-content\/uploads\/2020\/08\/sls-career-mixing-1024x683.jpg 1024w, https:\/\/www.slsevents.eu\/wp-content\/uploads\/2020\/08\/sls-career-mixing-768x512.jpg 768w, https:\/\/www.slsevents.eu\/wp-content\/uploads\/2020\/08\/sls-career-mixing-1536x1024.jpg 1536w, https:\/\/www.slsevents.eu\/wp-content\/uploads\/2020\/08\/sls-career-mixing-2048x1366.jpg 2048w\" sizes=\"(max-width: 2560px) 100vw, 2560px\" \/>\t\t\t\t\t\t\t\t\t\t\t\t\t\t\t<\/div>\n\t\t\t\t<\/div>\n\t\t\t\t<div class=\"elementor-element elementor-element-69cbdb5f elementor-widget elementor-widget-heading\" data-id=\"69cbdb5f\" data-element_type=\"widget\" data-e-type=\"widget\" data-widget_type=\"heading.default\">\n\t\t\t\t<div class=\"elementor-widget-container\">\n\t\t\t\t\t<h2 class=\"elementor-heading-title elementor-size-default\">Apprenticeship<\/h2>\t\t\t\t<\/div>\n\t\t\t\t<\/div>\n\t\t\t\t<div class=\"elementor-element elementor-element-3eb337cf elementor-widget elementor-widget-text-editor\" data-id=\"3eb337cf\" data-element_type=\"widget\" data-e-type=\"widget\" data-widget_type=\"text-editor.default\">\n\t\t\t\t<div class=\"elementor-widget-container\">\n\t\t\t\t\t\t\t\t\t<h3><strong>Apprenticeship as a Specialist for event technology<\/strong><\/h3>\n<p><strong>Reinforcement wanted!<\/strong><\/p>\n<p class=\"translation-block\">Thinkers and planners, versatile movers and shakers and inquisitive team players. Set the course NOW and start your <strong>Training<\/strong> as a <strong>Event Technology Specialist (m\/f\/d)<\/strong> at SLS event technology from 01.09!<\/p>\n<p>As a full-service provider with high-quality equipment and many years of experience, we are a technology partner for companies, agencies and stand builders.<\/p>\n<p>Our commitment is in demand wherever people are in the public eye, presenting themselves or their products and companies, exchanging opinions, performing their arts and enjoying music. Let your ideas run free and follow us into the world of light, sound, video, stage and rigging!<\/p>\n<p><strong>Apprenticeship 3 years<\/strong><\/p>\n<p><strong>We offer:<\/strong><\/p>\n<p>- an interesting, varied field of work that is second to none<\/p>\n<p>- a secure job in a future-oriented company<\/p>\n<p>- Team-oriented work with hierarchies based on partnership<\/p>\n<p>- Professional and personal development opportunities<\/p>\n<p><strong>We presuppose:<\/strong><\/p>\n<p>- min. 18 years old<\/p>\n<p>- Good secondary school leaving certificate or Abitur<\/p>\n<p>- Driving licence class B\/BE<\/p>\n<p>- Technical understanding and manual skills<\/p>\n<p>- Sense of responsibility and reliability<\/p>\n<p>- Open-mindedness and initiative<\/p>\n<p>- Flexibility and resilience<\/p>\n<p><strong>Required application documents:<\/strong><\/p>\n<p>- Cover letter<\/p>\n<p>- Curriculum vitae with photograph<\/p>\n<p>- At least the last report card<\/p>\n<p>- All existing certificates, internship certificates<\/p>\n<p>Job references, etc.<\/p>\n<p><strong>Interested?<\/strong><br>Then send us your application to: <a href=\"mailto:b.roell@slset.de\">b.roell@slset.de<\/a><\/p>\n<p class=\"translation-block\">We look forward to seeing you!<br>Your SLS Event Team<\/p>\t\t\t\t\t\t\t\t<\/div>\n\t\t\t\t<\/div>\n\t\t\t\t\t<\/div>\n\t\t<\/div>\n\t\t\t\t\t<\/div>\n\t\t<\/section>\n\t\t\t\t<\/div>","protected":false},"excerpt":{"rendered":"<p>Ausbildung Ausbildung Fachkraft f\u00fcr Veranstaltungstechnik Verst\u00e4rkung gesucht! Anpacker und Mitdenker, vielseitige Umtriebler und wissbegierige Teamplayer. Setze JETZT die Weichen und beginne ab 01.09 deine AUSBILDUNG zur Fachkraft f\u00fcr Veranstaltungstechnik (m\/w\/d) bei SLS event&nbsp;technology! Als Full-Service-Dienstleister mit hochwertigem Equipment und langj\u00e4hriger Erfahrung sind wir Technikpartner f\u00fcr Unternehmen, Agenturen und Messebauer. Unser Einsatz ist \u00fcberall dort gefragt, [&hellip;]<\/p>\n","protected":false},"author":1,"featured_media":0,"parent":1621,"menu_order":0,"comment_status":"closed","ping_status":"closed","template":"elementor_header_footer","meta":{"footnotes":""},"class_list":["post-1988","page","type-page","status-publish","hentry"],"yoast_head":"<!-- This site is optimized with the Yoast SEO plugin v27.3 - https:\/\/yoast.com\/product\/yoast-seo-wordpress\/ -->\n<title>Ausbildung - SLS<\/title>\n<meta name=\"description\" content=\"Wir von SLS sind ein Ausbildungsbetrieb, um unsere Begeisterung f\u00fcr Technik und Events an die nachfolgende Gereneration weiterzugeben.\" \/>\n<meta name=\"robots\" content=\"index, follow, max-snippet:-1, max-image-preview:large, max-video-preview:-1\" \/>\n<link rel=\"canonical\" href=\"https:\/\/www.slsevents.eu\/en\/sls\/karriere\/ausbildung\/\" \/>\n<meta property=\"og:locale\" content=\"en_GB\" \/>\n<meta property=\"og:type\" content=\"article\" \/>\n<meta property=\"og:title\" content=\"Ausbildung - SLS\" \/>\n<meta property=\"og:description\" content=\"Wir von SLS sind ein Ausbildungsbetrieb, um unsere Begeisterung f\u00fcr Technik und Events an die nachfolgende Gereneration weiterzugeben.\" \/>\n<meta property=\"og:url\" content=\"https:\/\/www.slsevents.eu\/en\/sls\/karriere\/ausbildung\/\" \/>\n<meta property=\"og:site_name\" content=\"SLS\" \/>\n<meta property=\"article:modified_time\" content=\"2021-04-09T13:42:27+00:00\" \/>\n<meta property=\"og:image\" content=\"https:\/\/www.slsevents.eu\/wp-content\/uploads\/2020\/08\/sls-career-mixing-scaled.jpg\" \/>\n<meta name=\"twitter:card\" content=\"summary_large_image\" \/>\n<meta name=\"twitter:label1\" content=\"Estimated reading time\" \/>\n\t<meta name=\"twitter:data1\" content=\"2 minutes\" \/>\n<script type=\"application\/ld+json\" class=\"yoast-schema-graph\">{\"@context\":\"https:\\\/\\\/schema.org\",\"@graph\":[{\"@type\":\"WebPage\",\"@id\":\"https:\\\/\\\/www.slsevents.eu\\\/sls\\\/karriere\\\/ausbildung\\\/\",\"url\":\"https:\\\/\\\/www.slsevents.eu\\\/sls\\\/karriere\\\/ausbildung\\\/\",\"name\":\"Ausbildung - SLS\",\"isPartOf\":{\"@id\":\"https:\\\/\\\/www.slsevents.eu\\\/#website\"},\"primaryImageOfPage\":{\"@id\":\"https:\\\/\\\/www.slsevents.eu\\\/sls\\\/karriere\\\/ausbildung\\\/#primaryimage\"},\"image\":{\"@id\":\"https:\\\/\\\/www.slsevents.eu\\\/sls\\\/karriere\\\/ausbildung\\\/#primaryimage\"},\"thumbnailUrl\":\"https:\\\/\\\/www.slsevents.eu\\\/wp-content\\\/uploads\\\/2020\\\/08\\\/sls-career-mixing-scaled.jpg\",\"datePublished\":\"2021-01-07T23:23:12+00:00\",\"dateModified\":\"2021-04-09T13:42:27+00:00\",\"description\":\"Wir von SLS sind ein Ausbildungsbetrieb, um unsere Begeisterung f\u00fcr Technik und Events an die nachfolgende Gereneration weiterzugeben.\",\"breadcrumb\":{\"@id\":\"https:\\\/\\\/www.slsevents.eu\\\/sls\\\/karriere\\\/ausbildung\\\/#breadcrumb\"},\"inLanguage\":\"en-GB\",\"potentialAction\":[{\"@type\":\"ReadAction\",\"target\":[\"https:\\\/\\\/www.slsevents.eu\\\/sls\\\/karriere\\\/ausbildung\\\/\"]}]},{\"@type\":\"ImageObject\",\"inLanguage\":\"en-GB\",\"@id\":\"https:\\\/\\\/www.slsevents.eu\\\/sls\\\/karriere\\\/ausbildung\\\/#primaryimage\",\"url\":\"https:\\\/\\\/www.slsevents.eu\\\/wp-content\\\/uploads\\\/2020\\\/08\\\/sls-career-mixing-scaled.jpg\",\"contentUrl\":\"https:\\\/\\\/www.slsevents.eu\\\/wp-content\\\/uploads\\\/2020\\\/08\\\/sls-career-mixing-scaled.jpg\"},{\"@type\":\"BreadcrumbList\",\"@id\":\"https:\\\/\\\/www.slsevents.eu\\\/sls\\\/karriere\\\/ausbildung\\\/#breadcrumb\",\"itemListElement\":[{\"@type\":\"ListItem\",\"position\":1,\"name\":\"Startseite\",\"item\":\"https:\\\/\\\/www.slsevents.eu\\\/\"},{\"@type\":\"ListItem\",\"position\":2,\"name\":\"SLS\",\"item\":\"https:\\\/\\\/www.slsevents.eu\\\/sls\\\/\"},{\"@type\":\"ListItem\",\"position\":3,\"name\":\"Karriere\",\"item\":\"https:\\\/\\\/www.slsevents.eu\\\/sls\\\/karriere\\\/\"},{\"@type\":\"ListItem\",\"position\":4,\"name\":\"Ausbildung\"}]},{\"@type\":\"WebSite\",\"@id\":\"https:\\\/\\\/www.slsevents.eu\\\/#website\",\"url\":\"https:\\\/\\\/www.slsevents.eu\\\/\",\"name\":\"SLS\",\"description\":\"event technology\",\"potentialAction\":[{\"@type\":\"SearchAction\",\"target\":{\"@type\":\"EntryPoint\",\"urlTemplate\":\"https:\\\/\\\/www.slsevents.eu\\\/?s={search_term_string}\"},\"query-input\":{\"@type\":\"PropertyValueSpecification\",\"valueRequired\":true,\"valueName\":\"search_term_string\"}}],\"inLanguage\":\"en-GB\"}]}<\/script>\n<!-- \/ Yoast SEO plugin. -->","yoast_head_json":{"title":"Ausbildung - SLS","description":"Wir von SLS sind ein Ausbildungsbetrieb, um unsere Begeisterung f\u00fcr Technik und Events an die nachfolgende Gereneration weiterzugeben.","robots":{"index":"index","follow":"follow","max-snippet":"max-snippet:-1","max-image-preview":"max-image-preview:large","max-video-preview":"max-video-preview:-1"},"canonical":"https:\/\/www.slsevents.eu\/en\/sls\/karriere\/ausbildung\/","og_locale":"en_GB","og_type":"article","og_title":"Ausbildung - SLS","og_description":"Wir von SLS sind ein Ausbildungsbetrieb, um unsere Begeisterung f\u00fcr Technik und Events an die nachfolgende Gereneration weiterzugeben.","og_url":"https:\/\/www.slsevents.eu\/en\/sls\/karriere\/ausbildung\/","og_site_name":"SLS","article_modified_time":"2021-04-09T13:42:27+00:00","og_image":[{"url":"https:\/\/www.slsevents.eu\/wp-content\/uploads\/2020\/08\/sls-career-mixing-scaled.jpg","type":"","width":"","height":""}],"twitter_card":"summary_large_image","twitter_misc":{"Estimated reading time":"2 minutes"},"schema":{"@context":"https:\/\/schema.org","@graph":[{"@type":"WebPage","@id":"https:\/\/www.slsevents.eu\/sls\/karriere\/ausbildung\/","url":"https:\/\/www.slsevents.eu\/sls\/karriere\/ausbildung\/","name":"Ausbildung - SLS","isPartOf":{"@id":"https:\/\/www.slsevents.eu\/#website"},"primaryImageOfPage":{"@id":"https:\/\/www.slsevents.eu\/sls\/karriere\/ausbildung\/#primaryimage"},"image":{"@id":"https:\/\/www.slsevents.eu\/sls\/karriere\/ausbildung\/#primaryimage"},"thumbnailUrl":"https:\/\/www.slsevents.eu\/wp-content\/uploads\/2020\/08\/sls-career-mixing-scaled.jpg","datePublished":"2021-01-07T23:23:12+00:00","dateModified":"2021-04-09T13:42:27+00:00","description":"Wir von SLS sind ein Ausbildungsbetrieb, um unsere Begeisterung f\u00fcr Technik und Events an die nachfolgende Gereneration weiterzugeben.","breadcrumb":{"@id":"https:\/\/www.slsevents.eu\/sls\/karriere\/ausbildung\/#breadcrumb"},"inLanguage":"en-GB","potentialAction":[{"@type":"ReadAction","target":["https:\/\/www.slsevents.eu\/sls\/karriere\/ausbildung\/"]}]},{"@type":"ImageObject","inLanguage":"en-GB","@id":"https:\/\/www.slsevents.eu\/sls\/karriere\/ausbildung\/#primaryimage","url":"https:\/\/www.slsevents.eu\/wp-content\/uploads\/2020\/08\/sls-career-mixing-scaled.jpg","contentUrl":"https:\/\/www.slsevents.eu\/wp-content\/uploads\/2020\/08\/sls-career-mixing-scaled.jpg"},{"@type":"BreadcrumbList","@id":"https:\/\/www.slsevents.eu\/sls\/karriere\/ausbildung\/#breadcrumb","itemListElement":[{"@type":"ListItem","position":1,"name":"Startseite","item":"https:\/\/www.slsevents.eu\/"},{"@type":"ListItem","position":2,"name":"SLS","item":"https:\/\/www.slsevents.eu\/sls\/"},{"@type":"ListItem","position":3,"name":"Karriere","item":"https:\/\/www.slsevents.eu\/sls\/karriere\/"},{"@type":"ListItem","position":4,"name":"Ausbildung"}]},{"@type":"WebSite","@id":"https:\/\/www.slsevents.eu\/#website","url":"https:\/\/www.slsevents.eu\/","name":"SLS","description":"event technology","potentialAction":[{"@type":"SearchAction","target":{"@type":"EntryPoint","urlTemplate":"https:\/\/www.slsevents.eu\/?s={search_term_string}"},"query-input":{"@type":"PropertyValueSpecification","valueRequired":true,"valueName":"search_term_string"}}],"inLanguage":"en-GB"}]}},"_links":{"self":[{"href":"https:\/\/www.slsevents.eu\/en\/wp-json\/wp\/v2\/pages\/1988","targetHints":{"allow":["GET"]}}],"collection":[{"href":"https:\/\/www.slsevents.eu\/en\/wp-json\/wp\/v2\/pages"}],"about":[{"href":"https:\/\/www.slsevents.eu\/en\/wp-json\/wp\/v2\/types\/page"}],"author":[{"embeddable":true,"href":"https:\/\/www.slsevents.eu\/en\/wp-json\/wp\/v2\/users\/1"}],"replies":[{"embeddable":true,"href":"https:\/\/www.slsevents.eu\/en\/wp-json\/wp\/v2\/comments?post=1988"}],"version-history":[{"count":30,"href":"https:\/\/www.slsevents.eu\/en\/wp-json\/wp\/v2\/pages\/1988\/revisions"}],"predecessor-version":[{"id":5489,"href":"https:\/\/www.slsevents.eu\/en\/wp-json\/wp\/v2\/pages\/1988\/revisions\/5489"}],"up":[{"embeddable":true,"href":"https:\/\/www.slsevents.eu\/en\/wp-json\/wp\/v2\/pages\/1621"}],"wp:attachment":[{"href":"https:\/\/www.slsevents.eu\/en\/wp-json\/wp\/v2\/media?parent=1988"}],"curies":[{"name":"wp","href":"https:\/\/api.w.org\/{rel}","templated":true}]}}