{"id":1821,"date":"2020-12-30T00:21:51","date_gmt":"2020-12-29T23:21:51","guid":{"rendered":"https:\/\/www.slsevents.eu\/?page_id=1821"},"modified":"2021-04-12T18:39:00","modified_gmt":"2021-04-12T16:39:00","slug":"festival","status":"publish","type":"page","link":"https:\/\/www.slsevents.eu\/en\/events\/festival\/","title":{"rendered":"Festival"},"content":{"rendered":"<div data-elementor-type=\"wp-page\" data-elementor-id=\"1821\" class=\"elementor elementor-1821\" data-elementor-post-type=\"page\">\n\t\t\t\t\t\t<section class=\"elementor-section elementor-top-section elementor-element elementor-element-ef9faf1 elementor-section-full_width elementor-section-height-default elementor-section-height-default\" data-id=\"ef9faf1\" data-element_type=\"section\" data-e-type=\"section\">\n\t\t\t\t\t\t<div class=\"elementor-container elementor-column-gap-default\">\n\t\t\t\t\t<div class=\"elementor-column elementor-col-100 elementor-top-column elementor-element elementor-element-3522a769\" data-id=\"3522a769\" data-element_type=\"column\" data-e-type=\"column\">\n\t\t\t<div class=\"elementor-widget-wrap elementor-element-populated\">\n\t\t\t\t\t\t<div class=\"elementor-element elementor-element-357273be elementor-widget__width-inherit header-image elementor-widget elementor-widget-image\" data-id=\"357273be\" data-element_type=\"widget\" data-e-type=\"widget\" data-widget_type=\"image.default\">\n\t\t\t\t<div class=\"elementor-widget-container\">\n\t\t\t\t\t\t\t\t\t\t\t\t\t\t\t<img fetchpriority=\"high\" decoding=\"async\" width=\"2560\" height=\"1303\" src=\"https:\/\/www.slsevents.eu\/wp-content\/uploads\/2021\/03\/IMG_1095-b-Kopie-scaled.jpg\" class=\"attachment-full size-full wp-image-3764\" alt=\"\" srcset=\"https:\/\/www.slsevents.eu\/wp-content\/uploads\/2021\/03\/IMG_1095-b-Kopie-scaled.jpg 2560w, https:\/\/www.slsevents.eu\/wp-content\/uploads\/2021\/03\/IMG_1095-b-Kopie-300x153.jpg 300w, https:\/\/www.slsevents.eu\/wp-content\/uploads\/2021\/03\/IMG_1095-b-Kopie-1024x521.jpg 1024w, https:\/\/www.slsevents.eu\/wp-content\/uploads\/2021\/03\/IMG_1095-b-Kopie-768x391.jpg 768w, https:\/\/www.slsevents.eu\/wp-content\/uploads\/2021\/03\/IMG_1095-b-Kopie-1536x782.jpg 1536w, https:\/\/www.slsevents.eu\/wp-content\/uploads\/2021\/03\/IMG_1095-b-Kopie-2048x1042.jpg 2048w, https:\/\/www.slsevents.eu\/wp-content\/uploads\/2021\/03\/IMG_1095-b-Kopie-16x8.jpg 16w\" sizes=\"(max-width: 2560px) 100vw, 2560px\" \/>\t\t\t\t\t\t\t\t\t\t\t\t\t\t\t<\/div>\n\t\t\t\t<\/div>\n\t\t\t\t<div class=\"elementor-element elementor-element-15d0e7a4 elementor-widget elementor-widget-text-editor\" data-id=\"15d0e7a4\" data-element_type=\"widget\" data-e-type=\"widget\" data-widget_type=\"text-editor.default\">\n\t\t\t\t<div class=\"elementor-widget-container\">\n\t\t\t\t\t\t\t\t\t<h2>Festival<\/h2>\n<h5>Unforgettable experiences, breathtaking sound and a light show that leaves everyone speechless.&nbsp;<\/h5>\n<p>Festivals require special attention to ensure safety as well as an unforgettable experience for the visitors. We at SLS take care of the planning and the technical implementation for you to have more time for content-related event planning.<\/p>\n<p>It is essential to wrap the stage and the surrounding area in an impressive, unforgettable ambience. With us, you get the complete package for your festival. Choose from a wide range of stages, sound systems and different lighting setups, or create your concept with us.<\/p>\n<p>Do you want a crowning glory? Then let the corks and the rockets pop and inspire your audience at the end or already during the show acts, with an exquisite pyrotechnic display.&nbsp;<\/p>\n<h6>No such thing as can't!<\/h6>\t\t\t\t\t\t\t\t<\/div>\n\t\t\t\t<\/div>\n\t\t\t\t\t<\/div>\n\t\t<\/div>\n\t\t\t\t\t<\/div>\n\t\t<\/section>\n\t\t\t\t<\/div>","protected":false},"excerpt":{"rendered":"<p>Festival Unvergessliche Erlebnisse, atemberaubender Klang und eine Lichtshow die jeden sprachlos werden l\u00e4sst.&nbsp; Festivals erfordern besondere Aufmerksamkeit, um die Sicherheit sowie ein uneingeschr\u00e4nktes Erlebnis f\u00fcr die Besucher zu gew\u00e4hrleisten. Wir von SLS \u00fcbernehmen die Planung und die technische Umsetzung f\u00fcr Sie, damit Sie mehr Zeit f\u00fcr die inhaltliche Eventplanung haben. Es ist nicht nur wichtig, [&hellip;]<\/p>\n","protected":false},"author":1,"featured_media":0,"parent":1758,"menu_order":0,"comment_status":"closed","ping_status":"closed","template":"elementor_header_footer","meta":{"footnotes":""},"class_list":["post-1821","page","type-page","status-publish","hentry"],"yoast_head":"<!-- This site is optimized with the Yoast SEO plugin v27.3 - https:\/\/yoast.com\/product\/yoast-seo-wordpress\/ -->\n<title>Festival - SLS<\/title>\n<meta name=\"description\" content=\"Festivals erfordern besondere Aufmerksamkeit, um die Sicherheit sowie ein uneingeschr\u00e4nktes Erlebnis f\u00fcr die Besucher zu gew\u00e4hrleisten.\" \/>\n<meta name=\"robots\" content=\"index, follow, max-snippet:-1, max-image-preview:large, max-video-preview:-1\" \/>\n<link rel=\"canonical\" href=\"https:\/\/www.slsevents.eu\/en\/events\/festival\/\" \/>\n<meta property=\"og:locale\" content=\"en_GB\" \/>\n<meta property=\"og:type\" content=\"article\" \/>\n<meta property=\"og:title\" content=\"Festival - SLS\" \/>\n<meta property=\"og:description\" content=\"Festivals erfordern besondere Aufmerksamkeit, um die Sicherheit sowie ein uneingeschr\u00e4nktes Erlebnis f\u00fcr die Besucher zu gew\u00e4hrleisten.\" \/>\n<meta property=\"og:url\" content=\"https:\/\/www.slsevents.eu\/en\/events\/festival\/\" \/>\n<meta property=\"og:site_name\" content=\"SLS\" \/>\n<meta property=\"article:modified_time\" content=\"2021-04-12T16:39:00+00:00\" \/>\n<meta property=\"og:image\" content=\"https:\/\/www.slsevents.eu\/wp-content\/uploads\/2021\/03\/IMG_1095-b-Kopie-scaled.jpg\" \/>\n<meta name=\"twitter:card\" content=\"summary_large_image\" \/>\n<meta name=\"twitter:label1\" content=\"Estimated reading time\" \/>\n\t<meta name=\"twitter:data1\" content=\"1 minute\" \/>\n<script type=\"application\/ld+json\" class=\"yoast-schema-graph\">{\"@context\":\"https:\\\/\\\/schema.org\",\"@graph\":[{\"@type\":\"WebPage\",\"@id\":\"https:\\\/\\\/www.slsevents.eu\\\/events\\\/festival\\\/\",\"url\":\"https:\\\/\\\/www.slsevents.eu\\\/events\\\/festival\\\/\",\"name\":\"Festival - SLS\",\"isPartOf\":{\"@id\":\"https:\\\/\\\/www.slsevents.eu\\\/#website\"},\"primaryImageOfPage\":{\"@id\":\"https:\\\/\\\/www.slsevents.eu\\\/events\\\/festival\\\/#primaryimage\"},\"image\":{\"@id\":\"https:\\\/\\\/www.slsevents.eu\\\/events\\\/festival\\\/#primaryimage\"},\"thumbnailUrl\":\"https:\\\/\\\/www.slsevents.eu\\\/wp-content\\\/uploads\\\/2021\\\/03\\\/IMG_1095-b-Kopie-scaled.jpg\",\"datePublished\":\"2020-12-29T23:21:51+00:00\",\"dateModified\":\"2021-04-12T16:39:00+00:00\",\"description\":\"Festivals erfordern besondere Aufmerksamkeit, um die Sicherheit sowie ein uneingeschr\u00e4nktes Erlebnis f\u00fcr die Besucher zu gew\u00e4hrleisten.\",\"breadcrumb\":{\"@id\":\"https:\\\/\\\/www.slsevents.eu\\\/events\\\/festival\\\/#breadcrumb\"},\"inLanguage\":\"en-GB\",\"potentialAction\":[{\"@type\":\"ReadAction\",\"target\":[\"https:\\\/\\\/www.slsevents.eu\\\/events\\\/festival\\\/\"]}]},{\"@type\":\"ImageObject\",\"inLanguage\":\"en-GB\",\"@id\":\"https:\\\/\\\/www.slsevents.eu\\\/events\\\/festival\\\/#primaryimage\",\"url\":\"https:\\\/\\\/www.slsevents.eu\\\/wp-content\\\/uploads\\\/2021\\\/03\\\/IMG_1095-b-Kopie-scaled.jpg\",\"contentUrl\":\"https:\\\/\\\/www.slsevents.eu\\\/wp-content\\\/uploads\\\/2021\\\/03\\\/IMG_1095-b-Kopie-scaled.jpg\"},{\"@type\":\"BreadcrumbList\",\"@id\":\"https:\\\/\\\/www.slsevents.eu\\\/events\\\/festival\\\/#breadcrumb\",\"itemListElement\":[{\"@type\":\"ListItem\",\"position\":1,\"name\":\"Startseite\",\"item\":\"https:\\\/\\\/www.slsevents.eu\\\/\"},{\"@type\":\"ListItem\",\"position\":2,\"name\":\"EVENTS\",\"item\":\"https:\\\/\\\/www.slsevents.eu\\\/events\\\/\"},{\"@type\":\"ListItem\",\"position\":3,\"name\":\"Festival\"}]},{\"@type\":\"WebSite\",\"@id\":\"https:\\\/\\\/www.slsevents.eu\\\/#website\",\"url\":\"https:\\\/\\\/www.slsevents.eu\\\/\",\"name\":\"SLS\",\"description\":\"event technology\",\"potentialAction\":[{\"@type\":\"SearchAction\",\"target\":{\"@type\":\"EntryPoint\",\"urlTemplate\":\"https:\\\/\\\/www.slsevents.eu\\\/?s={search_term_string}\"},\"query-input\":{\"@type\":\"PropertyValueSpecification\",\"valueRequired\":true,\"valueName\":\"search_term_string\"}}],\"inLanguage\":\"en-GB\"}]}<\/script>\n<!-- \/ Yoast SEO plugin. -->","yoast_head_json":{"title":"Festival - SLS","description":"Festivals erfordern besondere Aufmerksamkeit, um die Sicherheit sowie ein uneingeschr\u00e4nktes Erlebnis f\u00fcr die Besucher zu gew\u00e4hrleisten.","robots":{"index":"index","follow":"follow","max-snippet":"max-snippet:-1","max-image-preview":"max-image-preview:large","max-video-preview":"max-video-preview:-1"},"canonical":"https:\/\/www.slsevents.eu\/en\/events\/festival\/","og_locale":"en_GB","og_type":"article","og_title":"Festival - SLS","og_description":"Festivals erfordern besondere Aufmerksamkeit, um die Sicherheit sowie ein uneingeschr\u00e4nktes Erlebnis f\u00fcr die Besucher zu gew\u00e4hrleisten.","og_url":"https:\/\/www.slsevents.eu\/en\/events\/festival\/","og_site_name":"SLS","article_modified_time":"2021-04-12T16:39:00+00:00","og_image":[{"url":"https:\/\/www.slsevents.eu\/wp-content\/uploads\/2021\/03\/IMG_1095-b-Kopie-scaled.jpg","type":"","width":"","height":""}],"twitter_card":"summary_large_image","twitter_misc":{"Estimated reading time":"1 minute"},"schema":{"@context":"https:\/\/schema.org","@graph":[{"@type":"WebPage","@id":"https:\/\/www.slsevents.eu\/events\/festival\/","url":"https:\/\/www.slsevents.eu\/events\/festival\/","name":"Festival - SLS","isPartOf":{"@id":"https:\/\/www.slsevents.eu\/#website"},"primaryImageOfPage":{"@id":"https:\/\/www.slsevents.eu\/events\/festival\/#primaryimage"},"image":{"@id":"https:\/\/www.slsevents.eu\/events\/festival\/#primaryimage"},"thumbnailUrl":"https:\/\/www.slsevents.eu\/wp-content\/uploads\/2021\/03\/IMG_1095-b-Kopie-scaled.jpg","datePublished":"2020-12-29T23:21:51+00:00","dateModified":"2021-04-12T16:39:00+00:00","description":"Festivals erfordern besondere Aufmerksamkeit, um die Sicherheit sowie ein uneingeschr\u00e4nktes Erlebnis f\u00fcr die Besucher zu gew\u00e4hrleisten.","breadcrumb":{"@id":"https:\/\/www.slsevents.eu\/events\/festival\/#breadcrumb"},"inLanguage":"en-GB","potentialAction":[{"@type":"ReadAction","target":["https:\/\/www.slsevents.eu\/events\/festival\/"]}]},{"@type":"ImageObject","inLanguage":"en-GB","@id":"https:\/\/www.slsevents.eu\/events\/festival\/#primaryimage","url":"https:\/\/www.slsevents.eu\/wp-content\/uploads\/2021\/03\/IMG_1095-b-Kopie-scaled.jpg","contentUrl":"https:\/\/www.slsevents.eu\/wp-content\/uploads\/2021\/03\/IMG_1095-b-Kopie-scaled.jpg"},{"@type":"BreadcrumbList","@id":"https:\/\/www.slsevents.eu\/events\/festival\/#breadcrumb","itemListElement":[{"@type":"ListItem","position":1,"name":"Startseite","item":"https:\/\/www.slsevents.eu\/"},{"@type":"ListItem","position":2,"name":"EVENTS","item":"https:\/\/www.slsevents.eu\/events\/"},{"@type":"ListItem","position":3,"name":"Festival"}]},{"@type":"WebSite","@id":"https:\/\/www.slsevents.eu\/#website","url":"https:\/\/www.slsevents.eu\/","name":"SLS","description":"event technology","potentialAction":[{"@type":"SearchAction","target":{"@type":"EntryPoint","urlTemplate":"https:\/\/www.slsevents.eu\/?s={search_term_string}"},"query-input":{"@type":"PropertyValueSpecification","valueRequired":true,"valueName":"search_term_string"}}],"inLanguage":"en-GB"}]}},"_links":{"self":[{"href":"https:\/\/www.slsevents.eu\/en\/wp-json\/wp\/v2\/pages\/1821","targetHints":{"allow":["GET"]}}],"collection":[{"href":"https:\/\/www.slsevents.eu\/en\/wp-json\/wp\/v2\/pages"}],"about":[{"href":"https:\/\/www.slsevents.eu\/en\/wp-json\/wp\/v2\/types\/page"}],"author":[{"embeddable":true,"href":"https:\/\/www.slsevents.eu\/en\/wp-json\/wp\/v2\/users\/1"}],"replies":[{"embeddable":true,"href":"https:\/\/www.slsevents.eu\/en\/wp-json\/wp\/v2\/comments?post=1821"}],"version-history":[{"count":60,"href":"https:\/\/www.slsevents.eu\/en\/wp-json\/wp\/v2\/pages\/1821\/revisions"}],"predecessor-version":[{"id":5584,"href":"https:\/\/www.slsevents.eu\/en\/wp-json\/wp\/v2\/pages\/1821\/revisions\/5584"}],"up":[{"embeddable":true,"href":"https:\/\/www.slsevents.eu\/en\/wp-json\/wp\/v2\/pages\/1758"}],"wp:attachment":[{"href":"https:\/\/www.slsevents.eu\/en\/wp-json\/wp\/v2\/media?parent=1821"}],"curies":[{"name":"wp","href":"https:\/\/api.w.org\/{rel}","templated":true}]}}