{"id":1816,"date":"2020-12-30T00:20:33","date_gmt":"2020-12-29T23:20:33","guid":{"rendered":"https:\/\/www.slsevents.eu\/?page_id=1816"},"modified":"2021-04-26T11:26:11","modified_gmt":"2021-04-26T09:26:11","slug":"party","status":"publish","type":"page","link":"https:\/\/www.slsevents.eu\/en\/events\/party\/","title":{"rendered":"Party"},"content":{"rendered":"<div data-elementor-type=\"wp-page\" data-elementor-id=\"1816\" class=\"elementor elementor-1816\" data-elementor-post-type=\"page\">\n\t\t\t\t\t\t<section class=\"elementor-section elementor-top-section elementor-element elementor-element-5013483d elementor-section-full_width elementor-section-height-default elementor-section-height-default\" data-id=\"5013483d\" data-element_type=\"section\" data-e-type=\"section\">\n\t\t\t\t\t\t<div class=\"elementor-container elementor-column-gap-default\">\n\t\t\t\t\t<div class=\"elementor-column elementor-col-100 elementor-top-column elementor-element elementor-element-50cdd344\" data-id=\"50cdd344\" data-element_type=\"column\" data-e-type=\"column\">\n\t\t\t<div class=\"elementor-widget-wrap elementor-element-populated\">\n\t\t\t\t\t\t<div class=\"elementor-element elementor-element-f32c1e2 elementor-widget__width-inherit header-image elementor-widget elementor-widget-image\" data-id=\"f32c1e2\" data-element_type=\"widget\" data-e-type=\"widget\" data-widget_type=\"image.default\">\n\t\t\t\t<div class=\"elementor-widget-container\">\n\t\t\t\t\t\t\t\t\t\t\t\t\t\t\t<img fetchpriority=\"high\" decoding=\"async\" width=\"5184\" height=\"2912\" src=\"https:\/\/www.slsevents.eu\/wp-content\/uploads\/2021\/03\/IMG_7099-b.png\" class=\"attachment-full size-full wp-image-3306\" alt=\"\" srcset=\"https:\/\/www.slsevents.eu\/wp-content\/uploads\/2021\/03\/IMG_7099-b.png 5184w, https:\/\/www.slsevents.eu\/wp-content\/uploads\/2021\/03\/IMG_7099-b-300x169.png 300w, https:\/\/www.slsevents.eu\/wp-content\/uploads\/2021\/03\/IMG_7099-b-1024x575.png 1024w, https:\/\/www.slsevents.eu\/wp-content\/uploads\/2021\/03\/IMG_7099-b-768x431.png 768w, https:\/\/www.slsevents.eu\/wp-content\/uploads\/2021\/03\/IMG_7099-b-1536x863.png 1536w, https:\/\/www.slsevents.eu\/wp-content\/uploads\/2021\/03\/IMG_7099-b-2048x1150.png 2048w, https:\/\/www.slsevents.eu\/wp-content\/uploads\/2021\/03\/IMG_7099-b-16x9.png 16w\" sizes=\"(max-width: 5184px) 100vw, 5184px\" \/>\t\t\t\t\t\t\t\t\t\t\t\t\t\t\t<\/div>\n\t\t\t\t<\/div>\n\t\t\t\t<div class=\"elementor-element elementor-element-62fb04ce elementor-widget elementor-widget-heading\" data-id=\"62fb04ce\" data-element_type=\"widget\" data-e-type=\"widget\" data-widget_type=\"heading.default\">\n\t\t\t\t<div class=\"elementor-widget-container\">\n\t\t\t\t\t<h2 class=\"elementor-heading-title elementor-size-default\">Party<\/h2>\t\t\t\t<\/div>\n\t\t\t\t<\/div>\n\t\t\t\t<div class=\"elementor-element elementor-element-e80ce4f elementor-widget elementor-widget-spacer\" data-id=\"e80ce4f\" data-element_type=\"widget\" data-e-type=\"widget\" data-widget_type=\"spacer.default\">\n\t\t\t\t<div class=\"elementor-widget-container\">\n\t\t\t\t\t\t\t<div class=\"elementor-spacer\">\n\t\t\t<div class=\"elementor-spacer-inner\"><\/div>\n\t\t<\/div>\n\t\t\t\t\t\t<\/div>\n\t\t\t\t<\/div>\n\t\t\t\t\t<\/div>\n\t\t<\/div>\n\t\t\t\t\t<\/div>\n\t\t<\/section>\n\t\t\t\t<section class=\"elementor-section elementor-top-section elementor-element elementor-element-5d85834 elementor-section-boxed elementor-section-height-default elementor-section-height-default\" data-id=\"5d85834\" data-element_type=\"section\" data-e-type=\"section\" data-settings=\"{&quot;background_background&quot;:&quot;classic&quot;}\">\n\t\t\t\t\t\t<div class=\"elementor-container elementor-column-gap-default\">\n\t\t\t\t\t<div class=\"elementor-column elementor-col-100 elementor-top-column elementor-element elementor-element-44a2268\" data-id=\"44a2268\" data-element_type=\"column\" data-e-type=\"column\">\n\t\t\t<div class=\"elementor-widget-wrap elementor-element-populated\">\n\t\t\t\t\t\t<div class=\"elementor-element elementor-element-013e663 elementor-widget elementor-widget-spacer\" data-id=\"013e663\" data-element_type=\"widget\" data-e-type=\"widget\" data-widget_type=\"spacer.default\">\n\t\t\t\t<div class=\"elementor-widget-container\">\n\t\t\t\t\t\t\t<div class=\"elementor-spacer\">\n\t\t\t<div class=\"elementor-spacer-inner\"><\/div>\n\t\t<\/div>\n\t\t\t\t\t\t<\/div>\n\t\t\t\t<\/div>\n\t\t\t\t\t<\/div>\n\t\t<\/div>\n\t\t\t\t\t<\/div>\n\t\t<\/section>\n\t\t\t\t<section class=\"elementor-section elementor-top-section elementor-element elementor-element-50a979f elementor-section-boxed elementor-section-height-default elementor-section-height-default\" data-id=\"50a979f\" data-element_type=\"section\" data-e-type=\"section\">\n\t\t\t\t\t\t<div class=\"elementor-container elementor-column-gap-default\">\n\t\t\t\t\t<div class=\"elementor-column elementor-col-100 elementor-top-column elementor-element elementor-element-41cfe86\" data-id=\"41cfe86\" data-element_type=\"column\" data-e-type=\"column\">\n\t\t\t<div class=\"elementor-widget-wrap elementor-element-populated\">\n\t\t\t\t\t\t<div class=\"elementor-element elementor-element-195ece32 elementor-widget elementor-widget-text-editor\" data-id=\"195ece32\" data-element_type=\"widget\" data-e-type=\"widget\" data-widget_type=\"text-editor.default\">\n\t\t\t\t<div class=\"elementor-widget-container\">\n\t\t\t\t\t\t\t\t\t<p>Parties range from a small number of visitors in the private sector to organised events with several thousand participants.<\/p>\n<p>With the right equipment and lighting concepts for your party, we create an unforgettable guest experience. From technical equipment to professional LJs and DJs, we offer you everything you need for your party. Fog machines, mirror balls, pyrotechnics, moving heads and systems in various sizes - we have something of everything for you. We offer solutions for parties of all sizes and types.<\/p>\n<p><\/p>\n<p>Invite all your visitors to dance because your party will be the highlight of the year with us.&nbsp;<\/p>\n<p><\/p>\t\t\t\t\t\t\t\t<\/div>\n\t\t\t\t<\/div>\n\t\t\t\t\t<\/div>\n\t\t<\/div>\n\t\t\t\t\t<\/div>\n\t\t<\/section>\n\t\t\t\t<\/div>","protected":false},"excerpt":{"rendered":"<p>Party Partys reichen von einer kleinen Anzahl an Besucher im privaten Sektor bis zu organisierten Veranstaltungen mit mehreren tausend Teilnehmern. Durch passende Anlagen und Lichtkonzepte f\u00fcr Ihre Party, schaffen wir ein unvergessliches Erlebnis f\u00fcr Ihre G\u00e4ste. Von technischen Ger\u00e4ten, bis hin zu professionellen LJs und DJs bieten wir Ihnen alles an, was sie f\u00fcr Ihre [&hellip;]<\/p>\n","protected":false},"author":1,"featured_media":0,"parent":1758,"menu_order":0,"comment_status":"closed","ping_status":"closed","template":"elementor_header_footer","meta":{"footnotes":""},"class_list":["post-1816","page","type-page","status-publish","hentry"],"yoast_head":"<!-- This site is optimized with the Yoast SEO plugin v27.3 - https:\/\/yoast.com\/product\/yoast-seo-wordpress\/ -->\n<title>Party - SLS<\/title>\n<meta name=\"description\" content=\"Wir bieten L\u00f6sungen f\u00fcr Feiern aller Gr\u00f6\u00dfen und Typen. Partys reichen von einer Handvoll Besucher im privaten Sektor bis zu organisierten Veranstaltungen mit mehreren hundert Teilnehmern.\" \/>\n<meta name=\"robots\" content=\"index, follow, max-snippet:-1, max-image-preview:large, max-video-preview:-1\" \/>\n<link rel=\"canonical\" href=\"https:\/\/www.slsevents.eu\/en\/events\/party\/\" \/>\n<meta property=\"og:locale\" content=\"en_GB\" \/>\n<meta property=\"og:type\" content=\"article\" \/>\n<meta property=\"og:title\" content=\"Party - SLS\" \/>\n<meta property=\"og:description\" content=\"Wir bieten L\u00f6sungen f\u00fcr Feiern aller Gr\u00f6\u00dfen und Typen. Partys reichen von einer Handvoll Besucher im privaten Sektor bis zu organisierten Veranstaltungen mit mehreren hundert Teilnehmern.\" \/>\n<meta property=\"og:url\" content=\"https:\/\/www.slsevents.eu\/en\/events\/party\/\" \/>\n<meta property=\"og:site_name\" content=\"SLS\" \/>\n<meta property=\"article:modified_time\" content=\"2021-04-26T09:26:11+00:00\" \/>\n<meta property=\"og:image\" content=\"https:\/\/www.slsevents.eu\/wp-content\/uploads\/2021\/03\/IMG_7099-b.png\" \/>\n<meta name=\"twitter:card\" content=\"summary_large_image\" \/>\n<meta name=\"twitter:label1\" content=\"Estimated reading time\" \/>\n\t<meta name=\"twitter:data1\" content=\"1 minute\" \/>\n<script type=\"application\/ld+json\" class=\"yoast-schema-graph\">{\"@context\":\"https:\\\/\\\/schema.org\",\"@graph\":[{\"@type\":\"WebPage\",\"@id\":\"https:\\\/\\\/www.slsevents.eu\\\/events\\\/party\\\/\",\"url\":\"https:\\\/\\\/www.slsevents.eu\\\/events\\\/party\\\/\",\"name\":\"Party - SLS\",\"isPartOf\":{\"@id\":\"https:\\\/\\\/www.slsevents.eu\\\/#website\"},\"primaryImageOfPage\":{\"@id\":\"https:\\\/\\\/www.slsevents.eu\\\/events\\\/party\\\/#primaryimage\"},\"image\":{\"@id\":\"https:\\\/\\\/www.slsevents.eu\\\/events\\\/party\\\/#primaryimage\"},\"thumbnailUrl\":\"https:\\\/\\\/www.slsevents.eu\\\/wp-content\\\/uploads\\\/2021\\\/03\\\/IMG_7099-b.png\",\"datePublished\":\"2020-12-29T23:20:33+00:00\",\"dateModified\":\"2021-04-26T09:26:11+00:00\",\"description\":\"Wir bieten L\u00f6sungen f\u00fcr Feiern aller Gr\u00f6\u00dfen und Typen. Partys reichen von einer Handvoll Besucher im privaten Sektor bis zu organisierten Veranstaltungen mit mehreren hundert Teilnehmern.\",\"breadcrumb\":{\"@id\":\"https:\\\/\\\/www.slsevents.eu\\\/events\\\/party\\\/#breadcrumb\"},\"inLanguage\":\"en-GB\",\"potentialAction\":[{\"@type\":\"ReadAction\",\"target\":[\"https:\\\/\\\/www.slsevents.eu\\\/events\\\/party\\\/\"]}]},{\"@type\":\"ImageObject\",\"inLanguage\":\"en-GB\",\"@id\":\"https:\\\/\\\/www.slsevents.eu\\\/events\\\/party\\\/#primaryimage\",\"url\":\"https:\\\/\\\/www.slsevents.eu\\\/wp-content\\\/uploads\\\/2021\\\/03\\\/IMG_7099-b.png\",\"contentUrl\":\"https:\\\/\\\/www.slsevents.eu\\\/wp-content\\\/uploads\\\/2021\\\/03\\\/IMG_7099-b.png\"},{\"@type\":\"BreadcrumbList\",\"@id\":\"https:\\\/\\\/www.slsevents.eu\\\/events\\\/party\\\/#breadcrumb\",\"itemListElement\":[{\"@type\":\"ListItem\",\"position\":1,\"name\":\"Startseite\",\"item\":\"https:\\\/\\\/www.slsevents.eu\\\/\"},{\"@type\":\"ListItem\",\"position\":2,\"name\":\"EVENTS\",\"item\":\"https:\\\/\\\/www.slsevents.eu\\\/events\\\/\"},{\"@type\":\"ListItem\",\"position\":3,\"name\":\"Party\"}]},{\"@type\":\"WebSite\",\"@id\":\"https:\\\/\\\/www.slsevents.eu\\\/#website\",\"url\":\"https:\\\/\\\/www.slsevents.eu\\\/\",\"name\":\"SLS\",\"description\":\"event technology\",\"potentialAction\":[{\"@type\":\"SearchAction\",\"target\":{\"@type\":\"EntryPoint\",\"urlTemplate\":\"https:\\\/\\\/www.slsevents.eu\\\/?s={search_term_string}\"},\"query-input\":{\"@type\":\"PropertyValueSpecification\",\"valueRequired\":true,\"valueName\":\"search_term_string\"}}],\"inLanguage\":\"en-GB\"}]}<\/script>\n<!-- \/ Yoast SEO plugin. -->","yoast_head_json":{"title":"Party - SLS","description":"Wir bieten L\u00f6sungen f\u00fcr Feiern aller Gr\u00f6\u00dfen und Typen. Partys reichen von einer Handvoll Besucher im privaten Sektor bis zu organisierten Veranstaltungen mit mehreren hundert Teilnehmern.","robots":{"index":"index","follow":"follow","max-snippet":"max-snippet:-1","max-image-preview":"max-image-preview:large","max-video-preview":"max-video-preview:-1"},"canonical":"https:\/\/www.slsevents.eu\/en\/events\/party\/","og_locale":"en_GB","og_type":"article","og_title":"Party - SLS","og_description":"Wir bieten L\u00f6sungen f\u00fcr Feiern aller Gr\u00f6\u00dfen und Typen. Partys reichen von einer Handvoll Besucher im privaten Sektor bis zu organisierten Veranstaltungen mit mehreren hundert Teilnehmern.","og_url":"https:\/\/www.slsevents.eu\/en\/events\/party\/","og_site_name":"SLS","article_modified_time":"2021-04-26T09:26:11+00:00","og_image":[{"url":"https:\/\/www.slsevents.eu\/wp-content\/uploads\/2021\/03\/IMG_7099-b.png","type":"","width":"","height":""}],"twitter_card":"summary_large_image","twitter_misc":{"Estimated reading time":"1 minute"},"schema":{"@context":"https:\/\/schema.org","@graph":[{"@type":"WebPage","@id":"https:\/\/www.slsevents.eu\/events\/party\/","url":"https:\/\/www.slsevents.eu\/events\/party\/","name":"Party - SLS","isPartOf":{"@id":"https:\/\/www.slsevents.eu\/#website"},"primaryImageOfPage":{"@id":"https:\/\/www.slsevents.eu\/events\/party\/#primaryimage"},"image":{"@id":"https:\/\/www.slsevents.eu\/events\/party\/#primaryimage"},"thumbnailUrl":"https:\/\/www.slsevents.eu\/wp-content\/uploads\/2021\/03\/IMG_7099-b.png","datePublished":"2020-12-29T23:20:33+00:00","dateModified":"2021-04-26T09:26:11+00:00","description":"Wir bieten L\u00f6sungen f\u00fcr Feiern aller Gr\u00f6\u00dfen und Typen. Partys reichen von einer Handvoll Besucher im privaten Sektor bis zu organisierten Veranstaltungen mit mehreren hundert Teilnehmern.","breadcrumb":{"@id":"https:\/\/www.slsevents.eu\/events\/party\/#breadcrumb"},"inLanguage":"en-GB","potentialAction":[{"@type":"ReadAction","target":["https:\/\/www.slsevents.eu\/events\/party\/"]}]},{"@type":"ImageObject","inLanguage":"en-GB","@id":"https:\/\/www.slsevents.eu\/events\/party\/#primaryimage","url":"https:\/\/www.slsevents.eu\/wp-content\/uploads\/2021\/03\/IMG_7099-b.png","contentUrl":"https:\/\/www.slsevents.eu\/wp-content\/uploads\/2021\/03\/IMG_7099-b.png"},{"@type":"BreadcrumbList","@id":"https:\/\/www.slsevents.eu\/events\/party\/#breadcrumb","itemListElement":[{"@type":"ListItem","position":1,"name":"Startseite","item":"https:\/\/www.slsevents.eu\/"},{"@type":"ListItem","position":2,"name":"EVENTS","item":"https:\/\/www.slsevents.eu\/events\/"},{"@type":"ListItem","position":3,"name":"Party"}]},{"@type":"WebSite","@id":"https:\/\/www.slsevents.eu\/#website","url":"https:\/\/www.slsevents.eu\/","name":"SLS","description":"event technology","potentialAction":[{"@type":"SearchAction","target":{"@type":"EntryPoint","urlTemplate":"https:\/\/www.slsevents.eu\/?s={search_term_string}"},"query-input":{"@type":"PropertyValueSpecification","valueRequired":true,"valueName":"search_term_string"}}],"inLanguage":"en-GB"}]}},"_links":{"self":[{"href":"https:\/\/www.slsevents.eu\/en\/wp-json\/wp\/v2\/pages\/1816","targetHints":{"allow":["GET"]}}],"collection":[{"href":"https:\/\/www.slsevents.eu\/en\/wp-json\/wp\/v2\/pages"}],"about":[{"href":"https:\/\/www.slsevents.eu\/en\/wp-json\/wp\/v2\/types\/page"}],"author":[{"embeddable":true,"href":"https:\/\/www.slsevents.eu\/en\/wp-json\/wp\/v2\/users\/1"}],"replies":[{"embeddable":true,"href":"https:\/\/www.slsevents.eu\/en\/wp-json\/wp\/v2\/comments?post=1816"}],"version-history":[{"count":75,"href":"https:\/\/www.slsevents.eu\/en\/wp-json\/wp\/v2\/pages\/1816\/revisions"}],"predecessor-version":[{"id":5988,"href":"https:\/\/www.slsevents.eu\/en\/wp-json\/wp\/v2\/pages\/1816\/revisions\/5988"}],"up":[{"embeddable":true,"href":"https:\/\/www.slsevents.eu\/en\/wp-json\/wp\/v2\/pages\/1758"}],"wp:attachment":[{"href":"https:\/\/www.slsevents.eu\/en\/wp-json\/wp\/v2\/media?parent=1816"}],"curies":[{"name":"wp","href":"https:\/\/api.w.org\/{rel}","templated":true}]}}