{"id":1808,"date":"2020-12-30T00:19:21","date_gmt":"2020-12-29T23:19:21","guid":{"rendered":"https:\/\/www.slsevents.eu\/?page_id=1808"},"modified":"2021-04-16T18:08:12","modified_gmt":"2021-04-16T16:08:12","slug":"hochzeit","status":"publish","type":"page","link":"https:\/\/www.slsevents.eu\/en\/events\/hochzeit\/","title":{"rendered":"Wedding"},"content":{"rendered":"<div data-elementor-type=\"wp-page\" data-elementor-id=\"1808\" class=\"elementor elementor-1808\" data-elementor-post-type=\"page\">\n\t\t\t\t\t\t<section class=\"elementor-section elementor-top-section elementor-element elementor-element-378321e0 elementor-section-full_width elementor-section-height-default elementor-section-height-default\" data-id=\"378321e0\" data-element_type=\"section\" data-e-type=\"section\">\n\t\t\t\t\t\t<div class=\"elementor-container elementor-column-gap-default\">\n\t\t\t\t\t<div class=\"elementor-column elementor-col-100 elementor-top-column elementor-element elementor-element-6f1ff590\" data-id=\"6f1ff590\" data-element_type=\"column\" data-e-type=\"column\">\n\t\t\t<div class=\"elementor-widget-wrap elementor-element-populated\">\n\t\t\t\t\t\t<div class=\"elementor-element elementor-element-18812561 elementor-widget__width-inherit header-image elementor-widget elementor-widget-image\" data-id=\"18812561\" data-element_type=\"widget\" data-e-type=\"widget\" data-widget_type=\"image.default\">\n\t\t\t\t<div class=\"elementor-widget-container\">\n\t\t\t\t\t\t\t\t\t\t\t\t\t\t\t<img fetchpriority=\"high\" decoding=\"async\" width=\"2048\" height=\"1016\" src=\"https:\/\/www.slsevents.eu\/wp-content\/uploads\/2021\/03\/906850_518020804901135_1795074412_o.png\" class=\"attachment-full size-full wp-image-3298\" alt=\"\" srcset=\"https:\/\/www.slsevents.eu\/wp-content\/uploads\/2021\/03\/906850_518020804901135_1795074412_o.png 2048w, https:\/\/www.slsevents.eu\/wp-content\/uploads\/2021\/03\/906850_518020804901135_1795074412_o-300x149.png 300w, https:\/\/www.slsevents.eu\/wp-content\/uploads\/2021\/03\/906850_518020804901135_1795074412_o-1024x508.png 1024w, https:\/\/www.slsevents.eu\/wp-content\/uploads\/2021\/03\/906850_518020804901135_1795074412_o-768x381.png 768w, https:\/\/www.slsevents.eu\/wp-content\/uploads\/2021\/03\/906850_518020804901135_1795074412_o-1536x762.png 1536w, https:\/\/www.slsevents.eu\/wp-content\/uploads\/2021\/03\/906850_518020804901135_1795074412_o-16x8.png 16w\" sizes=\"(max-width: 2048px) 100vw, 2048px\" \/>\t\t\t\t\t\t\t\t\t\t\t\t\t\t\t<\/div>\n\t\t\t\t<\/div>\n\t\t\t\t<div class=\"elementor-element elementor-element-3941e352 elementor-widget elementor-widget-text-editor\" data-id=\"3941e352\" data-element_type=\"widget\" data-e-type=\"widget\" data-widget_type=\"text-editor.default\">\n\t\t\t\t<div class=\"elementor-widget-container\">\n\t\t\t\t\t\t\t\t\t<h2>Wedding<\/h2><h5>Weddings bring incomparable memories and emotions.<\/h5><p>To fully enjoy such a special day, you should not have to worry about the technical aspect. We create an atmosphere appropriate to the occasion and location, so you and your guests feel serene. With creative and extraordinary ideas, Your day will forever be an absolute highlight.\u00a0<\/p><p>Our team will support you every step leading up to and during the ceremony as well as at the afterparty.<\/p><h6>With us, your wedding will truly be unforgettable.<\/h6>\t\t\t\t\t\t\t\t<\/div>\n\t\t\t\t<\/div>\n\t\t\t\t\t<\/div>\n\t\t<\/div>\n\t\t\t\t\t<\/div>\n\t\t<\/section>\n\t\t\t\t<\/div>","protected":false},"excerpt":{"rendered":"<p>Hochzeit Hochzeiten bringen unvergleichliche Erinnerungen und Emotionen mit sich. Um einen solch speziellen Tag voll genie\u00dfen zu k\u00f6nnen, sollten Sie sich keine Gedanken um die Technik machen m\u00fcssen. Wir erschaffen f\u00fcr Sie in jeder Location eine dem Anlass entsprechende Atmosph\u00e4re, in der Sie sich und Ihre G\u00e4ste wohlf\u00fchlen. Dieser Tag wird mit kreativen und au\u00dfergew\u00f6hnlichen [&hellip;]<\/p>\n","protected":false},"author":1,"featured_media":0,"parent":1758,"menu_order":0,"comment_status":"closed","ping_status":"closed","template":"elementor_header_footer","meta":{"footnotes":""},"class_list":["post-1808","page","type-page","status-publish","hentry"],"yoast_head":"<!-- This site is optimized with the Yoast SEO plugin v27.3 - https:\/\/yoast.com\/product\/yoast-seo-wordpress\/ -->\n<title>Hochzeit - SLS<\/title>\n<meta name=\"description\" content=\"Um Ihren Hochzeitstag voll genie\u00dfen zu k\u00f6nnen, sollten Sie sich keine Gedanken um die Technik machen m\u00fcssen, dass erledigen wir f\u00fcr Sie.\" \/>\n<meta name=\"robots\" content=\"index, follow, max-snippet:-1, max-image-preview:large, max-video-preview:-1\" \/>\n<link rel=\"canonical\" href=\"https:\/\/www.slsevents.eu\/en\/events\/hochzeit\/\" \/>\n<meta property=\"og:locale\" content=\"en_GB\" \/>\n<meta property=\"og:type\" content=\"article\" \/>\n<meta property=\"og:title\" content=\"Hochzeit - SLS\" \/>\n<meta property=\"og:description\" content=\"Um Ihren Hochzeitstag voll genie\u00dfen zu k\u00f6nnen, sollten Sie sich keine Gedanken um die Technik machen m\u00fcssen, dass erledigen wir f\u00fcr Sie.\" \/>\n<meta property=\"og:url\" content=\"https:\/\/www.slsevents.eu\/en\/events\/hochzeit\/\" \/>\n<meta property=\"og:site_name\" content=\"SLS\" \/>\n<meta property=\"article:modified_time\" content=\"2021-04-16T16:08:12+00:00\" \/>\n<meta property=\"og:image\" content=\"https:\/\/www.slsevents.eu\/wp-content\/uploads\/2021\/03\/906850_518020804901135_1795074412_o.png\" \/>\n<meta name=\"twitter:card\" content=\"summary_large_image\" \/>\n<meta name=\"twitter:label1\" content=\"Estimated reading time\" \/>\n\t<meta name=\"twitter:data1\" content=\"1 minute\" \/>\n<script type=\"application\/ld+json\" class=\"yoast-schema-graph\">{\"@context\":\"https:\\\/\\\/schema.org\",\"@graph\":[{\"@type\":\"WebPage\",\"@id\":\"https:\\\/\\\/www.slsevents.eu\\\/events\\\/hochzeit\\\/\",\"url\":\"https:\\\/\\\/www.slsevents.eu\\\/events\\\/hochzeit\\\/\",\"name\":\"Hochzeit - SLS\",\"isPartOf\":{\"@id\":\"https:\\\/\\\/www.slsevents.eu\\\/#website\"},\"primaryImageOfPage\":{\"@id\":\"https:\\\/\\\/www.slsevents.eu\\\/events\\\/hochzeit\\\/#primaryimage\"},\"image\":{\"@id\":\"https:\\\/\\\/www.slsevents.eu\\\/events\\\/hochzeit\\\/#primaryimage\"},\"thumbnailUrl\":\"https:\\\/\\\/www.slsevents.eu\\\/wp-content\\\/uploads\\\/2021\\\/03\\\/906850_518020804901135_1795074412_o.png\",\"datePublished\":\"2020-12-29T23:19:21+00:00\",\"dateModified\":\"2021-04-16T16:08:12+00:00\",\"description\":\"Um Ihren Hochzeitstag voll genie\u00dfen zu k\u00f6nnen, sollten Sie sich keine Gedanken um die Technik machen m\u00fcssen, dass erledigen wir f\u00fcr Sie.\",\"breadcrumb\":{\"@id\":\"https:\\\/\\\/www.slsevents.eu\\\/events\\\/hochzeit\\\/#breadcrumb\"},\"inLanguage\":\"en-GB\",\"potentialAction\":[{\"@type\":\"ReadAction\",\"target\":[\"https:\\\/\\\/www.slsevents.eu\\\/events\\\/hochzeit\\\/\"]}]},{\"@type\":\"ImageObject\",\"inLanguage\":\"en-GB\",\"@id\":\"https:\\\/\\\/www.slsevents.eu\\\/events\\\/hochzeit\\\/#primaryimage\",\"url\":\"https:\\\/\\\/www.slsevents.eu\\\/wp-content\\\/uploads\\\/2021\\\/03\\\/906850_518020804901135_1795074412_o.png\",\"contentUrl\":\"https:\\\/\\\/www.slsevents.eu\\\/wp-content\\\/uploads\\\/2021\\\/03\\\/906850_518020804901135_1795074412_o.png\"},{\"@type\":\"BreadcrumbList\",\"@id\":\"https:\\\/\\\/www.slsevents.eu\\\/events\\\/hochzeit\\\/#breadcrumb\",\"itemListElement\":[{\"@type\":\"ListItem\",\"position\":1,\"name\":\"Startseite\",\"item\":\"https:\\\/\\\/www.slsevents.eu\\\/\"},{\"@type\":\"ListItem\",\"position\":2,\"name\":\"EVENTS\",\"item\":\"https:\\\/\\\/www.slsevents.eu\\\/events\\\/\"},{\"@type\":\"ListItem\",\"position\":3,\"name\":\"Hochzeit\"}]},{\"@type\":\"WebSite\",\"@id\":\"https:\\\/\\\/www.slsevents.eu\\\/#website\",\"url\":\"https:\\\/\\\/www.slsevents.eu\\\/\",\"name\":\"SLS\",\"description\":\"event technology\",\"potentialAction\":[{\"@type\":\"SearchAction\",\"target\":{\"@type\":\"EntryPoint\",\"urlTemplate\":\"https:\\\/\\\/www.slsevents.eu\\\/?s={search_term_string}\"},\"query-input\":{\"@type\":\"PropertyValueSpecification\",\"valueRequired\":true,\"valueName\":\"search_term_string\"}}],\"inLanguage\":\"en-GB\"}]}<\/script>\n<!-- \/ Yoast SEO plugin. -->","yoast_head_json":{"title":"Hochzeit - SLS","description":"Um Ihren Hochzeitstag voll genie\u00dfen zu k\u00f6nnen, sollten Sie sich keine Gedanken um die Technik machen m\u00fcssen, dass erledigen wir f\u00fcr Sie.","robots":{"index":"index","follow":"follow","max-snippet":"max-snippet:-1","max-image-preview":"max-image-preview:large","max-video-preview":"max-video-preview:-1"},"canonical":"https:\/\/www.slsevents.eu\/en\/events\/hochzeit\/","og_locale":"en_GB","og_type":"article","og_title":"Hochzeit - SLS","og_description":"Um Ihren Hochzeitstag voll genie\u00dfen zu k\u00f6nnen, sollten Sie sich keine Gedanken um die Technik machen m\u00fcssen, dass erledigen wir f\u00fcr Sie.","og_url":"https:\/\/www.slsevents.eu\/en\/events\/hochzeit\/","og_site_name":"SLS","article_modified_time":"2021-04-16T16:08:12+00:00","og_image":[{"url":"https:\/\/www.slsevents.eu\/wp-content\/uploads\/2021\/03\/906850_518020804901135_1795074412_o.png","type":"","width":"","height":""}],"twitter_card":"summary_large_image","twitter_misc":{"Estimated reading time":"1 minute"},"schema":{"@context":"https:\/\/schema.org","@graph":[{"@type":"WebPage","@id":"https:\/\/www.slsevents.eu\/events\/hochzeit\/","url":"https:\/\/www.slsevents.eu\/events\/hochzeit\/","name":"Hochzeit - SLS","isPartOf":{"@id":"https:\/\/www.slsevents.eu\/#website"},"primaryImageOfPage":{"@id":"https:\/\/www.slsevents.eu\/events\/hochzeit\/#primaryimage"},"image":{"@id":"https:\/\/www.slsevents.eu\/events\/hochzeit\/#primaryimage"},"thumbnailUrl":"https:\/\/www.slsevents.eu\/wp-content\/uploads\/2021\/03\/906850_518020804901135_1795074412_o.png","datePublished":"2020-12-29T23:19:21+00:00","dateModified":"2021-04-16T16:08:12+00:00","description":"Um Ihren Hochzeitstag voll genie\u00dfen zu k\u00f6nnen, sollten Sie sich keine Gedanken um die Technik machen m\u00fcssen, dass erledigen wir f\u00fcr Sie.","breadcrumb":{"@id":"https:\/\/www.slsevents.eu\/events\/hochzeit\/#breadcrumb"},"inLanguage":"en-GB","potentialAction":[{"@type":"ReadAction","target":["https:\/\/www.slsevents.eu\/events\/hochzeit\/"]}]},{"@type":"ImageObject","inLanguage":"en-GB","@id":"https:\/\/www.slsevents.eu\/events\/hochzeit\/#primaryimage","url":"https:\/\/www.slsevents.eu\/wp-content\/uploads\/2021\/03\/906850_518020804901135_1795074412_o.png","contentUrl":"https:\/\/www.slsevents.eu\/wp-content\/uploads\/2021\/03\/906850_518020804901135_1795074412_o.png"},{"@type":"BreadcrumbList","@id":"https:\/\/www.slsevents.eu\/events\/hochzeit\/#breadcrumb","itemListElement":[{"@type":"ListItem","position":1,"name":"Startseite","item":"https:\/\/www.slsevents.eu\/"},{"@type":"ListItem","position":2,"name":"EVENTS","item":"https:\/\/www.slsevents.eu\/events\/"},{"@type":"ListItem","position":3,"name":"Hochzeit"}]},{"@type":"WebSite","@id":"https:\/\/www.slsevents.eu\/#website","url":"https:\/\/www.slsevents.eu\/","name":"SLS","description":"event technology","potentialAction":[{"@type":"SearchAction","target":{"@type":"EntryPoint","urlTemplate":"https:\/\/www.slsevents.eu\/?s={search_term_string}"},"query-input":{"@type":"PropertyValueSpecification","valueRequired":true,"valueName":"search_term_string"}}],"inLanguage":"en-GB"}]}},"_links":{"self":[{"href":"https:\/\/www.slsevents.eu\/en\/wp-json\/wp\/v2\/pages\/1808","targetHints":{"allow":["GET"]}}],"collection":[{"href":"https:\/\/www.slsevents.eu\/en\/wp-json\/wp\/v2\/pages"}],"about":[{"href":"https:\/\/www.slsevents.eu\/en\/wp-json\/wp\/v2\/types\/page"}],"author":[{"embeddable":true,"href":"https:\/\/www.slsevents.eu\/en\/wp-json\/wp\/v2\/users\/1"}],"replies":[{"embeddable":true,"href":"https:\/\/www.slsevents.eu\/en\/wp-json\/wp\/v2\/comments?post=1808"}],"version-history":[{"count":57,"href":"https:\/\/www.slsevents.eu\/en\/wp-json\/wp\/v2\/pages\/1808\/revisions"}],"predecessor-version":[{"id":5830,"href":"https:\/\/www.slsevents.eu\/en\/wp-json\/wp\/v2\/pages\/1808\/revisions\/5830"}],"up":[{"embeddable":true,"href":"https:\/\/www.slsevents.eu\/en\/wp-json\/wp\/v2\/pages\/1758"}],"wp:attachment":[{"href":"https:\/\/www.slsevents.eu\/en\/wp-json\/wp\/v2\/media?parent=1808"}],"curies":[{"name":"wp","href":"https:\/\/api.w.org\/{rel}","templated":true}]}}