{"id":1806,"date":"2020-12-30T00:17:59","date_gmt":"2020-12-29T23:17:59","guid":{"rendered":"https:\/\/www.slsevents.eu\/?page_id=1806"},"modified":"2021-04-13T13:05:43","modified_gmt":"2021-04-13T11:05:43","slug":"roadshow","status":"publish","type":"page","link":"https:\/\/www.slsevents.eu\/en\/events\/roadshow\/","title":{"rendered":"Roadshow"},"content":{"rendered":"<div data-elementor-type=\"wp-page\" data-elementor-id=\"1806\" class=\"elementor elementor-1806\" data-elementor-post-type=\"page\">\n\t\t\t\t\t\t<section class=\"elementor-section elementor-top-section elementor-element elementor-element-2229a2a0 elementor-section-full_width elementor-section-height-default elementor-section-height-default\" data-id=\"2229a2a0\" data-element_type=\"section\" data-e-type=\"section\">\n\t\t\t\t\t\t<div class=\"elementor-container elementor-column-gap-default\">\n\t\t\t\t\t<div class=\"elementor-column elementor-col-100 elementor-top-column elementor-element elementor-element-1c435f9f\" data-id=\"1c435f9f\" data-element_type=\"column\" data-e-type=\"column\">\n\t\t\t<div class=\"elementor-widget-wrap elementor-element-populated\">\n\t\t\t\t\t\t<div class=\"elementor-element elementor-element-3118d6e7 elementor-widget__width-inherit header-image elementor-widget elementor-widget-image\" data-id=\"3118d6e7\" data-element_type=\"widget\" data-e-type=\"widget\" data-widget_type=\"image.default\">\n\t\t\t\t<div class=\"elementor-widget-container\">\n\t\t\t\t\t\t\t\t\t\t\t\t\t\t\t<img fetchpriority=\"high\" decoding=\"async\" width=\"2560\" height=\"1706\" src=\"https:\/\/www.slsevents.eu\/wp-content\/uploads\/2021\/02\/AdobeStock_143683401-compressed-scaled.jpg\" class=\"attachment-full size-full wp-image-2506\" alt=\"\" srcset=\"https:\/\/www.slsevents.eu\/wp-content\/uploads\/2021\/02\/AdobeStock_143683401-compressed-scaled.jpg 2560w, https:\/\/www.slsevents.eu\/wp-content\/uploads\/2021\/02\/AdobeStock_143683401-compressed-300x200.jpg 300w, https:\/\/www.slsevents.eu\/wp-content\/uploads\/2021\/02\/AdobeStock_143683401-compressed-1024x683.jpg 1024w, https:\/\/www.slsevents.eu\/wp-content\/uploads\/2021\/02\/AdobeStock_143683401-compressed-768x512.jpg 768w, https:\/\/www.slsevents.eu\/wp-content\/uploads\/2021\/02\/AdobeStock_143683401-compressed-1536x1024.jpg 1536w, https:\/\/www.slsevents.eu\/wp-content\/uploads\/2021\/02\/AdobeStock_143683401-compressed-2048x1365.jpg 2048w, https:\/\/www.slsevents.eu\/wp-content\/uploads\/2021\/02\/AdobeStock_143683401-compressed-16x12.jpg 16w\" sizes=\"(max-width: 2560px) 100vw, 2560px\" \/>\t\t\t\t\t\t\t\t\t\t\t\t\t\t\t<\/div>\n\t\t\t\t<\/div>\n\t\t\t\t<div class=\"elementor-element elementor-element-66d29994 elementor-widget elementor-widget-text-editor\" data-id=\"66d29994\" data-element_type=\"widget\" data-e-type=\"widget\" data-widget_type=\"text-editor.default\">\n\t\t\t\t<div class=\"elementor-widget-container\">\n\t\t\t\t\t\t\t\t\t<h3>Roadshow<\/h3>\n<h6>Roadshows push staff and material to their limits.<\/h6>\n<p class=\"translation-block\">Seamless planning is a must to ensure that the event runs smoothly despite everything. Since things can quickly become hectic and therefore stressful on tour, we keep a clear head for you. You can rely on our staff and partners' many years of experience, which have already resulted in many unforgettable moments. Our equipment also withstands the high stresses of a roadshow, such as constant set-up and dismantling, as well as continual location changes. From the rental of technical equipment to a complete roadshow, we are happy to advise and support you.<\/p>\n<p>We would be delighted to be able to turn your visions into reality.<\/p>\t\t\t\t\t\t\t\t<\/div>\n\t\t\t\t<\/div>\n\t\t\t\t\t<\/div>\n\t\t<\/div>\n\t\t\t\t\t<\/div>\n\t\t<\/section>\n\t\t\t\t<\/div>","protected":false},"excerpt":{"rendered":"<p>Roadshow Roadshows bringen Personal und Material an Ihre Grenzen. Damit trotz allem ein reibungsloser Ablauf der Veranstaltung gew\u00e4hrleistet werden kann, ist eine l\u00fcckenlose Planung Pflicht. Da es auf Tour sehr schnell hektisch und damit auch stressig werden kann, behalten wir f\u00fcr Sie einen klaren Kopf. Vertrauen Sie auf die jahrelange Erfahrung unserer Mitarbeiter und Partner, [&hellip;]<\/p>\n","protected":false},"author":1,"featured_media":0,"parent":1758,"menu_order":0,"comment_status":"closed","ping_status":"closed","template":"elementor_header_footer","meta":{"footnotes":""},"class_list":["post-1806","page","type-page","status-publish","hentry"],"yoast_head":"<!-- This site is optimized with the Yoast SEO plugin v27.3 - https:\/\/yoast.com\/product\/yoast-seo-wordpress\/ -->\n<title>Roadshow - SLS<\/title>\n<meta name=\"description\" content=\"Roadshows bringen Personal und Material an Ihre Grenzen. Damit trotz allem ein reibungsloser Ablauf der Veranstaltung gew\u00e4hrleistet werden kann, ist eine l\u00fcckenlose Planung Pflicht.\" \/>\n<meta name=\"robots\" content=\"index, follow, max-snippet:-1, max-image-preview:large, max-video-preview:-1\" \/>\n<link rel=\"canonical\" href=\"https:\/\/www.slsevents.eu\/en\/events\/roadshow\/\" \/>\n<meta property=\"og:locale\" content=\"en_GB\" \/>\n<meta property=\"og:type\" content=\"article\" \/>\n<meta property=\"og:title\" content=\"Roadshow - SLS\" \/>\n<meta property=\"og:description\" content=\"Roadshows bringen Personal und Material an Ihre Grenzen. Damit trotz allem ein reibungsloser Ablauf der Veranstaltung gew\u00e4hrleistet werden kann, ist eine l\u00fcckenlose Planung Pflicht.\" \/>\n<meta property=\"og:url\" content=\"https:\/\/www.slsevents.eu\/en\/events\/roadshow\/\" \/>\n<meta property=\"og:site_name\" content=\"SLS\" \/>\n<meta property=\"article:modified_time\" content=\"2021-04-13T11:05:43+00:00\" \/>\n<meta property=\"og:image\" content=\"https:\/\/www.slsevents.eu\/wp-content\/uploads\/2021\/02\/AdobeStock_143683401-compressed-scaled.jpg\" \/>\n<meta name=\"twitter:card\" content=\"summary_large_image\" \/>\n<meta name=\"twitter:label1\" content=\"Estimated reading time\" \/>\n\t<meta name=\"twitter:data1\" content=\"1 minute\" \/>\n<script type=\"application\/ld+json\" class=\"yoast-schema-graph\">{\"@context\":\"https:\\\/\\\/schema.org\",\"@graph\":[{\"@type\":\"WebPage\",\"@id\":\"https:\\\/\\\/www.slsevents.eu\\\/events\\\/roadshow\\\/\",\"url\":\"https:\\\/\\\/www.slsevents.eu\\\/events\\\/roadshow\\\/\",\"name\":\"Roadshow - SLS\",\"isPartOf\":{\"@id\":\"https:\\\/\\\/www.slsevents.eu\\\/#website\"},\"primaryImageOfPage\":{\"@id\":\"https:\\\/\\\/www.slsevents.eu\\\/events\\\/roadshow\\\/#primaryimage\"},\"image\":{\"@id\":\"https:\\\/\\\/www.slsevents.eu\\\/events\\\/roadshow\\\/#primaryimage\"},\"thumbnailUrl\":\"https:\\\/\\\/www.slsevents.eu\\\/wp-content\\\/uploads\\\/2021\\\/02\\\/AdobeStock_143683401-compressed-scaled.jpg\",\"datePublished\":\"2020-12-29T23:17:59+00:00\",\"dateModified\":\"2021-04-13T11:05:43+00:00\",\"description\":\"Roadshows bringen Personal und Material an Ihre Grenzen. Damit trotz allem ein reibungsloser Ablauf der Veranstaltung gew\u00e4hrleistet werden kann, ist eine l\u00fcckenlose Planung Pflicht.\",\"breadcrumb\":{\"@id\":\"https:\\\/\\\/www.slsevents.eu\\\/events\\\/roadshow\\\/#breadcrumb\"},\"inLanguage\":\"en-GB\",\"potentialAction\":[{\"@type\":\"ReadAction\",\"target\":[\"https:\\\/\\\/www.slsevents.eu\\\/events\\\/roadshow\\\/\"]}]},{\"@type\":\"ImageObject\",\"inLanguage\":\"en-GB\",\"@id\":\"https:\\\/\\\/www.slsevents.eu\\\/events\\\/roadshow\\\/#primaryimage\",\"url\":\"https:\\\/\\\/www.slsevents.eu\\\/wp-content\\\/uploads\\\/2021\\\/02\\\/AdobeStock_143683401-compressed-scaled.jpg\",\"contentUrl\":\"https:\\\/\\\/www.slsevents.eu\\\/wp-content\\\/uploads\\\/2021\\\/02\\\/AdobeStock_143683401-compressed-scaled.jpg\"},{\"@type\":\"BreadcrumbList\",\"@id\":\"https:\\\/\\\/www.slsevents.eu\\\/events\\\/roadshow\\\/#breadcrumb\",\"itemListElement\":[{\"@type\":\"ListItem\",\"position\":1,\"name\":\"Startseite\",\"item\":\"https:\\\/\\\/www.slsevents.eu\\\/\"},{\"@type\":\"ListItem\",\"position\":2,\"name\":\"EVENTS\",\"item\":\"https:\\\/\\\/www.slsevents.eu\\\/events\\\/\"},{\"@type\":\"ListItem\",\"position\":3,\"name\":\"Roadshow\"}]},{\"@type\":\"WebSite\",\"@id\":\"https:\\\/\\\/www.slsevents.eu\\\/#website\",\"url\":\"https:\\\/\\\/www.slsevents.eu\\\/\",\"name\":\"SLS\",\"description\":\"event technology\",\"potentialAction\":[{\"@type\":\"SearchAction\",\"target\":{\"@type\":\"EntryPoint\",\"urlTemplate\":\"https:\\\/\\\/www.slsevents.eu\\\/?s={search_term_string}\"},\"query-input\":{\"@type\":\"PropertyValueSpecification\",\"valueRequired\":true,\"valueName\":\"search_term_string\"}}],\"inLanguage\":\"en-GB\"}]}<\/script>\n<!-- \/ Yoast SEO plugin. -->","yoast_head_json":{"title":"Roadshow - SLS","description":"Roadshows bringen Personal und Material an Ihre Grenzen. Damit trotz allem ein reibungsloser Ablauf der Veranstaltung gew\u00e4hrleistet werden kann, ist eine l\u00fcckenlose Planung Pflicht.","robots":{"index":"index","follow":"follow","max-snippet":"max-snippet:-1","max-image-preview":"max-image-preview:large","max-video-preview":"max-video-preview:-1"},"canonical":"https:\/\/www.slsevents.eu\/en\/events\/roadshow\/","og_locale":"en_GB","og_type":"article","og_title":"Roadshow - SLS","og_description":"Roadshows bringen Personal und Material an Ihre Grenzen. Damit trotz allem ein reibungsloser Ablauf der Veranstaltung gew\u00e4hrleistet werden kann, ist eine l\u00fcckenlose Planung Pflicht.","og_url":"https:\/\/www.slsevents.eu\/en\/events\/roadshow\/","og_site_name":"SLS","article_modified_time":"2021-04-13T11:05:43+00:00","og_image":[{"url":"https:\/\/www.slsevents.eu\/wp-content\/uploads\/2021\/02\/AdobeStock_143683401-compressed-scaled.jpg","type":"","width":"","height":""}],"twitter_card":"summary_large_image","twitter_misc":{"Estimated reading time":"1 minute"},"schema":{"@context":"https:\/\/schema.org","@graph":[{"@type":"WebPage","@id":"https:\/\/www.slsevents.eu\/events\/roadshow\/","url":"https:\/\/www.slsevents.eu\/events\/roadshow\/","name":"Roadshow - SLS","isPartOf":{"@id":"https:\/\/www.slsevents.eu\/#website"},"primaryImageOfPage":{"@id":"https:\/\/www.slsevents.eu\/events\/roadshow\/#primaryimage"},"image":{"@id":"https:\/\/www.slsevents.eu\/events\/roadshow\/#primaryimage"},"thumbnailUrl":"https:\/\/www.slsevents.eu\/wp-content\/uploads\/2021\/02\/AdobeStock_143683401-compressed-scaled.jpg","datePublished":"2020-12-29T23:17:59+00:00","dateModified":"2021-04-13T11:05:43+00:00","description":"Roadshows bringen Personal und Material an Ihre Grenzen. Damit trotz allem ein reibungsloser Ablauf der Veranstaltung gew\u00e4hrleistet werden kann, ist eine l\u00fcckenlose Planung Pflicht.","breadcrumb":{"@id":"https:\/\/www.slsevents.eu\/events\/roadshow\/#breadcrumb"},"inLanguage":"en-GB","potentialAction":[{"@type":"ReadAction","target":["https:\/\/www.slsevents.eu\/events\/roadshow\/"]}]},{"@type":"ImageObject","inLanguage":"en-GB","@id":"https:\/\/www.slsevents.eu\/events\/roadshow\/#primaryimage","url":"https:\/\/www.slsevents.eu\/wp-content\/uploads\/2021\/02\/AdobeStock_143683401-compressed-scaled.jpg","contentUrl":"https:\/\/www.slsevents.eu\/wp-content\/uploads\/2021\/02\/AdobeStock_143683401-compressed-scaled.jpg"},{"@type":"BreadcrumbList","@id":"https:\/\/www.slsevents.eu\/events\/roadshow\/#breadcrumb","itemListElement":[{"@type":"ListItem","position":1,"name":"Startseite","item":"https:\/\/www.slsevents.eu\/"},{"@type":"ListItem","position":2,"name":"EVENTS","item":"https:\/\/www.slsevents.eu\/events\/"},{"@type":"ListItem","position":3,"name":"Roadshow"}]},{"@type":"WebSite","@id":"https:\/\/www.slsevents.eu\/#website","url":"https:\/\/www.slsevents.eu\/","name":"SLS","description":"event technology","potentialAction":[{"@type":"SearchAction","target":{"@type":"EntryPoint","urlTemplate":"https:\/\/www.slsevents.eu\/?s={search_term_string}"},"query-input":{"@type":"PropertyValueSpecification","valueRequired":true,"valueName":"search_term_string"}}],"inLanguage":"en-GB"}]}},"_links":{"self":[{"href":"https:\/\/www.slsevents.eu\/en\/wp-json\/wp\/v2\/pages\/1806","targetHints":{"allow":["GET"]}}],"collection":[{"href":"https:\/\/www.slsevents.eu\/en\/wp-json\/wp\/v2\/pages"}],"about":[{"href":"https:\/\/www.slsevents.eu\/en\/wp-json\/wp\/v2\/types\/page"}],"author":[{"embeddable":true,"href":"https:\/\/www.slsevents.eu\/en\/wp-json\/wp\/v2\/users\/1"}],"replies":[{"embeddable":true,"href":"https:\/\/www.slsevents.eu\/en\/wp-json\/wp\/v2\/comments?post=1806"}],"version-history":[{"count":45,"href":"https:\/\/www.slsevents.eu\/en\/wp-json\/wp\/v2\/pages\/1806\/revisions"}],"predecessor-version":[{"id":5632,"href":"https:\/\/www.slsevents.eu\/en\/wp-json\/wp\/v2\/pages\/1806\/revisions\/5632"}],"up":[{"embeddable":true,"href":"https:\/\/www.slsevents.eu\/en\/wp-json\/wp\/v2\/pages\/1758"}],"wp:attachment":[{"href":"https:\/\/www.slsevents.eu\/en\/wp-json\/wp\/v2\/media?parent=1806"}],"curies":[{"name":"wp","href":"https:\/\/api.w.org\/{rel}","templated":true}]}}