{"id":1801,"date":"2020-12-30T00:16:57","date_gmt":"2020-12-29T23:16:57","guid":{"rendered":"https:\/\/www.slsevents.eu\/?page_id=1801"},"modified":"2021-04-12T18:35:54","modified_gmt":"2021-04-12T16:35:54","slug":"konzert","status":"publish","type":"page","link":"https:\/\/www.slsevents.eu\/en\/events\/konzert\/","title":{"rendered":"Concert"},"content":{"rendered":"<div data-elementor-type=\"wp-page\" data-elementor-id=\"1801\" class=\"elementor elementor-1801\" data-elementor-post-type=\"page\">\n\t\t\t\t\t\t<section class=\"elementor-section elementor-top-section elementor-element elementor-element-61c21313 elementor-section-full_width elementor-section-height-default elementor-section-height-default\" data-id=\"61c21313\" data-element_type=\"section\" data-e-type=\"section\">\n\t\t\t\t\t\t<div class=\"elementor-container elementor-column-gap-default\">\n\t\t\t\t\t<div class=\"elementor-column elementor-col-100 elementor-top-column elementor-element elementor-element-4751d9bd\" data-id=\"4751d9bd\" data-element_type=\"column\" data-e-type=\"column\">\n\t\t\t<div class=\"elementor-widget-wrap elementor-element-populated\">\n\t\t\t\t\t\t<div class=\"elementor-element elementor-element-569b55dd elementor-widget__width-inherit header-image elementor-widget elementor-widget-image\" data-id=\"569b55dd\" data-element_type=\"widget\" data-e-type=\"widget\" data-widget_type=\"image.default\">\n\t\t\t\t<div class=\"elementor-widget-container\">\n\t\t\t\t\t\t\t\t\t\t\t\t\t\t\t<img fetchpriority=\"high\" decoding=\"async\" width=\"1920\" height=\"1090\" src=\"https:\/\/www.slsevents.eu\/wp-content\/uploads\/2020\/12\/stadt-strand-band-1920x1090-1.jpg\" class=\"attachment-full size-full wp-image-1334\" alt=\"\" srcset=\"https:\/\/www.slsevents.eu\/wp-content\/uploads\/2020\/12\/stadt-strand-band-1920x1090-1.jpg 1920w, https:\/\/www.slsevents.eu\/wp-content\/uploads\/2020\/12\/stadt-strand-band-1920x1090-1-300x170.jpg 300w, https:\/\/www.slsevents.eu\/wp-content\/uploads\/2020\/12\/stadt-strand-band-1920x1090-1-1024x581.jpg 1024w, https:\/\/www.slsevents.eu\/wp-content\/uploads\/2020\/12\/stadt-strand-band-1920x1090-1-768x436.jpg 768w, https:\/\/www.slsevents.eu\/wp-content\/uploads\/2020\/12\/stadt-strand-band-1920x1090-1-1536x872.jpg 1536w\" sizes=\"(max-width: 1920px) 100vw, 1920px\" \/>\t\t\t\t\t\t\t\t\t\t\t\t\t\t\t<\/div>\n\t\t\t\t<\/div>\n\t\t\t\t<div class=\"elementor-element elementor-element-a5f4397 elementor-widget elementor-widget-heading\" data-id=\"a5f4397\" data-element_type=\"widget\" data-e-type=\"widget\" data-widget_type=\"heading.default\">\n\t\t\t\t<div class=\"elementor-widget-container\">\n\t\t\t\t\t<h2 class=\"elementor-heading-title elementor-size-default\">Concert<\/h2>\t\t\t\t<\/div>\n\t\t\t\t<\/div>\n\t\t\t\t<div class=\"elementor-element elementor-element-1145413 elementor-widget elementor-widget-spacer\" data-id=\"1145413\" data-element_type=\"widget\" data-e-type=\"widget\" data-widget_type=\"spacer.default\">\n\t\t\t\t<div class=\"elementor-widget-container\">\n\t\t\t\t\t\t\t<div class=\"elementor-spacer\">\n\t\t\t<div class=\"elementor-spacer-inner\"><\/div>\n\t\t<\/div>\n\t\t\t\t\t\t<\/div>\n\t\t\t\t<\/div>\n\t\t\t\t\t<\/div>\n\t\t<\/div>\n\t\t\t\t\t<\/div>\n\t\t<\/section>\n\t\t\t\t<section class=\"elementor-section elementor-top-section elementor-element elementor-element-438ffef elementor-hidden-phone elementor-section-boxed elementor-section-height-default elementor-section-height-default\" data-id=\"438ffef\" data-element_type=\"section\" data-e-type=\"section\" data-settings=\"{&quot;background_background&quot;:&quot;classic&quot;}\">\n\t\t\t\t\t\t<div class=\"elementor-container elementor-column-gap-default\">\n\t\t\t\t\t<div class=\"elementor-column elementor-col-100 elementor-top-column elementor-element elementor-element-06137ff\" data-id=\"06137ff\" data-element_type=\"column\" data-e-type=\"column\">\n\t\t\t<div class=\"elementor-widget-wrap elementor-element-populated\">\n\t\t\t\t\t\t<div class=\"elementor-element elementor-element-e78a754 elementor-widget elementor-widget-spacer\" data-id=\"e78a754\" data-element_type=\"widget\" data-e-type=\"widget\" data-widget_type=\"spacer.default\">\n\t\t\t\t<div class=\"elementor-widget-container\">\n\t\t\t\t\t\t\t<div class=\"elementor-spacer\">\n\t\t\t<div class=\"elementor-spacer-inner\"><\/div>\n\t\t<\/div>\n\t\t\t\t\t\t<\/div>\n\t\t\t\t<\/div>\n\t\t\t\t\t<\/div>\n\t\t<\/div>\n\t\t\t\t\t<\/div>\n\t\t<\/section>\n\t\t\t\t<section class=\"elementor-section elementor-top-section elementor-element elementor-element-35cccdb elementor-section-boxed elementor-section-height-default elementor-section-height-default\" data-id=\"35cccdb\" data-element_type=\"section\" data-e-type=\"section\">\n\t\t\t\t\t\t<div class=\"elementor-container elementor-column-gap-default\">\n\t\t\t\t\t<div class=\"elementor-column elementor-col-100 elementor-top-column elementor-element elementor-element-ce00c85\" data-id=\"ce00c85\" data-element_type=\"column\" data-e-type=\"column\">\n\t\t\t<div class=\"elementor-widget-wrap elementor-element-populated\">\n\t\t\t\t\t\t<div class=\"elementor-element elementor-element-1255cff elementor-widget elementor-widget-text-editor\" data-id=\"1255cff\" data-element_type=\"widget\" data-e-type=\"widget\" data-widget_type=\"text-editor.default\">\n\t\t\t\t<div class=\"elementor-widget-container\">\n\t\t\t\t\t\t\t\t\t<p>You would like to organise a concert, but you lack the necessary know-how? <br>Regardless of the number of visitors and size, we offer you everything from the idea to the final implementation from a single source as a full-service provider.<\/p>\n<p>We will provide you with an offer entirely according to your wishes, from small compact systems for smaller concerts with few visitors to open-air sound systems. The right choice of sound and lighting technology is the first step to a successful event. First-class equipment and years of experience are prerequisites for the perfect sound and the right lighting concept. Our specialists and master craftsmen pull out all the stops for you, taking into account all regulations, standards and codes of practice, to offer you the perfect show experience.<\/p>\n<p>We recommend the full service with professional technical support from our lighting and sound technicians for larger events.<\/p>\t\t\t\t\t\t\t\t<\/div>\n\t\t\t\t<\/div>\n\t\t\t\t\t<\/div>\n\t\t<\/div>\n\t\t\t\t\t<\/div>\n\t\t<\/section>\n\t\t\t\t<\/div>","protected":false},"excerpt":{"rendered":"<p>Konzert Sie m\u00f6chten ein Konzert veranstalten, aber Ihnen fehlt das n\u00f6tige Know-How? Egal welche Besucheranzahl und Gr\u00f6\u00dfe, wir als Full-Service Dienstleister bieten Ihren von der Idee bis zur finalen Umsetzung alles aus einer Hand. Von kleinen Kompaktanlagen f\u00fcr kleinere Konzerte mit wenig Besuchern bis zu Open Air Beschallungsanlagen, wir erstellen Ihnen ein Angebot ganz nach [&hellip;]<\/p>\n","protected":false},"author":1,"featured_media":0,"parent":1758,"menu_order":0,"comment_status":"closed","ping_status":"closed","template":"elementor_header_footer","meta":{"footnotes":""},"class_list":["post-1801","page","type-page","status-publish","hentry"],"yoast_head":"<!-- This site is optimized with the Yoast SEO plugin v27.3 - https:\/\/yoast.com\/product\/yoast-seo-wordpress\/ -->\n<title>Konzert - SLS<\/title>\n<meta name=\"description\" content=\"Sie m\u00f6chten ein Konzert veranstalten, aber ihnen fehlt das n\u00f6tige Know-How? Egal welche Besucheranzahl und Gr\u00f6\u00dfe, wir als Full-Service Dienstleister bieten Ihren von der Idee bis zu finalen Umsetzung alles aus einer Hand.\" \/>\n<meta name=\"robots\" content=\"index, follow, max-snippet:-1, max-image-preview:large, max-video-preview:-1\" \/>\n<link rel=\"canonical\" href=\"https:\/\/www.slsevents.eu\/en\/events\/konzert\/\" \/>\n<meta property=\"og:locale\" content=\"en_GB\" \/>\n<meta property=\"og:type\" content=\"article\" \/>\n<meta property=\"og:title\" content=\"Konzert - SLS\" \/>\n<meta property=\"og:description\" content=\"Sie m\u00f6chten ein Konzert veranstalten, aber ihnen fehlt das n\u00f6tige Know-How? Egal welche Besucheranzahl und Gr\u00f6\u00dfe, wir als Full-Service Dienstleister bieten Ihren von der Idee bis zu finalen Umsetzung alles aus einer Hand.\" \/>\n<meta property=\"og:url\" content=\"https:\/\/www.slsevents.eu\/en\/events\/konzert\/\" \/>\n<meta property=\"og:site_name\" content=\"SLS\" \/>\n<meta property=\"article:modified_time\" content=\"2021-04-12T16:35:54+00:00\" \/>\n<meta property=\"og:image\" content=\"https:\/\/www.slsevents.eu\/wp-content\/uploads\/2020\/12\/stadt-strand-band-1920x1090-1.jpg\" \/>\n<meta name=\"twitter:card\" content=\"summary_large_image\" \/>\n<meta name=\"twitter:label1\" content=\"Estimated reading time\" \/>\n\t<meta name=\"twitter:data1\" content=\"1 minute\" \/>\n<script type=\"application\/ld+json\" class=\"yoast-schema-graph\">{\"@context\":\"https:\\\/\\\/schema.org\",\"@graph\":[{\"@type\":\"WebPage\",\"@id\":\"https:\\\/\\\/www.slsevents.eu\\\/events\\\/konzert\\\/\",\"url\":\"https:\\\/\\\/www.slsevents.eu\\\/events\\\/konzert\\\/\",\"name\":\"Konzert - SLS\",\"isPartOf\":{\"@id\":\"https:\\\/\\\/www.slsevents.eu\\\/#website\"},\"primaryImageOfPage\":{\"@id\":\"https:\\\/\\\/www.slsevents.eu\\\/events\\\/konzert\\\/#primaryimage\"},\"image\":{\"@id\":\"https:\\\/\\\/www.slsevents.eu\\\/events\\\/konzert\\\/#primaryimage\"},\"thumbnailUrl\":\"https:\\\/\\\/www.slsevents.eu\\\/wp-content\\\/uploads\\\/2020\\\/12\\\/stadt-strand-band-1920x1090-1.jpg\",\"datePublished\":\"2020-12-29T23:16:57+00:00\",\"dateModified\":\"2021-04-12T16:35:54+00:00\",\"description\":\"Sie m\u00f6chten ein Konzert veranstalten, aber ihnen fehlt das n\u00f6tige Know-How? Egal welche Besucheranzahl und Gr\u00f6\u00dfe, wir als Full-Service Dienstleister bieten Ihren von der Idee bis zu finalen Umsetzung alles aus einer Hand.\",\"breadcrumb\":{\"@id\":\"https:\\\/\\\/www.slsevents.eu\\\/events\\\/konzert\\\/#breadcrumb\"},\"inLanguage\":\"en-GB\",\"potentialAction\":[{\"@type\":\"ReadAction\",\"target\":[\"https:\\\/\\\/www.slsevents.eu\\\/events\\\/konzert\\\/\"]}]},{\"@type\":\"ImageObject\",\"inLanguage\":\"en-GB\",\"@id\":\"https:\\\/\\\/www.slsevents.eu\\\/events\\\/konzert\\\/#primaryimage\",\"url\":\"https:\\\/\\\/www.slsevents.eu\\\/wp-content\\\/uploads\\\/2020\\\/12\\\/stadt-strand-band-1920x1090-1.jpg\",\"contentUrl\":\"https:\\\/\\\/www.slsevents.eu\\\/wp-content\\\/uploads\\\/2020\\\/12\\\/stadt-strand-band-1920x1090-1.jpg\"},{\"@type\":\"BreadcrumbList\",\"@id\":\"https:\\\/\\\/www.slsevents.eu\\\/events\\\/konzert\\\/#breadcrumb\",\"itemListElement\":[{\"@type\":\"ListItem\",\"position\":1,\"name\":\"Startseite\",\"item\":\"https:\\\/\\\/www.slsevents.eu\\\/\"},{\"@type\":\"ListItem\",\"position\":2,\"name\":\"EVENTS\",\"item\":\"https:\\\/\\\/www.slsevents.eu\\\/events\\\/\"},{\"@type\":\"ListItem\",\"position\":3,\"name\":\"Konzert\"}]},{\"@type\":\"WebSite\",\"@id\":\"https:\\\/\\\/www.slsevents.eu\\\/#website\",\"url\":\"https:\\\/\\\/www.slsevents.eu\\\/\",\"name\":\"SLS\",\"description\":\"event technology\",\"potentialAction\":[{\"@type\":\"SearchAction\",\"target\":{\"@type\":\"EntryPoint\",\"urlTemplate\":\"https:\\\/\\\/www.slsevents.eu\\\/?s={search_term_string}\"},\"query-input\":{\"@type\":\"PropertyValueSpecification\",\"valueRequired\":true,\"valueName\":\"search_term_string\"}}],\"inLanguage\":\"en-GB\"}]}<\/script>\n<!-- \/ Yoast SEO plugin. -->","yoast_head_json":{"title":"Konzert - SLS","description":"Sie m\u00f6chten ein Konzert veranstalten, aber ihnen fehlt das n\u00f6tige Know-How? Egal welche Besucheranzahl und Gr\u00f6\u00dfe, wir als Full-Service Dienstleister bieten Ihren von der Idee bis zu finalen Umsetzung alles aus einer Hand.","robots":{"index":"index","follow":"follow","max-snippet":"max-snippet:-1","max-image-preview":"max-image-preview:large","max-video-preview":"max-video-preview:-1"},"canonical":"https:\/\/www.slsevents.eu\/en\/events\/konzert\/","og_locale":"en_GB","og_type":"article","og_title":"Konzert - SLS","og_description":"Sie m\u00f6chten ein Konzert veranstalten, aber ihnen fehlt das n\u00f6tige Know-How? Egal welche Besucheranzahl und Gr\u00f6\u00dfe, wir als Full-Service Dienstleister bieten Ihren von der Idee bis zu finalen Umsetzung alles aus einer Hand.","og_url":"https:\/\/www.slsevents.eu\/en\/events\/konzert\/","og_site_name":"SLS","article_modified_time":"2021-04-12T16:35:54+00:00","og_image":[{"url":"https:\/\/www.slsevents.eu\/wp-content\/uploads\/2020\/12\/stadt-strand-band-1920x1090-1.jpg","type":"","width":"","height":""}],"twitter_card":"summary_large_image","twitter_misc":{"Estimated reading time":"1 minute"},"schema":{"@context":"https:\/\/schema.org","@graph":[{"@type":"WebPage","@id":"https:\/\/www.slsevents.eu\/events\/konzert\/","url":"https:\/\/www.slsevents.eu\/events\/konzert\/","name":"Konzert - SLS","isPartOf":{"@id":"https:\/\/www.slsevents.eu\/#website"},"primaryImageOfPage":{"@id":"https:\/\/www.slsevents.eu\/events\/konzert\/#primaryimage"},"image":{"@id":"https:\/\/www.slsevents.eu\/events\/konzert\/#primaryimage"},"thumbnailUrl":"https:\/\/www.slsevents.eu\/wp-content\/uploads\/2020\/12\/stadt-strand-band-1920x1090-1.jpg","datePublished":"2020-12-29T23:16:57+00:00","dateModified":"2021-04-12T16:35:54+00:00","description":"Sie m\u00f6chten ein Konzert veranstalten, aber ihnen fehlt das n\u00f6tige Know-How? Egal welche Besucheranzahl und Gr\u00f6\u00dfe, wir als Full-Service Dienstleister bieten Ihren von der Idee bis zu finalen Umsetzung alles aus einer Hand.","breadcrumb":{"@id":"https:\/\/www.slsevents.eu\/events\/konzert\/#breadcrumb"},"inLanguage":"en-GB","potentialAction":[{"@type":"ReadAction","target":["https:\/\/www.slsevents.eu\/events\/konzert\/"]}]},{"@type":"ImageObject","inLanguage":"en-GB","@id":"https:\/\/www.slsevents.eu\/events\/konzert\/#primaryimage","url":"https:\/\/www.slsevents.eu\/wp-content\/uploads\/2020\/12\/stadt-strand-band-1920x1090-1.jpg","contentUrl":"https:\/\/www.slsevents.eu\/wp-content\/uploads\/2020\/12\/stadt-strand-band-1920x1090-1.jpg"},{"@type":"BreadcrumbList","@id":"https:\/\/www.slsevents.eu\/events\/konzert\/#breadcrumb","itemListElement":[{"@type":"ListItem","position":1,"name":"Startseite","item":"https:\/\/www.slsevents.eu\/"},{"@type":"ListItem","position":2,"name":"EVENTS","item":"https:\/\/www.slsevents.eu\/events\/"},{"@type":"ListItem","position":3,"name":"Konzert"}]},{"@type":"WebSite","@id":"https:\/\/www.slsevents.eu\/#website","url":"https:\/\/www.slsevents.eu\/","name":"SLS","description":"event technology","potentialAction":[{"@type":"SearchAction","target":{"@type":"EntryPoint","urlTemplate":"https:\/\/www.slsevents.eu\/?s={search_term_string}"},"query-input":{"@type":"PropertyValueSpecification","valueRequired":true,"valueName":"search_term_string"}}],"inLanguage":"en-GB"}]}},"_links":{"self":[{"href":"https:\/\/www.slsevents.eu\/en\/wp-json\/wp\/v2\/pages\/1801","targetHints":{"allow":["GET"]}}],"collection":[{"href":"https:\/\/www.slsevents.eu\/en\/wp-json\/wp\/v2\/pages"}],"about":[{"href":"https:\/\/www.slsevents.eu\/en\/wp-json\/wp\/v2\/types\/page"}],"author":[{"embeddable":true,"href":"https:\/\/www.slsevents.eu\/en\/wp-json\/wp\/v2\/users\/1"}],"replies":[{"embeddable":true,"href":"https:\/\/www.slsevents.eu\/en\/wp-json\/wp\/v2\/comments?post=1801"}],"version-history":[{"count":46,"href":"https:\/\/www.slsevents.eu\/en\/wp-json\/wp\/v2\/pages\/1801\/revisions"}],"predecessor-version":[{"id":16645,"href":"https:\/\/www.slsevents.eu\/en\/wp-json\/wp\/v2\/pages\/1801\/revisions\/16645"}],"up":[{"embeddable":true,"href":"https:\/\/www.slsevents.eu\/en\/wp-json\/wp\/v2\/pages\/1758"}],"wp:attachment":[{"href":"https:\/\/www.slsevents.eu\/en\/wp-json\/wp\/v2\/media?parent=1801"}],"curies":[{"name":"wp","href":"https:\/\/api.w.org\/{rel}","templated":true}]}}