{"id":1796,"date":"2020-12-30T00:15:39","date_gmt":"2020-12-29T23:15:39","guid":{"rendered":"https:\/\/www.slsevents.eu\/?page_id=1796"},"modified":"2021-04-16T18:04:53","modified_gmt":"2021-04-16T16:04:53","slug":"ausstellung","status":"publish","type":"page","link":"https:\/\/www.slsevents.eu\/en\/events\/ausstellung\/","title":{"rendered":"Exhibition"},"content":{"rendered":"<div data-elementor-type=\"wp-page\" data-elementor-id=\"1796\" class=\"elementor elementor-1796\" data-elementor-post-type=\"page\">\n\t\t\t\t\t\t<section class=\"elementor-section elementor-top-section elementor-element elementor-element-6435cbd5 elementor-section-full_width elementor-section-height-default elementor-section-height-default\" data-id=\"6435cbd5\" data-element_type=\"section\" data-e-type=\"section\">\n\t\t\t\t\t\t<div class=\"elementor-container elementor-column-gap-default\">\n\t\t\t\t\t<div class=\"elementor-column elementor-col-100 elementor-top-column elementor-element elementor-element-7af05407\" data-id=\"7af05407\" data-element_type=\"column\" data-e-type=\"column\">\n\t\t\t<div class=\"elementor-widget-wrap elementor-element-populated\">\n\t\t\t\t\t\t<div class=\"elementor-element elementor-element-63629bd6 elementor-widget__width-inherit header-image elementor-widget elementor-widget-image\" data-id=\"63629bd6\" data-element_type=\"widget\" data-e-type=\"widget\" data-widget_type=\"image.default\">\n\t\t\t\t<div class=\"elementor-widget-container\">\n\t\t\t\t\t\t\t\t\t\t\t\t\t\t\t<img fetchpriority=\"high\" decoding=\"async\" width=\"2560\" height=\"1707\" src=\"https:\/\/www.slsevents.eu\/wp-content\/uploads\/2021\/03\/F0A4826-scaled.jpg\" class=\"attachment-full size-full wp-image-3269\" alt=\"\" srcset=\"https:\/\/www.slsevents.eu\/wp-content\/uploads\/2021\/03\/F0A4826-scaled.jpg 2560w, https:\/\/www.slsevents.eu\/wp-content\/uploads\/2021\/03\/F0A4826-300x200.jpg 300w, https:\/\/www.slsevents.eu\/wp-content\/uploads\/2021\/03\/F0A4826-1024x683.jpg 1024w, https:\/\/www.slsevents.eu\/wp-content\/uploads\/2021\/03\/F0A4826-768x512.jpg 768w, https:\/\/www.slsevents.eu\/wp-content\/uploads\/2021\/03\/F0A4826-1536x1024.jpg 1536w, https:\/\/www.slsevents.eu\/wp-content\/uploads\/2021\/03\/F0A4826-2048x1366.jpg 2048w, https:\/\/www.slsevents.eu\/wp-content\/uploads\/2021\/03\/F0A4826-16x12.jpg 16w\" sizes=\"(max-width: 2560px) 100vw, 2560px\" \/>\t\t\t\t\t\t\t\t\t\t\t\t\t\t\t<\/div>\n\t\t\t\t<\/div>\n\t\t\t\t<div class=\"elementor-element elementor-element-4d6ce11b elementor-widget elementor-widget-text-editor\" data-id=\"4d6ce11b\" data-element_type=\"widget\" data-e-type=\"widget\" data-widget_type=\"text-editor.default\">\n\t\t\t\t<div class=\"elementor-widget-container\">\n\t\t\t\t\t\t\t\t\t<h2>Exhibition<\/h2><h5 class=\"docData;DOCY;v5;1887;BQiAAgAAEYQCAAAGiAIAAAOVBQAABaMFAAAAAAAAAAAAAAAAAAAAAAAAAAAAAAAAAAAAAAAAAAAAAAAAAAAAAAAAAAAAAAAAAAAAAAAAAAAAAAAAAAAAAAAAAAAAAAAAAAAAAAAAAAAAAAAAAAAAAAAAAAAAAAAAAAAAAAAAAAAAAAAAAAAAAAAAAAAAAAAAAAAAAAAAAAAAAAAAAAAAAAAAAAAAAAAAAAAAAAAAAAAAAAAAAAAAAAAAAAAAAAAAAAAAAAAAAAAAAAAAAAAAAAAAAAAAAAAAAAAAAAAAAAAAAAAAAAAAAAAAAAAAAAAAAAAAAAAAAAAAAAAAAAAAAAAAAAAAAAAAAAAAAAAAAAAAAAAAAAAAAAAAAAAAAAAAAAAAAAAAAAAAAAAAAAAAAAAAAAAAAAAAAAAAAAAAAAAAAAAAAAAAAAAAAAAAAAAAAAAAAAAAAAAAAAAAAAAAAAAAAAAAAAAAAAAAAAAAAAAAAAAAAAAAAAAAAAAAAAAAAAAAAAAAAAAAAAAAAAAAAAAAAAAAAAAAAAAAAAAAAAAAAAAAAAAAAAAAAAAAAAAAAAAAAAAAAAAAAAAAAAAAAAAAAAAAAAAAAAAAAAAAAAAAAAAAAAAAAAAAAAAAAAAAAAAAAAAAAAAAAAAAAAAAAAAAAAAAAAAAAAAAAAAAAAAAAAAAAAAAAAAAAAAAAAAAAAAAAAAAAAAAAAAAAAAAAAAAAAAAAAAAAAAAAAAAAAAAAAAAAAAAAAAAAAAAAAAAAAAAAAAAAAAAAAAAAAAAAAAAAAAAAAAAAAAAAAAAAAAAAAAAAAAAAAAAAAAAAAAAAAAAAAAAAAAAAAAAAAAAAAAAAAAAAAAACQMAAADnAQAAATMAAAAAAQABBgAAAAAFAQEJBhUAAAAnBAMBAAALAQEoBAAAAAApBAAAAAAaBgAAAAAbBgAAAAACqgEAAAU\/AQAAAQAAAAAINQEAAAAwAQAAQQB1AHMAcwB0AGUAbABsAHUAbgBnAGUAbgAgAGsAbwBtAG0AZQBuACAAaQBuACAAdgBlAHIAcwBjAGgAaQBlAGQAZQBuAHMAdABlAG4AIABHAHIA9gDfAGUAbgAgAHUAbgBkACAAVgBhAHIAaQBhAHQAaQBvAG4AZQBuAC4AIABEAGEAcwAgAEgAYQB1AHAAbQBlAHIAawBtAGEAbAAgAHcAZQBsAGMAaABlAHMAIABzAGkAZQAgAHYAbwBuACAAYQBiAGUAcgAgAE0AZQBzAHMAZQBuACAAdQBuAHQAZQByAHMAYwBoAGUAaQBkAGUAdAAgAGkAcwB0ACAAZABpAGUAIABEAGEAdQBlAHIAIAB1AG4AZAAgAGQAZQBuACAAZABhAGQAdQByAGMAaAAgAAUtAAAAAQAAAAAIIwAAAAAeAAAAZwBlAHIA\/ABjAGsAdABlAG4AIABGAG8AawB1AHMABREAAAABAAAAAAgHAAAAAAIAAAAuAAUKAAAAAQAAAAAIAAAAAAUKAAAAAQAAAAAIAAAAAAAYAQAAARgAAAABBgAAAAAJBgAAAAAaBgAAAAAbBgAAAAAC9gAAAAWnAAAAAQAAAAAInQAAAACYAAAARQBmAGYAaQB6AGkAZQBuAHoAIAB1AG4AZAAgAE4AYQBjAGgAaABhAGwAdABpAGcAawBlAGkAdAAgAGQAZQByACAAZQBpAG4AZwBlAHMAZQB0AHoAdABlAG4AIABNAGEAdABlAHIAaQBhAGwAaQBlAG4AIABzAHQAZQBoAGUAbgAgAGgAaQBlAHIAYgBlAGkAIABpAG0AIAAFJwAAAAEAAAAACB0AAAAAGAAAAFIAYQBtAHAAZQBuAGwAaQBjAGgAdAAuAAUKAAAAAQAAAAAIAAAAAAUKAAAAAQAAAAAIAAAAAAoAAAAAAAAAABEAAAAAuAEAAADcAAAAAAEAAQYSAAAAJAQAAAAAJQQAAAAAJgQAAAAABQEBBgEABwEACAEACQYbAAAAJwQDAQAACwEBHAEAKAQAAAAAHQEAKQSgAAAADgYIAAAAAAEBAQP\/\/\/8ZAQEbBn0AAAAAFAAAAAADAAAABQQAAAAABgQEAAAAAwEAARQAAAAAAwAAAAUEAAAAAAYEBAAAAAMBAAIUAAAAAAMAAAAFBAAAAAAGBAQAAAADAQADFAAAAAADAAAABQQAAAAABgQEAAAAAwEACxQAAAAAAwAAAAUEAAAAAAYEBAAAAAMBAAHNAAAAAAEAAQEAAgEAAwEABAYOAAAAQwBhAGwAaQBiAHIAaQAFBg4AAABDAGEAbABpAGIAcgBpAAcGDgAAAEMAYQBsAGkAYgByAGkABgYOAAAAQwBhAGwAaQBiAHIAaQATAQEIBBYAAAAKAQAMAQAmBAAAAAAPAQAQAQARAQAnBAAAAAAUAQAVAQAWBBYAAAAXAQAYAQAZBgoAAABkAGUALQBEAEUAGgYKAAAAYQByAC0AUwBBABsGCgAAAGUAbgAtAFUAUwAcBgIAAAAAAB4BAAIAAAAA\">Exhibitions come in a wide variety of sizes and variations. The main focus is on product presentation.\u00a0<\/h5><p>Visual displays are used to put your product in the right light and present it to prospective customers or clients. This includes displays, video walls, screens, projection mapping and much more.\u00a0<\/p><p class=\"docData;DOCY;v5;1887;BQiAAgAAEYQCAAAGiAIAAAOVBQAABaMFAAAAAAAAAAAAAAAAAAAAAAAAAAAAAAAAAAAAAAAAAAAAAAAAAAAAAAAAAAAAAAAAAAAAAAAAAAAAAAAAAAAAAAAAAAAAAAAAAAAAAAAAAAAAAAAAAAAAAAAAAAAAAAAAAAAAAAAAAAAAAAAAAAAAAAAAAAAAAAAAAAAAAAAAAAAAAAAAAAAAAAAAAAAAAAAAAAAAAAAAAAAAAAAAAAAAAAAAAAAAAAAAAAAAAAAAAAAAAAAAAAAAAAAAAAAAAAAAAAAAAAAAAAAAAAAAAAAAAAAAAAAAAAAAAAAAAAAAAAAAAAAAAAAAAAAAAAAAAAAAAAAAAAAAAAAAAAAAAAAAAAAAAAAAAAAAAAAAAAAAAAAAAAAAAAAAAAAAAAAAAAAAAAAAAAAAAAAAAAAAAAAAAAAAAAAAAAAAAAAAAAAAAAAAAAAAAAAAAAAAAAAAAAAAAAAAAAAAAAAAAAAAAAAAAAAAAAAAAAAAAAAAAAAAAAAAAAAAAAAAAAAAAAAAAAAAAAAAAAAAAAAAAAAAAAAAAAAAAAAAAAAAAAAAAAAAAAAAAAAAAAAAAAAAAAAAAAAAAAAAAAAAAAAAAAAAAAAAAAAAAAAAAAAAAAAAAAAAAAAAAAAAAAAAAAAAAAAAAAAAAAAAAAAAAAAAAAAAAAAAAAAAAAAAAAAAAAAAAAAAAAAAAAAAAAAAAAAAAAAAAAAAAAAAAAAAAAAAAAAAAAAAAAAAAAAAAAAAAAAAAAAAAAAAAAAAAAAAAAAAAAAAAAAAAAAAAAAAAAAAAAAAAAAAAAAAAAAAAAAAAAAAAAAAAAAAAAAAAAAAAAAAAAAAAAAACQMAAADnAQAAATMAAAAAAQABBgAAAAAFAQEJBhUAAAAnBAMBAAALAQEoBAAAAAApBAAAAAAaBgAAAAAbBgAAAAACqgEAAAU\/AQAAAQAAAAAINQEAAAAwAQAAQQB1AHMAcwB0AGUAbABsAHUAbgBnAGUAbgAgAGsAbwBtAG0AZQBuACAAaQBuACAAdgBlAHIAcwBjAGgAaQBlAGQAZQBuAHMAdABlAG4AIABHAHIA9gDfAGUAbgAgAHUAbgBkACAAVgBhAHIAaQBhAHQAaQBvAG4AZQBuAC4AIABEAGEAcwAgAEgAYQB1AHAAbQBlAHIAawBtAGEAbAAgAHcAZQBsAGMAaABlAHMAIABzAGkAZQAgAHYAbwBuACAAYQBiAGUAcgAgAE0AZQBzAHMAZQBuACAAdQBuAHQAZQByAHMAYwBoAGUAaQBkAGUAdAAgAGkAcwB0ACAAZABpAGUAIABEAGEAdQBlAHIAIAB1AG4AZAAgAGQAZQBuACAAZABhAGQAdQByAGMAaAAgAAUtAAAAAQAAAAAIIwAAAAAeAAAAZwBlAHIA\/ABjAGsAdABlAG4AIABGAG8AawB1AHMABREAAAABAAAAAAgHAAAAAAIAAAAuAAUKAAAAAQAAAAAIAAAAAAUKAAAAAQAAAAAIAAAAAAAYAQAAARgAAAABBgAAAAAJBgAAAAAaBgAAAAAbBgAAAAAC9gAAAAWnAAAAAQAAAAAInQAAAACYAAAARQBmAGYAaQB6AGkAZQBuAHoAIAB1AG4AZAAgAE4AYQBjAGgAaABhAGwAdABpAGcAawBlAGkAdAAgAGQAZQByACAAZQBpAG4AZwBlAHMAZQB0AHoAdABlAG4AIABNAGEAdABlAHIAaQBhAGwAaQBlAG4AIABzAHQAZQBoAGUAbgAgAGgAaQBlAHIAYgBlAGkAIABpAG0AIAAFJwAAAAEAAAAACB0AAAAAGAAAAFIAYQBtAHAAZQBuAGwAaQBjAGgAdAAuAAUKAAAAAQAAAAAIAAAAAAUKAAAAAQAAAAAIAAAAAAoAAAAAAAAAABEAAAAAuAEAAADcAAAAAAEAAQYSAAAAJAQAAAAAJQQAAAAAJgQAAAAABQEBBgEABwEACAEACQYbAAAAJwQDAQAACwEBHAEAKAQAAAAAHQEAKQSgAAAADgYIAAAAAAEBAQP\/\/\/8ZAQEbBn0AAAAAFAAAAAADAAAABQQAAAAABgQEAAAAAwEAARQAAAAAAwAAAAUEAAAAAAYEBAAAAAMBAAIUAAAAAAMAAAAFBAAAAAAGBAQAAAADAQADFAAAAAADAAAABQQAAAAABgQEAAAAAwEACxQAAAAAAwAAAAUEAAAAAAYEBAAAAAMBAAHNAAAAAAEAAQEAAgEAAwEABAYOAAAAQwBhAGwAaQBiAHIAaQAFBg4AAABDAGEAbABpAGIAcgBpAAcGDgAAAEMAYQBsAGkAYgByAGkABgYOAAAAQwBhAGwAaQBiAHIAaQATAQEIBBYAAAAKAQAMAQAmBAAAAAAPAQAQAQARAQAnBAAAAAAUAQAVAQAWBBYAAAAXAQAYAQAZBgoAAABkAGUALQBEAEUAGgYKAAAAYQByAC0AUwBBABsGCgAAAGUAbgAtAFUAUwAcBgIAAAAAAB4BAAIAAAAA\">However, the main features that distinguish them from trade fairs are the duration and the resulting focus on the reliability of the technology. Therefore, we take special care to ensure that the materials we use are both durable and efficient and sustainable, as these factors are essential to us.<br \/>Whether it is for a temporary exhibition for a few days or even a permanent installation for several months or years, we will be happy to advise you on using appropriate technology and the regulations to be observed.<\/p>\t\t\t\t\t\t\t\t<\/div>\n\t\t\t\t<\/div>\n\t\t\t\t\t<\/div>\n\t\t<\/div>\n\t\t\t\t\t<\/div>\n\t\t<\/section>\n\t\t\t\t<\/div>","protected":false},"excerpt":{"rendered":"<p>Ausstellung Ausstellungen kommen in verschiedensten Gr\u00f6\u00dfen und Variationen. Der Schwerpunkt liegt bei der Produktpr\u00e4sentation.\u00a0 Um Ihr Produkt in das richtige Licht zu r\u00fccken und es Interessenten oder Kunden vorzustellen, werden haupts\u00e4chlich visuelle Darstellungen genutzt. Hierzu geh\u00f6ren Displays, Videowalls, Leinw\u00e4nde, Projektionsmapping und vieles mehr.\u00a0 Die Hauptmerkmale, welches sie aber von Messen unterscheidet, sind sowohl die Dauer, [&hellip;]<\/p>\n","protected":false},"author":1,"featured_media":0,"parent":1758,"menu_order":0,"comment_status":"closed","ping_status":"closed","template":"elementor_header_footer","meta":{"footnotes":""},"class_list":["post-1796","page","type-page","status-publish","hentry"],"yoast_head":"<!-- This site is optimized with the Yoast SEO plugin v27.3 - https:\/\/yoast.com\/product\/yoast-seo-wordpress\/ -->\n<title>Ausstellung - SLS<\/title>\n<meta name=\"description\" content=\"Verleihen sie ihrer Ausstellung einen zus\u00e4tzliches Glow Up. Setzen sie mit unserer Hilfe bestimmte Details in den Fokus.\" \/>\n<meta name=\"robots\" content=\"index, follow, max-snippet:-1, max-image-preview:large, max-video-preview:-1\" \/>\n<link rel=\"canonical\" href=\"https:\/\/www.slsevents.eu\/en\/events\/ausstellung\/\" \/>\n<meta property=\"og:locale\" content=\"en_GB\" \/>\n<meta property=\"og:type\" content=\"article\" \/>\n<meta property=\"og:title\" content=\"Ausstellung - SLS\" \/>\n<meta property=\"og:description\" content=\"Verleihen sie ihrer Ausstellung einen zus\u00e4tzliches Glow Up. Setzen sie mit unserer Hilfe bestimmte Details in den Fokus.\" \/>\n<meta property=\"og:url\" content=\"https:\/\/www.slsevents.eu\/en\/events\/ausstellung\/\" \/>\n<meta property=\"og:site_name\" content=\"SLS\" \/>\n<meta property=\"article:modified_time\" content=\"2021-04-16T16:04:53+00:00\" \/>\n<meta property=\"og:image\" content=\"https:\/\/www.slsevents.eu\/wp-content\/uploads\/2021\/03\/F0A4826-scaled.jpg\" \/>\n<meta name=\"twitter:card\" content=\"summary_large_image\" \/>\n<meta name=\"twitter:label1\" content=\"Estimated reading time\" \/>\n\t<meta name=\"twitter:data1\" content=\"1 minute\" \/>\n<script type=\"application\/ld+json\" class=\"yoast-schema-graph\">{\"@context\":\"https:\\\/\\\/schema.org\",\"@graph\":[{\"@type\":\"WebPage\",\"@id\":\"https:\\\/\\\/www.slsevents.eu\\\/events\\\/ausstellung\\\/\",\"url\":\"https:\\\/\\\/www.slsevents.eu\\\/events\\\/ausstellung\\\/\",\"name\":\"Ausstellung - SLS\",\"isPartOf\":{\"@id\":\"https:\\\/\\\/www.slsevents.eu\\\/#website\"},\"primaryImageOfPage\":{\"@id\":\"https:\\\/\\\/www.slsevents.eu\\\/events\\\/ausstellung\\\/#primaryimage\"},\"image\":{\"@id\":\"https:\\\/\\\/www.slsevents.eu\\\/events\\\/ausstellung\\\/#primaryimage\"},\"thumbnailUrl\":\"https:\\\/\\\/www.slsevents.eu\\\/wp-content\\\/uploads\\\/2021\\\/03\\\/F0A4826-scaled.jpg\",\"datePublished\":\"2020-12-29T23:15:39+00:00\",\"dateModified\":\"2021-04-16T16:04:53+00:00\",\"description\":\"Verleihen sie ihrer Ausstellung einen zus\u00e4tzliches Glow Up. Setzen sie mit unserer Hilfe bestimmte Details in den Fokus.\",\"breadcrumb\":{\"@id\":\"https:\\\/\\\/www.slsevents.eu\\\/events\\\/ausstellung\\\/#breadcrumb\"},\"inLanguage\":\"en-GB\",\"potentialAction\":[{\"@type\":\"ReadAction\",\"target\":[\"https:\\\/\\\/www.slsevents.eu\\\/events\\\/ausstellung\\\/\"]}]},{\"@type\":\"ImageObject\",\"inLanguage\":\"en-GB\",\"@id\":\"https:\\\/\\\/www.slsevents.eu\\\/events\\\/ausstellung\\\/#primaryimage\",\"url\":\"https:\\\/\\\/www.slsevents.eu\\\/wp-content\\\/uploads\\\/2021\\\/03\\\/F0A4826-scaled.jpg\",\"contentUrl\":\"https:\\\/\\\/www.slsevents.eu\\\/wp-content\\\/uploads\\\/2021\\\/03\\\/F0A4826-scaled.jpg\"},{\"@type\":\"BreadcrumbList\",\"@id\":\"https:\\\/\\\/www.slsevents.eu\\\/events\\\/ausstellung\\\/#breadcrumb\",\"itemListElement\":[{\"@type\":\"ListItem\",\"position\":1,\"name\":\"Startseite\",\"item\":\"https:\\\/\\\/www.slsevents.eu\\\/\"},{\"@type\":\"ListItem\",\"position\":2,\"name\":\"EVENTS\",\"item\":\"https:\\\/\\\/www.slsevents.eu\\\/events\\\/\"},{\"@type\":\"ListItem\",\"position\":3,\"name\":\"Ausstellung\"}]},{\"@type\":\"WebSite\",\"@id\":\"https:\\\/\\\/www.slsevents.eu\\\/#website\",\"url\":\"https:\\\/\\\/www.slsevents.eu\\\/\",\"name\":\"SLS\",\"description\":\"event technology\",\"potentialAction\":[{\"@type\":\"SearchAction\",\"target\":{\"@type\":\"EntryPoint\",\"urlTemplate\":\"https:\\\/\\\/www.slsevents.eu\\\/?s={search_term_string}\"},\"query-input\":{\"@type\":\"PropertyValueSpecification\",\"valueRequired\":true,\"valueName\":\"search_term_string\"}}],\"inLanguage\":\"en-GB\"}]}<\/script>\n<!-- \/ Yoast SEO plugin. -->","yoast_head_json":{"title":"Ausstellung - SLS","description":"Verleihen sie ihrer Ausstellung einen zus\u00e4tzliches Glow Up. Setzen sie mit unserer Hilfe bestimmte Details in den Fokus.","robots":{"index":"index","follow":"follow","max-snippet":"max-snippet:-1","max-image-preview":"max-image-preview:large","max-video-preview":"max-video-preview:-1"},"canonical":"https:\/\/www.slsevents.eu\/en\/events\/ausstellung\/","og_locale":"en_GB","og_type":"article","og_title":"Ausstellung - SLS","og_description":"Verleihen sie ihrer Ausstellung einen zus\u00e4tzliches Glow Up. Setzen sie mit unserer Hilfe bestimmte Details in den Fokus.","og_url":"https:\/\/www.slsevents.eu\/en\/events\/ausstellung\/","og_site_name":"SLS","article_modified_time":"2021-04-16T16:04:53+00:00","og_image":[{"url":"https:\/\/www.slsevents.eu\/wp-content\/uploads\/2021\/03\/F0A4826-scaled.jpg","type":"","width":"","height":""}],"twitter_card":"summary_large_image","twitter_misc":{"Estimated reading time":"1 minute"},"schema":{"@context":"https:\/\/schema.org","@graph":[{"@type":"WebPage","@id":"https:\/\/www.slsevents.eu\/events\/ausstellung\/","url":"https:\/\/www.slsevents.eu\/events\/ausstellung\/","name":"Ausstellung - SLS","isPartOf":{"@id":"https:\/\/www.slsevents.eu\/#website"},"primaryImageOfPage":{"@id":"https:\/\/www.slsevents.eu\/events\/ausstellung\/#primaryimage"},"image":{"@id":"https:\/\/www.slsevents.eu\/events\/ausstellung\/#primaryimage"},"thumbnailUrl":"https:\/\/www.slsevents.eu\/wp-content\/uploads\/2021\/03\/F0A4826-scaled.jpg","datePublished":"2020-12-29T23:15:39+00:00","dateModified":"2021-04-16T16:04:53+00:00","description":"Verleihen sie ihrer Ausstellung einen zus\u00e4tzliches Glow Up. Setzen sie mit unserer Hilfe bestimmte Details in den Fokus.","breadcrumb":{"@id":"https:\/\/www.slsevents.eu\/events\/ausstellung\/#breadcrumb"},"inLanguage":"en-GB","potentialAction":[{"@type":"ReadAction","target":["https:\/\/www.slsevents.eu\/events\/ausstellung\/"]}]},{"@type":"ImageObject","inLanguage":"en-GB","@id":"https:\/\/www.slsevents.eu\/events\/ausstellung\/#primaryimage","url":"https:\/\/www.slsevents.eu\/wp-content\/uploads\/2021\/03\/F0A4826-scaled.jpg","contentUrl":"https:\/\/www.slsevents.eu\/wp-content\/uploads\/2021\/03\/F0A4826-scaled.jpg"},{"@type":"BreadcrumbList","@id":"https:\/\/www.slsevents.eu\/events\/ausstellung\/#breadcrumb","itemListElement":[{"@type":"ListItem","position":1,"name":"Startseite","item":"https:\/\/www.slsevents.eu\/"},{"@type":"ListItem","position":2,"name":"EVENTS","item":"https:\/\/www.slsevents.eu\/events\/"},{"@type":"ListItem","position":3,"name":"Ausstellung"}]},{"@type":"WebSite","@id":"https:\/\/www.slsevents.eu\/#website","url":"https:\/\/www.slsevents.eu\/","name":"SLS","description":"event technology","potentialAction":[{"@type":"SearchAction","target":{"@type":"EntryPoint","urlTemplate":"https:\/\/www.slsevents.eu\/?s={search_term_string}"},"query-input":{"@type":"PropertyValueSpecification","valueRequired":true,"valueName":"search_term_string"}}],"inLanguage":"en-GB"}]}},"_links":{"self":[{"href":"https:\/\/www.slsevents.eu\/en\/wp-json\/wp\/v2\/pages\/1796","targetHints":{"allow":["GET"]}}],"collection":[{"href":"https:\/\/www.slsevents.eu\/en\/wp-json\/wp\/v2\/pages"}],"about":[{"href":"https:\/\/www.slsevents.eu\/en\/wp-json\/wp\/v2\/types\/page"}],"author":[{"embeddable":true,"href":"https:\/\/www.slsevents.eu\/en\/wp-json\/wp\/v2\/users\/1"}],"replies":[{"embeddable":true,"href":"https:\/\/www.slsevents.eu\/en\/wp-json\/wp\/v2\/comments?post=1796"}],"version-history":[{"count":60,"href":"https:\/\/www.slsevents.eu\/en\/wp-json\/wp\/v2\/pages\/1796\/revisions"}],"predecessor-version":[{"id":5824,"href":"https:\/\/www.slsevents.eu\/en\/wp-json\/wp\/v2\/pages\/1796\/revisions\/5824"}],"up":[{"embeddable":true,"href":"https:\/\/www.slsevents.eu\/en\/wp-json\/wp\/v2\/pages\/1758"}],"wp:attachment":[{"href":"https:\/\/www.slsevents.eu\/en\/wp-json\/wp\/v2\/media?parent=1796"}],"curies":[{"name":"wp","href":"https:\/\/api.w.org\/{rel}","templated":true}]}}