{"id":1785,"date":"2020-12-30T00:14:10","date_gmt":"2020-12-29T23:14:10","guid":{"rendered":"https:\/\/www.slsevents.eu\/?page_id=1785"},"modified":"2023-12-11T10:42:03","modified_gmt":"2023-12-11T09:42:03","slug":"konferenz","status":"publish","type":"page","link":"https:\/\/www.slsevents.eu\/en\/events\/konferenz\/","title":{"rendered":"Conference"},"content":{"rendered":"<div data-elementor-type=\"wp-page\" data-elementor-id=\"1785\" class=\"elementor elementor-1785\" data-elementor-post-type=\"page\">\n\t\t\t\t\t\t<section class=\"elementor-section elementor-top-section elementor-element elementor-element-1370d9b7 elementor-section-full_width elementor-section-height-default elementor-section-height-default\" data-id=\"1370d9b7\" data-element_type=\"section\" data-e-type=\"section\">\n\t\t\t\t\t\t<div class=\"elementor-container elementor-column-gap-default\">\n\t\t\t\t\t<div class=\"elementor-column elementor-col-100 elementor-top-column elementor-element elementor-element-b69f7af\" data-id=\"b69f7af\" data-element_type=\"column\" data-e-type=\"column\">\n\t\t\t<div class=\"elementor-widget-wrap elementor-element-populated\">\n\t\t\t\t\t\t<div class=\"elementor-element elementor-element-6a3d27a6 elementor-widget__width-inherit header-image elementor-widget elementor-widget-image\" data-id=\"6a3d27a6\" data-element_type=\"widget\" data-e-type=\"widget\" data-widget_type=\"image.default\">\n\t\t\t\t<div class=\"elementor-widget-container\">\n\t\t\t\t\t\t\t\t\t\t\t\t\t\t\t<img fetchpriority=\"high\" decoding=\"async\" width=\"2560\" height=\"1452\" src=\"https:\/\/www.slsevents.eu\/wp-content\/uploads\/2023\/12\/DSCN1586-b-scaled.jpg\" class=\"attachment-full size-full wp-image-16630\" alt=\"\" srcset=\"https:\/\/www.slsevents.eu\/wp-content\/uploads\/2023\/12\/DSCN1586-b-scaled.jpg 2560w, https:\/\/www.slsevents.eu\/wp-content\/uploads\/2023\/12\/DSCN1586-b-300x170.jpg 300w, https:\/\/www.slsevents.eu\/wp-content\/uploads\/2023\/12\/DSCN1586-b-1024x581.jpg 1024w, https:\/\/www.slsevents.eu\/wp-content\/uploads\/2023\/12\/DSCN1586-b-768x436.jpg 768w, https:\/\/www.slsevents.eu\/wp-content\/uploads\/2023\/12\/DSCN1586-b-1536x871.jpg 1536w, https:\/\/www.slsevents.eu\/wp-content\/uploads\/2023\/12\/DSCN1586-b-2048x1162.jpg 2048w, https:\/\/www.slsevents.eu\/wp-content\/uploads\/2023\/12\/DSCN1586-b-18x10.jpg 18w\" sizes=\"(max-width: 2560px) 100vw, 2560px\" \/>\t\t\t\t\t\t\t\t\t\t\t\t\t\t\t<\/div>\n\t\t\t\t<\/div>\n\t\t\t\t<div class=\"elementor-element elementor-element-5cedd977 elementor-widget elementor-widget-heading\" data-id=\"5cedd977\" data-element_type=\"widget\" data-e-type=\"widget\" data-widget_type=\"heading.default\">\n\t\t\t\t<div class=\"elementor-widget-container\">\n\t\t\t\t\t<h2 class=\"elementor-heading-title elementor-size-default\">Conference<\/h2>\t\t\t\t<\/div>\n\t\t\t\t<\/div>\n\t\t\t\t<div class=\"elementor-element elementor-element-69534f0 elementor-widget elementor-widget-text-editor\" data-id=\"69534f0\" data-element_type=\"widget\" data-e-type=\"widget\" data-widget_type=\"text-editor.default\">\n\t\t\t\t<div class=\"elementor-widget-container\">\n\t\t\t\t\t\t\t\t\t<p>For the successful communication of critical information between the participants, guaranteed speech intelligibility and fail-safety on the technical side are essential.<\/p>\n<p>We will gladly equip you with the necessary sound, video, lighting, microphone, presentation and conference technology. But we can also provide interpreter booths and translators for multilingual conferences.&nbsp;<\/p>\n<p>We can advise you on everything from one-off to permanent solutions.<\/p>\t\t\t\t\t\t\t\t<\/div>\n\t\t\t\t<\/div>\n\t\t\t\t\t<\/div>\n\t\t<\/div>\n\t\t\t\t\t<\/div>\n\t\t<\/section>\n\t\t\t\t<\/div>","protected":false},"excerpt":{"rendered":"<p>Konferenz F\u00fcr die erfolgreiche Kommunikation von kritischen Informationen zwischen den Teilnehmern sind eine gew\u00e4hrleistete Sprachverst\u00e4ndlichkeit, sowie die Ausfallsicherheit auf der technischen Seite unerl\u00e4sslich. Gerne statten wir Sie mit der n\u00f6tigen Beschallungs-, Video-, Licht-, Mikrofon-, Pr\u00e4sentations- und Konferenztechnik aus. Aber auch f\u00fcr mehrsprachige Konferenzen k\u00f6nnen wir Ihnen Dolmetscherkabinen und \u00dcbersetzer stellen.&nbsp; Hierbei k\u00f6nnen wir Sie bei [&hellip;]<\/p>\n","protected":false},"author":1,"featured_media":0,"parent":1758,"menu_order":0,"comment_status":"closed","ping_status":"closed","template":"elementor_header_footer","meta":{"footnotes":""},"class_list":["post-1785","page","type-page","status-publish","hentry"],"yoast_head":"<!-- This site is optimized with the Yoast SEO plugin v27.3 - https:\/\/yoast.com\/product\/yoast-seo-wordpress\/ -->\n<title>Konferenz - SLS<\/title>\n<meta name=\"description\" content=\"F\u00fcr die erfolgreiche Kommunikation von kritischen Informationen zwischen den Teilnehmern, sind eine gew\u00e4hrleistete Sprachverst\u00e4ndlichkeit, sowie die Ausfallsicherheit auf der technischen Seite unerl\u00e4sslich.\" \/>\n<meta name=\"robots\" content=\"index, follow, max-snippet:-1, max-image-preview:large, max-video-preview:-1\" \/>\n<link rel=\"canonical\" href=\"https:\/\/www.slsevents.eu\/en\/events\/konferenz\/\" \/>\n<meta property=\"og:locale\" content=\"en_GB\" \/>\n<meta property=\"og:type\" content=\"article\" \/>\n<meta property=\"og:title\" content=\"Konferenz - SLS\" \/>\n<meta property=\"og:description\" content=\"F\u00fcr die erfolgreiche Kommunikation von kritischen Informationen zwischen den Teilnehmern, sind eine gew\u00e4hrleistete Sprachverst\u00e4ndlichkeit, sowie die Ausfallsicherheit auf der technischen Seite unerl\u00e4sslich.\" \/>\n<meta property=\"og:url\" content=\"https:\/\/www.slsevents.eu\/en\/events\/konferenz\/\" \/>\n<meta property=\"og:site_name\" content=\"SLS\" \/>\n<meta property=\"article:modified_time\" content=\"2023-12-11T09:42:03+00:00\" \/>\n<meta property=\"og:image\" content=\"https:\/\/www.slsevents.eu\/wp-content\/uploads\/2023\/12\/DSCN1586-b-scaled.jpg\" \/>\n<meta name=\"twitter:card\" content=\"summary_large_image\" \/>\n<meta name=\"twitter:label1\" content=\"Estimated reading time\" \/>\n\t<meta name=\"twitter:data1\" content=\"1 minute\" \/>\n<script type=\"application\/ld+json\" class=\"yoast-schema-graph\">{\"@context\":\"https:\\\/\\\/schema.org\",\"@graph\":[{\"@type\":\"WebPage\",\"@id\":\"https:\\\/\\\/www.slsevents.eu\\\/events\\\/konferenz\\\/\",\"url\":\"https:\\\/\\\/www.slsevents.eu\\\/events\\\/konferenz\\\/\",\"name\":\"Konferenz - SLS\",\"isPartOf\":{\"@id\":\"https:\\\/\\\/www.slsevents.eu\\\/#website\"},\"primaryImageOfPage\":{\"@id\":\"https:\\\/\\\/www.slsevents.eu\\\/events\\\/konferenz\\\/#primaryimage\"},\"image\":{\"@id\":\"https:\\\/\\\/www.slsevents.eu\\\/events\\\/konferenz\\\/#primaryimage\"},\"thumbnailUrl\":\"https:\\\/\\\/www.slsevents.eu\\\/wp-content\\\/uploads\\\/2023\\\/12\\\/DSCN1586-b-scaled.jpg\",\"datePublished\":\"2020-12-29T23:14:10+00:00\",\"dateModified\":\"2023-12-11T09:42:03+00:00\",\"description\":\"F\u00fcr die erfolgreiche Kommunikation von kritischen Informationen zwischen den Teilnehmern, sind eine gew\u00e4hrleistete Sprachverst\u00e4ndlichkeit, sowie die Ausfallsicherheit auf der technischen Seite unerl\u00e4sslich.\",\"breadcrumb\":{\"@id\":\"https:\\\/\\\/www.slsevents.eu\\\/events\\\/konferenz\\\/#breadcrumb\"},\"inLanguage\":\"en-GB\",\"potentialAction\":[{\"@type\":\"ReadAction\",\"target\":[\"https:\\\/\\\/www.slsevents.eu\\\/events\\\/konferenz\\\/\"]}]},{\"@type\":\"ImageObject\",\"inLanguage\":\"en-GB\",\"@id\":\"https:\\\/\\\/www.slsevents.eu\\\/events\\\/konferenz\\\/#primaryimage\",\"url\":\"https:\\\/\\\/www.slsevents.eu\\\/wp-content\\\/uploads\\\/2023\\\/12\\\/DSCN1586-b-scaled.jpg\",\"contentUrl\":\"https:\\\/\\\/www.slsevents.eu\\\/wp-content\\\/uploads\\\/2023\\\/12\\\/DSCN1586-b-scaled.jpg\"},{\"@type\":\"BreadcrumbList\",\"@id\":\"https:\\\/\\\/www.slsevents.eu\\\/events\\\/konferenz\\\/#breadcrumb\",\"itemListElement\":[{\"@type\":\"ListItem\",\"position\":1,\"name\":\"Startseite\",\"item\":\"https:\\\/\\\/www.slsevents.eu\\\/\"},{\"@type\":\"ListItem\",\"position\":2,\"name\":\"EVENTS\",\"item\":\"https:\\\/\\\/www.slsevents.eu\\\/events\\\/\"},{\"@type\":\"ListItem\",\"position\":3,\"name\":\"Konferenz\"}]},{\"@type\":\"WebSite\",\"@id\":\"https:\\\/\\\/www.slsevents.eu\\\/#website\",\"url\":\"https:\\\/\\\/www.slsevents.eu\\\/\",\"name\":\"SLS\",\"description\":\"event technology\",\"potentialAction\":[{\"@type\":\"SearchAction\",\"target\":{\"@type\":\"EntryPoint\",\"urlTemplate\":\"https:\\\/\\\/www.slsevents.eu\\\/?s={search_term_string}\"},\"query-input\":{\"@type\":\"PropertyValueSpecification\",\"valueRequired\":true,\"valueName\":\"search_term_string\"}}],\"inLanguage\":\"en-GB\"}]}<\/script>\n<!-- \/ Yoast SEO plugin. -->","yoast_head_json":{"title":"Konferenz - SLS","description":"F\u00fcr die erfolgreiche Kommunikation von kritischen Informationen zwischen den Teilnehmern, sind eine gew\u00e4hrleistete Sprachverst\u00e4ndlichkeit, sowie die Ausfallsicherheit auf der technischen Seite unerl\u00e4sslich.","robots":{"index":"index","follow":"follow","max-snippet":"max-snippet:-1","max-image-preview":"max-image-preview:large","max-video-preview":"max-video-preview:-1"},"canonical":"https:\/\/www.slsevents.eu\/en\/events\/konferenz\/","og_locale":"en_GB","og_type":"article","og_title":"Konferenz - SLS","og_description":"F\u00fcr die erfolgreiche Kommunikation von kritischen Informationen zwischen den Teilnehmern, sind eine gew\u00e4hrleistete Sprachverst\u00e4ndlichkeit, sowie die Ausfallsicherheit auf der technischen Seite unerl\u00e4sslich.","og_url":"https:\/\/www.slsevents.eu\/en\/events\/konferenz\/","og_site_name":"SLS","article_modified_time":"2023-12-11T09:42:03+00:00","og_image":[{"url":"https:\/\/www.slsevents.eu\/wp-content\/uploads\/2023\/12\/DSCN1586-b-scaled.jpg","type":"","width":"","height":""}],"twitter_card":"summary_large_image","twitter_misc":{"Estimated reading time":"1 minute"},"schema":{"@context":"https:\/\/schema.org","@graph":[{"@type":"WebPage","@id":"https:\/\/www.slsevents.eu\/events\/konferenz\/","url":"https:\/\/www.slsevents.eu\/events\/konferenz\/","name":"Konferenz - SLS","isPartOf":{"@id":"https:\/\/www.slsevents.eu\/#website"},"primaryImageOfPage":{"@id":"https:\/\/www.slsevents.eu\/events\/konferenz\/#primaryimage"},"image":{"@id":"https:\/\/www.slsevents.eu\/events\/konferenz\/#primaryimage"},"thumbnailUrl":"https:\/\/www.slsevents.eu\/wp-content\/uploads\/2023\/12\/DSCN1586-b-scaled.jpg","datePublished":"2020-12-29T23:14:10+00:00","dateModified":"2023-12-11T09:42:03+00:00","description":"F\u00fcr die erfolgreiche Kommunikation von kritischen Informationen zwischen den Teilnehmern, sind eine gew\u00e4hrleistete Sprachverst\u00e4ndlichkeit, sowie die Ausfallsicherheit auf der technischen Seite unerl\u00e4sslich.","breadcrumb":{"@id":"https:\/\/www.slsevents.eu\/events\/konferenz\/#breadcrumb"},"inLanguage":"en-GB","potentialAction":[{"@type":"ReadAction","target":["https:\/\/www.slsevents.eu\/events\/konferenz\/"]}]},{"@type":"ImageObject","inLanguage":"en-GB","@id":"https:\/\/www.slsevents.eu\/events\/konferenz\/#primaryimage","url":"https:\/\/www.slsevents.eu\/wp-content\/uploads\/2023\/12\/DSCN1586-b-scaled.jpg","contentUrl":"https:\/\/www.slsevents.eu\/wp-content\/uploads\/2023\/12\/DSCN1586-b-scaled.jpg"},{"@type":"BreadcrumbList","@id":"https:\/\/www.slsevents.eu\/events\/konferenz\/#breadcrumb","itemListElement":[{"@type":"ListItem","position":1,"name":"Startseite","item":"https:\/\/www.slsevents.eu\/"},{"@type":"ListItem","position":2,"name":"EVENTS","item":"https:\/\/www.slsevents.eu\/events\/"},{"@type":"ListItem","position":3,"name":"Konferenz"}]},{"@type":"WebSite","@id":"https:\/\/www.slsevents.eu\/#website","url":"https:\/\/www.slsevents.eu\/","name":"SLS","description":"event technology","potentialAction":[{"@type":"SearchAction","target":{"@type":"EntryPoint","urlTemplate":"https:\/\/www.slsevents.eu\/?s={search_term_string}"},"query-input":{"@type":"PropertyValueSpecification","valueRequired":true,"valueName":"search_term_string"}}],"inLanguage":"en-GB"}]}},"_links":{"self":[{"href":"https:\/\/www.slsevents.eu\/en\/wp-json\/wp\/v2\/pages\/1785","targetHints":{"allow":["GET"]}}],"collection":[{"href":"https:\/\/www.slsevents.eu\/en\/wp-json\/wp\/v2\/pages"}],"about":[{"href":"https:\/\/www.slsevents.eu\/en\/wp-json\/wp\/v2\/types\/page"}],"author":[{"embeddable":true,"href":"https:\/\/www.slsevents.eu\/en\/wp-json\/wp\/v2\/users\/1"}],"replies":[{"embeddable":true,"href":"https:\/\/www.slsevents.eu\/en\/wp-json\/wp\/v2\/comments?post=1785"}],"version-history":[{"count":51,"href":"https:\/\/www.slsevents.eu\/en\/wp-json\/wp\/v2\/pages\/1785\/revisions"}],"predecessor-version":[{"id":16636,"href":"https:\/\/www.slsevents.eu\/en\/wp-json\/wp\/v2\/pages\/1785\/revisions\/16636"}],"up":[{"embeddable":true,"href":"https:\/\/www.slsevents.eu\/en\/wp-json\/wp\/v2\/pages\/1758"}],"wp:attachment":[{"href":"https:\/\/www.slsevents.eu\/en\/wp-json\/wp\/v2\/media?parent=1785"}],"curies":[{"name":"wp","href":"https:\/\/api.w.org\/{rel}","templated":true}]}}