{"id":1756,"date":"2020-12-29T23:57:46","date_gmt":"2020-12-29T22:57:46","guid":{"rendered":"https:\/\/www.slsevents.eu\/?page_id=1756"},"modified":"2021-03-31T19:56:36","modified_gmt":"2021-03-31T17:56:36","slug":"installation","status":"publish","type":"page","link":"https:\/\/www.slsevents.eu\/en\/leistungen\/installation\/","title":{"rendered":"Installation"},"content":{"rendered":"<div data-elementor-type=\"wp-page\" data-elementor-id=\"1756\" class=\"elementor elementor-1756\" data-elementor-post-type=\"page\">\n\t\t\t\t\t\t<section class=\"elementor-section elementor-top-section elementor-element elementor-element-7ec45dd5 elementor-section-full_width elementor-section-height-default elementor-section-height-default\" data-id=\"7ec45dd5\" data-element_type=\"section\" data-e-type=\"section\">\n\t\t\t\t\t\t<div class=\"elementor-container elementor-column-gap-default\">\n\t\t\t\t\t<div class=\"elementor-column elementor-col-100 elementor-top-column elementor-element elementor-element-fbf3312\" data-id=\"fbf3312\" data-element_type=\"column\" data-e-type=\"column\">\n\t\t\t<div class=\"elementor-widget-wrap elementor-element-populated\">\n\t\t\t\t\t\t<div class=\"elementor-element elementor-element-2306dc2 elementor-widget__width-inherit header-image elementor-widget elementor-widget-image\" data-id=\"2306dc2\" data-element_type=\"widget\" data-e-type=\"widget\" data-widget_type=\"image.default\">\n\t\t\t\t<div class=\"elementor-widget-container\">\n\t\t\t\t\t\t\t\t\t\t\t\t\t\t\t<img fetchpriority=\"high\" decoding=\"async\" width=\"2048\" height=\"832\" src=\"https:\/\/www.slsevents.eu\/wp-content\/uploads\/2021\/03\/AdobeStock_192326110-b-2048x832.jpg\" class=\"attachment-2048x2048 size-2048x2048 wp-image-4917\" alt=\"\" srcset=\"https:\/\/www.slsevents.eu\/wp-content\/uploads\/2021\/03\/AdobeStock_192326110-b-2048x832.jpg 2048w, https:\/\/www.slsevents.eu\/wp-content\/uploads\/2021\/03\/AdobeStock_192326110-b-300x122.jpg 300w, https:\/\/www.slsevents.eu\/wp-content\/uploads\/2021\/03\/AdobeStock_192326110-b-1024x416.jpg 1024w, https:\/\/www.slsevents.eu\/wp-content\/uploads\/2021\/03\/AdobeStock_192326110-b-768x312.jpg 768w, https:\/\/www.slsevents.eu\/wp-content\/uploads\/2021\/03\/AdobeStock_192326110-b-1536x624.jpg 1536w, https:\/\/www.slsevents.eu\/wp-content\/uploads\/2021\/03\/AdobeStock_192326110-b-16x6.jpg 16w\" sizes=\"(max-width: 2048px) 100vw, 2048px\" \/>\t\t\t\t\t\t\t\t\t\t\t\t\t\t\t<\/div>\n\t\t\t\t<\/div>\n\t\t\t\t<div class=\"elementor-element elementor-element-19e5172b elementor-widget elementor-widget-heading\" data-id=\"19e5172b\" data-element_type=\"widget\" data-e-type=\"widget\" data-widget_type=\"heading.default\">\n\t\t\t\t<div class=\"elementor-widget-container\">\n\t\t\t\t\t<h2 class=\"elementor-heading-title elementor-size-default\">Installation<\/h2>\t\t\t\t<\/div>\n\t\t\t\t<\/div>\n\t\t\t\t<div class=\"elementor-element elementor-element-43d1b7b4 elementor-widget elementor-widget-text-editor\" data-id=\"43d1b7b4\" data-element_type=\"widget\" data-e-type=\"widget\" data-widget_type=\"text-editor.default\">\n\t\t\t\t<div class=\"elementor-widget-container\">\n\t\t\t\t\t\t\t\t\t<p>The installation of lighting, sound and media technology is one of our core tasks.<\/p><p>The conceptual design as well as the inspection and renewal of already installed technology is part of our daily business.<\/p><p>For solutions that stand the test of time, we are happy to provide you with advice and support.<\/p>\t\t\t\t\t\t\t\t<\/div>\n\t\t\t\t<\/div>\n\t\t\t\t<div class=\"elementor-element elementor-element-cfa4e94 elementor-align-center elementor-widget elementor-widget-button\" data-id=\"cfa4e94\" data-element_type=\"widget\" data-e-type=\"widget\" data-widget_type=\"button.default\">\n\t\t\t\t<div class=\"elementor-widget-container\">\n\t\t\t\t\t\t\t\t\t<div class=\"elementor-button-wrapper\">\n\t\t\t\t\t<a class=\"elementor-button elementor-button-link elementor-size-sm elementor-animation-grow\" href=\"\/en\/kontakt\/\">\n\t\t\t\t\t\t<span class=\"elementor-button-content-wrapper\">\n\t\t\t\t\t\t\t\t\t<span class=\"elementor-button-text\">Inquire now without obligation<\/span>\n\t\t\t\t\t<\/span>\n\t\t\t\t\t<\/a>\n\t\t\t\t<\/div>\n\t\t\t\t\t\t\t\t<\/div>\n\t\t\t\t<\/div>\n\t\t\t\t\t<\/div>\n\t\t<\/div>\n\t\t\t\t\t<\/div>\n\t\t<\/section>\n\t\t\t\t<\/div>","protected":false},"excerpt":{"rendered":"<p>Installation Die Montage von Licht-, Ton- und Medientechnik z\u00e4hlt zu unseren Kernaufgaben. Die Konzeptionierung, sowie \u00dcberpr\u00fcfung und Erneuerung von bereits installierter Technik geh\u00f6rt zu unserem Tagesgesch\u00e4ft. F\u00fcr L\u00f6sungen die die Zeit \u00fcberdauern stehen wir Ihnen gerne mit Rat und Tat zur Seite. Jetzt unverbindlich anfragen<\/p>","protected":false},"author":1,"featured_media":0,"parent":28,"menu_order":0,"comment_status":"closed","ping_status":"closed","template":"elementor_header_footer","meta":{"footnotes":""},"class_list":["post-1756","page","type-page","status-publish","hentry"],"yoast_head":"<!-- This site is optimized with the Yoast SEO plugin v27.3 - https:\/\/yoast.com\/product\/yoast-seo-wordpress\/ -->\n<title>Installation - SLS<\/title>\n<meta name=\"description\" content=\"Die Montage von Licht-, Ton- und Medientechnik z\u00e4hlt zu unseren Kernaufgaben. Die Konzeptionierung, sowie \u00dcberpr\u00fcfung und Erneuerung von bereits installierter Technik geh\u00f6rt zu unserem Tagesgesch\u00e4ft.\" \/>\n<meta name=\"robots\" content=\"index, follow, max-snippet:-1, max-image-preview:large, max-video-preview:-1\" \/>\n<link rel=\"canonical\" href=\"https:\/\/www.slsevents.eu\/en\/leistungen\/installation\/\" \/>\n<meta property=\"og:locale\" content=\"en_GB\" \/>\n<meta property=\"og:type\" content=\"article\" \/>\n<meta property=\"og:title\" content=\"Installation - SLS\" \/>\n<meta property=\"og:description\" content=\"Die Montage von Licht-, Ton- und Medientechnik z\u00e4hlt zu unseren Kernaufgaben. Die Konzeptionierung, sowie \u00dcberpr\u00fcfung und Erneuerung von bereits installierter Technik geh\u00f6rt zu unserem Tagesgesch\u00e4ft.\" \/>\n<meta property=\"og:url\" content=\"https:\/\/www.slsevents.eu\/en\/leistungen\/installation\/\" \/>\n<meta property=\"og:site_name\" content=\"SLS\" \/>\n<meta property=\"article:modified_time\" content=\"2021-03-31T17:56:36+00:00\" \/>\n<meta property=\"og:image\" content=\"https:\/\/www.slsevents.eu\/wp-content\/uploads\/2021\/03\/AdobeStock_192326110-b-2048x832.jpg\" \/>\n<meta name=\"twitter:card\" content=\"summary_large_image\" \/>\n<meta name=\"twitter:label1\" content=\"Estimated reading time\" \/>\n\t<meta name=\"twitter:data1\" content=\"1 minute\" \/>\n<script type=\"application\/ld+json\" class=\"yoast-schema-graph\">{\"@context\":\"https:\\\/\\\/schema.org\",\"@graph\":[{\"@type\":\"WebPage\",\"@id\":\"https:\\\/\\\/www.slsevents.eu\\\/leistungen\\\/installation\\\/\",\"url\":\"https:\\\/\\\/www.slsevents.eu\\\/leistungen\\\/installation\\\/\",\"name\":\"Installation - SLS\",\"isPartOf\":{\"@id\":\"https:\\\/\\\/www.slsevents.eu\\\/#website\"},\"primaryImageOfPage\":{\"@id\":\"https:\\\/\\\/www.slsevents.eu\\\/leistungen\\\/installation\\\/#primaryimage\"},\"image\":{\"@id\":\"https:\\\/\\\/www.slsevents.eu\\\/leistungen\\\/installation\\\/#primaryimage\"},\"thumbnailUrl\":\"https:\\\/\\\/www.slsevents.eu\\\/wp-content\\\/uploads\\\/2021\\\/03\\\/AdobeStock_192326110-b-2048x832.jpg\",\"datePublished\":\"2020-12-29T22:57:46+00:00\",\"dateModified\":\"2021-03-31T17:56:36+00:00\",\"description\":\"Die Montage von Licht-, Ton- und Medientechnik z\u00e4hlt zu unseren Kernaufgaben. Die Konzeptionierung, sowie \u00dcberpr\u00fcfung und Erneuerung von bereits installierter Technik geh\u00f6rt zu unserem Tagesgesch\u00e4ft.\",\"breadcrumb\":{\"@id\":\"https:\\\/\\\/www.slsevents.eu\\\/leistungen\\\/installation\\\/#breadcrumb\"},\"inLanguage\":\"en-GB\",\"potentialAction\":[{\"@type\":\"ReadAction\",\"target\":[\"https:\\\/\\\/www.slsevents.eu\\\/leistungen\\\/installation\\\/\"]}]},{\"@type\":\"ImageObject\",\"inLanguage\":\"en-GB\",\"@id\":\"https:\\\/\\\/www.slsevents.eu\\\/leistungen\\\/installation\\\/#primaryimage\",\"url\":\"https:\\\/\\\/www.slsevents.eu\\\/wp-content\\\/uploads\\\/2021\\\/03\\\/AdobeStock_192326110-b-2048x832.jpg\",\"contentUrl\":\"https:\\\/\\\/www.slsevents.eu\\\/wp-content\\\/uploads\\\/2021\\\/03\\\/AdobeStock_192326110-b-2048x832.jpg\"},{\"@type\":\"BreadcrumbList\",\"@id\":\"https:\\\/\\\/www.slsevents.eu\\\/leistungen\\\/installation\\\/#breadcrumb\",\"itemListElement\":[{\"@type\":\"ListItem\",\"position\":1,\"name\":\"Startseite\",\"item\":\"https:\\\/\\\/www.slsevents.eu\\\/\"},{\"@type\":\"ListItem\",\"position\":2,\"name\":\"LEISTUNGEN\",\"item\":\"https:\\\/\\\/www.slsevents.eu\\\/leistungen\\\/\"},{\"@type\":\"ListItem\",\"position\":3,\"name\":\"Installation\"}]},{\"@type\":\"WebSite\",\"@id\":\"https:\\\/\\\/www.slsevents.eu\\\/#website\",\"url\":\"https:\\\/\\\/www.slsevents.eu\\\/\",\"name\":\"SLS\",\"description\":\"event technology\",\"potentialAction\":[{\"@type\":\"SearchAction\",\"target\":{\"@type\":\"EntryPoint\",\"urlTemplate\":\"https:\\\/\\\/www.slsevents.eu\\\/?s={search_term_string}\"},\"query-input\":{\"@type\":\"PropertyValueSpecification\",\"valueRequired\":true,\"valueName\":\"search_term_string\"}}],\"inLanguage\":\"en-GB\"}]}<\/script>\n<!-- \/ Yoast SEO plugin. -->","yoast_head_json":{"title":"Installation - SLS","description":"Die Montage von Licht-, Ton- und Medientechnik z\u00e4hlt zu unseren Kernaufgaben. Die Konzeptionierung, sowie \u00dcberpr\u00fcfung und Erneuerung von bereits installierter Technik geh\u00f6rt zu unserem Tagesgesch\u00e4ft.","robots":{"index":"index","follow":"follow","max-snippet":"max-snippet:-1","max-image-preview":"max-image-preview:large","max-video-preview":"max-video-preview:-1"},"canonical":"https:\/\/www.slsevents.eu\/en\/leistungen\/installation\/","og_locale":"en_GB","og_type":"article","og_title":"Installation - SLS","og_description":"Die Montage von Licht-, Ton- und Medientechnik z\u00e4hlt zu unseren Kernaufgaben. Die Konzeptionierung, sowie \u00dcberpr\u00fcfung und Erneuerung von bereits installierter Technik geh\u00f6rt zu unserem Tagesgesch\u00e4ft.","og_url":"https:\/\/www.slsevents.eu\/en\/leistungen\/installation\/","og_site_name":"SLS","article_modified_time":"2021-03-31T17:56:36+00:00","og_image":[{"url":"https:\/\/www.slsevents.eu\/wp-content\/uploads\/2021\/03\/AdobeStock_192326110-b-2048x832.jpg","type":"","width":"","height":""}],"twitter_card":"summary_large_image","twitter_misc":{"Estimated reading time":"1 minute"},"schema":{"@context":"https:\/\/schema.org","@graph":[{"@type":"WebPage","@id":"https:\/\/www.slsevents.eu\/leistungen\/installation\/","url":"https:\/\/www.slsevents.eu\/leistungen\/installation\/","name":"Installation - SLS","isPartOf":{"@id":"https:\/\/www.slsevents.eu\/#website"},"primaryImageOfPage":{"@id":"https:\/\/www.slsevents.eu\/leistungen\/installation\/#primaryimage"},"image":{"@id":"https:\/\/www.slsevents.eu\/leistungen\/installation\/#primaryimage"},"thumbnailUrl":"https:\/\/www.slsevents.eu\/wp-content\/uploads\/2021\/03\/AdobeStock_192326110-b-2048x832.jpg","datePublished":"2020-12-29T22:57:46+00:00","dateModified":"2021-03-31T17:56:36+00:00","description":"Die Montage von Licht-, Ton- und Medientechnik z\u00e4hlt zu unseren Kernaufgaben. Die Konzeptionierung, sowie \u00dcberpr\u00fcfung und Erneuerung von bereits installierter Technik geh\u00f6rt zu unserem Tagesgesch\u00e4ft.","breadcrumb":{"@id":"https:\/\/www.slsevents.eu\/leistungen\/installation\/#breadcrumb"},"inLanguage":"en-GB","potentialAction":[{"@type":"ReadAction","target":["https:\/\/www.slsevents.eu\/leistungen\/installation\/"]}]},{"@type":"ImageObject","inLanguage":"en-GB","@id":"https:\/\/www.slsevents.eu\/leistungen\/installation\/#primaryimage","url":"https:\/\/www.slsevents.eu\/wp-content\/uploads\/2021\/03\/AdobeStock_192326110-b-2048x832.jpg","contentUrl":"https:\/\/www.slsevents.eu\/wp-content\/uploads\/2021\/03\/AdobeStock_192326110-b-2048x832.jpg"},{"@type":"BreadcrumbList","@id":"https:\/\/www.slsevents.eu\/leistungen\/installation\/#breadcrumb","itemListElement":[{"@type":"ListItem","position":1,"name":"Startseite","item":"https:\/\/www.slsevents.eu\/"},{"@type":"ListItem","position":2,"name":"LEISTUNGEN","item":"https:\/\/www.slsevents.eu\/leistungen\/"},{"@type":"ListItem","position":3,"name":"Installation"}]},{"@type":"WebSite","@id":"https:\/\/www.slsevents.eu\/#website","url":"https:\/\/www.slsevents.eu\/","name":"SLS","description":"event technology","potentialAction":[{"@type":"SearchAction","target":{"@type":"EntryPoint","urlTemplate":"https:\/\/www.slsevents.eu\/?s={search_term_string}"},"query-input":{"@type":"PropertyValueSpecification","valueRequired":true,"valueName":"search_term_string"}}],"inLanguage":"en-GB"}]}},"_links":{"self":[{"href":"https:\/\/www.slsevents.eu\/en\/wp-json\/wp\/v2\/pages\/1756","targetHints":{"allow":["GET"]}}],"collection":[{"href":"https:\/\/www.slsevents.eu\/en\/wp-json\/wp\/v2\/pages"}],"about":[{"href":"https:\/\/www.slsevents.eu\/en\/wp-json\/wp\/v2\/types\/page"}],"author":[{"embeddable":true,"href":"https:\/\/www.slsevents.eu\/en\/wp-json\/wp\/v2\/users\/1"}],"replies":[{"embeddable":true,"href":"https:\/\/www.slsevents.eu\/en\/wp-json\/wp\/v2\/comments?post=1756"}],"version-history":[{"count":36,"href":"https:\/\/www.slsevents.eu\/en\/wp-json\/wp\/v2\/pages\/1756\/revisions"}],"predecessor-version":[{"id":4920,"href":"https:\/\/www.slsevents.eu\/en\/wp-json\/wp\/v2\/pages\/1756\/revisions\/4920"}],"up":[{"embeddable":true,"href":"https:\/\/www.slsevents.eu\/en\/wp-json\/wp\/v2\/pages\/28"}],"wp:attachment":[{"href":"https:\/\/www.slsevents.eu\/en\/wp-json\/wp\/v2\/media?parent=1756"}],"curies":[{"name":"wp","href":"https:\/\/api.w.org\/{rel}","templated":true}]}}