{"id":1748,"date":"2020-12-29T23:56:10","date_gmt":"2020-12-29T22:56:10","guid":{"rendered":"https:\/\/www.slsevents.eu\/?page_id=1748"},"modified":"2021-04-12T18:28:00","modified_gmt":"2021-04-12T16:28:00","slug":"projektmanagement","status":"publish","type":"page","link":"https:\/\/www.slsevents.eu\/en\/leistungen\/projektmanagement\/","title":{"rendered":"Project management"},"content":{"rendered":"<div data-elementor-type=\"wp-page\" data-elementor-id=\"1748\" class=\"elementor elementor-1748\" data-elementor-post-type=\"page\">\n\t\t\t\t\t\t<section class=\"elementor-section elementor-top-section elementor-element elementor-element-3a1cdc3c elementor-section-full_width elementor-section-height-default elementor-section-height-default\" data-id=\"3a1cdc3c\" data-element_type=\"section\" data-e-type=\"section\">\n\t\t\t\t\t\t<div class=\"elementor-container elementor-column-gap-default\">\n\t\t\t\t\t<div class=\"elementor-column elementor-col-100 elementor-top-column elementor-element elementor-element-1e4f9c22\" data-id=\"1e4f9c22\" data-element_type=\"column\" data-e-type=\"column\">\n\t\t\t<div class=\"elementor-widget-wrap elementor-element-populated\">\n\t\t\t\t\t\t<div class=\"elementor-element elementor-element-34ec011a elementor-widget__width-inherit header-image elementor-widget elementor-widget-image\" data-id=\"34ec011a\" data-element_type=\"widget\" data-e-type=\"widget\" data-widget_type=\"image.default\">\n\t\t\t\t<div class=\"elementor-widget-container\">\n\t\t\t\t\t\t\t\t\t\t\t\t\t\t\t<img fetchpriority=\"high\" decoding=\"async\" width=\"2560\" height=\"853\" src=\"https:\/\/www.slsevents.eu\/wp-content\/uploads\/2021\/03\/AdobeStock_298580285-scaled.jpg\" class=\"attachment-full size-full wp-image-4894\" alt=\"\" srcset=\"https:\/\/www.slsevents.eu\/wp-content\/uploads\/2021\/03\/AdobeStock_298580285-scaled.jpg 2560w, https:\/\/www.slsevents.eu\/wp-content\/uploads\/2021\/03\/AdobeStock_298580285-300x100.jpg 300w, https:\/\/www.slsevents.eu\/wp-content\/uploads\/2021\/03\/AdobeStock_298580285-1024x341.jpg 1024w, https:\/\/www.slsevents.eu\/wp-content\/uploads\/2021\/03\/AdobeStock_298580285-768x256.jpg 768w, https:\/\/www.slsevents.eu\/wp-content\/uploads\/2021\/03\/AdobeStock_298580285-1536x512.jpg 1536w, https:\/\/www.slsevents.eu\/wp-content\/uploads\/2021\/03\/AdobeStock_298580285-2048x682.jpg 2048w, https:\/\/www.slsevents.eu\/wp-content\/uploads\/2021\/03\/AdobeStock_298580285-16x5.jpg 16w\" sizes=\"(max-width: 2560px) 100vw, 2560px\" \/>\t\t\t\t\t\t\t\t\t\t\t\t\t\t\t<\/div>\n\t\t\t\t<\/div>\n\t\t\t\t<div class=\"elementor-element elementor-element-4c16244a elementor-widget elementor-widget-heading\" data-id=\"4c16244a\" data-element_type=\"widget\" data-e-type=\"widget\" data-widget_type=\"heading.default\">\n\t\t\t\t<div class=\"elementor-widget-container\">\n\t\t\t\t\t<h2 class=\"elementor-heading-title elementor-size-default\">Project management<\/h2>\t\t\t\t<\/div>\n\t\t\t\t<\/div>\n\t\t\t\t<div class=\"elementor-element elementor-element-4236e735 elementor-widget elementor-widget-text-editor\" data-id=\"4236e735\" data-element_type=\"widget\" data-e-type=\"widget\" data-widget_type=\"text-editor.default\">\n\t\t\t\t<div class=\"elementor-widget-container\">\n\t\t\t\t\t\t\t\t\t<h3>Carefree from the plan to the running event.<\/h3>\n<p>We take care of your event's project planning and technical implementation in compliance with legal regulations, standards, and rules. This gives you more time to take care of the content of the event.<\/p>\n<p><\/p>\n<p>The necessary framework conditions and wishes are discussed with our customers in advance to realise an event. The location, type of event, number of participants and, in particular, the customer's ideas are of fundamental importance. Based on this framework data, we can work out an individual concept for you.<\/p>\n<p>An inspection of the location is of great importance here. Here, the necessary power connections, escape routes and emergency exits, fire alarm systems, and much more are inspected and documented.&nbsp;<\/p>\n<p>Taking into account all applicable rules, regulations and laws, all necessary plans and calculations are prepared.<br>Then the visualisation and technical planning begins, which includes a comprehensive CAD elaboration. If required, we can create a completely virtual 3D view of your event.<\/p>\n<p>Continuity management is vital to us. To organise a smooth event, we draw up plans for the set-up and running of the event and plans for escape routes, electricity, lighting, sound, and many other things.<\/p>\n<p>We are there for you before and after the event and during the event with help and advice. Be it through our operators who harmonise light, sound and video, through directors\/media managers who ensure the correct rhythm or our project managers\/masters who place great emphasis on safety and never lose sight of the course of events.<\/p>\n<p><\/p>\n<h6>Create great things without worries<\/h6>\t\t\t\t\t\t\t\t<\/div>\n\t\t\t\t<\/div>\n\t\t\t\t<div class=\"elementor-element elementor-element-a3d7bd2 elementor-align-center elementor-widget elementor-widget-button\" data-id=\"a3d7bd2\" data-element_type=\"widget\" data-e-type=\"widget\" data-widget_type=\"button.default\">\n\t\t\t\t<div class=\"elementor-widget-container\">\n\t\t\t\t\t\t\t\t\t<div class=\"elementor-button-wrapper\">\n\t\t\t\t\t<a class=\"elementor-button elementor-button-link elementor-size-sm elementor-animation-grow\" href=\"\/en\/kontakt\/\">\n\t\t\t\t\t\t<span class=\"elementor-button-content-wrapper\">\n\t\t\t\t\t\t\t\t\t<span class=\"elementor-button-text\">Inquire now without obligation<\/span>\n\t\t\t\t\t<\/span>\n\t\t\t\t\t<\/a>\n\t\t\t\t<\/div>\n\t\t\t\t\t\t\t\t<\/div>\n\t\t\t\t<\/div>\n\t\t\t\t\t<\/div>\n\t\t<\/div>\n\t\t\t\t\t<\/div>\n\t\t<\/section>\n\t\t\t\t<\/div>","protected":false},"excerpt":{"rendered":"<p>Projektmanagement Sorgenfrei vom Plan bis zum laufenden Event Unter Einhaltung der gesetzlichen Vorschriften, Normen und Regelwerke \u00fcbernehmen wir die Projektierung und technische Ausf\u00fchrung f\u00fcr Ihre Veranstaltung. Somit haben Sie mehr Zeit sich um die inhaltliche Eventplanung zu k\u00fcmmern. Um eine Veranstaltung zu realisieren, werden vorab die wichtigen Rahmenbedingungen und W\u00fcnsche mit unseren Kunden besprochen. Hier [&hellip;]<\/p>\n","protected":false},"author":1,"featured_media":0,"parent":28,"menu_order":0,"comment_status":"closed","ping_status":"closed","template":"elementor_header_footer","meta":{"footnotes":""},"class_list":["post-1748","page","type-page","status-publish","hentry"],"yoast_head":"<!-- This site is optimized with the Yoast SEO plugin v27.3 - https:\/\/yoast.com\/product\/yoast-seo-wordpress\/ -->\n<title>Projektmanagement - SLS<\/title>\n<meta name=\"description\" content=\"Unter Einhaltung der gesetzlichen Vorschriften, Normen und Regelwerke \u00fcbernehmen wir die Projektierung und technische Ausf\u00fchrung f\u00fcr Ihre Veranstaltung. Somit haben Sie mehr Zeit sich um die inhaltliche Eventplanung zu k\u00fcmmern.\" \/>\n<meta name=\"robots\" content=\"index, follow, max-snippet:-1, max-image-preview:large, max-video-preview:-1\" \/>\n<link rel=\"canonical\" href=\"https:\/\/www.slsevents.eu\/en\/leistungen\/projektmanagement\/\" \/>\n<meta property=\"og:locale\" content=\"en_GB\" \/>\n<meta property=\"og:type\" content=\"article\" \/>\n<meta property=\"og:title\" content=\"Projektmanagement - SLS\" \/>\n<meta property=\"og:description\" content=\"Unter Einhaltung der gesetzlichen Vorschriften, Normen und Regelwerke \u00fcbernehmen wir die Projektierung und technische Ausf\u00fchrung f\u00fcr Ihre Veranstaltung. Somit haben Sie mehr Zeit sich um die inhaltliche Eventplanung zu k\u00fcmmern.\" \/>\n<meta property=\"og:url\" content=\"https:\/\/www.slsevents.eu\/en\/leistungen\/projektmanagement\/\" \/>\n<meta property=\"og:site_name\" content=\"SLS\" \/>\n<meta property=\"article:modified_time\" content=\"2021-04-12T16:28:00+00:00\" \/>\n<meta property=\"og:image\" content=\"https:\/\/www.slsevents.eu\/wp-content\/uploads\/2021\/03\/AdobeStock_298580285-scaled.jpg\" \/>\n<meta name=\"twitter:card\" content=\"summary_large_image\" \/>\n<meta name=\"twitter:label1\" content=\"Estimated reading time\" \/>\n\t<meta name=\"twitter:data1\" content=\"2 minutes\" \/>\n<script type=\"application\/ld+json\" class=\"yoast-schema-graph\">{\"@context\":\"https:\\\/\\\/schema.org\",\"@graph\":[{\"@type\":\"WebPage\",\"@id\":\"https:\\\/\\\/www.slsevents.eu\\\/leistungen\\\/projektmanagement\\\/\",\"url\":\"https:\\\/\\\/www.slsevents.eu\\\/leistungen\\\/projektmanagement\\\/\",\"name\":\"Projektmanagement - SLS\",\"isPartOf\":{\"@id\":\"https:\\\/\\\/www.slsevents.eu\\\/#website\"},\"primaryImageOfPage\":{\"@id\":\"https:\\\/\\\/www.slsevents.eu\\\/leistungen\\\/projektmanagement\\\/#primaryimage\"},\"image\":{\"@id\":\"https:\\\/\\\/www.slsevents.eu\\\/leistungen\\\/projektmanagement\\\/#primaryimage\"},\"thumbnailUrl\":\"https:\\\/\\\/www.slsevents.eu\\\/wp-content\\\/uploads\\\/2021\\\/03\\\/AdobeStock_298580285-scaled.jpg\",\"datePublished\":\"2020-12-29T22:56:10+00:00\",\"dateModified\":\"2021-04-12T16:28:00+00:00\",\"description\":\"Unter Einhaltung der gesetzlichen Vorschriften, Normen und Regelwerke \u00fcbernehmen wir die Projektierung und technische Ausf\u00fchrung f\u00fcr Ihre Veranstaltung. Somit haben Sie mehr Zeit sich um die inhaltliche Eventplanung zu k\u00fcmmern.\",\"breadcrumb\":{\"@id\":\"https:\\\/\\\/www.slsevents.eu\\\/leistungen\\\/projektmanagement\\\/#breadcrumb\"},\"inLanguage\":\"en-GB\",\"potentialAction\":[{\"@type\":\"ReadAction\",\"target\":[\"https:\\\/\\\/www.slsevents.eu\\\/leistungen\\\/projektmanagement\\\/\"]}]},{\"@type\":\"ImageObject\",\"inLanguage\":\"en-GB\",\"@id\":\"https:\\\/\\\/www.slsevents.eu\\\/leistungen\\\/projektmanagement\\\/#primaryimage\",\"url\":\"https:\\\/\\\/www.slsevents.eu\\\/wp-content\\\/uploads\\\/2021\\\/03\\\/AdobeStock_298580285-scaled.jpg\",\"contentUrl\":\"https:\\\/\\\/www.slsevents.eu\\\/wp-content\\\/uploads\\\/2021\\\/03\\\/AdobeStock_298580285-scaled.jpg\"},{\"@type\":\"BreadcrumbList\",\"@id\":\"https:\\\/\\\/www.slsevents.eu\\\/leistungen\\\/projektmanagement\\\/#breadcrumb\",\"itemListElement\":[{\"@type\":\"ListItem\",\"position\":1,\"name\":\"Startseite\",\"item\":\"https:\\\/\\\/www.slsevents.eu\\\/\"},{\"@type\":\"ListItem\",\"position\":2,\"name\":\"LEISTUNGEN\",\"item\":\"https:\\\/\\\/www.slsevents.eu\\\/leistungen\\\/\"},{\"@type\":\"ListItem\",\"position\":3,\"name\":\"Projektmanagement\"}]},{\"@type\":\"WebSite\",\"@id\":\"https:\\\/\\\/www.slsevents.eu\\\/#website\",\"url\":\"https:\\\/\\\/www.slsevents.eu\\\/\",\"name\":\"SLS\",\"description\":\"event technology\",\"potentialAction\":[{\"@type\":\"SearchAction\",\"target\":{\"@type\":\"EntryPoint\",\"urlTemplate\":\"https:\\\/\\\/www.slsevents.eu\\\/?s={search_term_string}\"},\"query-input\":{\"@type\":\"PropertyValueSpecification\",\"valueRequired\":true,\"valueName\":\"search_term_string\"}}],\"inLanguage\":\"en-GB\"}]}<\/script>\n<!-- \/ Yoast SEO plugin. -->","yoast_head_json":{"title":"Projektmanagement - SLS","description":"We take care of your event's project planning and technical implementation in compliance with legal regulations, standards, and rules. This gives you more time to take care of the content of the event.","robots":{"index":"index","follow":"follow","max-snippet":"max-snippet:-1","max-image-preview":"max-image-preview:large","max-video-preview":"max-video-preview:-1"},"canonical":"https:\/\/www.slsevents.eu\/en\/leistungen\/projektmanagement\/","og_locale":"en_GB","og_type":"article","og_title":"Projektmanagement - SLS","og_description":"Unter Einhaltung der gesetzlichen Vorschriften, Normen und Regelwerke \u00fcbernehmen wir die Projektierung und technische Ausf\u00fchrung f\u00fcr Ihre Veranstaltung. Somit haben Sie mehr Zeit sich um die inhaltliche Eventplanung zu k\u00fcmmern.","og_url":"https:\/\/www.slsevents.eu\/en\/leistungen\/projektmanagement\/","og_site_name":"SLS","article_modified_time":"2021-04-12T16:28:00+00:00","og_image":[{"url":"https:\/\/www.slsevents.eu\/wp-content\/uploads\/2021\/03\/AdobeStock_298580285-scaled.jpg","type":"","width":"","height":""}],"twitter_card":"summary_large_image","twitter_misc":{"Estimated reading time":"2 minutes"},"schema":{"@context":"https:\/\/schema.org","@graph":[{"@type":"WebPage","@id":"https:\/\/www.slsevents.eu\/leistungen\/projektmanagement\/","url":"https:\/\/www.slsevents.eu\/leistungen\/projektmanagement\/","name":"Projektmanagement - SLS","isPartOf":{"@id":"https:\/\/www.slsevents.eu\/#website"},"primaryImageOfPage":{"@id":"https:\/\/www.slsevents.eu\/leistungen\/projektmanagement\/#primaryimage"},"image":{"@id":"https:\/\/www.slsevents.eu\/leistungen\/projektmanagement\/#primaryimage"},"thumbnailUrl":"https:\/\/www.slsevents.eu\/wp-content\/uploads\/2021\/03\/AdobeStock_298580285-scaled.jpg","datePublished":"2020-12-29T22:56:10+00:00","dateModified":"2021-04-12T16:28:00+00:00","description":"We take care of your event's project planning and technical implementation in compliance with legal regulations, standards, and rules. This gives you more time to take care of the content of the event.","breadcrumb":{"@id":"https:\/\/www.slsevents.eu\/leistungen\/projektmanagement\/#breadcrumb"},"inLanguage":"en-GB","potentialAction":[{"@type":"ReadAction","target":["https:\/\/www.slsevents.eu\/leistungen\/projektmanagement\/"]}]},{"@type":"ImageObject","inLanguage":"en-GB","@id":"https:\/\/www.slsevents.eu\/leistungen\/projektmanagement\/#primaryimage","url":"https:\/\/www.slsevents.eu\/wp-content\/uploads\/2021\/03\/AdobeStock_298580285-scaled.jpg","contentUrl":"https:\/\/www.slsevents.eu\/wp-content\/uploads\/2021\/03\/AdobeStock_298580285-scaled.jpg"},{"@type":"BreadcrumbList","@id":"https:\/\/www.slsevents.eu\/leistungen\/projektmanagement\/#breadcrumb","itemListElement":[{"@type":"ListItem","position":1,"name":"Startseite","item":"https:\/\/www.slsevents.eu\/"},{"@type":"ListItem","position":2,"name":"LEISTUNGEN","item":"https:\/\/www.slsevents.eu\/leistungen\/"},{"@type":"ListItem","position":3,"name":"Projektmanagement"}]},{"@type":"WebSite","@id":"https:\/\/www.slsevents.eu\/#website","url":"https:\/\/www.slsevents.eu\/","name":"SLS","description":"event technology","potentialAction":[{"@type":"SearchAction","target":{"@type":"EntryPoint","urlTemplate":"https:\/\/www.slsevents.eu\/?s={search_term_string}"},"query-input":{"@type":"PropertyValueSpecification","valueRequired":true,"valueName":"search_term_string"}}],"inLanguage":"en-GB"}]}},"_links":{"self":[{"href":"https:\/\/www.slsevents.eu\/en\/wp-json\/wp\/v2\/pages\/1748","targetHints":{"allow":["GET"]}}],"collection":[{"href":"https:\/\/www.slsevents.eu\/en\/wp-json\/wp\/v2\/pages"}],"about":[{"href":"https:\/\/www.slsevents.eu\/en\/wp-json\/wp\/v2\/types\/page"}],"author":[{"embeddable":true,"href":"https:\/\/www.slsevents.eu\/en\/wp-json\/wp\/v2\/users\/1"}],"replies":[{"embeddable":true,"href":"https:\/\/www.slsevents.eu\/en\/wp-json\/wp\/v2\/comments?post=1748"}],"version-history":[{"count":69,"href":"https:\/\/www.slsevents.eu\/en\/wp-json\/wp\/v2\/pages\/1748\/revisions"}],"predecessor-version":[{"id":5560,"href":"https:\/\/www.slsevents.eu\/en\/wp-json\/wp\/v2\/pages\/1748\/revisions\/5560"}],"up":[{"embeddable":true,"href":"https:\/\/www.slsevents.eu\/en\/wp-json\/wp\/v2\/pages\/28"}],"wp:attachment":[{"href":"https:\/\/www.slsevents.eu\/en\/wp-json\/wp\/v2\/media?parent=1748"}],"curies":[{"name":"wp","href":"https:\/\/api.w.org\/{rel}","templated":true}]}}