{"id":1705,"date":"2020-12-29T23:30:01","date_gmt":"2020-12-29T22:30:01","guid":{"rendered":"https:\/\/www.slsevents.eu\/?page_id=1705"},"modified":"2021-04-12T18:12:17","modified_gmt":"2021-04-12T16:12:17","slug":"it","status":"publish","type":"page","link":"https:\/\/www.slsevents.eu\/en\/veranstaltungstechnik\/it\/","title":{"rendered":"IT"},"content":{"rendered":"<div data-elementor-type=\"wp-page\" data-elementor-id=\"1705\" class=\"elementor elementor-1705\" data-elementor-post-type=\"page\">\n\t\t\t\t\t\t<section class=\"elementor-section elementor-top-section elementor-element elementor-element-3f10939b elementor-section-full_width elementor-section-height-default elementor-section-height-default\" data-id=\"3f10939b\" data-element_type=\"section\" data-e-type=\"section\">\n\t\t\t\t\t\t<div class=\"elementor-container elementor-column-gap-default\">\n\t\t\t\t\t<div class=\"elementor-column elementor-col-100 elementor-top-column elementor-element elementor-element-6456bab1\" data-id=\"6456bab1\" data-element_type=\"column\" data-e-type=\"column\">\n\t\t\t<div class=\"elementor-widget-wrap elementor-element-populated\">\n\t\t\t\t\t\t<div class=\"elementor-element elementor-element-2fcbaefc elementor-widget__width-inherit header-image elementor-widget elementor-widget-image\" data-id=\"2fcbaefc\" data-element_type=\"widget\" data-e-type=\"widget\" data-widget_type=\"image.default\">\n\t\t\t\t<div class=\"elementor-widget-container\">\n\t\t\t\t\t\t\t\t\t\t\t\t\t\t\t<img fetchpriority=\"high\" decoding=\"async\" width=\"2560\" height=\"1440\" src=\"https:\/\/www.slsevents.eu\/wp-content\/uploads\/2021\/03\/AdobeStock_133849693-scaled.jpg\" class=\"attachment-full size-full wp-image-4463\" alt=\"\" srcset=\"https:\/\/www.slsevents.eu\/wp-content\/uploads\/2021\/03\/AdobeStock_133849693-scaled.jpg 2560w, https:\/\/www.slsevents.eu\/wp-content\/uploads\/2021\/03\/AdobeStock_133849693-300x169.jpg 300w, https:\/\/www.slsevents.eu\/wp-content\/uploads\/2021\/03\/AdobeStock_133849693-1024x576.jpg 1024w, https:\/\/www.slsevents.eu\/wp-content\/uploads\/2021\/03\/AdobeStock_133849693-768x432.jpg 768w, https:\/\/www.slsevents.eu\/wp-content\/uploads\/2021\/03\/AdobeStock_133849693-1536x864.jpg 1536w, https:\/\/www.slsevents.eu\/wp-content\/uploads\/2021\/03\/AdobeStock_133849693-2048x1152.jpg 2048w, https:\/\/www.slsevents.eu\/wp-content\/uploads\/2021\/03\/AdobeStock_133849693-16x9.jpg 16w\" sizes=\"(max-width: 2560px) 100vw, 2560px\" \/>\t\t\t\t\t\t\t\t\t\t\t\t\t\t\t<\/div>\n\t\t\t\t<\/div>\n\t\t\t\t<div class=\"elementor-element elementor-element-58fb00bf elementor-widget elementor-widget-heading\" data-id=\"58fb00bf\" data-element_type=\"widget\" data-e-type=\"widget\" data-widget_type=\"heading.default\">\n\t\t\t\t<div class=\"elementor-widget-container\">\n\t\t\t\t\t<h2 class=\"elementor-heading-title elementor-size-default\">Event-IT<\/h2>\t\t\t\t<\/div>\n\t\t\t\t<\/div>\n\t\t\t\t<div class=\"elementor-element elementor-element-172b2e05 elementor-widget elementor-widget-text-editor\" data-id=\"172b2e05\" data-element_type=\"widget\" data-e-type=\"widget\" data-widget_type=\"text-editor.default\">\n\t\t\t\t<div class=\"elementor-widget-container\">\n\t\t\t\t\t\t\t\t\t<p>A proper IT infrastructure is a must at almost every event these days.<\/p>\n<p>We create the connection between the existing building services and our technical equipment.<\/p>\n<p>That's why we offer local network structures that connect not only your devices but also your guests.<\/p>\t\t\t\t\t\t\t\t<\/div>\n\t\t\t\t<\/div>\n\t\t\t\t\t<\/div>\n\t\t<\/div>\n\t\t\t\t\t<\/div>\n\t\t<\/section>\n\t\t\t\t<\/div>","protected":false},"excerpt":{"rendered":"<p>Event-IT Eine ordentliche IT-Infrastruktur ist in der heutigen Zeit auf fast jedem Event ein Muss. Wir schaffen die Verbindung zwischen der vorhandenen Haustechnik und unseren eigenen technischen Ger\u00e4ten. Deshalb bieten wir lokale Netzwerkstrukturen, welche nicht nur Ihre Ger\u00e4te, sondern auch Ihre G\u00e4ste verbinden.<\/p>","protected":false},"author":1,"featured_media":0,"parent":30,"menu_order":0,"comment_status":"closed","ping_status":"closed","template":"elementor_header_footer","meta":{"footnotes":""},"class_list":["post-1705","page","type-page","status-publish","hentry"],"yoast_head":"<!-- This site is optimized with the Yoast SEO plugin v27.3 - https:\/\/yoast.com\/product\/yoast-seo-wordpress\/ -->\n<title>IT - SLS<\/title>\n<meta name=\"description\" content=\"Eine ordentliche IT-Infrastruktur ist in der heutigen Zeit auf fast jedem Event ein muss. Deshalb bieten wir lokale Netzwerkestrukturen, welche nicht nur Ihre Ger\u00e4te, sondern auch Ihre G\u00e4ste verbinden.\" \/>\n<meta name=\"robots\" content=\"index, follow, max-snippet:-1, max-image-preview:large, max-video-preview:-1\" \/>\n<link rel=\"canonical\" href=\"https:\/\/www.slsevents.eu\/en\/veranstaltungstechnik\/it\/\" \/>\n<meta property=\"og:locale\" content=\"en_GB\" \/>\n<meta property=\"og:type\" content=\"article\" \/>\n<meta property=\"og:title\" content=\"IT - SLS\" \/>\n<meta property=\"og:description\" content=\"Eine ordentliche IT-Infrastruktur ist in der heutigen Zeit auf fast jedem Event ein muss. Deshalb bieten wir lokale Netzwerkestrukturen, welche nicht nur Ihre Ger\u00e4te, sondern auch Ihre G\u00e4ste verbinden.\" \/>\n<meta property=\"og:url\" content=\"https:\/\/www.slsevents.eu\/en\/veranstaltungstechnik\/it\/\" \/>\n<meta property=\"og:site_name\" content=\"SLS\" \/>\n<meta property=\"article:modified_time\" content=\"2021-04-12T16:12:17+00:00\" \/>\n<meta property=\"og:image\" content=\"https:\/\/www.slsevents.eu\/wp-content\/uploads\/2021\/03\/AdobeStock_133849693-scaled.jpg\" \/>\n<meta name=\"twitter:card\" content=\"summary_large_image\" \/>\n<meta name=\"twitter:label1\" content=\"Estimated reading time\" \/>\n\t<meta name=\"twitter:data1\" content=\"1 minute\" \/>\n<script type=\"application\/ld+json\" class=\"yoast-schema-graph\">{\"@context\":\"https:\\\/\\\/schema.org\",\"@graph\":[{\"@type\":\"WebPage\",\"@id\":\"https:\\\/\\\/www.slsevents.eu\\\/veranstaltungstechnik\\\/it\\\/\",\"url\":\"https:\\\/\\\/www.slsevents.eu\\\/veranstaltungstechnik\\\/it\\\/\",\"name\":\"IT - SLS\",\"isPartOf\":{\"@id\":\"https:\\\/\\\/www.slsevents.eu\\\/#website\"},\"primaryImageOfPage\":{\"@id\":\"https:\\\/\\\/www.slsevents.eu\\\/veranstaltungstechnik\\\/it\\\/#primaryimage\"},\"image\":{\"@id\":\"https:\\\/\\\/www.slsevents.eu\\\/veranstaltungstechnik\\\/it\\\/#primaryimage\"},\"thumbnailUrl\":\"https:\\\/\\\/www.slsevents.eu\\\/wp-content\\\/uploads\\\/2021\\\/03\\\/AdobeStock_133849693-scaled.jpg\",\"datePublished\":\"2020-12-29T22:30:01+00:00\",\"dateModified\":\"2021-04-12T16:12:17+00:00\",\"description\":\"Eine ordentliche IT-Infrastruktur ist in der heutigen Zeit auf fast jedem Event ein muss. Deshalb bieten wir lokale Netzwerkestrukturen, welche nicht nur Ihre Ger\u00e4te, sondern auch Ihre G\u00e4ste verbinden.\",\"breadcrumb\":{\"@id\":\"https:\\\/\\\/www.slsevents.eu\\\/veranstaltungstechnik\\\/it\\\/#breadcrumb\"},\"inLanguage\":\"en-GB\",\"potentialAction\":[{\"@type\":\"ReadAction\",\"target\":[\"https:\\\/\\\/www.slsevents.eu\\\/veranstaltungstechnik\\\/it\\\/\"]}]},{\"@type\":\"ImageObject\",\"inLanguage\":\"en-GB\",\"@id\":\"https:\\\/\\\/www.slsevents.eu\\\/veranstaltungstechnik\\\/it\\\/#primaryimage\",\"url\":\"https:\\\/\\\/www.slsevents.eu\\\/wp-content\\\/uploads\\\/2021\\\/03\\\/AdobeStock_133849693-scaled.jpg\",\"contentUrl\":\"https:\\\/\\\/www.slsevents.eu\\\/wp-content\\\/uploads\\\/2021\\\/03\\\/AdobeStock_133849693-scaled.jpg\"},{\"@type\":\"BreadcrumbList\",\"@id\":\"https:\\\/\\\/www.slsevents.eu\\\/veranstaltungstechnik\\\/it\\\/#breadcrumb\",\"itemListElement\":[{\"@type\":\"ListItem\",\"position\":1,\"name\":\"Startseite\",\"item\":\"https:\\\/\\\/www.slsevents.eu\\\/\"},{\"@type\":\"ListItem\",\"position\":2,\"name\":\"VERANSTALTUNGSTECHNIK\",\"item\":\"https:\\\/\\\/www.slsevents.eu\\\/veranstaltungstechnik\\\/\"},{\"@type\":\"ListItem\",\"position\":3,\"name\":\"IT\"}]},{\"@type\":\"WebSite\",\"@id\":\"https:\\\/\\\/www.slsevents.eu\\\/#website\",\"url\":\"https:\\\/\\\/www.slsevents.eu\\\/\",\"name\":\"SLS\",\"description\":\"event technology\",\"potentialAction\":[{\"@type\":\"SearchAction\",\"target\":{\"@type\":\"EntryPoint\",\"urlTemplate\":\"https:\\\/\\\/www.slsevents.eu\\\/?s={search_term_string}\"},\"query-input\":{\"@type\":\"PropertyValueSpecification\",\"valueRequired\":true,\"valueName\":\"search_term_string\"}}],\"inLanguage\":\"en-GB\"}]}<\/script>\n<!-- \/ Yoast SEO plugin. -->","yoast_head_json":{"title":"IT - SLS","description":"Eine ordentliche IT-Infrastruktur ist in der heutigen Zeit auf fast jedem Event ein muss. Deshalb bieten wir lokale Netzwerkestrukturen, welche nicht nur Ihre Ger\u00e4te, sondern auch Ihre G\u00e4ste verbinden.","robots":{"index":"index","follow":"follow","max-snippet":"max-snippet:-1","max-image-preview":"max-image-preview:large","max-video-preview":"max-video-preview:-1"},"canonical":"https:\/\/www.slsevents.eu\/en\/veranstaltungstechnik\/it\/","og_locale":"en_GB","og_type":"article","og_title":"IT - SLS","og_description":"Eine ordentliche IT-Infrastruktur ist in der heutigen Zeit auf fast jedem Event ein muss. Deshalb bieten wir lokale Netzwerkestrukturen, welche nicht nur Ihre Ger\u00e4te, sondern auch Ihre G\u00e4ste verbinden.","og_url":"https:\/\/www.slsevents.eu\/en\/veranstaltungstechnik\/it\/","og_site_name":"SLS","article_modified_time":"2021-04-12T16:12:17+00:00","og_image":[{"url":"https:\/\/www.slsevents.eu\/wp-content\/uploads\/2021\/03\/AdobeStock_133849693-scaled.jpg","type":"","width":"","height":""}],"twitter_card":"summary_large_image","twitter_misc":{"Estimated reading time":"1 minute"},"schema":{"@context":"https:\/\/schema.org","@graph":[{"@type":"WebPage","@id":"https:\/\/www.slsevents.eu\/veranstaltungstechnik\/it\/","url":"https:\/\/www.slsevents.eu\/veranstaltungstechnik\/it\/","name":"IT - SLS","isPartOf":{"@id":"https:\/\/www.slsevents.eu\/#website"},"primaryImageOfPage":{"@id":"https:\/\/www.slsevents.eu\/veranstaltungstechnik\/it\/#primaryimage"},"image":{"@id":"https:\/\/www.slsevents.eu\/veranstaltungstechnik\/it\/#primaryimage"},"thumbnailUrl":"https:\/\/www.slsevents.eu\/wp-content\/uploads\/2021\/03\/AdobeStock_133849693-scaled.jpg","datePublished":"2020-12-29T22:30:01+00:00","dateModified":"2021-04-12T16:12:17+00:00","description":"Eine ordentliche IT-Infrastruktur ist in der heutigen Zeit auf fast jedem Event ein muss. Deshalb bieten wir lokale Netzwerkestrukturen, welche nicht nur Ihre Ger\u00e4te, sondern auch Ihre G\u00e4ste verbinden.","breadcrumb":{"@id":"https:\/\/www.slsevents.eu\/veranstaltungstechnik\/it\/#breadcrumb"},"inLanguage":"en-GB","potentialAction":[{"@type":"ReadAction","target":["https:\/\/www.slsevents.eu\/veranstaltungstechnik\/it\/"]}]},{"@type":"ImageObject","inLanguage":"en-GB","@id":"https:\/\/www.slsevents.eu\/veranstaltungstechnik\/it\/#primaryimage","url":"https:\/\/www.slsevents.eu\/wp-content\/uploads\/2021\/03\/AdobeStock_133849693-scaled.jpg","contentUrl":"https:\/\/www.slsevents.eu\/wp-content\/uploads\/2021\/03\/AdobeStock_133849693-scaled.jpg"},{"@type":"BreadcrumbList","@id":"https:\/\/www.slsevents.eu\/veranstaltungstechnik\/it\/#breadcrumb","itemListElement":[{"@type":"ListItem","position":1,"name":"Startseite","item":"https:\/\/www.slsevents.eu\/"},{"@type":"ListItem","position":2,"name":"VERANSTALTUNGSTECHNIK","item":"https:\/\/www.slsevents.eu\/veranstaltungstechnik\/"},{"@type":"ListItem","position":3,"name":"IT"}]},{"@type":"WebSite","@id":"https:\/\/www.slsevents.eu\/#website","url":"https:\/\/www.slsevents.eu\/","name":"SLS","description":"event technology","potentialAction":[{"@type":"SearchAction","target":{"@type":"EntryPoint","urlTemplate":"https:\/\/www.slsevents.eu\/?s={search_term_string}"},"query-input":{"@type":"PropertyValueSpecification","valueRequired":true,"valueName":"search_term_string"}}],"inLanguage":"en-GB"}]}},"_links":{"self":[{"href":"https:\/\/www.slsevents.eu\/en\/wp-json\/wp\/v2\/pages\/1705","targetHints":{"allow":["GET"]}}],"collection":[{"href":"https:\/\/www.slsevents.eu\/en\/wp-json\/wp\/v2\/pages"}],"about":[{"href":"https:\/\/www.slsevents.eu\/en\/wp-json\/wp\/v2\/types\/page"}],"author":[{"embeddable":true,"href":"https:\/\/www.slsevents.eu\/en\/wp-json\/wp\/v2\/users\/1"}],"replies":[{"embeddable":true,"href":"https:\/\/www.slsevents.eu\/en\/wp-json\/wp\/v2\/comments?post=1705"}],"version-history":[{"count":27,"href":"https:\/\/www.slsevents.eu\/en\/wp-json\/wp\/v2\/pages\/1705\/revisions"}],"predecessor-version":[{"id":5542,"href":"https:\/\/www.slsevents.eu\/en\/wp-json\/wp\/v2\/pages\/1705\/revisions\/5542"}],"up":[{"embeddable":true,"href":"https:\/\/www.slsevents.eu\/en\/wp-json\/wp\/v2\/pages\/30"}],"wp:attachment":[{"href":"https:\/\/www.slsevents.eu\/en\/wp-json\/wp\/v2\/media?parent=1705"}],"curies":[{"name":"wp","href":"https:\/\/api.w.org\/{rel}","templated":true}]}}