{"id":16455,"date":"2022-04-01T14:12:42","date_gmt":"2022-04-01T12:12:42","guid":{"rendered":"https:\/\/www.slsevents.eu\/?page_id=16455"},"modified":"2023-11-29T10:38:06","modified_gmt":"2023-11-29T09:38:06","slug":"digital-event","status":"publish","type":"page","link":"https:\/\/www.slsevents.eu\/en\/events\/digital-event\/","title":{"rendered":"Digital Event"},"content":{"rendered":"<div data-elementor-type=\"wp-page\" data-elementor-id=\"16455\" class=\"elementor elementor-16455\" data-elementor-post-type=\"page\">\n\t\t\t\t\t\t<section class=\"elementor-section elementor-top-section elementor-element elementor-element-8a4ecc4 elementor-section-full_width elementor-section-height-default elementor-section-height-default\" data-id=\"8a4ecc4\" data-element_type=\"section\" data-e-type=\"section\">\n\t\t\t\t\t\t<div class=\"elementor-container elementor-column-gap-default\">\n\t\t\t\t\t<div class=\"elementor-column elementor-col-100 elementor-top-column elementor-element elementor-element-22dcb43\" data-id=\"22dcb43\" data-element_type=\"column\" data-e-type=\"column\">\n\t\t\t<div class=\"elementor-widget-wrap elementor-element-populated\">\n\t\t\t\t\t\t<div class=\"elementor-element elementor-element-d8cf9ae elementor-widget__width-inherit header-image elementor-widget elementor-widget-image\" data-id=\"d8cf9ae\" data-element_type=\"widget\" data-e-type=\"widget\" data-widget_type=\"image.default\">\n\t\t\t\t<div class=\"elementor-widget-container\">\n\t\t\t\t\t\t\t\t\t\t\t\t\t\t\t<img fetchpriority=\"high\" decoding=\"async\" width=\"2560\" height=\"1706\" src=\"https:\/\/www.slsevents.eu\/wp-content\/uploads\/2021\/03\/AdobeStock_404971798-scaled.jpeg\" class=\"attachment-full size-full wp-image-3756\" alt=\"\" srcset=\"https:\/\/www.slsevents.eu\/wp-content\/uploads\/2021\/03\/AdobeStock_404971798-scaled.jpeg 2560w, https:\/\/www.slsevents.eu\/wp-content\/uploads\/2021\/03\/AdobeStock_404971798-300x200.jpeg 300w, https:\/\/www.slsevents.eu\/wp-content\/uploads\/2021\/03\/AdobeStock_404971798-1024x682.jpeg 1024w, https:\/\/www.slsevents.eu\/wp-content\/uploads\/2021\/03\/AdobeStock_404971798-768x512.jpeg 768w, https:\/\/www.slsevents.eu\/wp-content\/uploads\/2021\/03\/AdobeStock_404971798-1536x1024.jpeg 1536w, https:\/\/www.slsevents.eu\/wp-content\/uploads\/2021\/03\/AdobeStock_404971798-2048x1365.jpeg 2048w, https:\/\/www.slsevents.eu\/wp-content\/uploads\/2021\/03\/AdobeStock_404971798-16x12.jpeg 16w\" sizes=\"(max-width: 2560px) 100vw, 2560px\" \/>\t\t\t\t\t\t\t\t\t\t\t\t\t\t\t<\/div>\n\t\t\t\t<\/div>\n\t\t\t\t\t<\/div>\n\t\t<\/div>\n\t\t\t\t\t<\/div>\n\t\t<\/section>\n\t\t\t\t<section class=\"elementor-section elementor-top-section elementor-element elementor-element-fe72a6f elementor-section-boxed elementor-section-height-default elementor-section-height-default\" data-id=\"fe72a6f\" data-element_type=\"section\" data-e-type=\"section\">\n\t\t\t\t\t\t<div class=\"elementor-container elementor-column-gap-no\">\n\t\t\t\t\t<div class=\"elementor-column elementor-col-100 elementor-top-column elementor-element elementor-element-f70e4ea\" data-id=\"f70e4ea\" data-element_type=\"column\" data-e-type=\"column\">\n\t\t\t<div class=\"elementor-widget-wrap elementor-element-populated\">\n\t\t\t\t\t\t<div class=\"elementor-element elementor-element-9567953 elementor-widget elementor-widget-text-editor\" data-id=\"9567953\" data-element_type=\"widget\" data-e-type=\"widget\" data-widget_type=\"text-editor.default\">\n\t\t\t\t<div class=\"elementor-widget-container\">\n\t\t\t\t\t\t\t\t\t<h2 style=\"text-align: center;\">Digital Event<\/h2><p>\u00a0<\/p><h4 style=\"text-align: center;\"><strong>Live Stream<\/strong><\/h4><h5 style=\"text-align: center;\">The Internet offers almost unlimited opportunities to connect.<br \/>An increasingly important role is played by <strong>Live-Stream<\/strong><strong>.<\/strong><\/h5><p style=\"text-align: center;\">Broadcast your event with us on the Internet, regardless of its size.<br \/>No matter if meetings, conferences, small concerts or a big event.<br \/>Allow others to follow your stream on Youtube, Twitch, Zoom or your own website.<\/p><p style=\"text-align: center;\">Engage your audience from anywhere and make virtual participation in your event possible.<\/p><p style=\"text-align: center;\" class=\"translation-block\">At SLS, we offer everything from small <strong>streaming kits<\/strong> to a <strong>complete solution<\/strong> for your event to ensure an uninterrupted streaming experience.<\/p>\t\t\t\t\t\t\t\t<\/div>\n\t\t\t\t<\/div>\n\t\t\t\t<div class=\"elementor-element elementor-element-c4cd996 elementor-widget elementor-widget-text-editor\" data-id=\"c4cd996\" data-element_type=\"widget\" data-e-type=\"widget\" data-widget_type=\"text-editor.default\">\n\t\t\t\t<div class=\"elementor-widget-container\">\n\t\t\t\t\t\t\t\t\t<h4 style=\"text-align: center;\"><strong>Virtual Event<\/strong><\/h4><h5 style=\"text-align: center;\">Looking to host a completely virtual event?<\/h5><p style=\"text-align: center;\">We offer several ways to allow your attendees to participate from home or the office.<\/p><p style=\"text-align: center;\">For example, you can inform and interact with people in the form of webcasts or virtual conferences.<\/p>\t\t\t\t\t\t\t\t<\/div>\n\t\t\t\t<\/div>\n\t\t\t\t<div class=\"elementor-element elementor-element-3b0edd3 elementor-widget elementor-widget-text-editor\" data-id=\"3b0edd3\" data-element_type=\"widget\" data-e-type=\"widget\" data-widget_type=\"text-editor.default\">\n\t\t\t\t<div class=\"elementor-widget-container\">\n\t\t\t\t\t\t\t\t\t<h4 style=\"text-align: center;\"><strong>Hybrid Events<\/strong><\/h4><p style=\"text-align: center;\" class=\"translation-block\">You want to enable participants in your livestream to <strong>interact <\/strong> with you or other participants in <strong>real time <\/strong>and in <strong>high definition<\/strong>.<\/p><p style=\"text-align: center;\" class=\"translation-block\">Then a <strong>Hybrid Event <\/strong>is the right thing for you. Hold your event as usual and let visitors participate both on-site and simultaneously online.\u00a0<\/p><p style=\"text-align: center;\" class=\"translation-block\">A distinction can be made between<strong> Internal Hybrid Events<\/strong> and<strong> External Hybrid Events<\/strong>.<\/p>\t\t\t\t\t\t\t\t<\/div>\n\t\t\t\t<\/div>\n\t\t\t\t<section class=\"elementor-section elementor-inner-section elementor-element elementor-element-5bd2fb2 elementor-section-boxed elementor-section-height-default elementor-section-height-default\" data-id=\"5bd2fb2\" data-element_type=\"section\" data-e-type=\"section\">\n\t\t\t\t\t\t<div class=\"elementor-container elementor-column-gap-no\">\n\t\t\t\t\t<div class=\"elementor-column elementor-col-50 elementor-inner-column elementor-element elementor-element-f4c19a7\" data-id=\"f4c19a7\" data-element_type=\"column\" data-e-type=\"column\">\n\t\t\t<div class=\"elementor-widget-wrap elementor-element-populated\">\n\t\t\t\t\t\t<div class=\"elementor-element elementor-element-5ae4d7e elementor-widget elementor-widget-text-editor\" data-id=\"5ae4d7e\" data-element_type=\"widget\" data-e-type=\"widget\" data-widget_type=\"text-editor.default\">\n\t\t\t\t<div class=\"elementor-widget-container\">\n\t\t\t\t\t\t\t\t\t<p style=\"text-align: center;\"><strong>Internal Hybrid Events<\/strong><\/p><p style=\"text-align: center;\">Nowadays, these are used to communicate within a company that spans multiple countries or continents.<\/p><p style=\"text-align: center;\">Relay messages to the entire company without employees having to travel for time and money.<\/p><p style=\"text-align: center;\">You can use Internal Hybrid Events for employee training, education, team building, or even recruiting.\u00a0\u00a0<\/p><p style=\"text-align: center;\">\u00a0<\/p>\t\t\t\t\t\t\t\t<\/div>\n\t\t\t\t<\/div>\n\t\t\t\t\t<\/div>\n\t\t<\/div>\n\t\t\t\t<div class=\"elementor-column elementor-col-50 elementor-inner-column elementor-element elementor-element-f4fecab\" data-id=\"f4fecab\" data-element_type=\"column\" data-e-type=\"column\">\n\t\t\t<div class=\"elementor-widget-wrap elementor-element-populated\">\n\t\t\t\t\t\t<div class=\"elementor-element elementor-element-694f798 elementor-widget elementor-widget-text-editor\" data-id=\"694f798\" data-element_type=\"widget\" data-e-type=\"widget\" data-widget_type=\"text-editor.default\">\n\t\t\t\t<div class=\"elementor-widget-container\">\n\t\t\t\t\t\t\t\t\t<p style=\"text-align: center;\"><strong>External Hybrid Events<\/strong><\/p><p style=\"text-align: center;\">Virtual events, which are aimed at the general public, are increasingly in demand.<\/p><p style=\"text-align: center;\">To provide participants with a comparable experience, a higher level of quality and interaction is required.<\/p><p style=\"text-align: center;\">Talk rounds or chat functions are used, for example, to enable participants to interact with each other.<\/p>\t\t\t\t\t\t\t\t<\/div>\n\t\t\t\t<\/div>\n\t\t\t\t\t<\/div>\n\t\t<\/div>\n\t\t\t\t\t<\/div>\n\t\t<\/section>\n\t\t\t\t\t<\/div>\n\t\t<\/div>\n\t\t\t\t\t<\/div>\n\t\t<\/section>\n\t\t\t\t<section class=\"elementor-section elementor-top-section elementor-element elementor-element-dc89d3a elementor-section-boxed elementor-section-height-default elementor-section-height-default\" data-id=\"dc89d3a\" data-element_type=\"section\" data-e-type=\"section\">\n\t\t\t\t\t\t<div class=\"elementor-container elementor-column-gap-no\">\n\t\t\t\t\t<div class=\"elementor-column elementor-col-100 elementor-top-column elementor-element elementor-element-b1d4f43\" data-id=\"b1d4f43\" data-element_type=\"column\" data-e-type=\"column\">\n\t\t\t<div class=\"elementor-widget-wrap elementor-element-populated\">\n\t\t\t\t\t\t<div class=\"elementor-element elementor-element-575aebf elementor-hidden-desktop elementor-hidden-tablet elementor-hidden-phone elementor--h-position-center elementor--v-position-middle elementor-arrows-position-inside elementor-pagination-position-inside elementor-widget elementor-widget-slides\" data-id=\"575aebf\" data-element_type=\"widget\" data-e-type=\"widget\" data-settings=\"{&quot;navigation&quot;:&quot;both&quot;,&quot;autoplay&quot;:&quot;yes&quot;,&quot;pause_on_hover&quot;:&quot;yes&quot;,&quot;pause_on_interaction&quot;:&quot;yes&quot;,&quot;autoplay_speed&quot;:5000,&quot;infinite&quot;:&quot;yes&quot;,&quot;transition&quot;:&quot;slide&quot;,&quot;transition_speed&quot;:500}\" data-widget_type=\"slides.default\">\n\t\t\t\t<div class=\"elementor-widget-container\">\n\t\t\t\t\t\t\t\t\t<div class=\"elementor-swiper\">\n\t\t\t\t\t<div class=\"elementor-slides-wrapper elementor-main-swiper swiper\" role=\"region\" aria-roledescription=\"carousel\" aria-label=\"Slider\" dir=\"ltr\" data-animation=\"fadeInUp\">\n\t\t\t\t<div class=\"swiper-wrapper elementor-slides\">\n\t\t\t\t\t\t\t\t\t\t<div class=\"elementor-repeater-item-e7d8da0 swiper-slide\" role=\"group\" aria-roledescription=\"slide\"><div class=\"swiper-slide-bg\" role=\"img\" aria-label=\"online business meeting streamed live\"><\/div><div class=\"swiper-slide-inner\" ><div class=\"swiper-slide-contents\"><div class=\"elementor-slide-heading\">Live Stream<\/div><div class=\"elementor-slide-description\">Broadcast your event with us on the Internet, regardless of its size.<\/div><div  class=\"elementor-button elementor-slide-button elementor-size-lg\">Hier klicken<\/div><\/div><\/div><\/div><div class=\"elementor-repeater-item-c4329b6 swiper-slide\" role=\"group\" aria-roledescription=\"slide\"><div class=\"swiper-slide-bg\" role=\"img\" aria-label=\"fujitsu-online-training-carousel-2-1090x600\"><\/div><div class=\"swiper-slide-inner\" ><div class=\"swiper-slide-contents\"><div class=\"elementor-slide-heading\">Virtual Event<\/div><div class=\"elementor-slide-description\">We offer several ways to allow your attendees to participate from home or the office.<\/div><div  class=\"elementor-button elementor-slide-button elementor-size-lg\">Hier klicken<\/div><\/div><\/div><\/div>\t\t\t\t<\/div>\n\t\t\t\t\t\t\t\t\t\t\t\t\t\t\t<div class=\"elementor-swiper-button elementor-swiper-button-prev\" role=\"button\" tabindex=\"0\" aria-label=\"Vorheriger Slide\">\n\t\t\t\t\t\t\t<i aria-hidden=\"true\" class=\"eicon-chevron-left\"><\/i>\t\t\t\t\t\t<\/div>\n\t\t\t\t\t\t<div class=\"elementor-swiper-button elementor-swiper-button-next\" role=\"button\" tabindex=\"0\" aria-label=\"N\u00e4chster Slide\">\n\t\t\t\t\t\t\t<i aria-hidden=\"true\" class=\"eicon-chevron-right\"><\/i>\t\t\t\t\t\t<\/div>\n\t\t\t\t\t\t\t\t\t\t\t\t\t\t\t\t<div class=\"swiper-pagination\"><\/div>\n\t\t\t\t\t\t\t\t\t\t\t\t<\/div>\n\t\t\t\t<\/div>\n\t\t\t\t\t\t\t\t<\/div>\n\t\t\t\t<\/div>\n\t\t\t\t<div class=\"elementor-element elementor-element-bdff50a elementor-widget elementor-widget-text-editor\" data-id=\"bdff50a\" data-element_type=\"widget\" data-e-type=\"widget\" data-widget_type=\"text-editor.default\">\n\t\t\t\t<div class=\"elementor-widget-container\">\n\t\t\t\t\t\t\t\t\t<h4 style=\"text-align: center;\"><strong>Virtual Platforms<\/strong><\/h4><h5 style=\"text-align: center;\" class=\"translation-block\">To create a virtual event, <strong>platforms <\/strong>are needed in which a virtual space can be designed. Here we can draw on a wide range of providers. Our employees are specially trained in the use of these virtual platforms.<\/h5>\t\t\t\t\t\t\t\t<\/div>\n\t\t\t\t<\/div>\n\t\t\t\t<section class=\"elementor-section elementor-inner-section elementor-element elementor-element-8106193 elementor-section-boxed elementor-section-height-default elementor-section-height-default\" data-id=\"8106193\" data-element_type=\"section\" data-e-type=\"section\">\n\t\t\t\t\t\t<div class=\"elementor-container elementor-column-gap-default\">\n\t\t\t\t\t<div class=\"elementor-column elementor-col-50 elementor-inner-column elementor-element elementor-element-820c617\" data-id=\"820c617\" data-element_type=\"column\" data-e-type=\"column\">\n\t\t\t<div class=\"elementor-widget-wrap elementor-element-populated\">\n\t\t\t\t\t\t<div class=\"elementor-element elementor-element-972aef2 elementor-widget elementor-widget-text-editor\" data-id=\"972aef2\" data-element_type=\"widget\" data-e-type=\"widget\" data-widget_type=\"text-editor.default\">\n\t\t\t\t<div class=\"elementor-widget-container\">\n\t\t\t\t\t\t\t\t\t<p style=\"text-align: center;\"><strong>Event Platform<br \/><\/strong>Create your event in a modular style, set it up according to your wishes and ideas. From simple unidirectional streaming to your trade show events with booths. Design your virtual get-together according to your ideas<\/p>\t\t\t\t\t\t\t\t<\/div>\n\t\t\t\t<\/div>\n\t\t\t\t\t<\/div>\n\t\t<\/div>\n\t\t\t\t<div class=\"elementor-column elementor-col-50 elementor-inner-column elementor-element elementor-element-cab5c1b\" data-id=\"cab5c1b\" data-element_type=\"column\" data-e-type=\"column\">\n\t\t\t<div class=\"elementor-widget-wrap elementor-element-populated\">\n\t\t\t\t\t\t<div class=\"elementor-element elementor-element-f519b15 elementor-widget elementor-widget-text-editor\" data-id=\"f519b15\" data-element_type=\"widget\" data-e-type=\"widget\" data-widget_type=\"text-editor.default\">\n\t\t\t\t<div class=\"elementor-widget-container\">\n\t\t\t\t\t\t\t\t\t<p style=\"text-align: center;\"><b>Interactive 3D World<\/b><br>Create your virtual world in which participants can move and interact with each other using an individual avatar. The control is intuitive and creates a very realistic event thanks to the video game characteristics. Make it possible to make classical meetings, conferences, fairs or trainings virtually accessible for your visitors.<\/p>\t\t\t\t\t\t\t\t<\/div>\n\t\t\t\t<\/div>\n\t\t\t\t\t<\/div>\n\t\t<\/div>\n\t\t\t\t\t<\/div>\n\t\t<\/section>\n\t\t\t\t<div class=\"elementor-element elementor-element-212d65c elementor-widget elementor-widget-text-editor\" data-id=\"212d65c\" data-element_type=\"widget\" data-e-type=\"widget\" data-widget_type=\"text-editor.default\">\n\t\t\t\t<div class=\"elementor-widget-container\">\n\t\t\t\t\t\t\t\t\t<p style=\"text-align: center;\">Please feel free to contact us without obligation and let us show you our digital world.<\/p>\t\t\t\t\t\t\t\t<\/div>\n\t\t\t\t<\/div>\n\t\t\t\t<div class=\"elementor-element elementor-element-5c68789 elementor-align-center elementor-widget elementor-widget-button\" data-id=\"5c68789\" data-element_type=\"widget\" data-e-type=\"widget\" data-widget_type=\"button.default\">\n\t\t\t\t<div class=\"elementor-widget-container\">\n\t\t\t\t\t\t\t\t\t<div class=\"elementor-button-wrapper\">\n\t\t\t\t\t<a class=\"elementor-button elementor-button-link elementor-size-sm elementor-animation-grow\" href=\"\/en\/kontakt\/\">\n\t\t\t\t\t\t<span class=\"elementor-button-content-wrapper\">\n\t\t\t\t\t\t\t\t\t<span class=\"elementor-button-text\">CONTACT<\/span>\n\t\t\t\t\t<\/span>\n\t\t\t\t\t<\/a>\n\t\t\t\t<\/div>\n\t\t\t\t\t\t\t\t<\/div>\n\t\t\t\t<\/div>\n\t\t\t\t\t<\/div>\n\t\t<\/div>\n\t\t\t\t\t<\/div>\n\t\t<\/section>\n\t\t\t\t<\/div>","protected":false},"excerpt":{"rendered":"<p>Digital Event \u00a0 Live Stream Das Internet bietet nahezu unbegrenzte M\u00f6glichkeiten, sich zu verkn\u00fcpfen.Eine immer gr\u00f6\u00dfere Rolle spielt dabei der Live-Stream. \u00dcbertragen Sie mit uns Ihr Event unabh\u00e4ngig von der Gr\u00f6\u00dfe einfach ins Internet.Egal ob Versammlungen, Tagungen, kleine Konzerte oder eine Gro\u00dfveranstaltung.Erm\u00f6glichen Sie es anderen ihrem Stream auf Youtube, Twitch, Zoom oder Ihrer eigenen Website [&hellip;]<\/p>\n","protected":false},"author":1,"featured_media":0,"parent":1758,"menu_order":0,"comment_status":"closed","ping_status":"closed","template":"elementor_header_footer","meta":{"footnotes":""},"class_list":["post-16455","page","type-page","status-publish","hentry"],"yoast_head":"<!-- This site is optimized with the Yoast SEO plugin v27.3 - https:\/\/yoast.com\/product\/yoast-seo-wordpress\/ -->\n<title>Digital Event - SLS<\/title>\n<meta name=\"robots\" content=\"index, follow, max-snippet:-1, max-image-preview:large, max-video-preview:-1\" \/>\n<link rel=\"canonical\" href=\"https:\/\/www.slsevents.eu\/en\/events\/digital-event\/\" \/>\n<meta property=\"og:locale\" content=\"en_GB\" \/>\n<meta property=\"og:type\" content=\"article\" \/>\n<meta property=\"og:title\" content=\"Digital Event - SLS\" \/>\n<meta property=\"og:description\" content=\"Digital Event \u00a0 Live Stream Das Internet bietet nahezu unbegrenzte M\u00f6glichkeiten, sich zu verkn\u00fcpfen.Eine immer gr\u00f6\u00dfere Rolle spielt dabei der Live-Stream. \u00dcbertragen Sie mit uns Ihr Event unabh\u00e4ngig von der Gr\u00f6\u00dfe einfach ins Internet.Egal ob Versammlungen, Tagungen, kleine Konzerte oder eine Gro\u00dfveranstaltung.Erm\u00f6glichen Sie es anderen ihrem Stream auf Youtube, Twitch, Zoom oder Ihrer eigenen Website [&hellip;]\" \/>\n<meta property=\"og:url\" content=\"https:\/\/www.slsevents.eu\/en\/events\/digital-event\/\" \/>\n<meta property=\"og:site_name\" content=\"SLS\" \/>\n<meta property=\"article:modified_time\" content=\"2023-11-29T09:38:06+00:00\" \/>\n<meta property=\"og:image\" content=\"https:\/\/www.slsevents.eu\/wp-content\/uploads\/2021\/03\/AdobeStock_404971798-scaled.jpeg\" \/>\n<meta name=\"twitter:card\" content=\"summary_large_image\" \/>\n<meta name=\"twitter:label1\" content=\"Estimated reading time\" \/>\n\t<meta name=\"twitter:data1\" content=\"4 minutes\" \/>\n<script type=\"application\/ld+json\" class=\"yoast-schema-graph\">{\"@context\":\"https:\\\/\\\/schema.org\",\"@graph\":[{\"@type\":\"WebPage\",\"@id\":\"https:\\\/\\\/www.slsevents.eu\\\/events\\\/digital-event\\\/\",\"url\":\"https:\\\/\\\/www.slsevents.eu\\\/events\\\/digital-event\\\/\",\"name\":\"Digital Event - SLS\",\"isPartOf\":{\"@id\":\"https:\\\/\\\/www.slsevents.eu\\\/#website\"},\"primaryImageOfPage\":{\"@id\":\"https:\\\/\\\/www.slsevents.eu\\\/events\\\/digital-event\\\/#primaryimage\"},\"image\":{\"@id\":\"https:\\\/\\\/www.slsevents.eu\\\/events\\\/digital-event\\\/#primaryimage\"},\"thumbnailUrl\":\"https:\\\/\\\/www.slsevents.eu\\\/wp-content\\\/uploads\\\/2021\\\/03\\\/AdobeStock_404971798-scaled.jpeg\",\"datePublished\":\"2022-04-01T12:12:42+00:00\",\"dateModified\":\"2023-11-29T09:38:06+00:00\",\"breadcrumb\":{\"@id\":\"https:\\\/\\\/www.slsevents.eu\\\/events\\\/digital-event\\\/#breadcrumb\"},\"inLanguage\":\"en-GB\",\"potentialAction\":[{\"@type\":\"ReadAction\",\"target\":[\"https:\\\/\\\/www.slsevents.eu\\\/events\\\/digital-event\\\/\"]}]},{\"@type\":\"ImageObject\",\"inLanguage\":\"en-GB\",\"@id\":\"https:\\\/\\\/www.slsevents.eu\\\/events\\\/digital-event\\\/#primaryimage\",\"url\":\"https:\\\/\\\/www.slsevents.eu\\\/wp-content\\\/uploads\\\/2021\\\/03\\\/AdobeStock_404971798-scaled.jpeg\",\"contentUrl\":\"https:\\\/\\\/www.slsevents.eu\\\/wp-content\\\/uploads\\\/2021\\\/03\\\/AdobeStock_404971798-scaled.jpeg\"},{\"@type\":\"BreadcrumbList\",\"@id\":\"https:\\\/\\\/www.slsevents.eu\\\/events\\\/digital-event\\\/#breadcrumb\",\"itemListElement\":[{\"@type\":\"ListItem\",\"position\":1,\"name\":\"Startseite\",\"item\":\"https:\\\/\\\/www.slsevents.eu\\\/\"},{\"@type\":\"ListItem\",\"position\":2,\"name\":\"EVENTS\",\"item\":\"https:\\\/\\\/www.slsevents.eu\\\/events\\\/\"},{\"@type\":\"ListItem\",\"position\":3,\"name\":\"Digital Event\"}]},{\"@type\":\"WebSite\",\"@id\":\"https:\\\/\\\/www.slsevents.eu\\\/#website\",\"url\":\"https:\\\/\\\/www.slsevents.eu\\\/\",\"name\":\"SLS\",\"description\":\"event technology\",\"potentialAction\":[{\"@type\":\"SearchAction\",\"target\":{\"@type\":\"EntryPoint\",\"urlTemplate\":\"https:\\\/\\\/www.slsevents.eu\\\/?s={search_term_string}\"},\"query-input\":{\"@type\":\"PropertyValueSpecification\",\"valueRequired\":true,\"valueName\":\"search_term_string\"}}],\"inLanguage\":\"en-GB\"}]}<\/script>\n<!-- \/ Yoast SEO plugin. -->","yoast_head_json":{"title":"Digital Event - SLS","robots":{"index":"index","follow":"follow","max-snippet":"max-snippet:-1","max-image-preview":"max-image-preview:large","max-video-preview":"max-video-preview:-1"},"canonical":"https:\/\/www.slsevents.eu\/en\/events\/digital-event\/","og_locale":"en_GB","og_type":"article","og_title":"Digital Event - SLS","og_description":"Digital Event \u00a0 Live Stream Das Internet bietet nahezu unbegrenzte M\u00f6glichkeiten, sich zu verkn\u00fcpfen.Eine immer gr\u00f6\u00dfere Rolle spielt dabei der Live-Stream. \u00dcbertragen Sie mit uns Ihr Event unabh\u00e4ngig von der Gr\u00f6\u00dfe einfach ins Internet.Egal ob Versammlungen, Tagungen, kleine Konzerte oder eine Gro\u00dfveranstaltung.Erm\u00f6glichen Sie es anderen ihrem Stream auf Youtube, Twitch, Zoom oder Ihrer eigenen Website [&hellip;]","og_url":"https:\/\/www.slsevents.eu\/en\/events\/digital-event\/","og_site_name":"SLS","article_modified_time":"2023-11-29T09:38:06+00:00","og_image":[{"url":"https:\/\/www.slsevents.eu\/wp-content\/uploads\/2021\/03\/AdobeStock_404971798-scaled.jpeg","type":"","width":"","height":""}],"twitter_card":"summary_large_image","twitter_misc":{"Estimated reading time":"4 minutes"},"schema":{"@context":"https:\/\/schema.org","@graph":[{"@type":"WebPage","@id":"https:\/\/www.slsevents.eu\/events\/digital-event\/","url":"https:\/\/www.slsevents.eu\/events\/digital-event\/","name":"Digital Event - SLS","isPartOf":{"@id":"https:\/\/www.slsevents.eu\/#website"},"primaryImageOfPage":{"@id":"https:\/\/www.slsevents.eu\/events\/digital-event\/#primaryimage"},"image":{"@id":"https:\/\/www.slsevents.eu\/events\/digital-event\/#primaryimage"},"thumbnailUrl":"https:\/\/www.slsevents.eu\/wp-content\/uploads\/2021\/03\/AdobeStock_404971798-scaled.jpeg","datePublished":"2022-04-01T12:12:42+00:00","dateModified":"2023-11-29T09:38:06+00:00","breadcrumb":{"@id":"https:\/\/www.slsevents.eu\/events\/digital-event\/#breadcrumb"},"inLanguage":"en-GB","potentialAction":[{"@type":"ReadAction","target":["https:\/\/www.slsevents.eu\/events\/digital-event\/"]}]},{"@type":"ImageObject","inLanguage":"en-GB","@id":"https:\/\/www.slsevents.eu\/events\/digital-event\/#primaryimage","url":"https:\/\/www.slsevents.eu\/wp-content\/uploads\/2021\/03\/AdobeStock_404971798-scaled.jpeg","contentUrl":"https:\/\/www.slsevents.eu\/wp-content\/uploads\/2021\/03\/AdobeStock_404971798-scaled.jpeg"},{"@type":"BreadcrumbList","@id":"https:\/\/www.slsevents.eu\/events\/digital-event\/#breadcrumb","itemListElement":[{"@type":"ListItem","position":1,"name":"Startseite","item":"https:\/\/www.slsevents.eu\/"},{"@type":"ListItem","position":2,"name":"EVENTS","item":"https:\/\/www.slsevents.eu\/events\/"},{"@type":"ListItem","position":3,"name":"Digital Event"}]},{"@type":"WebSite","@id":"https:\/\/www.slsevents.eu\/#website","url":"https:\/\/www.slsevents.eu\/","name":"SLS","description":"event technology","potentialAction":[{"@type":"SearchAction","target":{"@type":"EntryPoint","urlTemplate":"https:\/\/www.slsevents.eu\/?s={search_term_string}"},"query-input":{"@type":"PropertyValueSpecification","valueRequired":true,"valueName":"search_term_string"}}],"inLanguage":"en-GB"}]}},"_links":{"self":[{"href":"https:\/\/www.slsevents.eu\/en\/wp-json\/wp\/v2\/pages\/16455","targetHints":{"allow":["GET"]}}],"collection":[{"href":"https:\/\/www.slsevents.eu\/en\/wp-json\/wp\/v2\/pages"}],"about":[{"href":"https:\/\/www.slsevents.eu\/en\/wp-json\/wp\/v2\/types\/page"}],"author":[{"embeddable":true,"href":"https:\/\/www.slsevents.eu\/en\/wp-json\/wp\/v2\/users\/1"}],"replies":[{"embeddable":true,"href":"https:\/\/www.slsevents.eu\/en\/wp-json\/wp\/v2\/comments?post=16455"}],"version-history":[{"count":10,"href":"https:\/\/www.slsevents.eu\/en\/wp-json\/wp\/v2\/pages\/16455\/revisions"}],"predecessor-version":[{"id":16578,"href":"https:\/\/www.slsevents.eu\/en\/wp-json\/wp\/v2\/pages\/16455\/revisions\/16578"}],"up":[{"embeddable":true,"href":"https:\/\/www.slsevents.eu\/en\/wp-json\/wp\/v2\/pages\/1758"}],"wp:attachment":[{"href":"https:\/\/www.slsevents.eu\/en\/wp-json\/wp\/v2\/media?parent=16455"}],"curies":[{"name":"wp","href":"https:\/\/api.w.org\/{rel}","templated":true}]}}