{"id":1616,"date":"2020-12-21T19:59:15","date_gmt":"2020-12-21T18:59:15","guid":{"rendered":"https:\/\/www.slsevents.eu\/?page_id=1616"},"modified":"2021-04-16T18:11:50","modified_gmt":"2021-04-16T16:11:50","slug":"wir","status":"publish","type":"page","link":"https:\/\/www.slsevents.eu\/en\/sls\/wir\/","title":{"rendered":"The Team"},"content":{"rendered":"<div data-elementor-type=\"wp-page\" data-elementor-id=\"1616\" class=\"elementor elementor-1616\" data-elementor-post-type=\"page\">\n\t\t\t\t\t\t<section class=\"elementor-section elementor-top-section elementor-element elementor-element-2967de9 elementor-section-full_width elementor-section-height-default elementor-section-height-default\" data-id=\"2967de9\" data-element_type=\"section\" data-e-type=\"section\">\n\t\t\t\t\t\t<div class=\"elementor-container elementor-column-gap-default\">\n\t\t\t\t\t<div class=\"elementor-column elementor-col-100 elementor-top-column elementor-element elementor-element-6b7e12f2\" data-id=\"6b7e12f2\" data-element_type=\"column\" data-e-type=\"column\">\n\t\t\t<div class=\"elementor-widget-wrap elementor-element-populated\">\n\t\t\t\t\t\t<div class=\"elementor-element elementor-element-796f114f elementor-widget__width-inherit header-image elementor-widget elementor-widget-image\" data-id=\"796f114f\" data-element_type=\"widget\" data-e-type=\"widget\" data-widget_type=\"image.default\">\n\t\t\t\t<div class=\"elementor-widget-container\">\n\t\t\t\t\t\t\t\t\t\t\t\t\t\t\t<img fetchpriority=\"high\" decoding=\"async\" width=\"2560\" height=\"1707\" src=\"https:\/\/www.slsevents.eu\/wp-content\/uploads\/2021\/03\/IMG_5417-scaled.jpg\" class=\"attachment-full size-full wp-image-3353\" alt=\"\" srcset=\"https:\/\/www.slsevents.eu\/wp-content\/uploads\/2021\/03\/IMG_5417-scaled.jpg 2560w, https:\/\/www.slsevents.eu\/wp-content\/uploads\/2021\/03\/IMG_5417-300x200.jpg 300w, https:\/\/www.slsevents.eu\/wp-content\/uploads\/2021\/03\/IMG_5417-1024x683.jpg 1024w, https:\/\/www.slsevents.eu\/wp-content\/uploads\/2021\/03\/IMG_5417-768x512.jpg 768w, https:\/\/www.slsevents.eu\/wp-content\/uploads\/2021\/03\/IMG_5417-1536x1024.jpg 1536w, https:\/\/www.slsevents.eu\/wp-content\/uploads\/2021\/03\/IMG_5417-2048x1365.jpg 2048w, https:\/\/www.slsevents.eu\/wp-content\/uploads\/2021\/03\/IMG_5417-16x12.jpg 16w\" sizes=\"(max-width: 2560px) 100vw, 2560px\" \/>\t\t\t\t\t\t\t\t\t\t\t\t\t\t\t<\/div>\n\t\t\t\t<\/div>\n\t\t\t\t<div class=\"elementor-element elementor-element-53d1d3f4 elementor-widget elementor-widget-heading\" data-id=\"53d1d3f4\" data-element_type=\"widget\" data-e-type=\"widget\" data-widget_type=\"heading.default\">\n\t\t\t\t<div class=\"elementor-widget-container\">\n\t\t\t\t\t<h2 class=\"elementor-heading-title elementor-size-default\">The Team<\/h2>\t\t\t\t<\/div>\n\t\t\t\t<\/div>\n\t\t\t\t<div class=\"elementor-element elementor-element-608140a6 elementor-widget elementor-widget-text-editor\" data-id=\"608140a6\" data-element_type=\"widget\" data-e-type=\"widget\" data-widget_type=\"text-editor.default\">\n\t\t\t\t<div class=\"elementor-widget-container\">\n\t\t\t\t\t\t\t\t\t<p>We at SLS event technology are a full-service provider in the field of event technology. Since 1984, we have made it our business to turn our customers' wishes into reality. Our spectrum ranges from concerts and trade fairs, conferences and galas to TV productions and virtual events. Every day, our team demonstrates its expertise in established and entirely new fields and types of events.<\/p><p>Since the founding of SLS event technology, the owner-managed company has established itself as a force to be reckoned with in the event industry. In 2015, the company was transferred to son Benjamin R\u00f6ll and is now in its second generation. The traditional company has made it its business to professionally turn your wishes and demands into reality so that your event becomes a real highlight. Our team, with several decades of experience in event technology, also includes external specialists. If required, they can quickly fulfil extended requirements for light, sound, media and stage technology with their specialised knowledge.<\/p><p>There are, therefore, no limits to your ideas. You can always rely on our partners and us; you can always have complete confidence in our planning and the realisation of your projects. We are also happy to support you with creative suggestions to find \"the icing on the cake\", especially for your event.<\/p>\t\t\t\t\t\t\t\t<\/div>\n\t\t\t\t<\/div>\n\t\t\t\t\t<\/div>\n\t\t<\/div>\n\t\t\t\t\t<\/div>\n\t\t<\/section>\n\t\t\t\t<\/div>","protected":false},"excerpt":{"rendered":"<p>Wir Wir von SLS event technology, sind ein Full-Service Dienstleister im Bereich der Veranstaltungstechnik. Seit 1984 haben wir es uns zur Aufgabe gemacht die W\u00fcnsche unserer Kunden in die Realit\u00e4t umzusetzen. Unser Spektrum erstreckt sich von Konzerten und Messen, \u00fcber Tagungen und Galas bis hin zu TV-Produktionen und virtuellen Events. Tagt\u00e4glich stellt unser Team in [&hellip;]<\/p>\n","protected":false},"author":1,"featured_media":0,"parent":29,"menu_order":0,"comment_status":"closed","ping_status":"closed","template":"elementor_header_footer","meta":{"footnotes":""},"class_list":["post-1616","page","type-page","status-publish","hentry"],"yoast_head":"<!-- This site is optimized with the Yoast SEO plugin v27.3 - https:\/\/yoast.com\/product\/yoast-seo-wordpress\/ -->\n<title>Wir - SLS<\/title>\n<meta name=\"description\" content=\"Wir von SLS event technology, sind ein Full-Service Dienstleister im Bereich der Veranstaltungstechnik. Seit 1984 haben wir es uns zur Aufgabe gemacht die W\u00fcnsche unserer Kunden in die Realit\u00e4t umzusetzen.\" \/>\n<meta name=\"robots\" content=\"index, follow, max-snippet:-1, max-image-preview:large, max-video-preview:-1\" \/>\n<link rel=\"canonical\" href=\"https:\/\/www.slsevents.eu\/en\/sls\/wir\/\" \/>\n<meta property=\"og:locale\" content=\"en_GB\" \/>\n<meta property=\"og:type\" content=\"article\" \/>\n<meta property=\"og:title\" content=\"Wir - SLS\" \/>\n<meta property=\"og:description\" content=\"Wir von SLS event technology, sind ein Full-Service Dienstleister im Bereich der Veranstaltungstechnik. Seit 1984 haben wir es uns zur Aufgabe gemacht die W\u00fcnsche unserer Kunden in die Realit\u00e4t umzusetzen.\" \/>\n<meta property=\"og:url\" content=\"https:\/\/www.slsevents.eu\/en\/sls\/wir\/\" \/>\n<meta property=\"og:site_name\" content=\"SLS\" \/>\n<meta property=\"article:modified_time\" content=\"2021-04-16T16:11:50+00:00\" \/>\n<meta property=\"og:image\" content=\"https:\/\/www.slsevents.eu\/wp-content\/uploads\/2021\/03\/IMG_5417-scaled.jpg\" \/>\n<meta name=\"twitter:card\" content=\"summary_large_image\" \/>\n<meta name=\"twitter:label1\" content=\"Estimated reading time\" \/>\n\t<meta name=\"twitter:data1\" content=\"2 minutes\" \/>\n<script type=\"application\/ld+json\" class=\"yoast-schema-graph\">{\"@context\":\"https:\\\/\\\/schema.org\",\"@graph\":[{\"@type\":\"WebPage\",\"@id\":\"https:\\\/\\\/www.slsevents.eu\\\/sls\\\/wir\\\/\",\"url\":\"https:\\\/\\\/www.slsevents.eu\\\/sls\\\/wir\\\/\",\"name\":\"Wir - SLS\",\"isPartOf\":{\"@id\":\"https:\\\/\\\/www.slsevents.eu\\\/#website\"},\"primaryImageOfPage\":{\"@id\":\"https:\\\/\\\/www.slsevents.eu\\\/sls\\\/wir\\\/#primaryimage\"},\"image\":{\"@id\":\"https:\\\/\\\/www.slsevents.eu\\\/sls\\\/wir\\\/#primaryimage\"},\"thumbnailUrl\":\"https:\\\/\\\/www.slsevents.eu\\\/wp-content\\\/uploads\\\/2021\\\/03\\\/IMG_5417-scaled.jpg\",\"datePublished\":\"2020-12-21T18:59:15+00:00\",\"dateModified\":\"2021-04-16T16:11:50+00:00\",\"description\":\"Wir von SLS event technology, sind ein Full-Service Dienstleister im Bereich der Veranstaltungstechnik. Seit 1984 haben wir es uns zur Aufgabe gemacht die W\u00fcnsche unserer Kunden in die Realit\u00e4t umzusetzen.\",\"breadcrumb\":{\"@id\":\"https:\\\/\\\/www.slsevents.eu\\\/sls\\\/wir\\\/#breadcrumb\"},\"inLanguage\":\"en-GB\",\"potentialAction\":[{\"@type\":\"ReadAction\",\"target\":[\"https:\\\/\\\/www.slsevents.eu\\\/sls\\\/wir\\\/\"]}]},{\"@type\":\"ImageObject\",\"inLanguage\":\"en-GB\",\"@id\":\"https:\\\/\\\/www.slsevents.eu\\\/sls\\\/wir\\\/#primaryimage\",\"url\":\"https:\\\/\\\/www.slsevents.eu\\\/wp-content\\\/uploads\\\/2021\\\/03\\\/IMG_5417-scaled.jpg\",\"contentUrl\":\"https:\\\/\\\/www.slsevents.eu\\\/wp-content\\\/uploads\\\/2021\\\/03\\\/IMG_5417-scaled.jpg\"},{\"@type\":\"BreadcrumbList\",\"@id\":\"https:\\\/\\\/www.slsevents.eu\\\/sls\\\/wir\\\/#breadcrumb\",\"itemListElement\":[{\"@type\":\"ListItem\",\"position\":1,\"name\":\"Startseite\",\"item\":\"https:\\\/\\\/www.slsevents.eu\\\/\"},{\"@type\":\"ListItem\",\"position\":2,\"name\":\"SLS\",\"item\":\"https:\\\/\\\/www.slsevents.eu\\\/sls\\\/\"},{\"@type\":\"ListItem\",\"position\":3,\"name\":\"Wir\"}]},{\"@type\":\"WebSite\",\"@id\":\"https:\\\/\\\/www.slsevents.eu\\\/#website\",\"url\":\"https:\\\/\\\/www.slsevents.eu\\\/\",\"name\":\"SLS\",\"description\":\"event technology\",\"potentialAction\":[{\"@type\":\"SearchAction\",\"target\":{\"@type\":\"EntryPoint\",\"urlTemplate\":\"https:\\\/\\\/www.slsevents.eu\\\/?s={search_term_string}\"},\"query-input\":{\"@type\":\"PropertyValueSpecification\",\"valueRequired\":true,\"valueName\":\"search_term_string\"}}],\"inLanguage\":\"en-GB\"}]}<\/script>\n<!-- \/ Yoast SEO plugin. -->","yoast_head_json":{"title":"Wir - SLS","description":"Wir von SLS event technology, sind ein Full-Service Dienstleister im Bereich der Veranstaltungstechnik. Seit 1984 haben wir es uns zur Aufgabe gemacht die W\u00fcnsche unserer Kunden in die Realit\u00e4t umzusetzen.","robots":{"index":"index","follow":"follow","max-snippet":"max-snippet:-1","max-image-preview":"max-image-preview:large","max-video-preview":"max-video-preview:-1"},"canonical":"https:\/\/www.slsevents.eu\/en\/sls\/wir\/","og_locale":"en_GB","og_type":"article","og_title":"Wir - SLS","og_description":"Wir von SLS event technology, sind ein Full-Service Dienstleister im Bereich der Veranstaltungstechnik. Seit 1984 haben wir es uns zur Aufgabe gemacht die W\u00fcnsche unserer Kunden in die Realit\u00e4t umzusetzen.","og_url":"https:\/\/www.slsevents.eu\/en\/sls\/wir\/","og_site_name":"SLS","article_modified_time":"2021-04-16T16:11:50+00:00","og_image":[{"url":"https:\/\/www.slsevents.eu\/wp-content\/uploads\/2021\/03\/IMG_5417-scaled.jpg","type":"","width":"","height":""}],"twitter_card":"summary_large_image","twitter_misc":{"Estimated reading time":"2 minutes"},"schema":{"@context":"https:\/\/schema.org","@graph":[{"@type":"WebPage","@id":"https:\/\/www.slsevents.eu\/sls\/wir\/","url":"https:\/\/www.slsevents.eu\/sls\/wir\/","name":"Wir - SLS","isPartOf":{"@id":"https:\/\/www.slsevents.eu\/#website"},"primaryImageOfPage":{"@id":"https:\/\/www.slsevents.eu\/sls\/wir\/#primaryimage"},"image":{"@id":"https:\/\/www.slsevents.eu\/sls\/wir\/#primaryimage"},"thumbnailUrl":"https:\/\/www.slsevents.eu\/wp-content\/uploads\/2021\/03\/IMG_5417-scaled.jpg","datePublished":"2020-12-21T18:59:15+00:00","dateModified":"2021-04-16T16:11:50+00:00","description":"Wir von SLS event technology, sind ein Full-Service Dienstleister im Bereich der Veranstaltungstechnik. Seit 1984 haben wir es uns zur Aufgabe gemacht die W\u00fcnsche unserer Kunden in die Realit\u00e4t umzusetzen.","breadcrumb":{"@id":"https:\/\/www.slsevents.eu\/sls\/wir\/#breadcrumb"},"inLanguage":"en-GB","potentialAction":[{"@type":"ReadAction","target":["https:\/\/www.slsevents.eu\/sls\/wir\/"]}]},{"@type":"ImageObject","inLanguage":"en-GB","@id":"https:\/\/www.slsevents.eu\/sls\/wir\/#primaryimage","url":"https:\/\/www.slsevents.eu\/wp-content\/uploads\/2021\/03\/IMG_5417-scaled.jpg","contentUrl":"https:\/\/www.slsevents.eu\/wp-content\/uploads\/2021\/03\/IMG_5417-scaled.jpg"},{"@type":"BreadcrumbList","@id":"https:\/\/www.slsevents.eu\/sls\/wir\/#breadcrumb","itemListElement":[{"@type":"ListItem","position":1,"name":"Startseite","item":"https:\/\/www.slsevents.eu\/"},{"@type":"ListItem","position":2,"name":"SLS","item":"https:\/\/www.slsevents.eu\/sls\/"},{"@type":"ListItem","position":3,"name":"Wir"}]},{"@type":"WebSite","@id":"https:\/\/www.slsevents.eu\/#website","url":"https:\/\/www.slsevents.eu\/","name":"SLS","description":"event technology","potentialAction":[{"@type":"SearchAction","target":{"@type":"EntryPoint","urlTemplate":"https:\/\/www.slsevents.eu\/?s={search_term_string}"},"query-input":{"@type":"PropertyValueSpecification","valueRequired":true,"valueName":"search_term_string"}}],"inLanguage":"en-GB"}]}},"_links":{"self":[{"href":"https:\/\/www.slsevents.eu\/en\/wp-json\/wp\/v2\/pages\/1616","targetHints":{"allow":["GET"]}}],"collection":[{"href":"https:\/\/www.slsevents.eu\/en\/wp-json\/wp\/v2\/pages"}],"about":[{"href":"https:\/\/www.slsevents.eu\/en\/wp-json\/wp\/v2\/types\/page"}],"author":[{"embeddable":true,"href":"https:\/\/www.slsevents.eu\/en\/wp-json\/wp\/v2\/users\/1"}],"replies":[{"embeddable":true,"href":"https:\/\/www.slsevents.eu\/en\/wp-json\/wp\/v2\/comments?post=1616"}],"version-history":[{"count":34,"href":"https:\/\/www.slsevents.eu\/en\/wp-json\/wp\/v2\/pages\/1616\/revisions"}],"predecessor-version":[{"id":5836,"href":"https:\/\/www.slsevents.eu\/en\/wp-json\/wp\/v2\/pages\/1616\/revisions\/5836"}],"up":[{"embeddable":true,"href":"https:\/\/www.slsevents.eu\/en\/wp-json\/wp\/v2\/pages\/29"}],"wp:attachment":[{"href":"https:\/\/www.slsevents.eu\/en\/wp-json\/wp\/v2\/media?parent=1616"}],"curies":[{"name":"wp","href":"https:\/\/api.w.org\/{rel}","templated":true}]}}