{"id":1322,"date":"2020-12-03T22:49:53","date_gmt":"2020-12-03T21:49:53","guid":{"rendered":"https:\/\/www.slsevents.eu\/?page_id=1322"},"modified":"2021-04-12T18:15:13","modified_gmt":"2021-04-12T16:15:13","slug":"rigging","status":"publish","type":"page","link":"https:\/\/www.slsevents.eu\/en\/veranstaltungstechnik\/rigging\/","title":{"rendered":"Rigging"},"content":{"rendered":"<div data-elementor-type=\"wp-page\" data-elementor-id=\"1322\" class=\"elementor elementor-1322\" data-elementor-post-type=\"page\">\n\t\t\t\t\t\t<section class=\"elementor-section elementor-top-section elementor-element elementor-element-601cd60b elementor-section-full_width elementor-section-height-default elementor-section-height-default\" data-id=\"601cd60b\" data-element_type=\"section\" data-e-type=\"section\">\n\t\t\t\t\t\t<div class=\"elementor-container elementor-column-gap-default\">\n\t\t\t\t\t<div class=\"elementor-column elementor-col-100 elementor-top-column elementor-element elementor-element-4bcb5e96\" data-id=\"4bcb5e96\" data-element_type=\"column\" data-e-type=\"column\">\n\t\t\t<div class=\"elementor-widget-wrap elementor-element-populated\">\n\t\t\t\t\t\t<div class=\"elementor-element elementor-element-14969b13 elementor-widget__width-inherit header-image elementor-widget elementor-widget-image\" data-id=\"14969b13\" data-element_type=\"widget\" data-e-type=\"widget\" data-widget_type=\"image.default\">\n\t\t\t\t<div class=\"elementor-widget-container\">\n\t\t\t\t\t\t\t\t\t\t\t\t\t\t\t<img fetchpriority=\"high\" decoding=\"async\" width=\"2560\" height=\"1707\" src=\"https:\/\/www.slsevents.eu\/wp-content\/uploads\/2021\/02\/AdobeStock_114418623-compressed-scaled.jpg\" class=\"attachment-full size-full wp-image-2505\" alt=\"\" srcset=\"https:\/\/www.slsevents.eu\/wp-content\/uploads\/2021\/02\/AdobeStock_114418623-compressed-scaled.jpg 2560w, https:\/\/www.slsevents.eu\/wp-content\/uploads\/2021\/02\/AdobeStock_114418623-compressed-300x200.jpg 300w, https:\/\/www.slsevents.eu\/wp-content\/uploads\/2021\/02\/AdobeStock_114418623-compressed-1024x683.jpg 1024w, https:\/\/www.slsevents.eu\/wp-content\/uploads\/2021\/02\/AdobeStock_114418623-compressed-768x512.jpg 768w, https:\/\/www.slsevents.eu\/wp-content\/uploads\/2021\/02\/AdobeStock_114418623-compressed-1536x1024.jpg 1536w, https:\/\/www.slsevents.eu\/wp-content\/uploads\/2021\/02\/AdobeStock_114418623-compressed-2048x1365.jpg 2048w, https:\/\/www.slsevents.eu\/wp-content\/uploads\/2021\/02\/AdobeStock_114418623-compressed-16x12.jpg 16w\" sizes=\"(max-width: 2560px) 100vw, 2560px\" \/>\t\t\t\t\t\t\t\t\t\t\t\t\t\t\t<\/div>\n\t\t\t\t<\/div>\n\t\t\t\t\t<\/div>\n\t\t<\/div>\n\t\t\t\t\t<\/div>\n\t\t<\/section>\n\t\t\t\t<section class=\"elementor-section elementor-top-section elementor-element elementor-element-1235606 elementor-section-boxed elementor-section-height-default elementor-section-height-default\" data-id=\"1235606\" data-element_type=\"section\" data-e-type=\"section\">\n\t\t\t\t\t\t<div class=\"elementor-container elementor-column-gap-default\">\n\t\t\t\t\t<div class=\"elementor-column elementor-col-100 elementor-top-column elementor-element elementor-element-3956363\" data-id=\"3956363\" data-element_type=\"column\" data-e-type=\"column\">\n\t\t\t<div class=\"elementor-widget-wrap elementor-element-populated\">\n\t\t\t\t\t\t<div class=\"elementor-element elementor-element-83702c8 elementor-widget elementor-widget-text-editor\" data-id=\"83702c8\" data-element_type=\"widget\" data-e-type=\"widget\" data-widget_type=\"text-editor.default\">\n\t\t\t\t<div class=\"elementor-widget-container\">\n\t\t\t\t\t\t\t\t\t<h2>Rigging<\/h2>\n<p>In event technology, trusses are used for rigging, load-bearing connections and deco constructions.<\/p>\n<p>Thanks to their robust construction and load-bearing capacity, trusses are particularly suitable for mounting technical equipment used in the event industry.<\/p>\n<p>A distinction is also made between steel and aluminium trusses. Due to their lightweight, aluminium trusses are often used for events, and steel trusses are used primarily for heavy loads due to their load-bearing capacity.<\/p>\n<p>We are happy to design suitable truss constructions for your events as well as their static and load calculations.<\/p>\t\t\t\t\t\t\t\t<\/div>\n\t\t\t\t<\/div>\n\t\t\t\t\t<\/div>\n\t\t<\/div>\n\t\t\t\t\t<\/div>\n\t\t<\/section>\n\t\t\t\t<\/div>","protected":false},"excerpt":{"rendered":"<p>Rigging In der Veranstaltungstechnik werden Traversen f\u00fcr Rigging, tragende Verbindungen und Dekokonstruktionen genutzt. Dank ihrer robusten Bauweise und ihrer Belastbarkeit eignen sich Traversen besonders, um an ihnen technische Ger\u00e4te der Veranstaltungsbranche zu montieren. Unterschieden wird au\u00dferdem zwischen Stahl und Aluminium Traversen. Aufgrund ihres leichten Gewichts werden Alutraversen h\u00e4ufiger f\u00fcr Veranstaltungen verwendet und Stahltraversen aufgrund ihrer [&hellip;]<\/p>\n","protected":false},"author":1,"featured_media":0,"parent":30,"menu_order":0,"comment_status":"closed","ping_status":"closed","template":"elementor_header_footer","meta":{"footnotes":""},"class_list":["post-1322","page","type-page","status-publish","hentry"],"yoast_head":"<!-- This site is optimized with the Yoast SEO plugin v27.3 - https:\/\/yoast.com\/product\/yoast-seo-wordpress\/ -->\n<title>Rigging - SLS<\/title>\n<meta name=\"robots\" content=\"index, follow, max-snippet:-1, max-image-preview:large, max-video-preview:-1\" \/>\n<link rel=\"canonical\" href=\"https:\/\/www.slsevents.eu\/en\/veranstaltungstechnik\/rigging\/\" \/>\n<meta property=\"og:locale\" content=\"en_GB\" \/>\n<meta property=\"og:type\" content=\"article\" \/>\n<meta property=\"og:title\" content=\"Rigging - SLS\" \/>\n<meta property=\"og:description\" content=\"Rigging In der Veranstaltungstechnik werden Traversen f\u00fcr Rigging, tragende Verbindungen und Dekokonstruktionen genutzt. Dank ihrer robusten Bauweise und ihrer Belastbarkeit eignen sich Traversen besonders, um an ihnen technische Ger\u00e4te der Veranstaltungsbranche zu montieren. Unterschieden wird au\u00dferdem zwischen Stahl und Aluminium Traversen. Aufgrund ihres leichten Gewichts werden Alutraversen h\u00e4ufiger f\u00fcr Veranstaltungen verwendet und Stahltraversen aufgrund ihrer [&hellip;]\" \/>\n<meta property=\"og:url\" content=\"https:\/\/www.slsevents.eu\/en\/veranstaltungstechnik\/rigging\/\" \/>\n<meta property=\"og:site_name\" content=\"SLS\" \/>\n<meta property=\"article:modified_time\" content=\"2021-04-12T16:15:13+00:00\" \/>\n<meta property=\"og:image\" content=\"https:\/\/www.slsevents.eu\/wp-content\/uploads\/2021\/02\/AdobeStock_114418623-compressed-scaled.jpg\" \/>\n<meta name=\"twitter:card\" content=\"summary_large_image\" \/>\n<meta name=\"twitter:label1\" content=\"Estimated reading time\" \/>\n\t<meta name=\"twitter:data1\" content=\"1 minute\" \/>\n<script type=\"application\/ld+json\" class=\"yoast-schema-graph\">{\"@context\":\"https:\\\/\\\/schema.org\",\"@graph\":[{\"@type\":\"WebPage\",\"@id\":\"https:\\\/\\\/www.slsevents.eu\\\/veranstaltungstechnik\\\/rigging\\\/\",\"url\":\"https:\\\/\\\/www.slsevents.eu\\\/veranstaltungstechnik\\\/rigging\\\/\",\"name\":\"Rigging - SLS\",\"isPartOf\":{\"@id\":\"https:\\\/\\\/www.slsevents.eu\\\/#website\"},\"primaryImageOfPage\":{\"@id\":\"https:\\\/\\\/www.slsevents.eu\\\/veranstaltungstechnik\\\/rigging\\\/#primaryimage\"},\"image\":{\"@id\":\"https:\\\/\\\/www.slsevents.eu\\\/veranstaltungstechnik\\\/rigging\\\/#primaryimage\"},\"thumbnailUrl\":\"https:\\\/\\\/www.slsevents.eu\\\/wp-content\\\/uploads\\\/2021\\\/02\\\/AdobeStock_114418623-compressed-scaled.jpg\",\"datePublished\":\"2020-12-03T21:49:53+00:00\",\"dateModified\":\"2021-04-12T16:15:13+00:00\",\"breadcrumb\":{\"@id\":\"https:\\\/\\\/www.slsevents.eu\\\/veranstaltungstechnik\\\/rigging\\\/#breadcrumb\"},\"inLanguage\":\"en-GB\",\"potentialAction\":[{\"@type\":\"ReadAction\",\"target\":[\"https:\\\/\\\/www.slsevents.eu\\\/veranstaltungstechnik\\\/rigging\\\/\"]}]},{\"@type\":\"ImageObject\",\"inLanguage\":\"en-GB\",\"@id\":\"https:\\\/\\\/www.slsevents.eu\\\/veranstaltungstechnik\\\/rigging\\\/#primaryimage\",\"url\":\"https:\\\/\\\/www.slsevents.eu\\\/wp-content\\\/uploads\\\/2021\\\/02\\\/AdobeStock_114418623-compressed-scaled.jpg\",\"contentUrl\":\"https:\\\/\\\/www.slsevents.eu\\\/wp-content\\\/uploads\\\/2021\\\/02\\\/AdobeStock_114418623-compressed-scaled.jpg\"},{\"@type\":\"BreadcrumbList\",\"@id\":\"https:\\\/\\\/www.slsevents.eu\\\/veranstaltungstechnik\\\/rigging\\\/#breadcrumb\",\"itemListElement\":[{\"@type\":\"ListItem\",\"position\":1,\"name\":\"Startseite\",\"item\":\"https:\\\/\\\/www.slsevents.eu\\\/\"},{\"@type\":\"ListItem\",\"position\":2,\"name\":\"VERANSTALTUNGSTECHNIK\",\"item\":\"https:\\\/\\\/www.slsevents.eu\\\/veranstaltungstechnik\\\/\"},{\"@type\":\"ListItem\",\"position\":3,\"name\":\"Rigging\"}]},{\"@type\":\"WebSite\",\"@id\":\"https:\\\/\\\/www.slsevents.eu\\\/#website\",\"url\":\"https:\\\/\\\/www.slsevents.eu\\\/\",\"name\":\"SLS\",\"description\":\"event technology\",\"potentialAction\":[{\"@type\":\"SearchAction\",\"target\":{\"@type\":\"EntryPoint\",\"urlTemplate\":\"https:\\\/\\\/www.slsevents.eu\\\/?s={search_term_string}\"},\"query-input\":{\"@type\":\"PropertyValueSpecification\",\"valueRequired\":true,\"valueName\":\"search_term_string\"}}],\"inLanguage\":\"en-GB\"}]}<\/script>\n<!-- \/ Yoast SEO plugin. -->","yoast_head_json":{"title":"Rigging - SLS","robots":{"index":"index","follow":"follow","max-snippet":"max-snippet:-1","max-image-preview":"max-image-preview:large","max-video-preview":"max-video-preview:-1"},"canonical":"https:\/\/www.slsevents.eu\/en\/veranstaltungstechnik\/rigging\/","og_locale":"en_GB","og_type":"article","og_title":"Rigging - SLS","og_description":"Rigging In der Veranstaltungstechnik werden Traversen f\u00fcr Rigging, tragende Verbindungen und Dekokonstruktionen genutzt. Dank ihrer robusten Bauweise und ihrer Belastbarkeit eignen sich Traversen besonders, um an ihnen technische Ger\u00e4te der Veranstaltungsbranche zu montieren. Unterschieden wird au\u00dferdem zwischen Stahl und Aluminium Traversen. Aufgrund ihres leichten Gewichts werden Alutraversen h\u00e4ufiger f\u00fcr Veranstaltungen verwendet und Stahltraversen aufgrund ihrer [&hellip;]","og_url":"https:\/\/www.slsevents.eu\/en\/veranstaltungstechnik\/rigging\/","og_site_name":"SLS","article_modified_time":"2021-04-12T16:15:13+00:00","og_image":[{"url":"https:\/\/www.slsevents.eu\/wp-content\/uploads\/2021\/02\/AdobeStock_114418623-compressed-scaled.jpg","type":"","width":"","height":""}],"twitter_card":"summary_large_image","twitter_misc":{"Estimated reading time":"1 minute"},"schema":{"@context":"https:\/\/schema.org","@graph":[{"@type":"WebPage","@id":"https:\/\/www.slsevents.eu\/veranstaltungstechnik\/rigging\/","url":"https:\/\/www.slsevents.eu\/veranstaltungstechnik\/rigging\/","name":"Rigging - SLS","isPartOf":{"@id":"https:\/\/www.slsevents.eu\/#website"},"primaryImageOfPage":{"@id":"https:\/\/www.slsevents.eu\/veranstaltungstechnik\/rigging\/#primaryimage"},"image":{"@id":"https:\/\/www.slsevents.eu\/veranstaltungstechnik\/rigging\/#primaryimage"},"thumbnailUrl":"https:\/\/www.slsevents.eu\/wp-content\/uploads\/2021\/02\/AdobeStock_114418623-compressed-scaled.jpg","datePublished":"2020-12-03T21:49:53+00:00","dateModified":"2021-04-12T16:15:13+00:00","breadcrumb":{"@id":"https:\/\/www.slsevents.eu\/veranstaltungstechnik\/rigging\/#breadcrumb"},"inLanguage":"en-GB","potentialAction":[{"@type":"ReadAction","target":["https:\/\/www.slsevents.eu\/veranstaltungstechnik\/rigging\/"]}]},{"@type":"ImageObject","inLanguage":"en-GB","@id":"https:\/\/www.slsevents.eu\/veranstaltungstechnik\/rigging\/#primaryimage","url":"https:\/\/www.slsevents.eu\/wp-content\/uploads\/2021\/02\/AdobeStock_114418623-compressed-scaled.jpg","contentUrl":"https:\/\/www.slsevents.eu\/wp-content\/uploads\/2021\/02\/AdobeStock_114418623-compressed-scaled.jpg"},{"@type":"BreadcrumbList","@id":"https:\/\/www.slsevents.eu\/veranstaltungstechnik\/rigging\/#breadcrumb","itemListElement":[{"@type":"ListItem","position":1,"name":"Startseite","item":"https:\/\/www.slsevents.eu\/"},{"@type":"ListItem","position":2,"name":"VERANSTALTUNGSTECHNIK","item":"https:\/\/www.slsevents.eu\/veranstaltungstechnik\/"},{"@type":"ListItem","position":3,"name":"Rigging"}]},{"@type":"WebSite","@id":"https:\/\/www.slsevents.eu\/#website","url":"https:\/\/www.slsevents.eu\/","name":"SLS","description":"event technology","potentialAction":[{"@type":"SearchAction","target":{"@type":"EntryPoint","urlTemplate":"https:\/\/www.slsevents.eu\/?s={search_term_string}"},"query-input":{"@type":"PropertyValueSpecification","valueRequired":true,"valueName":"search_term_string"}}],"inLanguage":"en-GB"}]}},"_links":{"self":[{"href":"https:\/\/www.slsevents.eu\/en\/wp-json\/wp\/v2\/pages\/1322","targetHints":{"allow":["GET"]}}],"collection":[{"href":"https:\/\/www.slsevents.eu\/en\/wp-json\/wp\/v2\/pages"}],"about":[{"href":"https:\/\/www.slsevents.eu\/en\/wp-json\/wp\/v2\/types\/page"}],"author":[{"embeddable":true,"href":"https:\/\/www.slsevents.eu\/en\/wp-json\/wp\/v2\/users\/1"}],"replies":[{"embeddable":true,"href":"https:\/\/www.slsevents.eu\/en\/wp-json\/wp\/v2\/comments?post=1322"}],"version-history":[{"count":62,"href":"https:\/\/www.slsevents.eu\/en\/wp-json\/wp\/v2\/pages\/1322\/revisions"}],"predecessor-version":[{"id":5545,"href":"https:\/\/www.slsevents.eu\/en\/wp-json\/wp\/v2\/pages\/1322\/revisions\/5545"}],"up":[{"embeddable":true,"href":"https:\/\/www.slsevents.eu\/en\/wp-json\/wp\/v2\/pages\/30"}],"wp:attachment":[{"href":"https:\/\/www.slsevents.eu\/en\/wp-json\/wp\/v2\/media?parent=1322"}],"curies":[{"name":"wp","href":"https:\/\/api.w.org\/{rel}","templated":true}]}}