{"id":1320,"date":"2020-12-03T22:47:51","date_gmt":"2020-12-03T21:47:51","guid":{"rendered":"https:\/\/www.slsevents.eu\/?page_id=1320"},"modified":"2021-04-09T16:02:38","modified_gmt":"2021-04-09T14:02:38","slug":"buehne","status":"publish","type":"page","link":"https:\/\/www.slsevents.eu\/en\/veranstaltungstechnik\/buehne\/","title":{"rendered":"Stage"},"content":{"rendered":"<div data-elementor-type=\"wp-page\" data-elementor-id=\"1320\" class=\"elementor elementor-1320\" data-elementor-post-type=\"page\">\n\t\t\t\t\t\t<section class=\"elementor-section elementor-top-section elementor-element elementor-element-21a83654 elementor-section-full_width elementor-section-height-default elementor-section-height-default\" data-id=\"21a83654\" data-element_type=\"section\" data-e-type=\"section\">\n\t\t\t\t\t\t<div class=\"elementor-container elementor-column-gap-default\">\n\t\t\t\t\t<div class=\"elementor-column elementor-col-100 elementor-top-column elementor-element elementor-element-28676580\" data-id=\"28676580\" data-element_type=\"column\" data-e-type=\"column\">\n\t\t\t<div class=\"elementor-widget-wrap elementor-element-populated\">\n\t\t\t\t\t\t<div class=\"elementor-element elementor-element-6baf026f elementor-widget__width-inherit header-image elementor-widget elementor-widget-image\" data-id=\"6baf026f\" data-element_type=\"widget\" data-e-type=\"widget\" data-widget_type=\"image.default\">\n\t\t\t\t<div class=\"elementor-widget-container\">\n\t\t\t\t\t\t\t\t\t\t\t\t\t\t\t<img fetchpriority=\"high\" decoding=\"async\" width=\"2560\" height=\"1440\" src=\"https:\/\/www.slsevents.eu\/wp-content\/uploads\/2021\/03\/SSM18_V2_front.jpg\" class=\"attachment-full size-full wp-image-4009\" alt=\"\" srcset=\"https:\/\/www.slsevents.eu\/wp-content\/uploads\/2021\/03\/SSM18_V2_front.jpg 2560w, https:\/\/www.slsevents.eu\/wp-content\/uploads\/2021\/03\/SSM18_V2_front-300x169.jpg 300w, https:\/\/www.slsevents.eu\/wp-content\/uploads\/2021\/03\/SSM18_V2_front-1024x576.jpg 1024w, https:\/\/www.slsevents.eu\/wp-content\/uploads\/2021\/03\/SSM18_V2_front-768x432.jpg 768w, https:\/\/www.slsevents.eu\/wp-content\/uploads\/2021\/03\/SSM18_V2_front-1536x864.jpg 1536w, https:\/\/www.slsevents.eu\/wp-content\/uploads\/2021\/03\/SSM18_V2_front-2048x1152.jpg 2048w, https:\/\/www.slsevents.eu\/wp-content\/uploads\/2021\/03\/SSM18_V2_front-16x9.jpg 16w\" sizes=\"(max-width: 2560px) 100vw, 2560px\" \/>\t\t\t\t\t\t\t\t\t\t\t\t\t\t\t<\/div>\n\t\t\t\t<\/div>\n\t\t\t\t<div class=\"elementor-element elementor-element-66a2e090 elementor-widget elementor-widget-heading\" data-id=\"66a2e090\" data-element_type=\"widget\" data-e-type=\"widget\" data-widget_type=\"heading.default\">\n\t\t\t\t<div class=\"elementor-widget-container\">\n\t\t\t\t\t<h2 class=\"elementor-heading-title elementor-size-default\">Stage<\/h2>\t\t\t\t<\/div>\n\t\t\t\t<\/div>\n\t\t\t\t<div class=\"elementor-element elementor-element-5ccc7ac5 elementor-widget elementor-widget-text-editor\" data-id=\"5ccc7ac5\" data-element_type=\"widget\" data-e-type=\"widget\" data-widget_type=\"text-editor.default\">\n\t\t\t\t<div class=\"elementor-widget-container\">\n\t\t\t\t\t\t\t\t\t<p>Whether it's a large stage - which presents itself gigantically like a fortress - or an integrated substructure that carries your entire event unnoticed, we provide you with the right solution.<\/p>\n<p>Not only regular inspections give us a safe feeling. Our platforms are equipped with static proofs, wind measuring systems and redundant systems.<\/p>\n<p>Your appearance or that of your guest of honour will gain prominence on stage, giving event guests the best possible view of events.<\/p>\n<p style=\"text-align: center;\">A complete success for all involved.<\/p>\t\t\t\t\t\t\t\t<\/div>\n\t\t\t\t<\/div>\n\t\t\t\t\t<\/div>\n\t\t<\/div>\n\t\t\t\t\t<\/div>\n\t\t<\/section>\n\t\t\t\t<\/div>","protected":false},"excerpt":{"rendered":"<p>B\u00fchne Ob Gro\u00dfb\u00fchne \u2013 die sich gigantisch wie eine Festung pr\u00e4sentiert \u2013 oder integrierter Unterbau, der unbemerkt Ihre komplette Veranstaltung tr\u00e4gt, wir liefern Ihnen die passende L\u00f6sung. Nicht nur regelm\u00e4\u00dfige Pr\u00fcfungen geben uns ein sicheres Gef\u00fchl. Unsere B\u00fchnen sind mit statischen Nachweisen, Windmessanlagen und redundanten Systemen ausgestattet. Ihr Auftritt oder der Ihres Ehrengastes wird auf [&hellip;]<\/p>\n","protected":false},"author":1,"featured_media":0,"parent":30,"menu_order":0,"comment_status":"closed","ping_status":"closed","template":"elementor_header_footer","meta":{"footnotes":""},"class_list":["post-1320","page","type-page","status-publish","hentry"],"yoast_head":"<!-- This site is optimized with the Yoast SEO plugin v27.3 - https:\/\/yoast.com\/product\/yoast-seo-wordpress\/ -->\n<title>B\u00fchne - SLS<\/title>\n<meta name=\"description\" content=\"Ob Gro\u00dfb\u00fchne, B\u00fchnendach oder integrierter Unterbau, wir liefern Ihnen die passende L\u00f6sung f\u00fcr ihre Veranstaltung.\" \/>\n<meta name=\"robots\" content=\"index, follow, max-snippet:-1, max-image-preview:large, max-video-preview:-1\" \/>\n<link rel=\"canonical\" href=\"https:\/\/www.slsevents.eu\/en\/veranstaltungstechnik\/buehne\/\" \/>\n<meta property=\"og:locale\" content=\"en_GB\" \/>\n<meta property=\"og:type\" content=\"article\" \/>\n<meta property=\"og:title\" content=\"B\u00fchne - SLS\" \/>\n<meta property=\"og:description\" content=\"Ob Gro\u00dfb\u00fchne, B\u00fchnendach oder integrierter Unterbau, wir liefern Ihnen die passende L\u00f6sung f\u00fcr ihre Veranstaltung.\" \/>\n<meta property=\"og:url\" content=\"https:\/\/www.slsevents.eu\/en\/veranstaltungstechnik\/buehne\/\" \/>\n<meta property=\"og:site_name\" content=\"SLS\" \/>\n<meta property=\"article:modified_time\" content=\"2021-04-09T14:02:38+00:00\" \/>\n<meta property=\"og:image\" content=\"https:\/\/www.slsevents.eu\/wp-content\/uploads\/2021\/03\/SSM18_V2_front.jpg\" \/>\n<meta name=\"twitter:card\" content=\"summary_large_image\" \/>\n<meta name=\"twitter:label1\" content=\"Estimated reading time\" \/>\n\t<meta name=\"twitter:data1\" content=\"1 minute\" \/>\n<script type=\"application\/ld+json\" class=\"yoast-schema-graph\">{\"@context\":\"https:\\\/\\\/schema.org\",\"@graph\":[{\"@type\":\"WebPage\",\"@id\":\"https:\\\/\\\/www.slsevents.eu\\\/veranstaltungstechnik\\\/buehne\\\/\",\"url\":\"https:\\\/\\\/www.slsevents.eu\\\/veranstaltungstechnik\\\/buehne\\\/\",\"name\":\"B\u00fchne - SLS\",\"isPartOf\":{\"@id\":\"https:\\\/\\\/www.slsevents.eu\\\/#website\"},\"primaryImageOfPage\":{\"@id\":\"https:\\\/\\\/www.slsevents.eu\\\/veranstaltungstechnik\\\/buehne\\\/#primaryimage\"},\"image\":{\"@id\":\"https:\\\/\\\/www.slsevents.eu\\\/veranstaltungstechnik\\\/buehne\\\/#primaryimage\"},\"thumbnailUrl\":\"https:\\\/\\\/www.slsevents.eu\\\/wp-content\\\/uploads\\\/2021\\\/03\\\/SSM18_V2_front.jpg\",\"datePublished\":\"2020-12-03T21:47:51+00:00\",\"dateModified\":\"2021-04-09T14:02:38+00:00\",\"description\":\"Ob Gro\u00dfb\u00fchne, B\u00fchnendach oder integrierter Unterbau, wir liefern Ihnen die passende L\u00f6sung f\u00fcr ihre Veranstaltung.\",\"breadcrumb\":{\"@id\":\"https:\\\/\\\/www.slsevents.eu\\\/veranstaltungstechnik\\\/buehne\\\/#breadcrumb\"},\"inLanguage\":\"en-GB\",\"potentialAction\":[{\"@type\":\"ReadAction\",\"target\":[\"https:\\\/\\\/www.slsevents.eu\\\/veranstaltungstechnik\\\/buehne\\\/\"]}]},{\"@type\":\"ImageObject\",\"inLanguage\":\"en-GB\",\"@id\":\"https:\\\/\\\/www.slsevents.eu\\\/veranstaltungstechnik\\\/buehne\\\/#primaryimage\",\"url\":\"https:\\\/\\\/www.slsevents.eu\\\/wp-content\\\/uploads\\\/2021\\\/03\\\/SSM18_V2_front.jpg\",\"contentUrl\":\"https:\\\/\\\/www.slsevents.eu\\\/wp-content\\\/uploads\\\/2021\\\/03\\\/SSM18_V2_front.jpg\"},{\"@type\":\"BreadcrumbList\",\"@id\":\"https:\\\/\\\/www.slsevents.eu\\\/veranstaltungstechnik\\\/buehne\\\/#breadcrumb\",\"itemListElement\":[{\"@type\":\"ListItem\",\"position\":1,\"name\":\"Startseite\",\"item\":\"https:\\\/\\\/www.slsevents.eu\\\/\"},{\"@type\":\"ListItem\",\"position\":2,\"name\":\"VERANSTALTUNGSTECHNIK\",\"item\":\"https:\\\/\\\/www.slsevents.eu\\\/veranstaltungstechnik\\\/\"},{\"@type\":\"ListItem\",\"position\":3,\"name\":\"B\u00fchne\"}]},{\"@type\":\"WebSite\",\"@id\":\"https:\\\/\\\/www.slsevents.eu\\\/#website\",\"url\":\"https:\\\/\\\/www.slsevents.eu\\\/\",\"name\":\"SLS\",\"description\":\"event technology\",\"potentialAction\":[{\"@type\":\"SearchAction\",\"target\":{\"@type\":\"EntryPoint\",\"urlTemplate\":\"https:\\\/\\\/www.slsevents.eu\\\/?s={search_term_string}\"},\"query-input\":{\"@type\":\"PropertyValueSpecification\",\"valueRequired\":true,\"valueName\":\"search_term_string\"}}],\"inLanguage\":\"en-GB\"}]}<\/script>\n<!-- \/ Yoast SEO plugin. -->","yoast_head_json":{"title":"B\u00fchne - SLS","description":"Ob Gro\u00dfb\u00fchne, B\u00fchnendach oder integrierter Unterbau, wir liefern Ihnen die passende L\u00f6sung f\u00fcr ihre Veranstaltung.","robots":{"index":"index","follow":"follow","max-snippet":"max-snippet:-1","max-image-preview":"max-image-preview:large","max-video-preview":"max-video-preview:-1"},"canonical":"https:\/\/www.slsevents.eu\/en\/veranstaltungstechnik\/buehne\/","og_locale":"en_GB","og_type":"article","og_title":"B\u00fchne - SLS","og_description":"Ob Gro\u00dfb\u00fchne, B\u00fchnendach oder integrierter Unterbau, wir liefern Ihnen die passende L\u00f6sung f\u00fcr ihre Veranstaltung.","og_url":"https:\/\/www.slsevents.eu\/en\/veranstaltungstechnik\/buehne\/","og_site_name":"SLS","article_modified_time":"2021-04-09T14:02:38+00:00","og_image":[{"url":"https:\/\/www.slsevents.eu\/wp-content\/uploads\/2021\/03\/SSM18_V2_front.jpg","type":"","width":"","height":""}],"twitter_card":"summary_large_image","twitter_misc":{"Estimated reading time":"1 minute"},"schema":{"@context":"https:\/\/schema.org","@graph":[{"@type":"WebPage","@id":"https:\/\/www.slsevents.eu\/veranstaltungstechnik\/buehne\/","url":"https:\/\/www.slsevents.eu\/veranstaltungstechnik\/buehne\/","name":"B\u00fchne - SLS","isPartOf":{"@id":"https:\/\/www.slsevents.eu\/#website"},"primaryImageOfPage":{"@id":"https:\/\/www.slsevents.eu\/veranstaltungstechnik\/buehne\/#primaryimage"},"image":{"@id":"https:\/\/www.slsevents.eu\/veranstaltungstechnik\/buehne\/#primaryimage"},"thumbnailUrl":"https:\/\/www.slsevents.eu\/wp-content\/uploads\/2021\/03\/SSM18_V2_front.jpg","datePublished":"2020-12-03T21:47:51+00:00","dateModified":"2021-04-09T14:02:38+00:00","description":"Ob Gro\u00dfb\u00fchne, B\u00fchnendach oder integrierter Unterbau, wir liefern Ihnen die passende L\u00f6sung f\u00fcr ihre Veranstaltung.","breadcrumb":{"@id":"https:\/\/www.slsevents.eu\/veranstaltungstechnik\/buehne\/#breadcrumb"},"inLanguage":"en-GB","potentialAction":[{"@type":"ReadAction","target":["https:\/\/www.slsevents.eu\/veranstaltungstechnik\/buehne\/"]}]},{"@type":"ImageObject","inLanguage":"en-GB","@id":"https:\/\/www.slsevents.eu\/veranstaltungstechnik\/buehne\/#primaryimage","url":"https:\/\/www.slsevents.eu\/wp-content\/uploads\/2021\/03\/SSM18_V2_front.jpg","contentUrl":"https:\/\/www.slsevents.eu\/wp-content\/uploads\/2021\/03\/SSM18_V2_front.jpg"},{"@type":"BreadcrumbList","@id":"https:\/\/www.slsevents.eu\/veranstaltungstechnik\/buehne\/#breadcrumb","itemListElement":[{"@type":"ListItem","position":1,"name":"Startseite","item":"https:\/\/www.slsevents.eu\/"},{"@type":"ListItem","position":2,"name":"VERANSTALTUNGSTECHNIK","item":"https:\/\/www.slsevents.eu\/veranstaltungstechnik\/"},{"@type":"ListItem","position":3,"name":"B\u00fchne"}]},{"@type":"WebSite","@id":"https:\/\/www.slsevents.eu\/#website","url":"https:\/\/www.slsevents.eu\/","name":"SLS","description":"event technology","potentialAction":[{"@type":"SearchAction","target":{"@type":"EntryPoint","urlTemplate":"https:\/\/www.slsevents.eu\/?s={search_term_string}"},"query-input":{"@type":"PropertyValueSpecification","valueRequired":true,"valueName":"search_term_string"}}],"inLanguage":"en-GB"}]}},"_links":{"self":[{"href":"https:\/\/www.slsevents.eu\/en\/wp-json\/wp\/v2\/pages\/1320","targetHints":{"allow":["GET"]}}],"collection":[{"href":"https:\/\/www.slsevents.eu\/en\/wp-json\/wp\/v2\/pages"}],"about":[{"href":"https:\/\/www.slsevents.eu\/en\/wp-json\/wp\/v2\/types\/page"}],"author":[{"embeddable":true,"href":"https:\/\/www.slsevents.eu\/en\/wp-json\/wp\/v2\/users\/1"}],"replies":[{"embeddable":true,"href":"https:\/\/www.slsevents.eu\/en\/wp-json\/wp\/v2\/comments?post=1320"}],"version-history":[{"count":37,"href":"https:\/\/www.slsevents.eu\/en\/wp-json\/wp\/v2\/pages\/1320\/revisions"}],"predecessor-version":[{"id":5499,"href":"https:\/\/www.slsevents.eu\/en\/wp-json\/wp\/v2\/pages\/1320\/revisions\/5499"}],"up":[{"embeddable":true,"href":"https:\/\/www.slsevents.eu\/en\/wp-json\/wp\/v2\/pages\/30"}],"wp:attachment":[{"href":"https:\/\/www.slsevents.eu\/en\/wp-json\/wp\/v2\/media?parent=1320"}],"curies":[{"name":"wp","href":"https:\/\/api.w.org\/{rel}","templated":true}]}}